{"id":99,"date":"2015-07-30T11:36:24","date_gmt":"2015-07-30T11:36:24","guid":{"rendered":"http:\/\/blog.saranagata.de\/?page_id=99"},"modified":"2019-09-09T19:41:16","modified_gmt":"2019-09-09T19:41:16","slug":"die-aufteilung-in-kategorien","status":"publish","type":"page","link":"http:\/\/blog.saranagata.de\/?page_id=99","title":{"rendered":"Die Aufteilung in Kategorien"},"content":{"rendered":"<p align=\"JUSTIFY\"><span style=\"font-size: x-large;\">Es gibt, grob differenziert, drei Arten von Yoga:<\/p>\n<p><\/span><\/p>\n<ol>\n<li>\n<p align=\"JUSTIFY\"><span style=\"font-size: x-large;\">Rein<b> physischer Yoga (skt. Bahir\u00e4nga-Yoga),<\/b><\/span><span style=\"font-size: x-large;\"> um die Flexibilit\u00e4t des K\u00f6rpers zu steigern und durch regelm\u00e4\u00dfige \u00dcbung auch zu erhalten. Der Erfolg setzt jedoch eine grunds\u00e4tzliche Eignung des K\u00f6rpers sowie eine angemessene Lebensweise voraus. Physischer Yoga verursacht keine Muskelbildung.<\/span><\/p>\n<\/li>\n<\/ol>\n<p align=\"JUSTIFY\"><span style=\"font-size: x-large;\">Diese Art des Yoga wird, mehr recht als schlecht, an jeder Stra\u00dfenecke angeboten, oft jedoch mit vielen nebul\u00f6sen Versprechungen!<\/span><\/p>\n<p align=\"JUSTIFY\"><span style=\"font-size: x-large;\"><b>Ziel dieser Art von Yoga: <\/b><\/span><span style=\"font-size: x-large;\">Physische Ert\u00fcchtigung!<\/p>\n<p><\/span><\/p>\n<ol start=\"2\">\n<li>\n<p align=\"JUSTIFY\"><span style=\"font-size: x-large;\"><b>Therapeutischer Yoga (skt. Sankhya-Yoga-Darshan),<\/b><\/span><span style=\"font-size: x-large;\"> um einige neuro-vegetative Erkrankungen g\u00fcnstig zu beeinflussen oder auch zu heilen. Therapeutischer Yoga ist eine Kausaltherapie. Sie basiert immer auf der Harmonisierung der ayurvedischen \u201eTri-Dosha\u201c und ist nur durch qualifizierte \u00c4rzte anzuwenden. <\/span><span style=\"font-size: x-large;\">Der Erfolg der Therapie ist absolut abh\u00e4ngig von der Einstellung des Patienten. Seine Erwartungshaltung, Lebensgewohnheiten und sein Lebensrhythmus sollten positiv sein.<\/span><\/p>\n<\/li>\n<\/ol>\n<p align=\"JUSTIFY\"><span style=\"font-size: x-large;\"><b>Ziel dieser Art von Yoga: <\/b><\/span><span style=\"font-size: x-large;\">Psycho-\/neuro-vegetative Regulation!<\/p>\n<p><\/span><\/p>\n<ol start=\"3\">\n<li>\n<p align=\"JUSTIFY\"><span style=\"font-size: x-large;\"><b>Spiritueller Yoga (skt. Antar\u00e4nga-Yoga)<\/b><\/span><span style=\"font-size: x-large;\"> ist die urspr\u00fcngliche und authentische Form des Yoga, mit dem alleinigen Ziel der Selbsterkenntnis. Dazu ben\u00f6tigt der Aspirant einen einzigen Yoga-Asana, wie z. B. Padmasana oder Siddhasana, nur zu dem Zweck, zu lernen, f\u00fcr l\u00e4ngere Zeit bequem sitzen zu k\u00f6nnen. Als \u00fcberzeugendes Beispiel k\u00f6nnen Gautama Buddha, \u00c4di Shankaracharya, Mahaprabhu Sri Chaitanya oder Guru Maharaj Sri R\u00e4makrishna Paramhansa genannt werden. Keine dieser erleuchteten Pers\u00f6nlichkeiten hat die moderne Version von Hatha-Yoga (also den rein physischen Yoga) praktiziert!<\/span><\/p>\n<\/li>\n<\/ol>\n<p align=\"JUSTIFY\"><span style=\"font-size: x-large;\"><b>Ziel dieser Art von Yoga:<\/b><\/span><span style=\"font-size: x-large;\"><br \/>\nSelbsterkenntnis durch transzendenten Yoga!<\/span><\/p>\n","protected":false},"excerpt":{"rendered":"<p>Es gibt, grob differenziert, drei Arten von Yoga: Rein physischer Yoga (skt. Bahir\u00e4nga-Yoga), um die Flexibilit\u00e4t des K\u00f6rpers zu steigern und durch regelm\u00e4\u00dfige \u00dcbung auch zu erhalten. Der Erfolg setzt jedoch eine grunds\u00e4tzliche Eignung des K\u00f6rpers sowie eine angemessene Lebensweise voraus. Physischer Yoga verursacht keine Muskelbildung. Diese Art des Yoga wird, mehr recht als schlecht, &hellip; <a href=\"http:\/\/blog.saranagata.de\/?page_id=99\" class=\"more-link\"><span class=\"screen-reader-text\">Die Aufteilung in Kategorien<\/span> weiterlesen<\/a><\/p>\n","protected":false},"author":1,"featured_media":0,"parent":96,"menu_order":1,"comment_status":"closed","ping_status":"closed","template":"","meta":[],"yoast_head":"<!-- This site is optimized with the Yoast SEO plugin v20.10 - https:\/\/yoast.com\/wordpress\/plugins\/seo\/ -->\n<title>Die Aufteilung in Kategorien - Saranagata<\/title>\n<meta name=\"robots\" content=\"index, follow, max-snippet:-1, max-image-preview:large, max-video-preview:-1\" \/>\n<link rel=\"canonical\" href=\"http:\/\/blog.saranagata.de\/?page_id=99\" \/>\n<meta property=\"og:locale\" content=\"de_DE\" \/>\n<meta property=\"og:type\" content=\"article\" \/>\n<meta property=\"og:title\" content=\"Die Aufteilung in Kategorien - Saranagata\" \/>\n<meta property=\"og:description\" content=\"Es gibt, grob differenziert, drei Arten von Yoga: Rein physischer Yoga (skt. Bahir\u00e4nga-Yoga), um die Flexibilit\u00e4t des K\u00f6rpers zu steigern und durch regelm\u00e4\u00dfige \u00dcbung auch zu erhalten. Der Erfolg setzt jedoch eine grunds\u00e4tzliche Eignung des K\u00f6rpers sowie eine angemessene Lebensweise voraus. Physischer Yoga verursacht keine Muskelbildung. Diese Art des Yoga wird, mehr recht als schlecht, &hellip; Die Aufteilung in Kategorien weiterlesen\" \/>\n<meta property=\"og:url\" content=\"http:\/\/blog.saranagata.de\/?page_id=99\" \/>\n<meta property=\"og:site_name\" content=\"Saranagata\" \/>\n<meta property=\"article:modified_time\" content=\"2019-09-09T19:41:16+00:00\" \/>\n<meta name=\"twitter:card\" content=\"summary_large_image\" \/>\n<meta name=\"twitter:label1\" content=\"Gesch\u00e4tzte Lesezeit\" \/>\n\t<meta name=\"twitter:data1\" content=\"1 Minute\" \/>\n<script type=\"application\/ld+json\" class=\"yoast-schema-graph\">{\"@context\":\"https:\/\/schema.org\",\"@graph\":[{\"@type\":\"WebPage\",\"@id\":\"http:\/\/blog.saranagata.de\/?page_id=99\",\"url\":\"http:\/\/blog.saranagata.de\/?page_id=99\",\"name\":\"Die Aufteilung in Kategorien - Saranagata\",\"isPartOf\":{\"@id\":\"http:\/\/blog.saranagata.de\/#website\"},\"datePublished\":\"2015-07-30T11:36:24+00:00\",\"dateModified\":\"2019-09-09T19:41:16+00:00\",\"breadcrumb\":{\"@id\":\"http:\/\/blog.saranagata.de\/?page_id=99#breadcrumb\"},\"inLanguage\":\"de-DE\",\"potentialAction\":[{\"@type\":\"ReadAction\",\"target\":[\"http:\/\/blog.saranagata.de\/?page_id=99\"]}]},{\"@type\":\"BreadcrumbList\",\"@id\":\"http:\/\/blog.saranagata.de\/?page_id=99#breadcrumb\",\"itemListElement\":[{\"@type\":\"ListItem\",\"position\":1,\"name\":\"Startseite\",\"item\":\"http:\/\/blog.saranagata.de\/\"},{\"@type\":\"ListItem\",\"position\":2,\"name\":\"Die Yoga-Wissenschaft\",\"item\":\"http:\/\/blog.saranagata.de\/?page_id=96\"},{\"@type\":\"ListItem\",\"position\":3,\"name\":\"Die Aufteilung in Kategorien\"}]},{\"@type\":\"WebSite\",\"@id\":\"http:\/\/blog.saranagata.de\/#website\",\"url\":\"http:\/\/blog.saranagata.de\/\",\"name\":\"Saranagata\",\"description\":\"Parthasarathis spirituelle Oase\",\"potentialAction\":[{\"@type\":\"SearchAction\",\"target\":{\"@type\":\"EntryPoint\",\"urlTemplate\":\"http:\/\/blog.saranagata.de\/?s={search_term_string}\"},\"query-input\":\"required name=search_term_string\"}],\"inLanguage\":\"de-DE\"}]}<\/script>\n<!-- \/ Yoast SEO plugin. -->","yoast_head_json":{"title":"Die Aufteilung in Kategorien - Saranagata","robots":{"index":"index","follow":"follow","max-snippet":"max-snippet:-1","max-image-preview":"max-image-preview:large","max-video-preview":"max-video-preview:-1"},"canonical":"http:\/\/blog.saranagata.de\/?page_id=99","og_locale":"de_DE","og_type":"article","og_title":"Die Aufteilung in Kategorien - Saranagata","og_description":"Es gibt, grob differenziert, drei Arten von Yoga: Rein physischer Yoga (skt. Bahir\u00e4nga-Yoga), um die Flexibilit\u00e4t des K\u00f6rpers zu steigern und durch regelm\u00e4\u00dfige \u00dcbung auch zu erhalten. Der Erfolg setzt jedoch eine grunds\u00e4tzliche Eignung des K\u00f6rpers sowie eine angemessene Lebensweise voraus. Physischer Yoga verursacht keine Muskelbildung. Diese Art des Yoga wird, mehr recht als schlecht, &hellip; Die Aufteilung in Kategorien weiterlesen","og_url":"http:\/\/blog.saranagata.de\/?page_id=99","og_site_name":"Saranagata","article_modified_time":"2019-09-09T19:41:16+00:00","twitter_card":"summary_large_image","twitter_misc":{"Gesch\u00e4tzte Lesezeit":"1 Minute"},"schema":{"@context":"https:\/\/schema.org","@graph":[{"@type":"WebPage","@id":"http:\/\/blog.saranagata.de\/?page_id=99","url":"http:\/\/blog.saranagata.de\/?page_id=99","name":"Die Aufteilung in Kategorien - Saranagata","isPartOf":{"@id":"http:\/\/blog.saranagata.de\/#website"},"datePublished":"2015-07-30T11:36:24+00:00","dateModified":"2019-09-09T19:41:16+00:00","breadcrumb":{"@id":"http:\/\/blog.saranagata.de\/?page_id=99#breadcrumb"},"inLanguage":"de-DE","potentialAction":[{"@type":"ReadAction","target":["http:\/\/blog.saranagata.de\/?page_id=99"]}]},{"@type":"BreadcrumbList","@id":"http:\/\/blog.saranagata.de\/?page_id=99#breadcrumb","itemListElement":[{"@type":"ListItem","position":1,"name":"Startseite","item":"http:\/\/blog.saranagata.de\/"},{"@type":"ListItem","position":2,"name":"Die Yoga-Wissenschaft","item":"http:\/\/blog.saranagata.de\/?page_id=96"},{"@type":"ListItem","position":3,"name":"Die Aufteilung in Kategorien"}]},{"@type":"WebSite","@id":"http:\/\/blog.saranagata.de\/#website","url":"http:\/\/blog.saranagata.de\/","name":"Saranagata","description":"Parthasarathis spirituelle Oase","potentialAction":[{"@type":"SearchAction","target":{"@type":"EntryPoint","urlTemplate":"http:\/\/blog.saranagata.de\/?s={search_term_string}"},"query-input":"required name=search_term_string"}],"inLanguage":"de-DE"}]}},"_links":{"self":[{"href":"http:\/\/blog.saranagata.de\/index.php?rest_route=\/wp\/v2\/pages\/99"}],"collection":[{"href":"http:\/\/blog.saranagata.de\/index.php?rest_route=\/wp\/v2\/pages"}],"about":[{"href":"http:\/\/blog.saranagata.de\/index.php?rest_route=\/wp\/v2\/types\/page"}],"author":[{"embeddable":true,"href":"http:\/\/blog.saranagata.de\/index.php?rest_route=\/wp\/v2\/users\/1"}],"replies":[{"embeddable":true,"href":"http:\/\/blog.saranagata.de\/index.php?rest_route=%2Fwp%2Fv2%2Fcomments&post=99"}],"version-history":[{"count":7,"href":"http:\/\/blog.saranagata.de\/index.php?rest_route=\/wp\/v2\/pages\/99\/revisions"}],"predecessor-version":[{"id":470,"href":"http:\/\/blog.saranagata.de\/index.php?rest_route=\/wp\/v2\/pages\/99\/revisions\/470"}],"up":[{"embeddable":true,"href":"http:\/\/blog.saranagata.de\/index.php?rest_route=\/wp\/v2\/pages\/96"}],"wp:attachment":[{"href":"http:\/\/blog.saranagata.de\/index.php?rest_route=%2Fwp%2Fv2%2Fmedia&parent=99"}],"curies":[{"name":"wp","href":"https:\/\/api.w.org\/{rel}","templated":true}]}}