{"id":83,"date":"2015-07-30T11:18:42","date_gmt":"2015-07-30T11:18:42","guid":{"rendered":"http:\/\/blog.saranagata.de\/?page_id=83"},"modified":"2015-08-24T19:52:33","modified_gmt":"2015-08-24T19:52:33","slug":"historische-entwicklungs-tabelle","status":"publish","type":"page","link":"http:\/\/blog.saranagata.de\/?page_id=83","title":{"rendered":"Historische Entwicklungs-Tabelle"},"content":{"rendered":"<p style=\"text-align: center;\"><span style=\"font-size: x-large;\">Hier eine kurze, pr\u00e4gnante \u00dcbersicht \u00fcber die Entwicklungsrichtungen seit der Zeit des Rig-Veda:<\/span><\/p>\n<table border=\"0\" width=\"611\" cellspacing=\"0\" cellpadding=\"5\">\n<colgroup>\n<col width=\"73\" \/>\n<col width=\"301\" \/>\n<col width=\"207\" \/> <\/colgroup>\n<tbody>\n<tr>\n<td bgcolor=\"#ffffff\" width=\"73\" height=\"10\">\n<p align=\"CENTER\"><span style=\"color: #000000;\"><span style=\"font-family: Calibri,serif;\"><u><b>Vor Christus<\/b><\/u><\/span><\/span><\/p>\n<\/td>\n<td bgcolor=\"#ffffff\" width=\"301\">\n<p align=\"CENTER\"><span style=\"color: #000000;\"><span style=\"font-family: Calibri,serif;\"><u><b>Schriften\/Ereignisse<\/b><\/u><\/span><\/span><\/p>\n<\/td>\n<td bgcolor=\"#ffffff\" width=\"207\">\n<p align=\"CENTER\"><span style=\"color: #000000;\"><span style=\"font-family: Calibri,serif;\"><u><b>Spirituelle Denkrichtungen und Lehre<\/b><\/u><\/span><\/span><\/p>\n<\/td>\n<\/tr>\n<tr>\n<td bgcolor=\"#ffffff\" width=\"73\" height=\"10\"><span style=\"color: #000000;\"><span style=\"font-family: Calibri,serif;\">ca. 3.500<\/span><\/span><\/td>\n<td bgcolor=\"#ffffff\" width=\"301\"><span style=\"color: #000000;\"><span style=\"font-family: Calibri,serif;\"><u>Karma-Marga-Zeitalter<\/u><\/span><\/span><\/p>\n<p><span style=\"color: #000000;\"><span style=\"font-family: Calibri,serif;\">Rig-Veda, Samhita u. Brahmana u. Aranyakas besch\u00e4ftigt sich prim\u00e4r mit Upasana (Lobgebete) und Jnagna (pomp\u00f6se religi\u00f6se Feste)<\/span><\/span><\/td>\n<td bgcolor=\"#ffffff\" width=\"207\"><span style=\"color: #000000;\"><span style=\"font-family: Calibri,serif;\">Pantheistischer Monotheismus z.B. Ekangsadh Bipra Bohudha Badanti (Rig. I\/1646\/46) also: Er ist eins und ewig \u2013 aber wir geben Ihm viele Namen. <\/span><\/span><span style=\"color: #000000;\"><span style=\"font-family: Calibri,serif;\">oder <\/span><\/span><span style=\"color: #000000;\"><span style=\"font-family: Calibri,serif;\">Jo Devanan Namadha eka eba (Rig. X\/82\/3) also: Eine empirische Erkenntnis, ein transzendentes Licht der Emanation mit vielen Namen etc.<\/span><\/span><\/td>\n<\/tr>\n<tr>\n<td bgcolor=\"#ffffff\" width=\"73\" height=\"10\"><span style=\"color: #000000;\"><span style=\"font-family: Calibri,serif;\">ca. 2.500<\/span><\/span><\/td>\n<td bgcolor=\"#ffffff\" width=\"301\"><span style=\"color: #000000;\"><span style=\"font-family: Calibri,serif;\">Die anderen Veden Shyam (besteht aus Ges\u00e4ngen) und Yogu &#8211;&gt; (Prosa-Versen) viel sp\u00e4ter auch Atharva-Veda (gilt als minderwertig!)<\/span><\/span><\/td>\n<td bgcolor=\"#ffffff\" width=\"207\"><span style=\"color: #000000;\"><span style=\"font-family: Calibri,serif;\">Verbreitung von Vedabada also: Vedische Karma-Marga oder der Tat-Weg<\/span><\/span><\/td>\n<\/tr>\n<tr>\n<td bgcolor=\"#ffffff\" width=\"73\" height=\"10\"><span style=\"color: #000000;\"><span style=\"font-family: Calibri,serif;\">ca. 1.600<\/span><\/span><\/td>\n<td bgcolor=\"#ffffff\" width=\"301\"><span style=\"color: #000000;\"><span style=\"font-family: Calibri,serif;\"><u>Jnana-Marga-Zeitalter<\/u><\/span><\/span><\/p>\n<p><span style=\"color: #000000;\"><span style=\"font-family: Calibri,serif;\">\u00e4ltesten Upanishad oder Vedanta &#8211; sind die philosophischen Erl\u00e4uterungen von Sanatan-Dharma und Erg\u00e4nzungen von Veden<\/span><\/span><\/td>\n<td bgcolor=\"#ffffff\" width=\"207\"><span style=\"color: #000000;\"><span style=\"font-family: Calibri,serif;\">Brahmabada oder Brahma- Bewusstsein oder Jnana-Marga also der Erkenntnis-Weg<\/span><\/span><\/td>\n<\/tr>\n<tr>\n<td bgcolor=\"#ffffff\" width=\"73\" height=\"10\"><span style=\"color: #000000;\"><span style=\"font-family: Calibri,serif;\">ca. 1.400<\/span><\/span><\/td>\n<td bgcolor=\"#ffffff\" width=\"301\"><span style=\"color: #000000;\"><span style=\"font-family: Calibri,serif;\"><u>Bhagavat-Zeitalter<\/u><\/span><\/span><span style=\"color: #000000;\"><span style=\"font-family: Calibri,serif;\"> und Shamkhya-Philosophie und Gleichstellung von Jnana-Karma-Yoga<\/span><\/span><\/td>\n<td bgcolor=\"#ffffff\" width=\"207\"><span style=\"color: #000000;\"><span style=\"font-family: Calibri,serif;\">Monismus (Nivritti)-Marga aber auch fernes Echo von Bhakti-Marga also der Weg der Hingabe<\/span><\/span><\/td>\n<\/tr>\n<tr>\n<td bgcolor=\"#ffffff\" width=\"73\" height=\"10\"><span style=\"color: #000000;\"><span style=\"font-family: Calibri,serif;\">ca. 900<\/span><\/span><\/td>\n<td bgcolor=\"#ffffff\" width=\"301\"><span style=\"color: #000000;\"><span style=\"font-family: Calibri,serif;\"><u>Krishna-Bhakti-Periode I<\/u><\/span><\/span><\/p>\n<p><span style=\"color: #000000;\"><span style=\"font-family: Calibri,serif;\">Verfassung von Mahabharata-Epos und Vagavad-Gita<\/span><\/span><\/td>\n<td bgcolor=\"#ffffff\" width=\"207\"><span style=\"color: #000000;\"><span style=\"font-family: Calibri,serif;\">Verbreitung von Krishna-Bhakti-Marga<\/span><\/span><\/td>\n<\/tr>\n<tr>\n<td bgcolor=\"#ffffff\" width=\"73\" height=\"10\"><span style=\"color: #000000;\"><span style=\"font-family: Calibri,serif;\">ca. 500<\/span><\/span><\/td>\n<td bgcolor=\"#ffffff\" width=\"301\"><span style=\"color: #000000;\"><span style=\"font-family: Calibri,serif;\"><u>Atheistische Periode<\/u><\/span><\/span><\/p>\n<p><span style=\"color: #000000;\"><span style=\"font-family: Calibri,serif;\">Erscheinung von Gautama Buddha<\/span><\/span><\/td>\n<td bgcolor=\"#ffffff\" width=\"207\"><span style=\"color: #000000;\"><span style=\"font-family: Calibri,serif;\">Verbreitung von Theravadi-Buddhismus in Shandilya-Sutras Elucidation von Bhakti-Yoga<\/span><\/span><\/td>\n<\/tr>\n<tr valign=\"BOTTOM\">\n<td bgcolor=\"#ffffff\" width=\"73\" height=\"10\"><\/td>\n<td bgcolor=\"#ffffff\" width=\"301\"><\/td>\n<td bgcolor=\"#ffffff\" width=\"207\"><\/td>\n<\/tr>\n<tr>\n<td bgcolor=\"#ffffff\" width=\"73\" height=\"10\">\n<p align=\"CENTER\"><span style=\"color: #000000;\"><span style=\"font-family: Calibri,serif;\"><u><b>Nach Christus<\/b><\/u><\/span><\/span><\/p>\n<\/td>\n<td bgcolor=\"#ffffff\" width=\"301\">\n<p align=\"CENTER\"><span style=\"color: #000000;\"><span style=\"font-family: Calibri,serif;\"><u><b>Schriften\/Ereignisse<\/b><\/u><\/span><\/span><\/p>\n<\/td>\n<td bgcolor=\"#ffffff\" width=\"207\">\n<p align=\"CENTER\"><span style=\"color: #000000;\"><span style=\"font-family: Calibri,serif;\"><u><b>Spirituelle Denkrichtungen und Lehre<\/b><\/u><\/span><\/span><\/p>\n<\/td>\n<\/tr>\n<tr>\n<td bgcolor=\"#ffffff\" width=\"73\" height=\"10\"><span style=\"color: #000000;\"><span style=\"font-family: Calibri,serif;\">ca. 200<\/span><\/span><\/td>\n<td bgcolor=\"#ffffff\" width=\"301\"><span style=\"color: #000000;\"><span style=\"font-family: Calibri,serif;\"><u>Krishna-Bhakti-Periode II<\/u><\/span><\/span><\/p>\n<p><span style=\"color: #000000;\"><span style=\"font-family: Calibri,serif;\">Puranisches Zeitalter Verfassung von Brahma-Purana, Vishnu-Purana, Narda-Sutra, Narda-Pancharatra, Vishnubaibarta, <span lang=\"en-US\">Devi-Bhagavad, Shakta-Purana usw.<\/span><\/span><\/span><\/td>\n<td bgcolor=\"#ffffff\" width=\"207\"><span style=\"color: #000000;\"><span style=\"font-family: Calibri,serif;\">Propagierung von Vagavad-Dharma<\/span><\/span><\/td>\n<\/tr>\n<tr>\n<td bgcolor=\"#ffffff\" width=\"73\" height=\"10\"><span style=\"color: #000000;\"><span style=\"font-family: Calibri,serif;\">ca. 788 \u2013 820 <\/span><\/span><\/td>\n<td bgcolor=\"#ffffff\" width=\"301\"><span style=\"color: #000000;\"><span style=\"font-family: Calibri,serif;\">Erscheinung von Sri Shankaracharya und Erneuerung vedischer Prinzipien<\/span><\/span><\/td>\n<td bgcolor=\"#ffffff\" width=\"207\"><span style=\"color: #000000;\"><span style=\"font-family: Calibri,serif;\">Advayta-Philosophie (Non-Dualit\u00e4t, also monistische Ontologie im Kontext seiner Mayabad (virtuelle Wirklichkeit) und entsprechende Erl\u00e4uterungen von Vedanta und Bhagavad-Gita.<\/span><\/span><\/td>\n<\/tr>\n<tr>\n<td bgcolor=\"#ffffff\" width=\"73\" height=\"10\"><span style=\"color: #000000;\"><span style=\"font-family: Calibri,serif;\">ca. 900<\/span><\/span><\/td>\n<td bgcolor=\"#ffffff\" width=\"301\"><span style=\"color: #000000;\"><span style=\"font-family: Calibri,serif;\">Philosoph Ramanujas Protest gegen\u00fcber Shankaras Mayabad. Seine These: Brahma als ultimative Realit\u00e4t ist immanent und transzendent zugleich!<\/span><\/span><\/td>\n<td bgcolor=\"#ffffff\" width=\"207\"><span style=\"color: #000000;\"><span style=\"font-family: Calibri,serif;\">Vorstellung von Vishistha-Advayta (erg\u00e4nzendes Spezial-Advayta-Prinzip.)<\/span><\/span><\/td>\n<\/tr>\n<tr>\n<td bgcolor=\"#ffffff\" width=\"73\" height=\"10\"><span style=\"color: #000000;\"><span style=\"font-family: Calibri,serif;\">ca. 1.100<\/span><\/span><\/td>\n<td bgcolor=\"#ffffff\" width=\"301\"><span style=\"color: #000000;\"><span style=\"font-family: Calibri,serif;\">Auch die Dharma-Philosophen Nimbarka und Madhavacharya widersprechen Shankaras Mayabad!<\/span><\/span><\/td>\n<td bgcolor=\"#ffffff\" width=\"207\"><span style=\"color: #000000;\"><span style=\"font-family: Calibri,serif;\">Verbreitung von Krishna-Bhaktibad<\/span><\/span><\/td>\n<\/tr>\n<tr>\n<td bgcolor=\"#ffffff\" width=\"73\" height=\"10\"><span style=\"color: #000000;\"><span style=\"font-family: Calibri,serif;\">ca. <\/span><\/span><span style=\"color: #000000;\"><span style=\"font-family: Calibri,serif;\">1486 &#8211; 1553<\/span><\/span><\/td>\n<td bgcolor=\"#ffffff\" width=\"301\"><span style=\"color: #000000;\"><span style=\"font-family: Calibri,serif;\"><u>Krishna-Bhakti-Periode III<\/u><\/span><\/span><\/p>\n<p><span style=\"color: #000000;\"><span style=\"font-family: Calibri,serif;\">Erscheinung von Shri Chaitanya Mahaprabhu und Interpretation sowie Demonstration von Vagavad-Gita.<\/span><\/span><\/td>\n<td bgcolor=\"#ffffff\" width=\"207\"><span style=\"color: #000000;\"><span style=\"font-family: Calibri,serif;\">Exposition und Explosion von Krishna-Bhaktivada. Publikation von Vaishna-Shastras und Verk\u00fcndung durch Gaudia Goswamis.<\/span><\/span><\/td>\n<\/tr>\n<tr>\n<td bgcolor=\"#ffffff\" width=\"73\" height=\"10\"><span style=\"color: #000000;\"><span style=\"font-family: Calibri,serif;\">ca. 1800<\/span><\/span><\/td>\n<td bgcolor=\"#ffffff\" width=\"301\"><span style=\"color: #000000;\"><span style=\"font-family: Calibri,serif;\"><u>Dharma-Konflikte<\/u><\/span><\/span><\/td>\n<td bgcolor=\"#ffffff\" width=\"207\"><span style=\"color: #000000;\"><span style=\"font-family: Calibri,serif;\">Meinungsverschiedenheiten zwischen Shakta-Tantra und Bhakti-Marga usw.<\/span><\/span><\/td>\n<\/tr>\n<tr>\n<td bgcolor=\"#ffffff\" width=\"73\" height=\"10\"><span style=\"color: #000000;\"><span style=\"font-family: Calibri,serif;\">ca. 1900<\/span><\/span><\/td>\n<td bgcolor=\"#ffffff\" width=\"301\"><span style=\"color: #000000;\"><span style=\"font-family: Calibri,serif;\"><u>Universelle Harmonie<\/u><\/span><\/span><\/p>\n<p><span style=\"color: #000000;\"><span style=\"font-family: Calibri,serif;\">Erscheinung von Guru Maharaj Shri Ramakrishna-Paramhansa und neue Interpretation sowie Demonstration von Hindu-Dharma f\u00fcr unser Zeitalter!<\/span><\/span><\/td>\n<td bgcolor=\"#ffffff\" width=\"207\"><span style=\"color: #000000;\"><span style=\"font-family: Calibri,serif;\">Synthese aller Meinungen, Methoden und Margas!<\/span><\/span><\/td>\n<\/tr>\n<\/tbody>\n<\/table>\n","protected":false},"excerpt":{"rendered":"<p>Hier eine kurze, pr\u00e4gnante \u00dcbersicht \u00fcber die Entwicklungsrichtungen seit der Zeit des Rig-Veda: Vor Christus Schriften\/Ereignisse Spirituelle Denkrichtungen und Lehre ca. 3.500 Karma-Marga-Zeitalter Rig-Veda, Samhita u. Brahmana u. Aranyakas besch\u00e4ftigt sich prim\u00e4r mit Upasana (Lobgebete) und Jnagna (pomp\u00f6se religi\u00f6se Feste) Pantheistischer Monotheismus z.B. Ekangsadh Bipra Bohudha Badanti (Rig. I\/1646\/46) also: Er ist eins und ewig &hellip; <a href=\"http:\/\/blog.saranagata.de\/?page_id=83\" class=\"more-link\"><span class=\"screen-reader-text\">Historische Entwicklungs-Tabelle<\/span> weiterlesen<\/a><\/p>\n","protected":false},"author":1,"featured_media":0,"parent":28,"menu_order":6,"comment_status":"closed","ping_status":"closed","template":"","meta":[],"yoast_head":"<!-- This site is optimized with the Yoast SEO plugin v20.10 - https:\/\/yoast.com\/wordpress\/plugins\/seo\/ -->\n<title>Historische Entwicklungs-Tabelle - Saranagata<\/title>\n<meta name=\"robots\" content=\"index, follow, max-snippet:-1, max-image-preview:large, max-video-preview:-1\" \/>\n<link rel=\"canonical\" href=\"http:\/\/blog.saranagata.de\/?page_id=83\" \/>\n<meta property=\"og:locale\" content=\"de_DE\" \/>\n<meta property=\"og:type\" content=\"article\" \/>\n<meta property=\"og:title\" content=\"Historische Entwicklungs-Tabelle - Saranagata\" \/>\n<meta property=\"og:description\" content=\"Hier eine kurze, pr\u00e4gnante \u00dcbersicht \u00fcber die Entwicklungsrichtungen seit der Zeit des Rig-Veda: Vor Christus Schriften\/Ereignisse Spirituelle Denkrichtungen und Lehre ca. 3.500 Karma-Marga-Zeitalter Rig-Veda, Samhita u. Brahmana u. Aranyakas besch\u00e4ftigt sich prim\u00e4r mit Upasana (Lobgebete) und Jnagna (pomp\u00f6se religi\u00f6se Feste) Pantheistischer Monotheismus z.B. Ekangsadh Bipra Bohudha Badanti (Rig. I\/1646\/46) also: Er ist eins und ewig &hellip; Historische Entwicklungs-Tabelle weiterlesen\" \/>\n<meta property=\"og:url\" content=\"http:\/\/blog.saranagata.de\/?page_id=83\" \/>\n<meta property=\"og:site_name\" content=\"Saranagata\" \/>\n<meta property=\"article:modified_time\" content=\"2015-08-24T19:52:33+00:00\" \/>\n<meta name=\"twitter:card\" content=\"summary_large_image\" \/>\n<meta name=\"twitter:label1\" content=\"Gesch\u00e4tzte Lesezeit\" \/>\n\t<meta name=\"twitter:data1\" content=\"2 Minuten\" \/>\n<script type=\"application\/ld+json\" class=\"yoast-schema-graph\">{\"@context\":\"https:\/\/schema.org\",\"@graph\":[{\"@type\":\"WebPage\",\"@id\":\"http:\/\/blog.saranagata.de\/?page_id=83\",\"url\":\"http:\/\/blog.saranagata.de\/?page_id=83\",\"name\":\"Historische Entwicklungs-Tabelle - Saranagata\",\"isPartOf\":{\"@id\":\"http:\/\/blog.saranagata.de\/#website\"},\"datePublished\":\"2015-07-30T11:18:42+00:00\",\"dateModified\":\"2015-08-24T19:52:33+00:00\",\"breadcrumb\":{\"@id\":\"http:\/\/blog.saranagata.de\/?page_id=83#breadcrumb\"},\"inLanguage\":\"de-DE\",\"potentialAction\":[{\"@type\":\"ReadAction\",\"target\":[\"http:\/\/blog.saranagata.de\/?page_id=83\"]}]},{\"@type\":\"BreadcrumbList\",\"@id\":\"http:\/\/blog.saranagata.de\/?page_id=83#breadcrumb\",\"itemListElement\":[{\"@type\":\"ListItem\",\"position\":1,\"name\":\"Startseite\",\"item\":\"http:\/\/blog.saranagata.de\/\"},{\"@type\":\"ListItem\",\"position\":2,\"name\":\"Einleitung und Entwicklung\",\"item\":\"http:\/\/blog.saranagata.de\/?page_id=28\"},{\"@type\":\"ListItem\",\"position\":3,\"name\":\"Historische Entwicklungs-Tabelle\"}]},{\"@type\":\"WebSite\",\"@id\":\"http:\/\/blog.saranagata.de\/#website\",\"url\":\"http:\/\/blog.saranagata.de\/\",\"name\":\"Saranagata\",\"description\":\"Parthasarathis spirituelle Oase\",\"potentialAction\":[{\"@type\":\"SearchAction\",\"target\":{\"@type\":\"EntryPoint\",\"urlTemplate\":\"http:\/\/blog.saranagata.de\/?s={search_term_string}\"},\"query-input\":\"required name=search_term_string\"}],\"inLanguage\":\"de-DE\"}]}<\/script>\n<!-- \/ Yoast SEO plugin. -->","yoast_head_json":{"title":"Historische Entwicklungs-Tabelle - Saranagata","robots":{"index":"index","follow":"follow","max-snippet":"max-snippet:-1","max-image-preview":"max-image-preview:large","max-video-preview":"max-video-preview:-1"},"canonical":"http:\/\/blog.saranagata.de\/?page_id=83","og_locale":"de_DE","og_type":"article","og_title":"Historische Entwicklungs-Tabelle - Saranagata","og_description":"Hier eine kurze, pr\u00e4gnante \u00dcbersicht \u00fcber die Entwicklungsrichtungen seit der Zeit des Rig-Veda: Vor Christus Schriften\/Ereignisse Spirituelle Denkrichtungen und Lehre ca. 3.500 Karma-Marga-Zeitalter Rig-Veda, Samhita u. Brahmana u. Aranyakas besch\u00e4ftigt sich prim\u00e4r mit Upasana (Lobgebete) und Jnagna (pomp\u00f6se religi\u00f6se Feste) Pantheistischer Monotheismus z.B. Ekangsadh Bipra Bohudha Badanti (Rig. I\/1646\/46) also: Er ist eins und ewig &hellip; Historische Entwicklungs-Tabelle weiterlesen","og_url":"http:\/\/blog.saranagata.de\/?page_id=83","og_site_name":"Saranagata","article_modified_time":"2015-08-24T19:52:33+00:00","twitter_card":"summary_large_image","twitter_misc":{"Gesch\u00e4tzte Lesezeit":"2 Minuten"},"schema":{"@context":"https:\/\/schema.org","@graph":[{"@type":"WebPage","@id":"http:\/\/blog.saranagata.de\/?page_id=83","url":"http:\/\/blog.saranagata.de\/?page_id=83","name":"Historische Entwicklungs-Tabelle - Saranagata","isPartOf":{"@id":"http:\/\/blog.saranagata.de\/#website"},"datePublished":"2015-07-30T11:18:42+00:00","dateModified":"2015-08-24T19:52:33+00:00","breadcrumb":{"@id":"http:\/\/blog.saranagata.de\/?page_id=83#breadcrumb"},"inLanguage":"de-DE","potentialAction":[{"@type":"ReadAction","target":["http:\/\/blog.saranagata.de\/?page_id=83"]}]},{"@type":"BreadcrumbList","@id":"http:\/\/blog.saranagata.de\/?page_id=83#breadcrumb","itemListElement":[{"@type":"ListItem","position":1,"name":"Startseite","item":"http:\/\/blog.saranagata.de\/"},{"@type":"ListItem","position":2,"name":"Einleitung und Entwicklung","item":"http:\/\/blog.saranagata.de\/?page_id=28"},{"@type":"ListItem","position":3,"name":"Historische Entwicklungs-Tabelle"}]},{"@type":"WebSite","@id":"http:\/\/blog.saranagata.de\/#website","url":"http:\/\/blog.saranagata.de\/","name":"Saranagata","description":"Parthasarathis spirituelle Oase","potentialAction":[{"@type":"SearchAction","target":{"@type":"EntryPoint","urlTemplate":"http:\/\/blog.saranagata.de\/?s={search_term_string}"},"query-input":"required name=search_term_string"}],"inLanguage":"de-DE"}]}},"_links":{"self":[{"href":"http:\/\/blog.saranagata.de\/index.php?rest_route=\/wp\/v2\/pages\/83"}],"collection":[{"href":"http:\/\/blog.saranagata.de\/index.php?rest_route=\/wp\/v2\/pages"}],"about":[{"href":"http:\/\/blog.saranagata.de\/index.php?rest_route=\/wp\/v2\/types\/page"}],"author":[{"embeddable":true,"href":"http:\/\/blog.saranagata.de\/index.php?rest_route=\/wp\/v2\/users\/1"}],"replies":[{"embeddable":true,"href":"http:\/\/blog.saranagata.de\/index.php?rest_route=%2Fwp%2Fv2%2Fcomments&post=83"}],"version-history":[{"count":12,"href":"http:\/\/blog.saranagata.de\/index.php?rest_route=\/wp\/v2\/pages\/83\/revisions"}],"predecessor-version":[{"id":163,"href":"http:\/\/blog.saranagata.de\/index.php?rest_route=\/wp\/v2\/pages\/83\/revisions\/163"}],"up":[{"embeddable":true,"href":"http:\/\/blog.saranagata.de\/index.php?rest_route=\/wp\/v2\/pages\/28"}],"wp:attachment":[{"href":"http:\/\/blog.saranagata.de\/index.php?rest_route=%2Fwp%2Fv2%2Fmedia&parent=83"}],"curies":[{"name":"wp","href":"https:\/\/api.w.org\/{rel}","templated":true}]}}