{"id":79,"date":"2015-07-30T11:17:37","date_gmt":"2015-07-30T11:17:37","guid":{"rendered":"http:\/\/blog.saranagata.de\/?page_id=79"},"modified":"2015-12-12T14:18:28","modified_gmt":"2015-12-12T14:18:28","slug":"die-universalreligion","status":"publish","type":"page","link":"http:\/\/blog.saranagata.de\/?page_id=79","title":{"rendered":"Die Universalreligion"},"content":{"rendered":"<p style=\"text-align: justify;\"><span style=\"font-size: x-large;\">Alle semitischen Religionen, also Judentum, Christentum und Islam, haben gewisse Eigenschaften einer Universalreligion. Aber sie sind jeweils<\/span> <span style=\"font-size: x-large;\">verfangen in einem irrealen Ausschlie\u00dflichkeitsanspruch! <\/span><\/p>\n<p style=\"text-align: justify;\"><span style=\"font-size: x-large;\">Eine Religion mit dem Anspruch der Universalit\u00e4t muss sich prim\u00e4r mit dem spirituellen Bewusstsein des Menschen befassen und sich im praktischen Ereignishorizont um Ansporn, Anleitung, Begleitung, Ermutigung und Unterst\u00fctzung k\u00fcmmern, damit sie auf diese Weise den spirituellen Fortschritten der Menschheit dient. Au\u00dferdem ist die spirituelle Entwicklung eines Menschen kein isoliertes Ph\u00e4nomen im Leben, sondern sie ist eng verbunden mit den intellektuellen und ethisch-moralischen Aspekten der Menschheit. Eine Universalreligion ist die Verk\u00f6rperung der Wahrheit im Leben, eine Vision der ultimativen Realit\u00e4t, die die Menschen mit allen ihren F\u00e4higkeiten \u2013kognitiven, emotionalen, konnotativen \u2013 erfahren k\u00f6nnen. Eine Universalreligion steht in Resonanz mit der gesamten Pers\u00f6nlichkeit eines Menschen. Es ist falsch zu behaupten, die Wahrheit besitze nur eine intellektuelle Qualit\u00e4t, die sich durch die menschliche Logik erschlie\u00dft. Nein, die ultimative Wahrheit hat eine belebende und erhebende Wirkung auf die gesamte menschliche Pers\u00f6nlichkeit und befriedigt auch konnotative und emotionale Aspekte. Deshalb erm\u00f6glicht die Universalreligion eine lebendige und tiefgr\u00fcndige Erfahrung, die die gesamte Pers\u00f6nlichkeit des Menschen emporhebt.<\/span><\/p>\n<p style=\"text-align: justify;\"><span style=\"font-size: x-large;\">Der Urkeim der Universalreligion manifestiert sich bereits in den Anf\u00e4ngen der indischen religionsphilosophischen Gedankenwelt, wie sie in den Veden und Upanishaden niedergeschrieben ist. Diese Schriften legen das Zeugnis ab, dass die Universalreligion essentiell humanistisch ist, und sie beschreiben eine begl\u00fcckende Verschmelzung von g\u00f6ttlichem Geist und der Sch\u00f6pfung, von Seele und K\u00f6rper, von Sakralem und S\u00e4kularem!<\/span><\/p>\n","protected":false},"excerpt":{"rendered":"<p>Alle semitischen Religionen, also Judentum, Christentum und Islam, haben gewisse Eigenschaften einer Universalreligion. Aber sie sind jeweils verfangen in einem irrealen Ausschlie\u00dflichkeitsanspruch! Eine Religion mit dem Anspruch der Universalit\u00e4t muss sich prim\u00e4r mit dem spirituellen Bewusstsein des Menschen befassen und sich im praktischen Ereignishorizont um Ansporn, Anleitung, Begleitung, Ermutigung und Unterst\u00fctzung k\u00fcmmern, damit sie auf &hellip; <a href=\"http:\/\/blog.saranagata.de\/?page_id=79\" class=\"more-link\"><span class=\"screen-reader-text\">Die Universalreligion<\/span> weiterlesen<\/a><\/p>\n","protected":false},"author":1,"featured_media":0,"parent":28,"menu_order":3,"comment_status":"closed","ping_status":"closed","template":"","meta":[],"yoast_head":"<!-- This site is optimized with the Yoast SEO plugin v20.10 - https:\/\/yoast.com\/wordpress\/plugins\/seo\/ -->\n<title>Die Universalreligion - Saranagata<\/title>\n<meta name=\"robots\" content=\"index, follow, max-snippet:-1, max-image-preview:large, max-video-preview:-1\" \/>\n<link rel=\"canonical\" href=\"http:\/\/blog.saranagata.de\/?page_id=79\" \/>\n<meta property=\"og:locale\" content=\"de_DE\" \/>\n<meta property=\"og:type\" content=\"article\" \/>\n<meta property=\"og:title\" content=\"Die Universalreligion - Saranagata\" \/>\n<meta property=\"og:description\" content=\"Alle semitischen Religionen, also Judentum, Christentum und Islam, haben gewisse Eigenschaften einer Universalreligion. Aber sie sind jeweils verfangen in einem irrealen Ausschlie\u00dflichkeitsanspruch! Eine Religion mit dem Anspruch der Universalit\u00e4t muss sich prim\u00e4r mit dem spirituellen Bewusstsein des Menschen befassen und sich im praktischen Ereignishorizont um Ansporn, Anleitung, Begleitung, Ermutigung und Unterst\u00fctzung k\u00fcmmern, damit sie auf &hellip; Die Universalreligion weiterlesen\" \/>\n<meta property=\"og:url\" content=\"http:\/\/blog.saranagata.de\/?page_id=79\" \/>\n<meta property=\"og:site_name\" content=\"Saranagata\" \/>\n<meta property=\"article:modified_time\" content=\"2015-12-12T14:18:28+00:00\" \/>\n<meta name=\"twitter:card\" content=\"summary_large_image\" \/>\n<meta name=\"twitter:label1\" content=\"Gesch\u00e4tzte Lesezeit\" \/>\n\t<meta name=\"twitter:data1\" content=\"1 Minute\" \/>\n<script type=\"application\/ld+json\" class=\"yoast-schema-graph\">{\"@context\":\"https:\/\/schema.org\",\"@graph\":[{\"@type\":\"WebPage\",\"@id\":\"http:\/\/blog.saranagata.de\/?page_id=79\",\"url\":\"http:\/\/blog.saranagata.de\/?page_id=79\",\"name\":\"Die Universalreligion - Saranagata\",\"isPartOf\":{\"@id\":\"http:\/\/blog.saranagata.de\/#website\"},\"datePublished\":\"2015-07-30T11:17:37+00:00\",\"dateModified\":\"2015-12-12T14:18:28+00:00\",\"breadcrumb\":{\"@id\":\"http:\/\/blog.saranagata.de\/?page_id=79#breadcrumb\"},\"inLanguage\":\"de-DE\",\"potentialAction\":[{\"@type\":\"ReadAction\",\"target\":[\"http:\/\/blog.saranagata.de\/?page_id=79\"]}]},{\"@type\":\"BreadcrumbList\",\"@id\":\"http:\/\/blog.saranagata.de\/?page_id=79#breadcrumb\",\"itemListElement\":[{\"@type\":\"ListItem\",\"position\":1,\"name\":\"Startseite\",\"item\":\"http:\/\/blog.saranagata.de\/\"},{\"@type\":\"ListItem\",\"position\":2,\"name\":\"Einleitung und Entwicklung\",\"item\":\"http:\/\/blog.saranagata.de\/?page_id=28\"},{\"@type\":\"ListItem\",\"position\":3,\"name\":\"Die Universalreligion\"}]},{\"@type\":\"WebSite\",\"@id\":\"http:\/\/blog.saranagata.de\/#website\",\"url\":\"http:\/\/blog.saranagata.de\/\",\"name\":\"Saranagata\",\"description\":\"Parthasarathis spirituelle Oase\",\"potentialAction\":[{\"@type\":\"SearchAction\",\"target\":{\"@type\":\"EntryPoint\",\"urlTemplate\":\"http:\/\/blog.saranagata.de\/?s={search_term_string}\"},\"query-input\":\"required name=search_term_string\"}],\"inLanguage\":\"de-DE\"}]}<\/script>\n<!-- \/ Yoast SEO plugin. -->","yoast_head_json":{"title":"Die Universalreligion - Saranagata","robots":{"index":"index","follow":"follow","max-snippet":"max-snippet:-1","max-image-preview":"max-image-preview:large","max-video-preview":"max-video-preview:-1"},"canonical":"http:\/\/blog.saranagata.de\/?page_id=79","og_locale":"de_DE","og_type":"article","og_title":"Die Universalreligion - Saranagata","og_description":"Alle semitischen Religionen, also Judentum, Christentum und Islam, haben gewisse Eigenschaften einer Universalreligion. Aber sie sind jeweils verfangen in einem irrealen Ausschlie\u00dflichkeitsanspruch! Eine Religion mit dem Anspruch der Universalit\u00e4t muss sich prim\u00e4r mit dem spirituellen Bewusstsein des Menschen befassen und sich im praktischen Ereignishorizont um Ansporn, Anleitung, Begleitung, Ermutigung und Unterst\u00fctzung k\u00fcmmern, damit sie auf &hellip; Die Universalreligion weiterlesen","og_url":"http:\/\/blog.saranagata.de\/?page_id=79","og_site_name":"Saranagata","article_modified_time":"2015-12-12T14:18:28+00:00","twitter_card":"summary_large_image","twitter_misc":{"Gesch\u00e4tzte Lesezeit":"1 Minute"},"schema":{"@context":"https:\/\/schema.org","@graph":[{"@type":"WebPage","@id":"http:\/\/blog.saranagata.de\/?page_id=79","url":"http:\/\/blog.saranagata.de\/?page_id=79","name":"Die Universalreligion - Saranagata","isPartOf":{"@id":"http:\/\/blog.saranagata.de\/#website"},"datePublished":"2015-07-30T11:17:37+00:00","dateModified":"2015-12-12T14:18:28+00:00","breadcrumb":{"@id":"http:\/\/blog.saranagata.de\/?page_id=79#breadcrumb"},"inLanguage":"de-DE","potentialAction":[{"@type":"ReadAction","target":["http:\/\/blog.saranagata.de\/?page_id=79"]}]},{"@type":"BreadcrumbList","@id":"http:\/\/blog.saranagata.de\/?page_id=79#breadcrumb","itemListElement":[{"@type":"ListItem","position":1,"name":"Startseite","item":"http:\/\/blog.saranagata.de\/"},{"@type":"ListItem","position":2,"name":"Einleitung und Entwicklung","item":"http:\/\/blog.saranagata.de\/?page_id=28"},{"@type":"ListItem","position":3,"name":"Die Universalreligion"}]},{"@type":"WebSite","@id":"http:\/\/blog.saranagata.de\/#website","url":"http:\/\/blog.saranagata.de\/","name":"Saranagata","description":"Parthasarathis spirituelle Oase","potentialAction":[{"@type":"SearchAction","target":{"@type":"EntryPoint","urlTemplate":"http:\/\/blog.saranagata.de\/?s={search_term_string}"},"query-input":"required name=search_term_string"}],"inLanguage":"de-DE"}]}},"_links":{"self":[{"href":"http:\/\/blog.saranagata.de\/index.php?rest_route=\/wp\/v2\/pages\/79"}],"collection":[{"href":"http:\/\/blog.saranagata.de\/index.php?rest_route=\/wp\/v2\/pages"}],"about":[{"href":"http:\/\/blog.saranagata.de\/index.php?rest_route=\/wp\/v2\/types\/page"}],"author":[{"embeddable":true,"href":"http:\/\/blog.saranagata.de\/index.php?rest_route=\/wp\/v2\/users\/1"}],"replies":[{"embeddable":true,"href":"http:\/\/blog.saranagata.de\/index.php?rest_route=%2Fwp%2Fv2%2Fcomments&post=79"}],"version-history":[{"count":4,"href":"http:\/\/blog.saranagata.de\/index.php?rest_route=\/wp\/v2\/pages\/79\/revisions"}],"predecessor-version":[{"id":285,"href":"http:\/\/blog.saranagata.de\/index.php?rest_route=\/wp\/v2\/pages\/79\/revisions\/285"}],"up":[{"embeddable":true,"href":"http:\/\/blog.saranagata.de\/index.php?rest_route=\/wp\/v2\/pages\/28"}],"wp:attachment":[{"href":"http:\/\/blog.saranagata.de\/index.php?rest_route=%2Fwp%2Fv2%2Fmedia&parent=79"}],"curies":[{"name":"wp","href":"https:\/\/api.w.org\/{rel}","templated":true}]}}