{"id":77,"date":"2015-07-30T11:16:57","date_gmt":"2015-07-30T11:16:57","guid":{"rendered":"http:\/\/blog.saranagata.de\/?page_id=77"},"modified":"2015-12-12T14:17:27","modified_gmt":"2015-12-12T14:17:27","slug":"und-wie-es-weiterging","status":"publish","type":"page","link":"http:\/\/blog.saranagata.de\/?page_id=77","title":{"rendered":"Und wie es weiterging"},"content":{"rendered":"<p style=\"text-align: justify;\"><span style=\"font-size: x-large;\">Die Entstehung von Nationen und die Entwicklung von sogenannten &#8222;Nationalreligionen&#8220; aus den primitiven Naturreligionen erm\u00f6glichte es den Menschen, ihren mentalen Horizont zu erweitern und ein deutliches Wachstum an pers\u00f6nlichem Bewusstsein hervorzubringen. Durch die Interaktion mit den anderen Mitgliedern der Nation und die gemeinsame Reflektion entwickelten die Menschen ihre Individualit\u00e4t und ihre F\u00e4higkeit zur Selbsterkenntnis. Als Folge gewannen die Religionen einen ethischen Charakter und transzendierten die naturalistischen und materialistischen Beschr\u00e4nkungen.<\/span><\/p>\n<p style=\"text-align: justify;\"><span style=\"font-size: x-large;\">Aus dem Polyd\u00e4monismus der Naturreligionen erwuchs der Polytheismus der Nationalreligionen. Die alten Naturgeister werden nun anthropomorph und erhalten somit menschliche Eigenschaften sowie pers\u00f6nliche Namen. Sie werden in den Status von G\u00f6ttern erhoben und es gibt nun ein G\u00f6tter-Pantheon. Der Philosoph und Theologe Mill Edwards (1873\u20131941) sagt, die G\u00f6tter, nun gesittet und humanisiert, seien zu Schutzheiligen f\u00fcr bestimmte Bereiche des Lebens geworden, wie zum Beispiel die Landwirtschaft, Liebe, Kunst, das Schicksal und den Krieg. (1)<\/span><\/p>\n<p style=\"text-align: justify;\"><span style=\"font-size: x-large;\">Die humanisierten G\u00f6tter betrachtete man als Personen. Es begann also eine pers\u00f6nliche Beziehung zwischen Gott und Mensch. Die nationalen Wertvorstellungen und Ideale wurden zu g\u00f6ttlichen Eigenschaften, sodass diese bis heute Zeugnis geben vom Nationalcharakter der jeweiligen V\u00f6lker. Die G\u00f6tter waren jedoch nicht nur humanisiert, sondern auch idealisiert, denn sie galten als Repr\u00e4sentanten von Menschen mit herausragenden Eigenschaften.<\/span><\/p>\n<p style=\"text-align: justify;\"><span style=\"font-size: x-large;\">Ferner findet man Elemente eines Supernaturalismus: Die Menschen hatten die Empfindung, dass die G\u00f6tter nicht an die profane Sch\u00f6pfung gebunden sind, sondern \u00fcbernat\u00fcrlichen Ursprungs sein m\u00fcssen. Den Menschen wurde also allm\u00e4hlich das spirituelle Reich Gottes bewusst, und dies ebnete den Weg f\u00fcr eine n\u00e4chste Weiterentwicklung des religi\u00f6sen Empfindens (George Galloway). (2)<\/span><\/p>\n<p style=\"text-align: justify;\"><span style=\"font-size: x-large;\">Dar\u00fcber hinaus finden sich zwei weitere wichtige Weiterentwicklungen in der Phase der Nationalreligionen, und zwar die Auspr\u00e4gung ethischer Grunds\u00e4tze und die Entwicklung in Richtung eines Monotheismus. Bereits der persische Weise Zarathustra predigte 1768 v. Chr. \u00fcber den monotheistischen Sch\u00f6pfergott Ahura-Mazda. <\/span><\/p>\n<p style=\"text-align: justify;\"><span style=\"font-size: x-large;\">Obwohl die von den indo-arischen Weisen verfasste Schrift mit Namen &#8222;Rig-Veda&#8220; ein symbolisches G\u00f6tter-Pantheon beschreibt, waren die Verfasser bereits 1750 v. Chr. davon \u00fcberzeugt, dass es nur einen absoluten, universalen Geist gibt. In Sanskrit lautet die Bezeichnung f\u00fcr dieses Absolute, also f\u00fcr die Supreme-Seele, Param-Brahma oder Param-Atma. <\/span><\/p>\n<p style=\"text-align: justify;\"><span style=\"font-size: x-large;\">Hier zwei Fundstellen aus dem Veda, die dieses Absolute ansprechen:<\/span><\/p>\n<ul style=\"text-align: justify;\">\n<li><span style=\"font-size: x-large;\">Er ist eins und ewig, aber wir geben Ihm viele Namen (Rik. I\/164\/16).<\/span><\/li>\n<li><span style=\"font-size: x-large;\">Diverse Morphogenesen sind nur aus einer Emanation der singul\u00e4ren Divinit\u00e4t (Rik. X\/82\/3).<\/span><\/li>\n<\/ul>\n<p style=\"text-align: justify;\"><span style=\"font-size: x-large;\">Auch Hammurabi, der K\u00f6nig von Babylon (1728\u20131686 v. Chr.) predigte im Codex Hammurabi bereits vom Weltensch\u00f6pfer, dem h\u00f6chsten Gott Marduk.<\/span><\/p>\n<p style=\"text-align: justify;\"><span style=\"font-size: x-large;\">Der profunde Denkansto\u00df eines absoluten, universalen Geistes pr\u00e4gt bis heute unser modernes religi\u00f6ses Bewusstsein. <\/span><\/p>\n<p style=\"text-align: justify;\"><span style=\"font-size: x-large;\">Wie bereits angedeutet, wurden in den Nationalreligionen die G\u00f6tter als Moralinstanz und W\u00e4chter der ethischen Ordnung betrachtet. G\u00f6tter wurden als Richter stilisiert, zust\u00e4ndig f\u00fcr Belohnung und Bestrafung der gesamten Menschheit oder des Individuums als Konsequenz f\u00fcr ihre guten oder verwerflichen Taten und Verhaltensweisen. Religion und Moral bzw. Ethik wurden eine Einheit. (3)<\/span><\/p>\n<p style=\"text-align: justify;\"><span style=\"font-size: x-large;\">Die Weiterentwicklung des religi\u00f6sen Bewusstseins f\u00fchrte zu der \u00dcberzeugung, dass Religion nicht eingeschr\u00e4nkt werden sollte durch Bedingungen, Bestimmungen oder sonstige rein \u00e4u\u00dferliche Ma\u00dfnahmen. Religion sollte nur die Seele des Menschen ber\u00fchren. Daher ist es wichtiger und fundamental, die Realisierung des G\u00f6ttlichen im inneren Kern eines Menschen anzusto\u00dfen, statt irgendetwas \u00c4u\u00dferes in den Mittelpunkt des Gebetes zu stellen. Swami Vivekananda sagt: Religion ist Selbst-Erkenntnis!<\/span><\/p>\n<p style=\"text-align: justify;\" align=\"CENTER\"><span style=\"font-size: large;\"><br \/>\n<\/span><\/p>\n<p style=\"text-align: justify;\"><span style=\"font-size: x-large;\">Die Konzeption der Religion \u00e4nderte sich, als der Mensch erkannte, dass seine innere Erfahrung die Essenz der Religion ist. Gott wurde nun gleichgesetzt mit der Seele des Individuums, dem Ideal der Vollkommenheit, dem ultimativen Ziel. Sein Ideal verwirklicht der Mensch in seiner ganz pers\u00f6nlichen spirituellen Erfahrung, und die Religion ist lediglich Wegweiser im Leben. Das Bewusstsein der Gegenwart Gottes in Form der Seele in allen Menschen f\u00fchrt zu einer dienenden und liebenden Haltung gegen\u00fcber allen Menschen, ja allen Kreaturen dieser Welt. Somit transzendiert der Mensch sein individuelles Selbst und entwickelt sein universelles Bewusstsein und erkennt die Einheit und die Solidarit\u00e4t der Menschheit. Die Religion bekommt einen humanistischen Glanz. Jetzt wird die fundamentale Wahrheit klar, dass die Spiritualit\u00e4t ein gemeinsames Erbe der Menschheit darstellt, die Essenz der Religion die spirituelle Erhebung ist und deshalb die Riten, Rituale und Zeremonien absolute Oberfl\u00e4che sind. Eine humanistische Religion zielt auf Selbstverwirklichung, ohne R\u00fccksicht auf Klasse und Rasse. (4)<\/span><\/p>\n<p style=\"text-align: justify;\"><span style=\"font-size: x-large;\">Es gibt einen \u00dcbergang von der materiellen in die spirituelle Welt. Die Sehnsucht des Menschen, in seinem Leben etwas Ewiges, Grenzenloses zu erleben, inspiriert ihn dazu, die Begrenzung des Ego zu \u00fcberwinden, um in den Ozean des grenzenlosen Bewusstseins eintauchen zu k\u00f6nnen. Durch entsprechende Bem\u00fchungen \u00fcberwindet er die ihn umgebende materielle Welt und er dringt in die Sph\u00e4re des G\u00f6ttlichen vor. Sein ihm innewohnendes Wahrnehmungsverm\u00f6gen umh\u00fcllt die gesamte Sch\u00f6pfung mit g\u00f6ttlicher Liebe, mit der Bestrebung, die Erl\u00f6sung der gesamten Menschheit zu erm\u00f6glichen (Bodhisattva-Aspekt!). Deshalb ist eine richtig verstandene<\/span> <span style=\"font-size: x-large;\">Religion humanistisch. Eine Universalreligion wird von zwei entscheidenden Aspekten gekennzeichnet: erstens ist sie von Menschlichkeit gepr\u00e4gt, und zweitens befindet sie sich in einem st\u00e4ndigen Entwicklungsprozess. (5)<\/span><\/p>\n","protected":false},"excerpt":{"rendered":"<p>Die Entstehung von Nationen und die Entwicklung von sogenannten &#8222;Nationalreligionen&#8220; aus den primitiven Naturreligionen erm\u00f6glichte es den Menschen, ihren mentalen Horizont zu erweitern und ein deutliches Wachstum an pers\u00f6nlichem Bewusstsein hervorzubringen. Durch die Interaktion mit den anderen Mitgliedern der Nation und die gemeinsame Reflektion entwickelten die Menschen ihre Individualit\u00e4t und ihre F\u00e4higkeit zur Selbsterkenntnis. Als &hellip; <a href=\"http:\/\/blog.saranagata.de\/?page_id=77\" class=\"more-link\"><span class=\"screen-reader-text\">Und wie es weiterging<\/span> weiterlesen<\/a><\/p>\n","protected":false},"author":1,"featured_media":0,"parent":28,"menu_order":0,"comment_status":"closed","ping_status":"closed","template":"","meta":[],"yoast_head":"<!-- This site is optimized with the Yoast SEO plugin v20.10 - https:\/\/yoast.com\/wordpress\/plugins\/seo\/ -->\n<title>Und wie es weiterging - Saranagata<\/title>\n<meta name=\"robots\" content=\"index, follow, max-snippet:-1, max-image-preview:large, max-video-preview:-1\" \/>\n<link rel=\"canonical\" href=\"http:\/\/blog.saranagata.de\/?page_id=77\" \/>\n<meta property=\"og:locale\" content=\"de_DE\" \/>\n<meta property=\"og:type\" content=\"article\" \/>\n<meta property=\"og:title\" content=\"Und wie es weiterging - Saranagata\" \/>\n<meta property=\"og:description\" content=\"Die Entstehung von Nationen und die Entwicklung von sogenannten &#8222;Nationalreligionen&#8220; aus den primitiven Naturreligionen erm\u00f6glichte es den Menschen, ihren mentalen Horizont zu erweitern und ein deutliches Wachstum an pers\u00f6nlichem Bewusstsein hervorzubringen. Durch die Interaktion mit den anderen Mitgliedern der Nation und die gemeinsame Reflektion entwickelten die Menschen ihre Individualit\u00e4t und ihre F\u00e4higkeit zur Selbsterkenntnis. Als &hellip; Und wie es weiterging weiterlesen\" \/>\n<meta property=\"og:url\" content=\"http:\/\/blog.saranagata.de\/?page_id=77\" \/>\n<meta property=\"og:site_name\" content=\"Saranagata\" \/>\n<meta property=\"article:modified_time\" content=\"2015-12-12T14:17:27+00:00\" \/>\n<meta name=\"twitter:card\" content=\"summary_large_image\" \/>\n<meta name=\"twitter:label1\" content=\"Gesch\u00e4tzte Lesezeit\" \/>\n\t<meta name=\"twitter:data1\" content=\"4 Minuten\" \/>\n<script type=\"application\/ld+json\" class=\"yoast-schema-graph\">{\"@context\":\"https:\/\/schema.org\",\"@graph\":[{\"@type\":\"WebPage\",\"@id\":\"http:\/\/blog.saranagata.de\/?page_id=77\",\"url\":\"http:\/\/blog.saranagata.de\/?page_id=77\",\"name\":\"Und wie es weiterging - Saranagata\",\"isPartOf\":{\"@id\":\"http:\/\/blog.saranagata.de\/#website\"},\"datePublished\":\"2015-07-30T11:16:57+00:00\",\"dateModified\":\"2015-12-12T14:17:27+00:00\",\"breadcrumb\":{\"@id\":\"http:\/\/blog.saranagata.de\/?page_id=77#breadcrumb\"},\"inLanguage\":\"de-DE\",\"potentialAction\":[{\"@type\":\"ReadAction\",\"target\":[\"http:\/\/blog.saranagata.de\/?page_id=77\"]}]},{\"@type\":\"BreadcrumbList\",\"@id\":\"http:\/\/blog.saranagata.de\/?page_id=77#breadcrumb\",\"itemListElement\":[{\"@type\":\"ListItem\",\"position\":1,\"name\":\"Startseite\",\"item\":\"http:\/\/blog.saranagata.de\/\"},{\"@type\":\"ListItem\",\"position\":2,\"name\":\"Einleitung und Entwicklung\",\"item\":\"http:\/\/blog.saranagata.de\/?page_id=28\"},{\"@type\":\"ListItem\",\"position\":3,\"name\":\"Und wie es weiterging\"}]},{\"@type\":\"WebSite\",\"@id\":\"http:\/\/blog.saranagata.de\/#website\",\"url\":\"http:\/\/blog.saranagata.de\/\",\"name\":\"Saranagata\",\"description\":\"Parthasarathis spirituelle Oase\",\"potentialAction\":[{\"@type\":\"SearchAction\",\"target\":{\"@type\":\"EntryPoint\",\"urlTemplate\":\"http:\/\/blog.saranagata.de\/?s={search_term_string}\"},\"query-input\":\"required name=search_term_string\"}],\"inLanguage\":\"de-DE\"}]}<\/script>\n<!-- \/ Yoast SEO plugin. -->","yoast_head_json":{"title":"Und wie es weiterging - Saranagata","robots":{"index":"index","follow":"follow","max-snippet":"max-snippet:-1","max-image-preview":"max-image-preview:large","max-video-preview":"max-video-preview:-1"},"canonical":"http:\/\/blog.saranagata.de\/?page_id=77","og_locale":"de_DE","og_type":"article","og_title":"Und wie es weiterging - Saranagata","og_description":"Die Entstehung von Nationen und die Entwicklung von sogenannten &#8222;Nationalreligionen&#8220; aus den primitiven Naturreligionen erm\u00f6glichte es den Menschen, ihren mentalen Horizont zu erweitern und ein deutliches Wachstum an pers\u00f6nlichem Bewusstsein hervorzubringen. Durch die Interaktion mit den anderen Mitgliedern der Nation und die gemeinsame Reflektion entwickelten die Menschen ihre Individualit\u00e4t und ihre F\u00e4higkeit zur Selbsterkenntnis. Als &hellip; Und wie es weiterging weiterlesen","og_url":"http:\/\/blog.saranagata.de\/?page_id=77","og_site_name":"Saranagata","article_modified_time":"2015-12-12T14:17:27+00:00","twitter_card":"summary_large_image","twitter_misc":{"Gesch\u00e4tzte Lesezeit":"4 Minuten"},"schema":{"@context":"https:\/\/schema.org","@graph":[{"@type":"WebPage","@id":"http:\/\/blog.saranagata.de\/?page_id=77","url":"http:\/\/blog.saranagata.de\/?page_id=77","name":"Und wie es weiterging - Saranagata","isPartOf":{"@id":"http:\/\/blog.saranagata.de\/#website"},"datePublished":"2015-07-30T11:16:57+00:00","dateModified":"2015-12-12T14:17:27+00:00","breadcrumb":{"@id":"http:\/\/blog.saranagata.de\/?page_id=77#breadcrumb"},"inLanguage":"de-DE","potentialAction":[{"@type":"ReadAction","target":["http:\/\/blog.saranagata.de\/?page_id=77"]}]},{"@type":"BreadcrumbList","@id":"http:\/\/blog.saranagata.de\/?page_id=77#breadcrumb","itemListElement":[{"@type":"ListItem","position":1,"name":"Startseite","item":"http:\/\/blog.saranagata.de\/"},{"@type":"ListItem","position":2,"name":"Einleitung und Entwicklung","item":"http:\/\/blog.saranagata.de\/?page_id=28"},{"@type":"ListItem","position":3,"name":"Und wie es weiterging"}]},{"@type":"WebSite","@id":"http:\/\/blog.saranagata.de\/#website","url":"http:\/\/blog.saranagata.de\/","name":"Saranagata","description":"Parthasarathis spirituelle Oase","potentialAction":[{"@type":"SearchAction","target":{"@type":"EntryPoint","urlTemplate":"http:\/\/blog.saranagata.de\/?s={search_term_string}"},"query-input":"required name=search_term_string"}],"inLanguage":"de-DE"}]}},"_links":{"self":[{"href":"http:\/\/blog.saranagata.de\/index.php?rest_route=\/wp\/v2\/pages\/77"}],"collection":[{"href":"http:\/\/blog.saranagata.de\/index.php?rest_route=\/wp\/v2\/pages"}],"about":[{"href":"http:\/\/blog.saranagata.de\/index.php?rest_route=\/wp\/v2\/types\/page"}],"author":[{"embeddable":true,"href":"http:\/\/blog.saranagata.de\/index.php?rest_route=\/wp\/v2\/users\/1"}],"replies":[{"embeddable":true,"href":"http:\/\/blog.saranagata.de\/index.php?rest_route=%2Fwp%2Fv2%2Fcomments&post=77"}],"version-history":[{"count":4,"href":"http:\/\/blog.saranagata.de\/index.php?rest_route=\/wp\/v2\/pages\/77\/revisions"}],"predecessor-version":[{"id":284,"href":"http:\/\/blog.saranagata.de\/index.php?rest_route=\/wp\/v2\/pages\/77\/revisions\/284"}],"up":[{"embeddable":true,"href":"http:\/\/blog.saranagata.de\/index.php?rest_route=\/wp\/v2\/pages\/28"}],"wp:attachment":[{"href":"http:\/\/blog.saranagata.de\/index.php?rest_route=%2Fwp%2Fv2%2Fmedia&parent=77"}],"curies":[{"name":"wp","href":"https:\/\/api.w.org\/{rel}","templated":true}]}}