{"id":65,"date":"2015-07-30T10:58:20","date_gmt":"2015-07-30T10:58:20","guid":{"rendered":"http:\/\/blog.saranagata.de\/?page_id=65"},"modified":"2015-08-24T19:50:39","modified_gmt":"2015-08-24T19:50:39","slug":"aus-dem-backstage-bereich","status":"publish","type":"page","link":"http:\/\/blog.saranagata.de\/?page_id=65","title":{"rendered":"Aus dem Backstage-Bereich"},"content":{"rendered":"<p style=\"text-align: justify;\"><span style=\"font-size: x-large;\">In der Anfangszeit ihrer Entwicklung haben sich die Menschen auf das Stillen ihrer materiellen Bed\u00fcrfnisse beschr\u00e4nkt. Sie standen in st\u00e4ndigem \u00dcberlebenskampf, der ausschlie\u00dflich der Nahrungsbeschaffung und der Gefahrenabwehr von Tieren und Naturgewalten diente. Im Zuge dieses Kampfs haben sie jedoch begonnen, an \u00fcbersinnliche Kr\u00e4fte zu glauben. Hier finden wir also den ersten Hinweis auf eine Vorstellung, dass es etwas au\u00dferhalb des eigenen Erlebnishorizontes geben kann, das hilft, die materielle Existenz zu sichern. Die Menschen von damals hatten zwar noch keine Vorstellung von so etwas Abstraktem wie Ewigkeit, doch sie waren davon \u00fcberzeugt, dass es hinter dem H\u00fcgel etwas Gewaltiges und Mysteri\u00f6ses gibt. Sie glaubten, dass Natur und Himmel voller Geister sind, zust\u00e4ndig f\u00fcr alles Heil und Unheil, das ihnen widerfuhr. Es gab irdische Geister, zum Beispiel in Gestalt von Fl\u00fcssen, Bergen, B\u00e4umen oder von Pflanzen, V\u00f6geln und Schlangen. Au\u00dferdem gab es Totengeister, es herrschte also ein Ahnenkult. Zum Dritten glaubte man an Geister des Himmels, an Geister der Luft, der Sonne oder des Mondes.<br \/>\nAuf der Grundlage dieses Geisterglaubens entwickelte sich eine tiefe Ehrfurcht vor den \u00fcbernat\u00fcrlichen Kr\u00e4ften. Aus ihrer Verehrung und Anbetung entwickelte sich jede Form des Spiritismus, Fetischismus und der Heiligenanbetung. Die religi\u00f6se Ehrfurcht ist also sicherlich aus der \u00fcberw\u00e4ltigenden Angst vor den bedrohlichen Naturgewalten entstanden und dem tiefen Wunsch, sich von ihr zu befreien.<br \/>\nEs ist wichtig klarzustellen, dass solche Gef\u00fchle, W\u00fcnsche und Verlangen die zentralen Elemente einer jeden Religion sind, neben den kognitiven und konnotativen Aspekten, die die gro\u00dfen Denker aller Zeiten erg\u00e4nzten. Die \u00fcberw\u00e4ltigende Bewunderung und Ehrfurcht gegen\u00fcber \u00fcbernat\u00fcrlichen Objekten und Wesenheiten haben sich zu dem Gef\u00fchl der Hingabe und Liebe an einen Gott weiterentwickelt, wie wir sie bei Gnostikern und in modernen Religionen vorfinden.<br \/>\nAnbetung und Huldigung der Geister in animistischen Religionen fanden rein \u00e4u\u00dferlich statt. Die Unterscheidung zwischen Subjekt und Objekt nahm damals eine herausragende Stellung in den Ritualen der Gottesverehrung ein. Im Gegensatz dazu basiert die hinduistische Konzeption auf der geistigen Vereinigung mit dem Ewigen. Es gibt keinen Raum f\u00fcr \u00c4u\u00dferes, denn die Bestrebung nach &#8222;Vollkommenheit&#8220; zeigt sich nur auf einem inneren Weg.<\/span><\/p>\n","protected":false},"excerpt":{"rendered":"<p>In der Anfangszeit ihrer Entwicklung haben sich die Menschen auf das Stillen ihrer materiellen Bed\u00fcrfnisse beschr\u00e4nkt. Sie standen in st\u00e4ndigem \u00dcberlebenskampf, der ausschlie\u00dflich der Nahrungsbeschaffung und der Gefahrenabwehr von Tieren und Naturgewalten diente. Im Zuge dieses Kampfs haben sie jedoch begonnen, an \u00fcbersinnliche Kr\u00e4fte zu glauben. Hier finden wir also den ersten Hinweis auf eine &hellip; <a href=\"http:\/\/blog.saranagata.de\/?page_id=65\" class=\"more-link\"><span class=\"screen-reader-text\">Aus dem Backstage-Bereich<\/span> weiterlesen<\/a><\/p>\n","protected":false},"author":1,"featured_media":0,"parent":28,"menu_order":1,"comment_status":"closed","ping_status":"closed","template":"","meta":[],"yoast_head":"<!-- This site is optimized with the Yoast SEO plugin v20.10 - https:\/\/yoast.com\/wordpress\/plugins\/seo\/ -->\n<title>Aus dem Backstage-Bereich - Saranagata<\/title>\n<meta name=\"robots\" content=\"index, follow, max-snippet:-1, max-image-preview:large, max-video-preview:-1\" \/>\n<link rel=\"canonical\" href=\"http:\/\/blog.saranagata.de\/?page_id=65\" \/>\n<meta property=\"og:locale\" content=\"de_DE\" \/>\n<meta property=\"og:type\" content=\"article\" \/>\n<meta property=\"og:title\" content=\"Aus dem Backstage-Bereich - Saranagata\" \/>\n<meta property=\"og:description\" content=\"In der Anfangszeit ihrer Entwicklung haben sich die Menschen auf das Stillen ihrer materiellen Bed\u00fcrfnisse beschr\u00e4nkt. Sie standen in st\u00e4ndigem \u00dcberlebenskampf, der ausschlie\u00dflich der Nahrungsbeschaffung und der Gefahrenabwehr von Tieren und Naturgewalten diente. Im Zuge dieses Kampfs haben sie jedoch begonnen, an \u00fcbersinnliche Kr\u00e4fte zu glauben. Hier finden wir also den ersten Hinweis auf eine &hellip; Aus dem Backstage-Bereich weiterlesen\" \/>\n<meta property=\"og:url\" content=\"http:\/\/blog.saranagata.de\/?page_id=65\" \/>\n<meta property=\"og:site_name\" content=\"Saranagata\" \/>\n<meta property=\"article:modified_time\" content=\"2015-08-24T19:50:39+00:00\" \/>\n<meta name=\"twitter:card\" content=\"summary_large_image\" \/>\n<meta name=\"twitter:label1\" content=\"Gesch\u00e4tzte Lesezeit\" \/>\n\t<meta name=\"twitter:data1\" content=\"2 Minuten\" \/>\n<script type=\"application\/ld+json\" class=\"yoast-schema-graph\">{\"@context\":\"https:\/\/schema.org\",\"@graph\":[{\"@type\":\"WebPage\",\"@id\":\"http:\/\/blog.saranagata.de\/?page_id=65\",\"url\":\"http:\/\/blog.saranagata.de\/?page_id=65\",\"name\":\"Aus dem Backstage-Bereich - Saranagata\",\"isPartOf\":{\"@id\":\"http:\/\/blog.saranagata.de\/#website\"},\"datePublished\":\"2015-07-30T10:58:20+00:00\",\"dateModified\":\"2015-08-24T19:50:39+00:00\",\"breadcrumb\":{\"@id\":\"http:\/\/blog.saranagata.de\/?page_id=65#breadcrumb\"},\"inLanguage\":\"de-DE\",\"potentialAction\":[{\"@type\":\"ReadAction\",\"target\":[\"http:\/\/blog.saranagata.de\/?page_id=65\"]}]},{\"@type\":\"BreadcrumbList\",\"@id\":\"http:\/\/blog.saranagata.de\/?page_id=65#breadcrumb\",\"itemListElement\":[{\"@type\":\"ListItem\",\"position\":1,\"name\":\"Startseite\",\"item\":\"http:\/\/blog.saranagata.de\/\"},{\"@type\":\"ListItem\",\"position\":2,\"name\":\"Einleitung und Entwicklung\",\"item\":\"http:\/\/blog.saranagata.de\/?page_id=28\"},{\"@type\":\"ListItem\",\"position\":3,\"name\":\"Aus dem Backstage-Bereich\"}]},{\"@type\":\"WebSite\",\"@id\":\"http:\/\/blog.saranagata.de\/#website\",\"url\":\"http:\/\/blog.saranagata.de\/\",\"name\":\"Saranagata\",\"description\":\"Parthasarathis spirituelle Oase\",\"potentialAction\":[{\"@type\":\"SearchAction\",\"target\":{\"@type\":\"EntryPoint\",\"urlTemplate\":\"http:\/\/blog.saranagata.de\/?s={search_term_string}\"},\"query-input\":\"required name=search_term_string\"}],\"inLanguage\":\"de-DE\"}]}<\/script>\n<!-- \/ Yoast SEO plugin. -->","yoast_head_json":{"title":"Aus dem Backstage-Bereich - Saranagata","robots":{"index":"index","follow":"follow","max-snippet":"max-snippet:-1","max-image-preview":"max-image-preview:large","max-video-preview":"max-video-preview:-1"},"canonical":"http:\/\/blog.saranagata.de\/?page_id=65","og_locale":"de_DE","og_type":"article","og_title":"Aus dem Backstage-Bereich - Saranagata","og_description":"In der Anfangszeit ihrer Entwicklung haben sich die Menschen auf das Stillen ihrer materiellen Bed\u00fcrfnisse beschr\u00e4nkt. Sie standen in st\u00e4ndigem \u00dcberlebenskampf, der ausschlie\u00dflich der Nahrungsbeschaffung und der Gefahrenabwehr von Tieren und Naturgewalten diente. Im Zuge dieses Kampfs haben sie jedoch begonnen, an \u00fcbersinnliche Kr\u00e4fte zu glauben. Hier finden wir also den ersten Hinweis auf eine &hellip; Aus dem Backstage-Bereich weiterlesen","og_url":"http:\/\/blog.saranagata.de\/?page_id=65","og_site_name":"Saranagata","article_modified_time":"2015-08-24T19:50:39+00:00","twitter_card":"summary_large_image","twitter_misc":{"Gesch\u00e4tzte Lesezeit":"2 Minuten"},"schema":{"@context":"https:\/\/schema.org","@graph":[{"@type":"WebPage","@id":"http:\/\/blog.saranagata.de\/?page_id=65","url":"http:\/\/blog.saranagata.de\/?page_id=65","name":"Aus dem Backstage-Bereich - Saranagata","isPartOf":{"@id":"http:\/\/blog.saranagata.de\/#website"},"datePublished":"2015-07-30T10:58:20+00:00","dateModified":"2015-08-24T19:50:39+00:00","breadcrumb":{"@id":"http:\/\/blog.saranagata.de\/?page_id=65#breadcrumb"},"inLanguage":"de-DE","potentialAction":[{"@type":"ReadAction","target":["http:\/\/blog.saranagata.de\/?page_id=65"]}]},{"@type":"BreadcrumbList","@id":"http:\/\/blog.saranagata.de\/?page_id=65#breadcrumb","itemListElement":[{"@type":"ListItem","position":1,"name":"Startseite","item":"http:\/\/blog.saranagata.de\/"},{"@type":"ListItem","position":2,"name":"Einleitung und Entwicklung","item":"http:\/\/blog.saranagata.de\/?page_id=28"},{"@type":"ListItem","position":3,"name":"Aus dem Backstage-Bereich"}]},{"@type":"WebSite","@id":"http:\/\/blog.saranagata.de\/#website","url":"http:\/\/blog.saranagata.de\/","name":"Saranagata","description":"Parthasarathis spirituelle Oase","potentialAction":[{"@type":"SearchAction","target":{"@type":"EntryPoint","urlTemplate":"http:\/\/blog.saranagata.de\/?s={search_term_string}"},"query-input":"required name=search_term_string"}],"inLanguage":"de-DE"}]}},"_links":{"self":[{"href":"http:\/\/blog.saranagata.de\/index.php?rest_route=\/wp\/v2\/pages\/65"}],"collection":[{"href":"http:\/\/blog.saranagata.de\/index.php?rest_route=\/wp\/v2\/pages"}],"about":[{"href":"http:\/\/blog.saranagata.de\/index.php?rest_route=\/wp\/v2\/types\/page"}],"author":[{"embeddable":true,"href":"http:\/\/blog.saranagata.de\/index.php?rest_route=\/wp\/v2\/users\/1"}],"replies":[{"embeddable":true,"href":"http:\/\/blog.saranagata.de\/index.php?rest_route=%2Fwp%2Fv2%2Fcomments&post=65"}],"version-history":[{"count":4,"href":"http:\/\/blog.saranagata.de\/index.php?rest_route=\/wp\/v2\/pages\/65\/revisions"}],"predecessor-version":[{"id":275,"href":"http:\/\/blog.saranagata.de\/index.php?rest_route=\/wp\/v2\/pages\/65\/revisions\/275"}],"up":[{"embeddable":true,"href":"http:\/\/blog.saranagata.de\/index.php?rest_route=\/wp\/v2\/pages\/28"}],"wp:attachment":[{"href":"http:\/\/blog.saranagata.de\/index.php?rest_route=%2Fwp%2Fv2%2Fmedia&parent=65"}],"curies":[{"name":"wp","href":"https:\/\/api.w.org\/{rel}","templated":true}]}}