{"id":61,"date":"2015-07-30T09:02:06","date_gmt":"2015-07-30T09:02:06","guid":{"rendered":"http:\/\/blog.saranagata.de\/?page_id=61"},"modified":"2015-08-24T19:48:49","modified_gmt":"2015-08-24T19:48:49","slug":"verbundenheit-statt-entzweiung","status":"publish","type":"page","link":"http:\/\/blog.saranagata.de\/?page_id=61","title":{"rendered":"Verbundenheit statt Entzweiung"},"content":{"rendered":"<p style=\"text-align: justify;\"><span style=\"font-size: x-large;\">Der Geist der Religion liegt in der Vorstellung <\/span><span style=\"font-size: x-large;\">der Verbundenheit\/der<\/span> <span style=\"font-size: x-large;\">Einheit\/des Einsseins<\/span><span style=\"font-size: x-large;\"> aller Menschen sowie des konstanten Bestrebens des Individuums nach der ultimativen Wahrheit. Eine Religion, in einer entwickelten Auspr\u00e4gung, ist universell ausgerichtet<\/span> <span style=\"font-size: x-large;\">und bem\u00fcht sich eifrig um die Einheit von Endlichem und Unendlichem. Die Unf\u00e4higkeit, diese wahre Bedeutung und Wertigkeit von Religion zu erkennen und ihre praktische Umsetzung im Leben zu verstehen, l\u00e4sst Dogmen und Doktrinen entstehen und beg\u00fcnstigt auch das Aufbl\u00fchen von zwielichtigen Sekten. Die Konflikte unter den Menschen aufgrund unterschiedlicher Glaubenshaltungen, die es seit Urzeiten der menschlichen Gesellschaft gibt, entstehen durch \u00dcberbewertung solcher oberfl\u00e4chlichen Dogmen, Doktrinen, Riten und Rituale.<\/span><\/p>\n","protected":false},"excerpt":{"rendered":"<p>Der Geist der Religion liegt in der Vorstellung der Verbundenheit\/der Einheit\/des Einsseins aller Menschen sowie des konstanten Bestrebens des Individuums nach der ultimativen Wahrheit. Eine Religion, in einer entwickelten Auspr\u00e4gung, ist universell ausgerichtet und bem\u00fcht sich eifrig um die Einheit von Endlichem und Unendlichem. Die Unf\u00e4higkeit, diese wahre Bedeutung und Wertigkeit von Religion zu erkennen &hellip; <a href=\"http:\/\/blog.saranagata.de\/?page_id=61\" class=\"more-link\"><span class=\"screen-reader-text\">Verbundenheit statt Entzweiung<\/span> weiterlesen<\/a><\/p>\n","protected":false},"author":1,"featured_media":0,"parent":28,"menu_order":0,"comment_status":"closed","ping_status":"closed","template":"","meta":[],"yoast_head":"<!-- This site is optimized with the Yoast SEO plugin v20.10 - https:\/\/yoast.com\/wordpress\/plugins\/seo\/ -->\n<title>Verbundenheit statt Entzweiung - Saranagata<\/title>\n<meta name=\"robots\" content=\"index, follow, max-snippet:-1, max-image-preview:large, max-video-preview:-1\" \/>\n<link rel=\"canonical\" href=\"http:\/\/blog.saranagata.de\/?page_id=61\" \/>\n<meta property=\"og:locale\" content=\"de_DE\" \/>\n<meta property=\"og:type\" content=\"article\" \/>\n<meta property=\"og:title\" content=\"Verbundenheit statt Entzweiung - Saranagata\" \/>\n<meta property=\"og:description\" content=\"Der Geist der Religion liegt in der Vorstellung der Verbundenheit\/der Einheit\/des Einsseins aller Menschen sowie des konstanten Bestrebens des Individuums nach der ultimativen Wahrheit. Eine Religion, in einer entwickelten Auspr\u00e4gung, ist universell ausgerichtet und bem\u00fcht sich eifrig um die Einheit von Endlichem und Unendlichem. Die Unf\u00e4higkeit, diese wahre Bedeutung und Wertigkeit von Religion zu erkennen &hellip; Verbundenheit statt Entzweiung weiterlesen\" \/>\n<meta property=\"og:url\" content=\"http:\/\/blog.saranagata.de\/?page_id=61\" \/>\n<meta property=\"og:site_name\" content=\"Saranagata\" \/>\n<meta property=\"article:modified_time\" content=\"2015-08-24T19:48:49+00:00\" \/>\n<meta name=\"twitter:card\" content=\"summary_large_image\" \/>\n<meta name=\"twitter:label1\" content=\"Gesch\u00e4tzte Lesezeit\" \/>\n\t<meta name=\"twitter:data1\" content=\"1 Minute\" \/>\n<script type=\"application\/ld+json\" class=\"yoast-schema-graph\">{\"@context\":\"https:\/\/schema.org\",\"@graph\":[{\"@type\":\"WebPage\",\"@id\":\"http:\/\/blog.saranagata.de\/?page_id=61\",\"url\":\"http:\/\/blog.saranagata.de\/?page_id=61\",\"name\":\"Verbundenheit statt Entzweiung - Saranagata\",\"isPartOf\":{\"@id\":\"http:\/\/blog.saranagata.de\/#website\"},\"datePublished\":\"2015-07-30T09:02:06+00:00\",\"dateModified\":\"2015-08-24T19:48:49+00:00\",\"breadcrumb\":{\"@id\":\"http:\/\/blog.saranagata.de\/?page_id=61#breadcrumb\"},\"inLanguage\":\"de-DE\",\"potentialAction\":[{\"@type\":\"ReadAction\",\"target\":[\"http:\/\/blog.saranagata.de\/?page_id=61\"]}]},{\"@type\":\"BreadcrumbList\",\"@id\":\"http:\/\/blog.saranagata.de\/?page_id=61#breadcrumb\",\"itemListElement\":[{\"@type\":\"ListItem\",\"position\":1,\"name\":\"Startseite\",\"item\":\"http:\/\/blog.saranagata.de\/\"},{\"@type\":\"ListItem\",\"position\":2,\"name\":\"Einleitung und Entwicklung\",\"item\":\"http:\/\/blog.saranagata.de\/?page_id=28\"},{\"@type\":\"ListItem\",\"position\":3,\"name\":\"Verbundenheit statt Entzweiung\"}]},{\"@type\":\"WebSite\",\"@id\":\"http:\/\/blog.saranagata.de\/#website\",\"url\":\"http:\/\/blog.saranagata.de\/\",\"name\":\"Saranagata\",\"description\":\"Parthasarathis spirituelle Oase\",\"potentialAction\":[{\"@type\":\"SearchAction\",\"target\":{\"@type\":\"EntryPoint\",\"urlTemplate\":\"http:\/\/blog.saranagata.de\/?s={search_term_string}\"},\"query-input\":\"required name=search_term_string\"}],\"inLanguage\":\"de-DE\"}]}<\/script>\n<!-- \/ Yoast SEO plugin. -->","yoast_head_json":{"title":"Verbundenheit statt Entzweiung - Saranagata","robots":{"index":"index","follow":"follow","max-snippet":"max-snippet:-1","max-image-preview":"max-image-preview:large","max-video-preview":"max-video-preview:-1"},"canonical":"http:\/\/blog.saranagata.de\/?page_id=61","og_locale":"de_DE","og_type":"article","og_title":"Verbundenheit statt Entzweiung - Saranagata","og_description":"Der Geist der Religion liegt in der Vorstellung der Verbundenheit\/der Einheit\/des Einsseins aller Menschen sowie des konstanten Bestrebens des Individuums nach der ultimativen Wahrheit. Eine Religion, in einer entwickelten Auspr\u00e4gung, ist universell ausgerichtet und bem\u00fcht sich eifrig um die Einheit von Endlichem und Unendlichem. Die Unf\u00e4higkeit, diese wahre Bedeutung und Wertigkeit von Religion zu erkennen &hellip; Verbundenheit statt Entzweiung weiterlesen","og_url":"http:\/\/blog.saranagata.de\/?page_id=61","og_site_name":"Saranagata","article_modified_time":"2015-08-24T19:48:49+00:00","twitter_card":"summary_large_image","twitter_misc":{"Gesch\u00e4tzte Lesezeit":"1 Minute"},"schema":{"@context":"https:\/\/schema.org","@graph":[{"@type":"WebPage","@id":"http:\/\/blog.saranagata.de\/?page_id=61","url":"http:\/\/blog.saranagata.de\/?page_id=61","name":"Verbundenheit statt Entzweiung - Saranagata","isPartOf":{"@id":"http:\/\/blog.saranagata.de\/#website"},"datePublished":"2015-07-30T09:02:06+00:00","dateModified":"2015-08-24T19:48:49+00:00","breadcrumb":{"@id":"http:\/\/blog.saranagata.de\/?page_id=61#breadcrumb"},"inLanguage":"de-DE","potentialAction":[{"@type":"ReadAction","target":["http:\/\/blog.saranagata.de\/?page_id=61"]}]},{"@type":"BreadcrumbList","@id":"http:\/\/blog.saranagata.de\/?page_id=61#breadcrumb","itemListElement":[{"@type":"ListItem","position":1,"name":"Startseite","item":"http:\/\/blog.saranagata.de\/"},{"@type":"ListItem","position":2,"name":"Einleitung und Entwicklung","item":"http:\/\/blog.saranagata.de\/?page_id=28"},{"@type":"ListItem","position":3,"name":"Verbundenheit statt Entzweiung"}]},{"@type":"WebSite","@id":"http:\/\/blog.saranagata.de\/#website","url":"http:\/\/blog.saranagata.de\/","name":"Saranagata","description":"Parthasarathis spirituelle Oase","potentialAction":[{"@type":"SearchAction","target":{"@type":"EntryPoint","urlTemplate":"http:\/\/blog.saranagata.de\/?s={search_term_string}"},"query-input":"required name=search_term_string"}],"inLanguage":"de-DE"}]}},"_links":{"self":[{"href":"http:\/\/blog.saranagata.de\/index.php?rest_route=\/wp\/v2\/pages\/61"}],"collection":[{"href":"http:\/\/blog.saranagata.de\/index.php?rest_route=\/wp\/v2\/pages"}],"about":[{"href":"http:\/\/blog.saranagata.de\/index.php?rest_route=\/wp\/v2\/types\/page"}],"author":[{"embeddable":true,"href":"http:\/\/blog.saranagata.de\/index.php?rest_route=\/wp\/v2\/users\/1"}],"replies":[{"embeddable":true,"href":"http:\/\/blog.saranagata.de\/index.php?rest_route=%2Fwp%2Fv2%2Fcomments&post=61"}],"version-history":[{"count":4,"href":"http:\/\/blog.saranagata.de\/index.php?rest_route=\/wp\/v2\/pages\/61\/revisions"}],"predecessor-version":[{"id":144,"href":"http:\/\/blog.saranagata.de\/index.php?rest_route=\/wp\/v2\/pages\/61\/revisions\/144"}],"up":[{"embeddable":true,"href":"http:\/\/blog.saranagata.de\/index.php?rest_route=\/wp\/v2\/pages\/28"}],"wp:attachment":[{"href":"http:\/\/blog.saranagata.de\/index.php?rest_route=%2Fwp%2Fv2%2Fmedia&parent=61"}],"curies":[{"name":"wp","href":"https:\/\/api.w.org\/{rel}","templated":true}]}}