{"id":554,"date":"2021-09-24T15:43:05","date_gmt":"2021-09-24T15:43:05","guid":{"rendered":"http:\/\/blog.saranagata.de\/?page_id=554"},"modified":"2021-09-24T15:43:06","modified_gmt":"2021-09-24T15:43:06","slug":"corona-pandemie","status":"publish","type":"page","link":"http:\/\/blog.saranagata.de\/?page_id=554","title":{"rendered":"Corona-Pandemie"},"content":{"rendered":"\n<p><strong>Kontamination \u2013 Kontemplation &#8211; Konversion<\/strong><\/p>\n\n\n\n<p><strong><em>Liebe Br\u00fcder und Schwestern !<\/em><\/strong><\/p>\n\n\n\n<p>Die Melodie und der Rhythmus der Corona-Pandemie \u00fcberlagert, \u00fcberflutet und \u00fcberzieht unser Denken und Handeln. Unsere schnellen, mit Optimismus, optionsreiche, opulente, exzessiv-konsumfreudige, alles \u00fcberlegende, durch Algorithmen skalierte und ausstaffierte Lebensabl\u00e4ufe, sehen und erleben wir als triviale Spiegel-Reflexion, hervorgerufen durch das Corona-Virus!<\/p>\n\n\n\n<p>Sind wir das wirklich, was wir sehen?<\/p>\n\n\n\n<p>Ein eingebildetes Konvolut von Menschen, \u00fcberheblich und anma\u00dfend, ein Volk, das mit fraktioneller Intelligenz operiert und die Steigerung des Bruttosozialprodukts als das ultimative Mantra der Befreiung vor sich hin murmelt! Und dabei r\u00fccksichtslos die Ressourcen unseres Planeten verschwendet und seine Fauna und Flora, soweit sie noch existiert, systematisch zerst\u00f6rt um noch gr\u00f6\u00dfere Lebensr\u00e4ume f\u00fcr den unkontrollierten ungeheuren Zuwachs der Weltbev\u00f6lkerung zu schaffen! Da schmilzt das Eis am Polarkreis, also ein eisfreier Sommer im Arktischen Ozean ist nun m\u00f6glich, und die Temperatur Anstieg von Golfstrom mit bedenklichen Auswirkungen auf unseren Kontinent &#8212; um nur zwei Fakten zu erw\u00e4hnen, und das sollte unserer Aufmerksamkeit nicht entgehen!<\/p>\n\n\n\n<p>Obwohl uns die Medien uns st\u00e4ndig \u00fcber solche dramatischen Entwicklungen unterrichten, sind die Naturwissenschaftler, zum Beispiel die Quantenphysiker, damit besch\u00e4ftigt , die Beschaffenheit und die wahre Natur der Materie zu determinieren, d.h. also es ist nicht mehr ausreichend, Molek\u00fcle, Atome, Protonen, Elektronen, Hadronen, Quarks, Leptonen und Bosonen und gar Higgs-Teilchen und -Feld zu kennen. In einer 27 Kilometer langen unterirdischen Versuchsanlage bei Genf, genannt LHC (Large Hadron Collaider) experimentieren Wissenschaftler aus aller Welt, um die Neutrinos zu detektieren und die dunkle Materie und dunkle Energie aufzusp\u00fcren!<\/p>\n\n\n\n<p>Anstatt die schreienden Weltprobleme an der Wurzel zu packen und zu l\u00f6sen, \u00fcberlegen die Astrophysiker, ferne Planeten zu besiedeln und dazu Photonen-Raketen (Photonen sind Lichtquanten) oder gar die Gravitationswellen als Raketenantrieb zu nutzen!<\/p>\n\n\n\n<p>Sind wir nicht von unseren Familien und der Gesellschaft normierte, von \u00dcberangebot an Lebensoptionen verwirrte, von extremer Sucht an degenerativen Konsum-Verhalten schwelgend, ein triviales Axiom unseres Lebens geworden?<\/p>\n\n\n\n<p>Und nun schleicht sich ganz pl\u00f6tzlich ein unbekanntes, augenscheinlich unsichtbares, unheilvolles, die Welt in Aufruhr versetzendes Virus in unser von penetrantem Zukunftsoptimismus gepr\u00e4gtes Leben ein und stellt unsere auf Wissen und Logik gest\u00fctzten, mit narzisstisch gepr\u00e4gten Zukunftsentw\u00fcrfen in Frage und ersch\u00fcttert unsere Bestandsverwaltungs-Mentalit\u00e4t!<\/p>\n\n\n\n<p>Stellt nicht die Dramatik dieses Ereignisses s\u00e4mtliche unserer von Selbstbestimmung gepr\u00e4gten Errungenschaften, Gl\u00fccksmodelle, und unsere Grundhaltung eines r\u00fccksichtlosen Zukunftsoptimismus im Denken und Handeln in Frage? Weist dies nicht auf die geschichtspr\u00e4gende Exposition unseres Irrwegs hin? Macht uns das Virus nicht auf die Asymmetrie unserer Lebensf\u00fchrung aufmerksam? Zeigt es nicht, wie zerbrechlich wir Menschen sind? Verletzt und Verh\u00f6hnt dieses Virus nicht unseren Anspruch auf Weltreformer und zwingt es uns nicht, unser gesamtes Lebenskonzept grundlegend in Frage zu stellen? Macht es uns nicht auf unsere Zerbrechlichkeit und Verletzbarkeit aufmerksam?<\/p>\n\n\n\n<p><strong><em>Liebe Br\u00fcder und Schwestern !<\/em><\/strong><\/p>\n\n\n\n<p>Die atmosph\u00e4rische Dichte die die Lockdowns und die damit verbundenen vielf\u00e4ltigen Restriktionen erzeugen, bescheren uns abrupt eine Woge ungeheurer Stille und Einsamkeit und zwingen uns zum Innehalten! Pl\u00f6tzlich gibt es keinen Platz mehr f\u00fcr unseren anthropozentrischen Gr\u00f6\u00dfenwahn mehr! Die Welt da drau\u00dfen versinkt, aber sie er\u00f6ffnet uns erneut die M\u00f6glichkeit einer inneren Einkehr! Ist die Corona-Pandemie nicht also ein Weckruf? Ein Wegweiser an einem Kreuzungspunkt des Lebens? Eine Evokation, die uns auf eine pulstreibende Botschaft des wahren Erkenntniswegs im Sakral-Spirituellen-Kontext aufmerksam macht!<\/p>\n\n\n\n<p>Sollten wir uns jetzt nicht fordernd die Frage stellen, wer bin ich? Warum bin ich hier? Was ist eigentlich meine Lebensaufgabe als Krone der Sch\u00f6pfung? Wie erkenne ich die metaphysische Dimension meiner Einmaligkeit, die sich in profanen Fingerabdr\u00fccken und Genom-Sequenzen manifestiert!<\/p>\n\n\n\n<p>Also, die pl\u00f6tzliche und gewaltige Woge dieses morbiden Tsunamis, mahnt uns zur Besinnung und dazu das Potenzial unseres spirituellen Wachstums zu vergegenw\u00e4rtigen das wir z.B. im Blog-Logo als Leitsatz von AMORC wiederfinden:<\/p>\n\n\n\n<p><strong>Nosce te ipsum &#8211; Erkenne Dich selbst!<\/strong><\/p>\n\n\n\n<p>Aber es bleiben die Fragen im Raum: wenn und was erkennen wir in uns selbst und warum sollen wir erkennen?<\/p>\n\n\n\n<p>Die \u00fcberzeugenden Antworten finden wir nicht bei den selbsternannten Tempel-Aristokraten, sondern im Studium der Lebenswege und der Schriften von Erleuchteten, die bezeugen, dass Spiritualit\u00e4t eine begl\u00fcckende Verschmelzung von g\u00f6ttlichem Geist und Sch\u00f6pfung ist, von Seele und K\u00f6rper, von Sakralem und S\u00e4kularem!<\/p>\n\n\n\n<p>Deshalb beschreibt auch Hermes Trismegistos in Tabula Smaragdina (ca.6 J.H..?) &#8212; als das erstes Prinzip &#8222;das Prinzip des Geistes&#8220; d.h. der Geist ist die Divinit\u00e4t und die Divinit\u00e4t ist der Geist.<\/p>\n\n\n\n<p>Wir als Menschen sind spirituelle Wesen. Wir sind immer frei und tragen das alldurchdringende Bewusstsein in uns. Diese angeborene universelle Freiheit geht uns verloren, sobald die Diktate deines engeren und weiteren Umfelds, sowie die gesellschaftlichen Normen dich vereinnahmen. Du wirst im Geiste immer kleiner, wirst ein Sklave der Verg\u00e4nglichkeit anheimgegeben und unvermeidlich verh\u00fcllt dich ein Schleier der Unwissenheit, der Unkenntnis \u00fcber deine eigentliche g\u00f6ttliche Bestimmung, \u00fcber deine wahre Identit\u00e4t!<\/p>\n\n\n\n<p>Deshalb rief der arische Erleuchtete vor ca. 2.500 Jahren v.Chr., im Jamuna-Fluss in Indien stehend und in Richtung Sonne blickend:<\/p>\n\n\n\n<p><strong>Srinontu Bisshwe Amritasya Putra&#8230;.<\/strong><\/p>\n\n\n\n<p><strong>&#8222;H\u00f6rt mir zu, ihr Kinder der Unsterblichkeit!<\/strong><\/p>\n\n\n\n<p><strong>Steht auf, werdet jetzt wach, nehmt euer g\u00f6ttliches Geschenk imGeiste entgegen!<\/strong><\/p>\n\n\n\n<p>Das bedeutet: Du bist einmalig, denn in dir schwingt nicht nur die Gesamtheit der Evolutionssequenzen, sondern auch die Architektur deiner verhei\u00dfungsvollen Zukunft, die transzendentale Selbsterkenntnis, dein wahres Selbst, strukturiert und gepr\u00e4gt durch die Fu\u00dfstapfen des ultimativen und ewigen Seins, und dass du selbst die Manifestation des g\u00f6ttlichen Geistes bist!<\/p>\n\n\n\n<p>Best\u00e4tigungen finden wir auch bei Denkern noch heute z.B. beim Tr\u00e4ger des alternativen Nobelpreises Prof. Dr. Heinz Otto D\u00fcrr, der schreibt:<\/p>\n\n\n\n<p>&#8222;&#8230;. so etwas wie ein Element, das wir kennen existiert eigentlich nicht! Es gibt lediglich sowas wie ein Beziehungsgef\u00fcge, einen st\u00e4ndigen Wandel, eine Lebendigkeit ohne materielle Grundlage. Wir k\u00f6nnen es auch g\u00f6ttlichen Geist nennen, Materie und Energie treten erst sekund\u00e4r in Erscheinung &#8212; gewisserma\u00dfen als geronnener Geist &#8230;&#8220;<\/p>\n\n\n\n<p>Das Bewusstsein, die Gegenwart des Geistes in deiner Seele, also die progressive spirituelle Wachstumspotenz in dir, wird dich bef\u00e4higen die begl\u00fcckende Verschmelzung von g\u00f6ttlichem Geist und der Sch\u00f6pfung, von Seele und K\u00f6rper, von Sakralem und S\u00e4kularem zu erfahren und zu erleben!<\/p>\n\n\n\n<p>Eine Raupe wei\u00df nicht, dass sie ein Schmetterling ist. Um das zu erfahren, zu erleben, muss die Metamorphose des Geistes im transzendentalen Bewusstsein erst stattfinden!<\/p>\n\n\n\n<p>Diese Divine-Erkenntnis erh\u00f6ht mit Sicherheit die eigene Standfestigkeit, die Anatomie des Denkens. Sie bef\u00e4higt uns, unsere Wahrnehmung und Bewertung sowie unsere Wertevorstellungen und Handlungsoptionen von einer metaphysischen Ebene aus zu betrachten!<\/p>\n\n\n\n<p>Danke f\u00fcr eure Geduld und Aufmerksamkeit!<\/p>\n\n\n\n<pre class=\"wp-block-preformatted\"><em>Lahnstein. Dezember\/ Januar 2020\/2021<\/em><\/pre>\n","protected":false},"excerpt":{"rendered":"<p>Kontamination \u2013 Kontemplation &#8211; Konversion Liebe Br\u00fcder und Schwestern ! Die Melodie und der Rhythmus der Corona-Pandemie \u00fcberlagert, \u00fcberflutet und \u00fcberzieht unser Denken und Handeln. Unsere schnellen, mit Optimismus, optionsreiche, opulente, exzessiv-konsumfreudige, alles \u00fcberlegende, durch Algorithmen skalierte und ausstaffierte Lebensabl\u00e4ufe, sehen und erleben wir als triviale Spiegel-Reflexion, hervorgerufen durch das Corona-Virus! Sind wir das wirklich, &hellip; <a href=\"http:\/\/blog.saranagata.de\/?page_id=554\" class=\"more-link\"><span class=\"screen-reader-text\">Corona-Pandemie<\/span> weiterlesen<\/a><\/p>\n","protected":false},"author":1,"featured_media":0,"parent":0,"menu_order":0,"comment_status":"closed","ping_status":"closed","template":"","meta":[],"yoast_head":"<!-- This site is optimized with the Yoast SEO plugin v20.10 - https:\/\/yoast.com\/wordpress\/plugins\/seo\/ -->\n<title>Corona-Pandemie - Saranagata<\/title>\n<meta name=\"robots\" content=\"index, follow, max-snippet:-1, max-image-preview:large, max-video-preview:-1\" \/>\n<link rel=\"canonical\" href=\"http:\/\/blog.saranagata.de\/?page_id=554\" \/>\n<meta property=\"og:locale\" content=\"de_DE\" \/>\n<meta property=\"og:type\" content=\"article\" \/>\n<meta property=\"og:title\" content=\"Corona-Pandemie - Saranagata\" \/>\n<meta property=\"og:description\" content=\"Kontamination \u2013 Kontemplation &#8211; Konversion Liebe Br\u00fcder und Schwestern ! Die Melodie und der Rhythmus der Corona-Pandemie \u00fcberlagert, \u00fcberflutet und \u00fcberzieht unser Denken und Handeln. Unsere schnellen, mit Optimismus, optionsreiche, opulente, exzessiv-konsumfreudige, alles \u00fcberlegende, durch Algorithmen skalierte und ausstaffierte Lebensabl\u00e4ufe, sehen und erleben wir als triviale Spiegel-Reflexion, hervorgerufen durch das Corona-Virus! Sind wir das wirklich, &hellip; Corona-Pandemie weiterlesen\" \/>\n<meta property=\"og:url\" content=\"http:\/\/blog.saranagata.de\/?page_id=554\" \/>\n<meta property=\"og:site_name\" content=\"Saranagata\" \/>\n<meta property=\"article:modified_time\" content=\"2021-09-24T15:43:06+00:00\" \/>\n<meta name=\"twitter:card\" content=\"summary_large_image\" \/>\n<meta name=\"twitter:label1\" content=\"Gesch\u00e4tzte Lesezeit\" \/>\n\t<meta name=\"twitter:data1\" content=\"6 Minuten\" \/>\n<script type=\"application\/ld+json\" class=\"yoast-schema-graph\">{\"@context\":\"https:\/\/schema.org\",\"@graph\":[{\"@type\":\"WebPage\",\"@id\":\"http:\/\/blog.saranagata.de\/?page_id=554\",\"url\":\"http:\/\/blog.saranagata.de\/?page_id=554\",\"name\":\"Corona-Pandemie - Saranagata\",\"isPartOf\":{\"@id\":\"http:\/\/blog.saranagata.de\/#website\"},\"datePublished\":\"2021-09-24T15:43:05+00:00\",\"dateModified\":\"2021-09-24T15:43:06+00:00\",\"breadcrumb\":{\"@id\":\"http:\/\/blog.saranagata.de\/?page_id=554#breadcrumb\"},\"inLanguage\":\"de-DE\",\"potentialAction\":[{\"@type\":\"ReadAction\",\"target\":[\"http:\/\/blog.saranagata.de\/?page_id=554\"]}]},{\"@type\":\"BreadcrumbList\",\"@id\":\"http:\/\/blog.saranagata.de\/?page_id=554#breadcrumb\",\"itemListElement\":[{\"@type\":\"ListItem\",\"position\":1,\"name\":\"Startseite\",\"item\":\"http:\/\/blog.saranagata.de\/\"},{\"@type\":\"ListItem\",\"position\":2,\"name\":\"Corona-Pandemie\"}]},{\"@type\":\"WebSite\",\"@id\":\"http:\/\/blog.saranagata.de\/#website\",\"url\":\"http:\/\/blog.saranagata.de\/\",\"name\":\"Saranagata\",\"description\":\"Parthasarathis spirituelle Oase\",\"potentialAction\":[{\"@type\":\"SearchAction\",\"target\":{\"@type\":\"EntryPoint\",\"urlTemplate\":\"http:\/\/blog.saranagata.de\/?s={search_term_string}\"},\"query-input\":\"required name=search_term_string\"}],\"inLanguage\":\"de-DE\"}]}<\/script>\n<!-- \/ Yoast SEO plugin. -->","yoast_head_json":{"title":"Corona-Pandemie - Saranagata","robots":{"index":"index","follow":"follow","max-snippet":"max-snippet:-1","max-image-preview":"max-image-preview:large","max-video-preview":"max-video-preview:-1"},"canonical":"http:\/\/blog.saranagata.de\/?page_id=554","og_locale":"de_DE","og_type":"article","og_title":"Corona-Pandemie - Saranagata","og_description":"Kontamination \u2013 Kontemplation &#8211; Konversion Liebe Br\u00fcder und Schwestern ! Die Melodie und der Rhythmus der Corona-Pandemie \u00fcberlagert, \u00fcberflutet und \u00fcberzieht unser Denken und Handeln. Unsere schnellen, mit Optimismus, optionsreiche, opulente, exzessiv-konsumfreudige, alles \u00fcberlegende, durch Algorithmen skalierte und ausstaffierte Lebensabl\u00e4ufe, sehen und erleben wir als triviale Spiegel-Reflexion, hervorgerufen durch das Corona-Virus! Sind wir das wirklich, &hellip; Corona-Pandemie weiterlesen","og_url":"http:\/\/blog.saranagata.de\/?page_id=554","og_site_name":"Saranagata","article_modified_time":"2021-09-24T15:43:06+00:00","twitter_card":"summary_large_image","twitter_misc":{"Gesch\u00e4tzte Lesezeit":"6 Minuten"},"schema":{"@context":"https:\/\/schema.org","@graph":[{"@type":"WebPage","@id":"http:\/\/blog.saranagata.de\/?page_id=554","url":"http:\/\/blog.saranagata.de\/?page_id=554","name":"Corona-Pandemie - Saranagata","isPartOf":{"@id":"http:\/\/blog.saranagata.de\/#website"},"datePublished":"2021-09-24T15:43:05+00:00","dateModified":"2021-09-24T15:43:06+00:00","breadcrumb":{"@id":"http:\/\/blog.saranagata.de\/?page_id=554#breadcrumb"},"inLanguage":"de-DE","potentialAction":[{"@type":"ReadAction","target":["http:\/\/blog.saranagata.de\/?page_id=554"]}]},{"@type":"BreadcrumbList","@id":"http:\/\/blog.saranagata.de\/?page_id=554#breadcrumb","itemListElement":[{"@type":"ListItem","position":1,"name":"Startseite","item":"http:\/\/blog.saranagata.de\/"},{"@type":"ListItem","position":2,"name":"Corona-Pandemie"}]},{"@type":"WebSite","@id":"http:\/\/blog.saranagata.de\/#website","url":"http:\/\/blog.saranagata.de\/","name":"Saranagata","description":"Parthasarathis spirituelle Oase","potentialAction":[{"@type":"SearchAction","target":{"@type":"EntryPoint","urlTemplate":"http:\/\/blog.saranagata.de\/?s={search_term_string}"},"query-input":"required name=search_term_string"}],"inLanguage":"de-DE"}]}},"_links":{"self":[{"href":"http:\/\/blog.saranagata.de\/index.php?rest_route=\/wp\/v2\/pages\/554"}],"collection":[{"href":"http:\/\/blog.saranagata.de\/index.php?rest_route=\/wp\/v2\/pages"}],"about":[{"href":"http:\/\/blog.saranagata.de\/index.php?rest_route=\/wp\/v2\/types\/page"}],"author":[{"embeddable":true,"href":"http:\/\/blog.saranagata.de\/index.php?rest_route=\/wp\/v2\/users\/1"}],"replies":[{"embeddable":true,"href":"http:\/\/blog.saranagata.de\/index.php?rest_route=%2Fwp%2Fv2%2Fcomments&post=554"}],"version-history":[{"count":1,"href":"http:\/\/blog.saranagata.de\/index.php?rest_route=\/wp\/v2\/pages\/554\/revisions"}],"predecessor-version":[{"id":556,"href":"http:\/\/blog.saranagata.de\/index.php?rest_route=\/wp\/v2\/pages\/554\/revisions\/556"}],"wp:attachment":[{"href":"http:\/\/blog.saranagata.de\/index.php?rest_route=%2Fwp%2Fv2%2Fmedia&parent=554"}],"curies":[{"name":"wp","href":"https:\/\/api.w.org\/{rel}","templated":true}]}}