{"id":539,"date":"2021-09-07T17:06:59","date_gmt":"2021-09-07T17:06:59","guid":{"rendered":"http:\/\/blog.saranagata.de\/?page_id=539"},"modified":"2021-09-07T17:07:00","modified_gmt":"2021-09-07T17:07:00","slug":"saradadevi-shri-ma","status":"publish","type":"page","link":"http:\/\/blog.saranagata.de\/?page_id=539","title":{"rendered":"Saradadevi (Shri Ma)"},"content":{"rendered":"\n<p>Shri Saradadevi (S.) war die Ehefrau von Shri R.K. Der Sage nach hatte Shri S. ebenfalls die Neigung hinduistische Gottesstatuen aus Lehm zu bauen und zu verehren. Nach der Heirat lebte sie zuerst noch im Elternhaus. Im Jahr 1872, als sie h\u00f6rte, dass Shri R.K. sich wie ein Geisteskranker verhielt, kam sie nach Dakshineswar und blieb dort mit kurzen Unterbrechungen bis 1885. Sie lebte die gesamte Zeit im &#8222;Nahabat&#8220; (Musikraum) der Anlage.<\/p>\n\n\n\n<p>Shri R.K. hat seine Frau mit einer leuchtenden g\u00f6ttlichen Strahlkraft verglichen. In den letzten Jahren, als sich seine schwere Krankheit verschlimmerte, hat ihn Sharadadevi unerm\u00fcdlich gepflegt und war bis zur letzten Stunde seines Lebens bei ihm.<\/p>\n\n\n\n<p>Als Shri R.K. verschieden war, war die inzwischen angewachsene Gemeinde der engsten Gl\u00e4ubigen anfangs etwas orientierungslos. Aber dann fanden die Anh\u00e4nger einen stabilen und den Ausbau der Gemeinde versprechenden sowie tiefgr\u00fcndigen Halt bei Sharadadevi, die inzwischen Shri Ma (ehrw\u00fcrdige Mutter) genannt wurde! Hinzu kam als weiterer unbeirrbarer Wegweiser &#8211; Shri Vivekananda &#8211; der Lieblingssch\u00fcler von Shri R.K., der sp\u00e4ter auch die hinduistische Metaphysik im Westen bekannt machen sollte.<\/p>\n\n\n\n<p>Shri Ma war der weltliche und spirituelle Leuchtturm f\u00fcr die n\u00e4chsten 34 Jahre. Im Rahmen der &#8222;Ramakrishna Mission&#8220; wurden alle altruistischen T\u00e4tigkeiten, ob Brunnenbau oder sonstige Bauvorhaben und auch die Einrichtung von Schulen, Krankenh\u00e4user, Pflegeheimen usw., erst nach Konsultation und Zustimmung von Sri Ma realisiert. Sp\u00e4ter hatte sie sogar die weiblichen Gl\u00e4ubigen aus dem Westen empfangen und ihnen den geeigneten spirituellen Weg gezeigt. Ein anschauliches Beispiel daf\u00fcr ist &#8222;Sister Nivedita&#8220; (Miss Margaret Noble) aus England. Shri Ma war eine ganz au\u00dfergew\u00f6hnliche Pers\u00f6nlichkeit. Sie verstarb in Baghbazar\/ Kolkata am 21. Juli 1920 im Alter von 66 Jahren.<\/p>\n","protected":false},"excerpt":{"rendered":"<p>Shri Saradadevi (S.) war die Ehefrau von Shri R.K. Der Sage nach hatte Shri S. ebenfalls die Neigung hinduistische Gottesstatuen aus Lehm zu bauen und zu verehren. Nach der Heirat lebte sie zuerst noch im Elternhaus. Im Jahr 1872, als sie h\u00f6rte, dass Shri R.K. sich wie ein Geisteskranker verhielt, kam sie nach Dakshineswar und &hellip; <a href=\"http:\/\/blog.saranagata.de\/?page_id=539\" class=\"more-link\"><span class=\"screen-reader-text\">Saradadevi (Shri Ma)<\/span> weiterlesen<\/a><\/p>\n","protected":false},"author":1,"featured_media":0,"parent":0,"menu_order":0,"comment_status":"closed","ping_status":"closed","template":"","meta":[],"yoast_head":"<!-- This site is optimized with the Yoast SEO plugin v20.10 - https:\/\/yoast.com\/wordpress\/plugins\/seo\/ -->\n<title>Saradadevi (Shri Ma) - Saranagata<\/title>\n<meta name=\"robots\" content=\"index, follow, max-snippet:-1, max-image-preview:large, max-video-preview:-1\" \/>\n<link rel=\"canonical\" href=\"http:\/\/blog.saranagata.de\/?page_id=539\" \/>\n<meta property=\"og:locale\" content=\"de_DE\" \/>\n<meta property=\"og:type\" content=\"article\" \/>\n<meta property=\"og:title\" content=\"Saradadevi (Shri Ma) - Saranagata\" \/>\n<meta property=\"og:description\" content=\"Shri Saradadevi (S.) war die Ehefrau von Shri R.K. Der Sage nach hatte Shri S. ebenfalls die Neigung hinduistische Gottesstatuen aus Lehm zu bauen und zu verehren. Nach der Heirat lebte sie zuerst noch im Elternhaus. Im Jahr 1872, als sie h\u00f6rte, dass Shri R.K. sich wie ein Geisteskranker verhielt, kam sie nach Dakshineswar und &hellip; Saradadevi (Shri Ma) weiterlesen\" \/>\n<meta property=\"og:url\" content=\"http:\/\/blog.saranagata.de\/?page_id=539\" \/>\n<meta property=\"og:site_name\" content=\"Saranagata\" \/>\n<meta property=\"article:modified_time\" content=\"2021-09-07T17:07:00+00:00\" \/>\n<meta name=\"twitter:card\" content=\"summary_large_image\" \/>\n<meta name=\"twitter:label1\" content=\"Gesch\u00e4tzte Lesezeit\" \/>\n\t<meta name=\"twitter:data1\" content=\"1 Minute\" \/>\n<script type=\"application\/ld+json\" class=\"yoast-schema-graph\">{\"@context\":\"https:\/\/schema.org\",\"@graph\":[{\"@type\":\"WebPage\",\"@id\":\"http:\/\/blog.saranagata.de\/?page_id=539\",\"url\":\"http:\/\/blog.saranagata.de\/?page_id=539\",\"name\":\"Saradadevi (Shri Ma) - Saranagata\",\"isPartOf\":{\"@id\":\"http:\/\/blog.saranagata.de\/#website\"},\"datePublished\":\"2021-09-07T17:06:59+00:00\",\"dateModified\":\"2021-09-07T17:07:00+00:00\",\"breadcrumb\":{\"@id\":\"http:\/\/blog.saranagata.de\/?page_id=539#breadcrumb\"},\"inLanguage\":\"de-DE\",\"potentialAction\":[{\"@type\":\"ReadAction\",\"target\":[\"http:\/\/blog.saranagata.de\/?page_id=539\"]}]},{\"@type\":\"BreadcrumbList\",\"@id\":\"http:\/\/blog.saranagata.de\/?page_id=539#breadcrumb\",\"itemListElement\":[{\"@type\":\"ListItem\",\"position\":1,\"name\":\"Startseite\",\"item\":\"http:\/\/blog.saranagata.de\/\"},{\"@type\":\"ListItem\",\"position\":2,\"name\":\"Saradadevi (Shri Ma)\"}]},{\"@type\":\"WebSite\",\"@id\":\"http:\/\/blog.saranagata.de\/#website\",\"url\":\"http:\/\/blog.saranagata.de\/\",\"name\":\"Saranagata\",\"description\":\"Parthasarathis spirituelle Oase\",\"potentialAction\":[{\"@type\":\"SearchAction\",\"target\":{\"@type\":\"EntryPoint\",\"urlTemplate\":\"http:\/\/blog.saranagata.de\/?s={search_term_string}\"},\"query-input\":\"required name=search_term_string\"}],\"inLanguage\":\"de-DE\"}]}<\/script>\n<!-- \/ Yoast SEO plugin. -->","yoast_head_json":{"title":"Saradadevi (Shri Ma) - Saranagata","robots":{"index":"index","follow":"follow","max-snippet":"max-snippet:-1","max-image-preview":"max-image-preview:large","max-video-preview":"max-video-preview:-1"},"canonical":"http:\/\/blog.saranagata.de\/?page_id=539","og_locale":"de_DE","og_type":"article","og_title":"Saradadevi (Shri Ma) - Saranagata","og_description":"Shri Saradadevi (S.) war die Ehefrau von Shri R.K. Der Sage nach hatte Shri S. ebenfalls die Neigung hinduistische Gottesstatuen aus Lehm zu bauen und zu verehren. Nach der Heirat lebte sie zuerst noch im Elternhaus. Im Jahr 1872, als sie h\u00f6rte, dass Shri R.K. sich wie ein Geisteskranker verhielt, kam sie nach Dakshineswar und &hellip; Saradadevi (Shri Ma) weiterlesen","og_url":"http:\/\/blog.saranagata.de\/?page_id=539","og_site_name":"Saranagata","article_modified_time":"2021-09-07T17:07:00+00:00","twitter_card":"summary_large_image","twitter_misc":{"Gesch\u00e4tzte Lesezeit":"1 Minute"},"schema":{"@context":"https:\/\/schema.org","@graph":[{"@type":"WebPage","@id":"http:\/\/blog.saranagata.de\/?page_id=539","url":"http:\/\/blog.saranagata.de\/?page_id=539","name":"Saradadevi (Shri Ma) - Saranagata","isPartOf":{"@id":"http:\/\/blog.saranagata.de\/#website"},"datePublished":"2021-09-07T17:06:59+00:00","dateModified":"2021-09-07T17:07:00+00:00","breadcrumb":{"@id":"http:\/\/blog.saranagata.de\/?page_id=539#breadcrumb"},"inLanguage":"de-DE","potentialAction":[{"@type":"ReadAction","target":["http:\/\/blog.saranagata.de\/?page_id=539"]}]},{"@type":"BreadcrumbList","@id":"http:\/\/blog.saranagata.de\/?page_id=539#breadcrumb","itemListElement":[{"@type":"ListItem","position":1,"name":"Startseite","item":"http:\/\/blog.saranagata.de\/"},{"@type":"ListItem","position":2,"name":"Saradadevi (Shri Ma)"}]},{"@type":"WebSite","@id":"http:\/\/blog.saranagata.de\/#website","url":"http:\/\/blog.saranagata.de\/","name":"Saranagata","description":"Parthasarathis spirituelle Oase","potentialAction":[{"@type":"SearchAction","target":{"@type":"EntryPoint","urlTemplate":"http:\/\/blog.saranagata.de\/?s={search_term_string}"},"query-input":"required name=search_term_string"}],"inLanguage":"de-DE"}]}},"_links":{"self":[{"href":"http:\/\/blog.saranagata.de\/index.php?rest_route=\/wp\/v2\/pages\/539"}],"collection":[{"href":"http:\/\/blog.saranagata.de\/index.php?rest_route=\/wp\/v2\/pages"}],"about":[{"href":"http:\/\/blog.saranagata.de\/index.php?rest_route=\/wp\/v2\/types\/page"}],"author":[{"embeddable":true,"href":"http:\/\/blog.saranagata.de\/index.php?rest_route=\/wp\/v2\/users\/1"}],"replies":[{"embeddable":true,"href":"http:\/\/blog.saranagata.de\/index.php?rest_route=%2Fwp%2Fv2%2Fcomments&post=539"}],"version-history":[{"count":1,"href":"http:\/\/blog.saranagata.de\/index.php?rest_route=\/wp\/v2\/pages\/539\/revisions"}],"predecessor-version":[{"id":541,"href":"http:\/\/blog.saranagata.de\/index.php?rest_route=\/wp\/v2\/pages\/539\/revisions\/541"}],"wp:attachment":[{"href":"http:\/\/blog.saranagata.de\/index.php?rest_route=%2Fwp%2Fv2%2Fmedia&parent=539"}],"curies":[{"name":"wp","href":"https:\/\/api.w.org\/{rel}","templated":true}]}}