{"id":533,"date":"2021-09-07T16:51:36","date_gmt":"2021-09-07T16:51:36","guid":{"rendered":"http:\/\/blog.saranagata.de\/?page_id=533"},"modified":"2021-09-07T16:51:36","modified_gmt":"2021-09-07T16:51:36","slug":"das-umfeld","status":"publish","type":"page","link":"http:\/\/blog.saranagata.de\/?page_id=533","title":{"rendered":"Das Umfeld"},"content":{"rendered":"\n<p><strong>Die politische, soziale und kulturelle Szene<\/strong><\/p>\n\n\n\n<p>Die islamische Herrschaft unter den Mogulkaisern, die trotz Unterdr\u00fcckung und Reglementierung, eine gewisse Funktionalit\u00e4t in die Staatsordnung, Kunst, Literatur und Architektur (Taj Mahal in Agra) gebracht hatte, war nach ca. 200 Jahren nun im Zerfall begriffen. Nach Vasco da Gama (1498 ) kamen weitere Portugiesen nach Indien wie Almeida und Albuquerque. Sie richteten St\u00fctzpunkte in Goa, Daman und Dieu ein. Danach tauchten auch die Franzosen, die Niederl\u00e4nder und zuletzt die Engl\u00e4nder auf. Im Jahr 1756 gr\u00fcndeten die Briten die East India Company in Kalkutta (heute Kolkata) und Niederlassungen sowie Garnisonen in Madras (heute Chennai) und in Bombay (heute Mumbai) um den Subkontinent kontrollieren zu k\u00f6nnen. Der Zweck dieser Handelsgesellschaften war, die Natursch\u00e4tze des Landes auszubeuten und nach Gro\u00dfbritannien zu exportieren. Aber dazu ben\u00f6tigten sie nach westlichem Muster gebildete Wirtschafts- und Gesellschaftsstrukturen und auch Fachkr\u00e4fte. Deshalb wurden nach und nach Kinderg\u00e4rten, Schulen, Universit\u00e4ten, Krankenh\u00e4user und nicht zuletzt auch zahlreiche Kirchen gebaut sowie die Infrastruktur angelegt.<\/p>\n\n\n\n<p>Diese neue westliche &#8222;Lifestyle&#8220; &#8211; die Sprache, die Bekleidung, die Speisen, die Konventionen und nicht zuletzt auch die Denkrichtungen, faszinierten die erstarrte hinduistische Gesellschaft, vor allem die Jugend und alle wollten nun so sein wie die Engl\u00e4nder! Einige konvertierten zum Christentum, um etwas Besonderes zu sein und um au\u00dfergew\u00f6hnliche Erfahrung zu machen. Aber, ob Jung oder Alt, Mann oder Frau &#8211; alle erkannten, dass Bildung nach westlichem Muster grunds\u00e4tzlich etwas Positives zur Gestaltung des eigenen Lebens beitr\u00e4gt und dazu bef\u00e4higt, den eigenen Horizont zu weiten und die ph\u00e4nomenale Welt tiefgr\u00fcndiger zu erkennen, einzuordnen und zu bewerten. Nun, auf diese Weise westlich gebildete &#8211; manche auch in England selbst, stellte man die klassisch-hinduistischen metaphysischen Abhandlungen und die hinduistische Lehre in Frage! Aber, sie wurde nicht unbedingt als etwas Phantastisches oder gar Zweifelhaftes abgetan, sondern es entwickelte sich eine neue fundamentale Exegetik im Lichte des westlichen Denkhorizonts. Die bis dahin bekannten kontextspezifischen Begriffe, Bilder, Leitlinien und Prinzipien etc. befanden sich angesichts des neuen kritischen Bewusstseins in einer Metamorphose! Die neue Aristokratie des Geistes f\u00fchrte zu der Einsamkeit &#8222;des aufrechten Gangs&#8220; und brachte neue &#8222;Sub-Religionen&#8220; wie die &#8222;Brahmo-Samaj-Bewegung&#8220; hervor!<\/p>\n\n\n\n<p>Die sich neu herausbildenden Gesellschaften stellten fest, dass ein dumpfer Glaube nur Ausdruck eines defizit\u00e4ren Zustands des Geistes ist!<\/p>\n\n\n\n<p>In dieser gesellschaftlichen Umbruchsituation lebte und predigte Shri Ramakrishna Paramhansadev!<\/p>\n","protected":false},"excerpt":{"rendered":"<p>Die politische, soziale und kulturelle Szene Die islamische Herrschaft unter den Mogulkaisern, die trotz Unterdr\u00fcckung und Reglementierung, eine gewisse Funktionalit\u00e4t in die Staatsordnung, Kunst, Literatur und Architektur (Taj Mahal in Agra) gebracht hatte, war nach ca. 200 Jahren nun im Zerfall begriffen. Nach Vasco da Gama (1498 ) kamen weitere Portugiesen nach Indien wie Almeida &hellip; <a href=\"http:\/\/blog.saranagata.de\/?page_id=533\" class=\"more-link\"><span class=\"screen-reader-text\">Das Umfeld<\/span> weiterlesen<\/a><\/p>\n","protected":false},"author":1,"featured_media":0,"parent":0,"menu_order":0,"comment_status":"closed","ping_status":"closed","template":"","meta":[],"yoast_head":"<!-- This site is optimized with the Yoast SEO plugin v20.10 - https:\/\/yoast.com\/wordpress\/plugins\/seo\/ -->\n<title>Das Umfeld - Saranagata<\/title>\n<meta name=\"robots\" content=\"index, follow, max-snippet:-1, max-image-preview:large, max-video-preview:-1\" \/>\n<link rel=\"canonical\" href=\"http:\/\/blog.saranagata.de\/?page_id=533\" \/>\n<meta property=\"og:locale\" content=\"de_DE\" \/>\n<meta property=\"og:type\" content=\"article\" \/>\n<meta property=\"og:title\" content=\"Das Umfeld - Saranagata\" \/>\n<meta property=\"og:description\" content=\"Die politische, soziale und kulturelle Szene Die islamische Herrschaft unter den Mogulkaisern, die trotz Unterdr\u00fcckung und Reglementierung, eine gewisse Funktionalit\u00e4t in die Staatsordnung, Kunst, Literatur und Architektur (Taj Mahal in Agra) gebracht hatte, war nach ca. 200 Jahren nun im Zerfall begriffen. Nach Vasco da Gama (1498 ) kamen weitere Portugiesen nach Indien wie Almeida &hellip; Das Umfeld weiterlesen\" \/>\n<meta property=\"og:url\" content=\"http:\/\/blog.saranagata.de\/?page_id=533\" \/>\n<meta property=\"og:site_name\" content=\"Saranagata\" \/>\n<meta name=\"twitter:card\" content=\"summary_large_image\" \/>\n<meta name=\"twitter:label1\" content=\"Gesch\u00e4tzte Lesezeit\" \/>\n\t<meta name=\"twitter:data1\" content=\"2 Minuten\" \/>\n<script type=\"application\/ld+json\" class=\"yoast-schema-graph\">{\"@context\":\"https:\/\/schema.org\",\"@graph\":[{\"@type\":\"WebPage\",\"@id\":\"http:\/\/blog.saranagata.de\/?page_id=533\",\"url\":\"http:\/\/blog.saranagata.de\/?page_id=533\",\"name\":\"Das Umfeld - Saranagata\",\"isPartOf\":{\"@id\":\"http:\/\/blog.saranagata.de\/#website\"},\"datePublished\":\"2021-09-07T16:51:36+00:00\",\"dateModified\":\"2021-09-07T16:51:36+00:00\",\"breadcrumb\":{\"@id\":\"http:\/\/blog.saranagata.de\/?page_id=533#breadcrumb\"},\"inLanguage\":\"de-DE\",\"potentialAction\":[{\"@type\":\"ReadAction\",\"target\":[\"http:\/\/blog.saranagata.de\/?page_id=533\"]}]},{\"@type\":\"BreadcrumbList\",\"@id\":\"http:\/\/blog.saranagata.de\/?page_id=533#breadcrumb\",\"itemListElement\":[{\"@type\":\"ListItem\",\"position\":1,\"name\":\"Startseite\",\"item\":\"http:\/\/blog.saranagata.de\/\"},{\"@type\":\"ListItem\",\"position\":2,\"name\":\"Das Umfeld\"}]},{\"@type\":\"WebSite\",\"@id\":\"http:\/\/blog.saranagata.de\/#website\",\"url\":\"http:\/\/blog.saranagata.de\/\",\"name\":\"Saranagata\",\"description\":\"Parthasarathis spirituelle Oase\",\"potentialAction\":[{\"@type\":\"SearchAction\",\"target\":{\"@type\":\"EntryPoint\",\"urlTemplate\":\"http:\/\/blog.saranagata.de\/?s={search_term_string}\"},\"query-input\":\"required name=search_term_string\"}],\"inLanguage\":\"de-DE\"}]}<\/script>\n<!-- \/ Yoast SEO plugin. -->","yoast_head_json":{"title":"Das Umfeld - Saranagata","robots":{"index":"index","follow":"follow","max-snippet":"max-snippet:-1","max-image-preview":"max-image-preview:large","max-video-preview":"max-video-preview:-1"},"canonical":"http:\/\/blog.saranagata.de\/?page_id=533","og_locale":"de_DE","og_type":"article","og_title":"Das Umfeld - Saranagata","og_description":"Die politische, soziale und kulturelle Szene Die islamische Herrschaft unter den Mogulkaisern, die trotz Unterdr\u00fcckung und Reglementierung, eine gewisse Funktionalit\u00e4t in die Staatsordnung, Kunst, Literatur und Architektur (Taj Mahal in Agra) gebracht hatte, war nach ca. 200 Jahren nun im Zerfall begriffen. Nach Vasco da Gama (1498 ) kamen weitere Portugiesen nach Indien wie Almeida &hellip; Das Umfeld weiterlesen","og_url":"http:\/\/blog.saranagata.de\/?page_id=533","og_site_name":"Saranagata","twitter_card":"summary_large_image","twitter_misc":{"Gesch\u00e4tzte Lesezeit":"2 Minuten"},"schema":{"@context":"https:\/\/schema.org","@graph":[{"@type":"WebPage","@id":"http:\/\/blog.saranagata.de\/?page_id=533","url":"http:\/\/blog.saranagata.de\/?page_id=533","name":"Das Umfeld - Saranagata","isPartOf":{"@id":"http:\/\/blog.saranagata.de\/#website"},"datePublished":"2021-09-07T16:51:36+00:00","dateModified":"2021-09-07T16:51:36+00:00","breadcrumb":{"@id":"http:\/\/blog.saranagata.de\/?page_id=533#breadcrumb"},"inLanguage":"de-DE","potentialAction":[{"@type":"ReadAction","target":["http:\/\/blog.saranagata.de\/?page_id=533"]}]},{"@type":"BreadcrumbList","@id":"http:\/\/blog.saranagata.de\/?page_id=533#breadcrumb","itemListElement":[{"@type":"ListItem","position":1,"name":"Startseite","item":"http:\/\/blog.saranagata.de\/"},{"@type":"ListItem","position":2,"name":"Das Umfeld"}]},{"@type":"WebSite","@id":"http:\/\/blog.saranagata.de\/#website","url":"http:\/\/blog.saranagata.de\/","name":"Saranagata","description":"Parthasarathis spirituelle Oase","potentialAction":[{"@type":"SearchAction","target":{"@type":"EntryPoint","urlTemplate":"http:\/\/blog.saranagata.de\/?s={search_term_string}"},"query-input":"required name=search_term_string"}],"inLanguage":"de-DE"}]}},"_links":{"self":[{"href":"http:\/\/blog.saranagata.de\/index.php?rest_route=\/wp\/v2\/pages\/533"}],"collection":[{"href":"http:\/\/blog.saranagata.de\/index.php?rest_route=\/wp\/v2\/pages"}],"about":[{"href":"http:\/\/blog.saranagata.de\/index.php?rest_route=\/wp\/v2\/types\/page"}],"author":[{"embeddable":true,"href":"http:\/\/blog.saranagata.de\/index.php?rest_route=\/wp\/v2\/users\/1"}],"replies":[{"embeddable":true,"href":"http:\/\/blog.saranagata.de\/index.php?rest_route=%2Fwp%2Fv2%2Fcomments&post=533"}],"version-history":[{"count":1,"href":"http:\/\/blog.saranagata.de\/index.php?rest_route=\/wp\/v2\/pages\/533\/revisions"}],"predecessor-version":[{"id":535,"href":"http:\/\/blog.saranagata.de\/index.php?rest_route=\/wp\/v2\/pages\/533\/revisions\/535"}],"wp:attachment":[{"href":"http:\/\/blog.saranagata.de\/index.php?rest_route=%2Fwp%2Fv2%2Fmedia&parent=533"}],"curies":[{"name":"wp","href":"https:\/\/api.w.org\/{rel}","templated":true}]}}