{"id":529,"date":"2021-09-07T16:46:40","date_gmt":"2021-09-07T16:46:40","guid":{"rendered":"http:\/\/blog.saranagata.de\/?page_id=529"},"modified":"2021-09-07T17:43:36","modified_gmt":"2021-09-07T17:43:36","slug":"shri-ramakrishna-paramhansadev","status":"publish","type":"page","link":"http:\/\/blog.saranagata.de\/?page_id=529","title":{"rendered":"Shri Ramakrishna Paramhansadev"},"content":{"rendered":"\n<div class=\"wp-block-image\"><figure class=\"aligncenter size-full\"><img decoding=\"async\" loading=\"lazy\" width=\"529\" height=\"697\" src=\"http:\/\/blog.saranagata.de\/wp-content\/uploads\/2021\/09\/shri-r-k.png\" alt=\"Illustration von Shri Ramakrishna Paramhansadev\" class=\"wp-image-530\" srcset=\"http:\/\/blog.saranagata.de\/wp-content\/uploads\/2021\/09\/shri-r-k.png 529w, http:\/\/blog.saranagata.de\/wp-content\/uploads\/2021\/09\/shri-r-k-228x300.png 228w\" sizes=\"(max-width: 529px) 100vw, 529px\" \/><figcaption><br><em>Die Ver\u00f6ffentlichung dieses Bildes erfolgt gem. der Genehmigung von Advaita Ashrama,Kolkata. (Swami Vedavratananda) vom 02.06.2021<\/em><br><br><\/figcaption><\/figure><\/div>\n\n\n\n<p>Das Leben und Wirken von Shri Ramakrishna (R.K) ist von zahlreichen Verfassern aus dem In- und Ausland umfangreich beschrieben worden. Sogar schon zu seinen Lebzeiten gab es zahlreiche Berichte \u00fcber diese au\u00dfergew\u00f6hnliche Person und seine erstaunliche, aber wegweisende vereinfachte Darstellung der indischen Metaphysik in seiner Logik und Lehre.<\/p>\n\n\n\n<p>Deshalb m\u00f6chte ich mich hier auf das nach meiner Auffassung Wesentliche beschr\u00e4nken, das immer noch den Suchenden von heute in aller Welt, Shri Ramakrishnas spezifischen Weg zu zeigen vermag!<\/p>\n","protected":false},"excerpt":{"rendered":"<p>Das Leben und Wirken von Shri Ramakrishna (R.K) ist von zahlreichen Verfassern aus dem In- und Ausland umfangreich beschrieben worden. Sogar schon zu seinen Lebzeiten gab es zahlreiche Berichte \u00fcber diese au\u00dfergew\u00f6hnliche Person und seine erstaunliche, aber wegweisende vereinfachte Darstellung der indischen Metaphysik in seiner Logik und Lehre. Deshalb m\u00f6chte ich mich hier auf das &hellip; <a href=\"http:\/\/blog.saranagata.de\/?page_id=529\" class=\"more-link\"><span class=\"screen-reader-text\">Shri Ramakrishna Paramhansadev<\/span> weiterlesen<\/a><\/p>\n","protected":false},"author":1,"featured_media":0,"parent":0,"menu_order":0,"comment_status":"closed","ping_status":"closed","template":"","meta":[],"yoast_head":"<!-- This site is optimized with the Yoast SEO plugin v20.10 - https:\/\/yoast.com\/wordpress\/plugins\/seo\/ -->\n<title>Shri Ramakrishna Paramhansadev - Saranagata<\/title>\n<meta name=\"robots\" content=\"index, follow, max-snippet:-1, max-image-preview:large, max-video-preview:-1\" \/>\n<link rel=\"canonical\" href=\"http:\/\/blog.saranagata.de\/?page_id=529\" \/>\n<meta property=\"og:locale\" content=\"de_DE\" \/>\n<meta property=\"og:type\" content=\"article\" \/>\n<meta property=\"og:title\" content=\"Shri Ramakrishna Paramhansadev - Saranagata\" \/>\n<meta property=\"og:description\" content=\"Das Leben und Wirken von Shri Ramakrishna (R.K) ist von zahlreichen Verfassern aus dem In- und Ausland umfangreich beschrieben worden. Sogar schon zu seinen Lebzeiten gab es zahlreiche Berichte \u00fcber diese au\u00dfergew\u00f6hnliche Person und seine erstaunliche, aber wegweisende vereinfachte Darstellung der indischen Metaphysik in seiner Logik und Lehre. Deshalb m\u00f6chte ich mich hier auf das &hellip; Shri Ramakrishna Paramhansadev weiterlesen\" \/>\n<meta property=\"og:url\" content=\"http:\/\/blog.saranagata.de\/?page_id=529\" \/>\n<meta property=\"og:site_name\" content=\"Saranagata\" \/>\n<meta property=\"article:modified_time\" content=\"2021-09-07T17:43:36+00:00\" \/>\n<meta property=\"og:image\" content=\"http:\/\/blog.saranagata.de\/wp-content\/uploads\/2021\/09\/shri-r-k.png\" \/>\n<meta name=\"twitter:card\" content=\"summary_large_image\" \/>\n<script type=\"application\/ld+json\" class=\"yoast-schema-graph\">{\"@context\":\"https:\/\/schema.org\",\"@graph\":[{\"@type\":\"WebPage\",\"@id\":\"http:\/\/blog.saranagata.de\/?page_id=529\",\"url\":\"http:\/\/blog.saranagata.de\/?page_id=529\",\"name\":\"Shri Ramakrishna Paramhansadev - Saranagata\",\"isPartOf\":{\"@id\":\"http:\/\/blog.saranagata.de\/#website\"},\"datePublished\":\"2021-09-07T16:46:40+00:00\",\"dateModified\":\"2021-09-07T17:43:36+00:00\",\"breadcrumb\":{\"@id\":\"http:\/\/blog.saranagata.de\/?page_id=529#breadcrumb\"},\"inLanguage\":\"de-DE\",\"potentialAction\":[{\"@type\":\"ReadAction\",\"target\":[\"http:\/\/blog.saranagata.de\/?page_id=529\"]}]},{\"@type\":\"BreadcrumbList\",\"@id\":\"http:\/\/blog.saranagata.de\/?page_id=529#breadcrumb\",\"itemListElement\":[{\"@type\":\"ListItem\",\"position\":1,\"name\":\"Startseite\",\"item\":\"http:\/\/blog.saranagata.de\/\"},{\"@type\":\"ListItem\",\"position\":2,\"name\":\"Shri Ramakrishna Paramhansadev\"}]},{\"@type\":\"WebSite\",\"@id\":\"http:\/\/blog.saranagata.de\/#website\",\"url\":\"http:\/\/blog.saranagata.de\/\",\"name\":\"Saranagata\",\"description\":\"Parthasarathis spirituelle Oase\",\"potentialAction\":[{\"@type\":\"SearchAction\",\"target\":{\"@type\":\"EntryPoint\",\"urlTemplate\":\"http:\/\/blog.saranagata.de\/?s={search_term_string}\"},\"query-input\":\"required name=search_term_string\"}],\"inLanguage\":\"de-DE\"}]}<\/script>\n<!-- \/ Yoast SEO plugin. -->","yoast_head_json":{"title":"Shri Ramakrishna Paramhansadev - Saranagata","robots":{"index":"index","follow":"follow","max-snippet":"max-snippet:-1","max-image-preview":"max-image-preview:large","max-video-preview":"max-video-preview:-1"},"canonical":"http:\/\/blog.saranagata.de\/?page_id=529","og_locale":"de_DE","og_type":"article","og_title":"Shri Ramakrishna Paramhansadev - Saranagata","og_description":"Das Leben und Wirken von Shri Ramakrishna (R.K) ist von zahlreichen Verfassern aus dem In- und Ausland umfangreich beschrieben worden. Sogar schon zu seinen Lebzeiten gab es zahlreiche Berichte \u00fcber diese au\u00dfergew\u00f6hnliche Person und seine erstaunliche, aber wegweisende vereinfachte Darstellung der indischen Metaphysik in seiner Logik und Lehre. Deshalb m\u00f6chte ich mich hier auf das &hellip; Shri Ramakrishna Paramhansadev weiterlesen","og_url":"http:\/\/blog.saranagata.de\/?page_id=529","og_site_name":"Saranagata","article_modified_time":"2021-09-07T17:43:36+00:00","og_image":[{"url":"http:\/\/blog.saranagata.de\/wp-content\/uploads\/2021\/09\/shri-r-k.png"}],"twitter_card":"summary_large_image","schema":{"@context":"https:\/\/schema.org","@graph":[{"@type":"WebPage","@id":"http:\/\/blog.saranagata.de\/?page_id=529","url":"http:\/\/blog.saranagata.de\/?page_id=529","name":"Shri Ramakrishna Paramhansadev - Saranagata","isPartOf":{"@id":"http:\/\/blog.saranagata.de\/#website"},"datePublished":"2021-09-07T16:46:40+00:00","dateModified":"2021-09-07T17:43:36+00:00","breadcrumb":{"@id":"http:\/\/blog.saranagata.de\/?page_id=529#breadcrumb"},"inLanguage":"de-DE","potentialAction":[{"@type":"ReadAction","target":["http:\/\/blog.saranagata.de\/?page_id=529"]}]},{"@type":"BreadcrumbList","@id":"http:\/\/blog.saranagata.de\/?page_id=529#breadcrumb","itemListElement":[{"@type":"ListItem","position":1,"name":"Startseite","item":"http:\/\/blog.saranagata.de\/"},{"@type":"ListItem","position":2,"name":"Shri Ramakrishna Paramhansadev"}]},{"@type":"WebSite","@id":"http:\/\/blog.saranagata.de\/#website","url":"http:\/\/blog.saranagata.de\/","name":"Saranagata","description":"Parthasarathis spirituelle Oase","potentialAction":[{"@type":"SearchAction","target":{"@type":"EntryPoint","urlTemplate":"http:\/\/blog.saranagata.de\/?s={search_term_string}"},"query-input":"required name=search_term_string"}],"inLanguage":"de-DE"}]}},"_links":{"self":[{"href":"http:\/\/blog.saranagata.de\/index.php?rest_route=\/wp\/v2\/pages\/529"}],"collection":[{"href":"http:\/\/blog.saranagata.de\/index.php?rest_route=\/wp\/v2\/pages"}],"about":[{"href":"http:\/\/blog.saranagata.de\/index.php?rest_route=\/wp\/v2\/types\/page"}],"author":[{"embeddable":true,"href":"http:\/\/blog.saranagata.de\/index.php?rest_route=\/wp\/v2\/users\/1"}],"replies":[{"embeddable":true,"href":"http:\/\/blog.saranagata.de\/index.php?rest_route=%2Fwp%2Fv2%2Fcomments&post=529"}],"version-history":[{"count":2,"href":"http:\/\/blog.saranagata.de\/index.php?rest_route=\/wp\/v2\/pages\/529\/revisions"}],"predecessor-version":[{"id":546,"href":"http:\/\/blog.saranagata.de\/index.php?rest_route=\/wp\/v2\/pages\/529\/revisions\/546"}],"wp:attachment":[{"href":"http:\/\/blog.saranagata.de\/index.php?rest_route=%2Fwp%2Fv2%2Fmedia&parent=529"}],"curies":[{"name":"wp","href":"https:\/\/api.w.org\/{rel}","templated":true}]}}