{"id":516,"date":"2020-10-26T18:24:03","date_gmt":"2020-10-26T18:24:03","guid":{"rendered":"http:\/\/blog.saranagata.de\/?page_id=516"},"modified":"2020-10-26T18:24:05","modified_gmt":"2020-10-26T18:24:05","slug":"etymologie-des-wortes-badjra","status":"publish","type":"page","link":"http:\/\/blog.saranagata.de\/?page_id=516","title":{"rendered":"Etymologie des Wortes &#8222;Badjra&#8220;"},"content":{"rendered":"\n<p>Sehr oft findet man als \u00dcbersetzung f\u00fcr Wortes &#8222;Badjra-Yana&#8220; den Begriff &#8222;Diamanten-Fahrzeug&#8220; oder &#8222;Diamantweg&#8220;.<\/p>\n\n\n\n<p><strong>Das ist falsch<\/strong>!<\/p>\n\n\n\n<p>&#8222;Badjra&#8220; ist ein sehr altes Sanskrit-Wort, bedeutete urspr\u00fcnglich eine Waffe die als Erkennungszeichen diente. Praktisch jede indische Gottheit hat ein Badjra als Wappen. Zum Beispiel h\u00e4lt Gott Indra ein sichelartiges Badjra (vide: Rik-Veda 3\/85, Sutra 8). Es gibt das Dreizack-Badjra von Lord Shiva, das Danda-Zack-Badjra (\u00e4hnlich einem Baseballschl\u00e4ger) von Yama, die Finger-Scheibe als Badjra (skt. Chakra) von Lord Krishna, das Kharga-Badjra (besonderes Schwert) von G\u00f6ttin Kali usw..<\/p>\n\n\n\n<p>Au\u00dferdem, impliziert das Wort Badjra beispielsweise die folgenden Bedeutungen: schwerer Schlag, R\u00fcge, Kind, Student, Diamant, ein X (den Buchstaben &#8222;X&#8220;), sauer (die Geschmacksrichtung), ein spezifisches Yoga, das Enkelkind von Sri Krishna also den Sohn von Aniruddha, sehr schwer, herzzerrei\u00dfend, unertr\u00e4glich usw.<\/p>\n\n\n\n<p>In Badjra-Yana ist mit absoluter Sicherheit die Bedeutung &#8222;<strong>Donner-Keil&#8220; <\/strong>gemeint!<br>Warum? Weil Shunyata also die Leerheit wie ein Donnerkeil ist. Das hei\u00dft sie ist stark, virulent, l\u00fcckenlos, undurchdringlich, feuerresistent, und unzerst\u00f6rbar sowie ewig!<\/p>\n\n\n\n<p>Frage: Erf\u00fcllt etwa ein Diamant all diese Eigenschaften? Nein!<\/p>\n\n\n\n<p>Deshalb tragen zahlreiche buddhistische G\u00f6tter und G\u00f6ttinnen ein Badjra als Symbol in den H\u00e4nden !<\/p>\n\n\n\n<p><strong>Beispiele<\/strong>:<\/p>\n\n\n\n<ul><li>Badjrapani Akkhova, er ist ein Bodhisattva, hervorgegangen aus Dhyani-Buddhha.<\/li><li>Badjrasattva, er gilt als der sechste Dhyani-Buddha.<\/li><li>Badjragarbha, er geh\u00f6rt zum Dhyani-Buddha Akkhova.<\/li><li>Badjradharma, er repr\u00e4sentiert Ablokiteschvar.<\/li><li>Badjracharika, er repr\u00e4sentiert Akkhova.<\/li><li>Badjra Tara, sie ist die wichtigste G\u00f6ttin in der Badjra-Tara Gruppe.<\/li><li>Badjra Namga, eine Verk\u00f6rperung von Manjushri.<\/li><li>Badjrahumkar,er geh\u00f6rt der Akkhova-Linie an.<\/li><li>usw.<\/li><\/ul>\n\n\n\n<p>Sie alle tragen keinen &#8222;Diamanten&#8220; in den H\u00e4nden, sondern das alles \u00fcberragende Symbol und Zeichen des &#8222;Donnerkeils&#8220;!<\/p>\n\n\n\n<p>In Anbetracht der enormen Verbreitung des tibetischen Buddhismus im Westen als das Verm\u00e4chtnis von Gautama Buddha, m\u00f6chte ich die Bemerkung des \u00f6sterreichischen Komponisten und Dirigenten Gustav Mahler (1861-1911), leicht erg\u00e4nzt, wiedergeben:<\/p>\n\n\n\n<p><em><strong>&#8222;Spirituelle Tradition ist die Weitergabe des Feuers und nicht die Anbetung der Asche.&#8220;<\/strong><\/em><\/p>\n","protected":false},"excerpt":{"rendered":"<p>Sehr oft findet man als \u00dcbersetzung f\u00fcr Wortes &#8222;Badjra-Yana&#8220; den Begriff &#8222;Diamanten-Fahrzeug&#8220; oder &#8222;Diamantweg&#8220;. Das ist falsch! &#8222;Badjra&#8220; ist ein sehr altes Sanskrit-Wort, bedeutete urspr\u00fcnglich eine Waffe die als Erkennungszeichen diente. Praktisch jede indische Gottheit hat ein Badjra als Wappen. Zum Beispiel h\u00e4lt Gott Indra ein sichelartiges Badjra (vide: Rik-Veda 3\/85, Sutra 8). Es gibt &hellip; <a href=\"http:\/\/blog.saranagata.de\/?page_id=516\" class=\"more-link\"><span class=\"screen-reader-text\">Etymologie des Wortes &#8222;Badjra&#8220;<\/span> weiterlesen<\/a><\/p>\n","protected":false},"author":1,"featured_media":0,"parent":0,"menu_order":0,"comment_status":"closed","ping_status":"closed","template":"","meta":[],"yoast_head":"<!-- This site is optimized with the Yoast SEO plugin v20.10 - https:\/\/yoast.com\/wordpress\/plugins\/seo\/ -->\n<title>Etymologie des Wortes &quot;Badjra&quot; - Saranagata<\/title>\n<meta name=\"robots\" content=\"index, follow, max-snippet:-1, max-image-preview:large, max-video-preview:-1\" \/>\n<link rel=\"canonical\" href=\"http:\/\/blog.saranagata.de\/?page_id=516\" \/>\n<meta property=\"og:locale\" content=\"de_DE\" \/>\n<meta property=\"og:type\" content=\"article\" \/>\n<meta property=\"og:title\" content=\"Etymologie des Wortes &quot;Badjra&quot; - Saranagata\" \/>\n<meta property=\"og:description\" content=\"Sehr oft findet man als \u00dcbersetzung f\u00fcr Wortes &#8222;Badjra-Yana&#8220; den Begriff &#8222;Diamanten-Fahrzeug&#8220; oder &#8222;Diamantweg&#8220;. Das ist falsch! &#8222;Badjra&#8220; ist ein sehr altes Sanskrit-Wort, bedeutete urspr\u00fcnglich eine Waffe die als Erkennungszeichen diente. Praktisch jede indische Gottheit hat ein Badjra als Wappen. Zum Beispiel h\u00e4lt Gott Indra ein sichelartiges Badjra (vide: Rik-Veda 3\/85, Sutra 8). Es gibt &hellip; Etymologie des Wortes &#8222;Badjra&#8220; weiterlesen\" \/>\n<meta property=\"og:url\" content=\"http:\/\/blog.saranagata.de\/?page_id=516\" \/>\n<meta property=\"og:site_name\" content=\"Saranagata\" \/>\n<meta property=\"article:modified_time\" content=\"2020-10-26T18:24:05+00:00\" \/>\n<meta name=\"twitter:card\" content=\"summary_large_image\" \/>\n<meta name=\"twitter:label1\" content=\"Gesch\u00e4tzte Lesezeit\" \/>\n\t<meta name=\"twitter:data1\" content=\"2 Minuten\" \/>\n<script type=\"application\/ld+json\" class=\"yoast-schema-graph\">{\"@context\":\"https:\/\/schema.org\",\"@graph\":[{\"@type\":\"WebPage\",\"@id\":\"http:\/\/blog.saranagata.de\/?page_id=516\",\"url\":\"http:\/\/blog.saranagata.de\/?page_id=516\",\"name\":\"Etymologie des Wortes \\\"Badjra\\\" - Saranagata\",\"isPartOf\":{\"@id\":\"http:\/\/blog.saranagata.de\/#website\"},\"datePublished\":\"2020-10-26T18:24:03+00:00\",\"dateModified\":\"2020-10-26T18:24:05+00:00\",\"breadcrumb\":{\"@id\":\"http:\/\/blog.saranagata.de\/?page_id=516#breadcrumb\"},\"inLanguage\":\"de-DE\",\"potentialAction\":[{\"@type\":\"ReadAction\",\"target\":[\"http:\/\/blog.saranagata.de\/?page_id=516\"]}]},{\"@type\":\"BreadcrumbList\",\"@id\":\"http:\/\/blog.saranagata.de\/?page_id=516#breadcrumb\",\"itemListElement\":[{\"@type\":\"ListItem\",\"position\":1,\"name\":\"Startseite\",\"item\":\"http:\/\/blog.saranagata.de\/\"},{\"@type\":\"ListItem\",\"position\":2,\"name\":\"Etymologie des Wortes &#8222;Badjra&#8220;\"}]},{\"@type\":\"WebSite\",\"@id\":\"http:\/\/blog.saranagata.de\/#website\",\"url\":\"http:\/\/blog.saranagata.de\/\",\"name\":\"Saranagata\",\"description\":\"Parthasarathis spirituelle Oase\",\"potentialAction\":[{\"@type\":\"SearchAction\",\"target\":{\"@type\":\"EntryPoint\",\"urlTemplate\":\"http:\/\/blog.saranagata.de\/?s={search_term_string}\"},\"query-input\":\"required name=search_term_string\"}],\"inLanguage\":\"de-DE\"}]}<\/script>\n<!-- \/ Yoast SEO plugin. -->","yoast_head_json":{"title":"Etymologie des Wortes \"Badjra\" - Saranagata","robots":{"index":"index","follow":"follow","max-snippet":"max-snippet:-1","max-image-preview":"max-image-preview:large","max-video-preview":"max-video-preview:-1"},"canonical":"http:\/\/blog.saranagata.de\/?page_id=516","og_locale":"de_DE","og_type":"article","og_title":"Etymologie des Wortes \"Badjra\" - Saranagata","og_description":"Sehr oft findet man als \u00dcbersetzung f\u00fcr Wortes &#8222;Badjra-Yana&#8220; den Begriff &#8222;Diamanten-Fahrzeug&#8220; oder &#8222;Diamantweg&#8220;. Das ist falsch! &#8222;Badjra&#8220; ist ein sehr altes Sanskrit-Wort, bedeutete urspr\u00fcnglich eine Waffe die als Erkennungszeichen diente. Praktisch jede indische Gottheit hat ein Badjra als Wappen. Zum Beispiel h\u00e4lt Gott Indra ein sichelartiges Badjra (vide: Rik-Veda 3\/85, Sutra 8). Es gibt &hellip; Etymologie des Wortes &#8222;Badjra&#8220; weiterlesen","og_url":"http:\/\/blog.saranagata.de\/?page_id=516","og_site_name":"Saranagata","article_modified_time":"2020-10-26T18:24:05+00:00","twitter_card":"summary_large_image","twitter_misc":{"Gesch\u00e4tzte Lesezeit":"2 Minuten"},"schema":{"@context":"https:\/\/schema.org","@graph":[{"@type":"WebPage","@id":"http:\/\/blog.saranagata.de\/?page_id=516","url":"http:\/\/blog.saranagata.de\/?page_id=516","name":"Etymologie des Wortes \"Badjra\" - Saranagata","isPartOf":{"@id":"http:\/\/blog.saranagata.de\/#website"},"datePublished":"2020-10-26T18:24:03+00:00","dateModified":"2020-10-26T18:24:05+00:00","breadcrumb":{"@id":"http:\/\/blog.saranagata.de\/?page_id=516#breadcrumb"},"inLanguage":"de-DE","potentialAction":[{"@type":"ReadAction","target":["http:\/\/blog.saranagata.de\/?page_id=516"]}]},{"@type":"BreadcrumbList","@id":"http:\/\/blog.saranagata.de\/?page_id=516#breadcrumb","itemListElement":[{"@type":"ListItem","position":1,"name":"Startseite","item":"http:\/\/blog.saranagata.de\/"},{"@type":"ListItem","position":2,"name":"Etymologie des Wortes &#8222;Badjra&#8220;"}]},{"@type":"WebSite","@id":"http:\/\/blog.saranagata.de\/#website","url":"http:\/\/blog.saranagata.de\/","name":"Saranagata","description":"Parthasarathis spirituelle Oase","potentialAction":[{"@type":"SearchAction","target":{"@type":"EntryPoint","urlTemplate":"http:\/\/blog.saranagata.de\/?s={search_term_string}"},"query-input":"required name=search_term_string"}],"inLanguage":"de-DE"}]}},"_links":{"self":[{"href":"http:\/\/blog.saranagata.de\/index.php?rest_route=\/wp\/v2\/pages\/516"}],"collection":[{"href":"http:\/\/blog.saranagata.de\/index.php?rest_route=\/wp\/v2\/pages"}],"about":[{"href":"http:\/\/blog.saranagata.de\/index.php?rest_route=\/wp\/v2\/types\/page"}],"author":[{"embeddable":true,"href":"http:\/\/blog.saranagata.de\/index.php?rest_route=\/wp\/v2\/users\/1"}],"replies":[{"embeddable":true,"href":"http:\/\/blog.saranagata.de\/index.php?rest_route=%2Fwp%2Fv2%2Fcomments&post=516"}],"version-history":[{"count":1,"href":"http:\/\/blog.saranagata.de\/index.php?rest_route=\/wp\/v2\/pages\/516\/revisions"}],"predecessor-version":[{"id":518,"href":"http:\/\/blog.saranagata.de\/index.php?rest_route=\/wp\/v2\/pages\/516\/revisions\/518"}],"wp:attachment":[{"href":"http:\/\/blog.saranagata.de\/index.php?rest_route=%2Fwp%2Fv2%2Fmedia&parent=516"}],"curies":[{"name":"wp","href":"https:\/\/api.w.org\/{rel}","templated":true}]}}