{"id":504,"date":"2020-10-26T18:07:14","date_gmt":"2020-10-26T18:07:14","guid":{"rendered":"http:\/\/blog.saranagata.de\/?page_id=504"},"modified":"2020-10-26T18:37:19","modified_gmt":"2020-10-26T18:37:19","slug":"vajrayana-buddhismus-in-tibet","status":"publish","type":"page","link":"http:\/\/blog.saranagata.de\/?page_id=504","title":{"rendered":"Vajrayana-Buddhismus in Tibet"},"content":{"rendered":"\n<h3 class=\"wp-block-heading\">Einf\u00fchrung \/ Verbreitung<\/h3>\n\n\n\n<p>Es hei\u00dft, dass, der tibetischer K\u00f6nig Songtsen Gampo (617 &#8211; 649 n. Chr.) in Kontakt mit dem Buddhismus kam und zwei Tempel bauen lie\u00df.<\/p>\n\n\n\n<p>Zirka im 8. Jh. folgten ein sehr bekannter Tantriker namens Padmashambhaba aus dem Gandhara Gebiet (Bihar) und ein weiterer Gelehrter aus Indien Shantaraksmita der Einladung des tibetischen K\u00f6nigs Trisong Detsen (755 &#8211; 797 n. Chr.) an seinen Hof in Lhasa zu kommen und ihn in das Geheimnis von Vajrayana also in den <strong>tantrischen Buddhismus<\/strong> einzuweihen. Es war der erfolgreiche Beginn des sogenannten Tibetischen-Buddhismus, der sich sp\u00e4ter auch wieder in unterschiedlichen Richtungen entwickelte. Der &#8222;Papst der neuen Religion&#8220; wurde Padmashambhaba. Er wurde der Guru am tibetischen Hof und bekam den Titel &#8222;Rinpoche&#8220; (tibetisch: der Kostbare) verliehen. Dieser Vajrayana oder tantrische Buddhismus war jedoch eine Mischung aus Vajrayana und damals in Tibet existierende Natur-Religion mit Namen &#8222;B\u00f6n&#8220;. Man gr\u00fcndete das Kloster Samya-Ling am n\u00f6rdlichen Ufer des Brahmaputra-Flusses. Es handelte sich um das bedeutendste Zentrum der Lehre. Hier entstand die erste \u00dcbersetzung aus dem Sanskrit sowie eine Lehrtradition genannt &#8222;Ny ingma&#8220; ( die Alten\/Urspr\u00fcnglichen). Bis zirka dem 11. Jh. n. Chr. baute man sechs Klosterschulen und es gab eine enorme Verbreitung der &#8222;Ny ingma&#8220; Lehre! Trison Detsen gilt als der erste buddhistische K\u00f6nig (Religionsk\u00f6nig) von Tibet und in dieser Eigenschaft verfasste und verbreitete er ein k\u00f6nigliches Dekret das den Buddhismus in Tibet als Staatsreligion erkl\u00e4rte.<\/p>\n\n\n\n<h3 class=\"wp-block-heading\">Der Untergang Nr. 1<\/h3>\n\n\n\n<p>Der buddhistischer K\u00f6nig Relpacen wollte die Gro\u00dfgrundbesitzer entmachten und eine Theokratie einf\u00fchren. Er wurde ermordet und sein Bruder Lang Darma wurde K\u00f6nig. Er sch\u00e4tzte die alte schamanistische B\u00f6n-Religion und verfolgte den Buddhismus. Als Folge versank der Buddhismus in die Bedeutungslosigkeit.<\/p>\n\n\n\n<h3 class=\"wp-block-heading\">Die Renaissance:<\/h3>\n\n\n\n<p>Am Anfang des 11. Jh. besuchte der indische Gelehrte und M\u00f6nch Atisha (982 &#8211; 1054 n. Chr.) Tibet. Er war Professor in der buddhistischen Universit\u00e4t in Vikramshila und leitete die \u00dcbersetzung der eigentlichen Lehr-Texte von Vajrayana aus dem Sanskrit in die reformierte Landessprache. Diese \u00dcbersetzung ist bekannt als die Kadam Schule. Im Kloster Radreng befinden sich Atishas \u00dcbersetzungen sowie seine ber\u00fchmten Kommentare, namens (skt.) Bodhipath Pradipam ( Das Licht der Erleuchtung Weg).<\/p>\n\n\n\n<p>Zirka 1245 &#8211; 1250 n. Chr. eroberte Dschingis Khan Tibet und China. Sein Enkel Kublai Khan war vom Buddhismus sehr angetan und f\u00fchrte den Buddhismus sowohl in der Mandschurei als auch in der Mongolei praktisch als Staatsreligion ein. Anfang des 18. Jh. verfiel das Mongolen-Reich und die Mandschurei trat ins Licht der Geschichte. Der 7. Dalai Lama, Kelsang Gayatsho (1708 &#8211; 1757 n. Chr.), bat um Schutz und war damit auch erfolgreich.<\/p>\n\n\n\n<p>Als sich im Jahr 1912 das mandschurische Reich aufgel\u00f6st hatte, erkl\u00e4rte der 13. Dalai Lama, Thubten Gayatsho (1876 &#8211; 1933 n. Chr.), Tibet f\u00fcr unabh\u00e4ngig. Diese Unabh\u00e4nigkeit w\u00e4hrte von 1913 bis 1949 n. Chr..<\/p>\n\n\n\n<h3 class=\"wp-block-heading\">Der Untergang Nr. 2<\/h3>\n\n\n\n<p>Nach der Entlassung Indiens in die Unabh\u00e4ngigkeit und angesichts von Indiens Neutralit\u00e4tspolitik, nahm der politische Druck Chinas auf Tibet immer mehr zu, bis schlie\u00dflich im Jahr 1950 die chinesischen Truppen Mao Tse Tungs Tibet besetzten. Aber es herrschte anfangs eine liberale Haltung gegen\u00fcber den Tibetern. Es wurde ein 17-Punkte-Abkommen f\u00fcr die Liberalisierung Tibets unterzeichnet. Doch nach einem Aufstand in Lhasa am 10.03.1959 wurde Tibet geopolitisch umstrukturiert und w\u00e4hrend der chinesischen Kulturrevolution gingen auch zahlreiche Kloster und Tempel verloren.<\/p>\n\n\n\n<p>Am 17. M\u00e4rz 1959 floh der 14 Dalai Lama begleitet von unz\u00e4hlige Tibetern nach Indien und erhielt Asyl im Dharamsala \/ Nordindien. Der Buddhismus versank erneut in der Bedeutungslosigkeit und es war Untergang Nr. 2 f\u00fcr den Buddhismus in Tibet!<\/p>\n","protected":false},"excerpt":{"rendered":"<p>Einf\u00fchrung \/ Verbreitung Es hei\u00dft, dass, der tibetischer K\u00f6nig Songtsen Gampo (617 &#8211; 649 n. Chr.) in Kontakt mit dem Buddhismus kam und zwei Tempel bauen lie\u00df. Zirka im 8. Jh. folgten ein sehr bekannter Tantriker namens Padmashambhaba aus dem Gandhara Gebiet (Bihar) und ein weiterer Gelehrter aus Indien Shantaraksmita der Einladung des tibetischen K\u00f6nigs &hellip; <a href=\"http:\/\/blog.saranagata.de\/?page_id=504\" class=\"more-link\"><span class=\"screen-reader-text\">Vajrayana-Buddhismus in Tibet<\/span> weiterlesen<\/a><\/p>\n","protected":false},"author":1,"featured_media":0,"parent":0,"menu_order":0,"comment_status":"closed","ping_status":"closed","template":"","meta":[],"yoast_head":"<!-- This site is optimized with the Yoast SEO plugin v20.10 - https:\/\/yoast.com\/wordpress\/plugins\/seo\/ -->\n<title>Vajrayana-Buddhismus in Tibet - Saranagata<\/title>\n<meta name=\"robots\" content=\"index, follow, max-snippet:-1, max-image-preview:large, max-video-preview:-1\" \/>\n<link rel=\"canonical\" href=\"http:\/\/blog.saranagata.de\/?page_id=504\" \/>\n<meta property=\"og:locale\" content=\"de_DE\" \/>\n<meta property=\"og:type\" content=\"article\" \/>\n<meta property=\"og:title\" content=\"Vajrayana-Buddhismus in Tibet - Saranagata\" \/>\n<meta property=\"og:description\" content=\"Einf\u00fchrung \/ Verbreitung Es hei\u00dft, dass, der tibetischer K\u00f6nig Songtsen Gampo (617 &#8211; 649 n. Chr.) in Kontakt mit dem Buddhismus kam und zwei Tempel bauen lie\u00df. Zirka im 8. Jh. folgten ein sehr bekannter Tantriker namens Padmashambhaba aus dem Gandhara Gebiet (Bihar) und ein weiterer Gelehrter aus Indien Shantaraksmita der Einladung des tibetischen K\u00f6nigs &hellip; Vajrayana-Buddhismus in Tibet weiterlesen\" \/>\n<meta property=\"og:url\" content=\"http:\/\/blog.saranagata.de\/?page_id=504\" \/>\n<meta property=\"og:site_name\" content=\"Saranagata\" \/>\n<meta property=\"article:modified_time\" content=\"2020-10-26T18:37:19+00:00\" \/>\n<meta name=\"twitter:card\" content=\"summary_large_image\" \/>\n<meta name=\"twitter:label1\" content=\"Gesch\u00e4tzte Lesezeit\" \/>\n\t<meta name=\"twitter:data1\" content=\"3 Minuten\" \/>\n<script type=\"application\/ld+json\" class=\"yoast-schema-graph\">{\"@context\":\"https:\/\/schema.org\",\"@graph\":[{\"@type\":\"WebPage\",\"@id\":\"http:\/\/blog.saranagata.de\/?page_id=504\",\"url\":\"http:\/\/blog.saranagata.de\/?page_id=504\",\"name\":\"Vajrayana-Buddhismus in Tibet - Saranagata\",\"isPartOf\":{\"@id\":\"http:\/\/blog.saranagata.de\/#website\"},\"datePublished\":\"2020-10-26T18:07:14+00:00\",\"dateModified\":\"2020-10-26T18:37:19+00:00\",\"breadcrumb\":{\"@id\":\"http:\/\/blog.saranagata.de\/?page_id=504#breadcrumb\"},\"inLanguage\":\"de-DE\",\"potentialAction\":[{\"@type\":\"ReadAction\",\"target\":[\"http:\/\/blog.saranagata.de\/?page_id=504\"]}]},{\"@type\":\"BreadcrumbList\",\"@id\":\"http:\/\/blog.saranagata.de\/?page_id=504#breadcrumb\",\"itemListElement\":[{\"@type\":\"ListItem\",\"position\":1,\"name\":\"Startseite\",\"item\":\"http:\/\/blog.saranagata.de\/\"},{\"@type\":\"ListItem\",\"position\":2,\"name\":\"Vajrayana-Buddhismus in Tibet\"}]},{\"@type\":\"WebSite\",\"@id\":\"http:\/\/blog.saranagata.de\/#website\",\"url\":\"http:\/\/blog.saranagata.de\/\",\"name\":\"Saranagata\",\"description\":\"Parthasarathis spirituelle Oase\",\"potentialAction\":[{\"@type\":\"SearchAction\",\"target\":{\"@type\":\"EntryPoint\",\"urlTemplate\":\"http:\/\/blog.saranagata.de\/?s={search_term_string}\"},\"query-input\":\"required name=search_term_string\"}],\"inLanguage\":\"de-DE\"}]}<\/script>\n<!-- \/ Yoast SEO plugin. -->","yoast_head_json":{"title":"Vajrayana-Buddhismus in Tibet - Saranagata","robots":{"index":"index","follow":"follow","max-snippet":"max-snippet:-1","max-image-preview":"max-image-preview:large","max-video-preview":"max-video-preview:-1"},"canonical":"http:\/\/blog.saranagata.de\/?page_id=504","og_locale":"de_DE","og_type":"article","og_title":"Vajrayana-Buddhismus in Tibet - Saranagata","og_description":"Einf\u00fchrung \/ Verbreitung Es hei\u00dft, dass, der tibetischer K\u00f6nig Songtsen Gampo (617 &#8211; 649 n. Chr.) in Kontakt mit dem Buddhismus kam und zwei Tempel bauen lie\u00df. Zirka im 8. Jh. folgten ein sehr bekannter Tantriker namens Padmashambhaba aus dem Gandhara Gebiet (Bihar) und ein weiterer Gelehrter aus Indien Shantaraksmita der Einladung des tibetischen K\u00f6nigs &hellip; Vajrayana-Buddhismus in Tibet weiterlesen","og_url":"http:\/\/blog.saranagata.de\/?page_id=504","og_site_name":"Saranagata","article_modified_time":"2020-10-26T18:37:19+00:00","twitter_card":"summary_large_image","twitter_misc":{"Gesch\u00e4tzte Lesezeit":"3 Minuten"},"schema":{"@context":"https:\/\/schema.org","@graph":[{"@type":"WebPage","@id":"http:\/\/blog.saranagata.de\/?page_id=504","url":"http:\/\/blog.saranagata.de\/?page_id=504","name":"Vajrayana-Buddhismus in Tibet - Saranagata","isPartOf":{"@id":"http:\/\/blog.saranagata.de\/#website"},"datePublished":"2020-10-26T18:07:14+00:00","dateModified":"2020-10-26T18:37:19+00:00","breadcrumb":{"@id":"http:\/\/blog.saranagata.de\/?page_id=504#breadcrumb"},"inLanguage":"de-DE","potentialAction":[{"@type":"ReadAction","target":["http:\/\/blog.saranagata.de\/?page_id=504"]}]},{"@type":"BreadcrumbList","@id":"http:\/\/blog.saranagata.de\/?page_id=504#breadcrumb","itemListElement":[{"@type":"ListItem","position":1,"name":"Startseite","item":"http:\/\/blog.saranagata.de\/"},{"@type":"ListItem","position":2,"name":"Vajrayana-Buddhismus in Tibet"}]},{"@type":"WebSite","@id":"http:\/\/blog.saranagata.de\/#website","url":"http:\/\/blog.saranagata.de\/","name":"Saranagata","description":"Parthasarathis spirituelle Oase","potentialAction":[{"@type":"SearchAction","target":{"@type":"EntryPoint","urlTemplate":"http:\/\/blog.saranagata.de\/?s={search_term_string}"},"query-input":"required name=search_term_string"}],"inLanguage":"de-DE"}]}},"_links":{"self":[{"href":"http:\/\/blog.saranagata.de\/index.php?rest_route=\/wp\/v2\/pages\/504"}],"collection":[{"href":"http:\/\/blog.saranagata.de\/index.php?rest_route=\/wp\/v2\/pages"}],"about":[{"href":"http:\/\/blog.saranagata.de\/index.php?rest_route=\/wp\/v2\/types\/page"}],"author":[{"embeddable":true,"href":"http:\/\/blog.saranagata.de\/index.php?rest_route=\/wp\/v2\/users\/1"}],"replies":[{"embeddable":true,"href":"http:\/\/blog.saranagata.de\/index.php?rest_route=%2Fwp%2Fv2%2Fcomments&post=504"}],"version-history":[{"count":3,"href":"http:\/\/blog.saranagata.de\/index.php?rest_route=\/wp\/v2\/pages\/504\/revisions"}],"predecessor-version":[{"id":522,"href":"http:\/\/blog.saranagata.de\/index.php?rest_route=\/wp\/v2\/pages\/504\/revisions\/522"}],"wp:attachment":[{"href":"http:\/\/blog.saranagata.de\/index.php?rest_route=%2Fwp%2Fv2%2Fmedia&parent=504"}],"curies":[{"name":"wp","href":"https:\/\/api.w.org\/{rel}","templated":true}]}}