{"id":501,"date":"2020-10-26T17:57:48","date_gmt":"2020-10-26T17:57:48","guid":{"rendered":"http:\/\/blog.saranagata.de\/?page_id=501"},"modified":"2020-10-26T17:57:49","modified_gmt":"2020-10-26T17:57:49","slug":"vajrayana-buddhismus","status":"publish","type":"page","link":"http:\/\/blog.saranagata.de\/?page_id=501","title":{"rendered":"Vajrayana-Buddhismus"},"content":{"rendered":"\n<p>Die Geschichte:<\/p>\n\n\n\n<p>Wo liegt der Ursprung des Vajrayana-Buddhismus? Gem\u00e4\u00df der &#8222;Shadhanamala-Literatur&#8220; ist, Vajrayana eine Mixtur aus Buddhismus mit Tantrismus und hatte seinen Ursprung in &#8222;Uddian&#8220;. Wo &#8222;Uddian&#8220; lag ist vollkommen unbekannt. Man findet aber Hinweise auf St\u00e4dte wie Kamakhya, Purnagiri ( beide in Assam), Srihatta (heute: in Bangladesch), die als Hochburgen von Vajrayana galten. Es ist anzunehmen, dass das damalige &#8222;Ost-Bengalen&#8220; und Assam die Ursprungsorte von &#8222;Vajrayna-Tantra&#8220; waren.<\/p>\n\n\n\n<p>Seit geraumer Zeit gab es in Bengalen, Bihar, Odisa, Nepal usw. die Verbreitung des &#8222;Shiva-Zentrierten&#8220; Tantrismus als eines anr\u00fcchigen Wegs der hinduistischen Selbsterkenntnis und als Befreiungshorizont. Irgendwann vermischte man diesen mit dem Mahayana-Buddhismus und es entstand eine weitere Spaltung innerhalb des Mahayana-Weges und der Vajrayana-Buddhismus war geboren. Sp\u00e4ter fanden die Einweisungen und Schulungen in Nalanda, Vikramshila, Sarnath,Odantapuri, Jagaddal-Zentrum statt. Der \u00e4lteste Teil der Sammlungen von &#8222;Shadhanamala&#8220; befindet sich in der Bibliothek der Cambridge-Universit\u00e4t und ist aus dem Jahr 1165 n. Chr. Hier findet man 312 verschiedene Rituale, Mantras und Opfer-Darbietungen an unz\u00e4hlige G\u00f6tter und G\u00f6ttinnen.<\/p>\n\n\n\n<p>Eine weitere bemerkenswerte Literatur-Sammlung ist &#8222;Nishpanna Yogabali&#8220; von zirka 1130 n. Chr.. Der Verfasser war ein Gelehrter namens Abhayakar Gupta. In diesem Konvolut werden zirka 600 G\u00f6tter und G\u00f6ttinnen erw\u00e4hnt! Der tantrische Buddhismus war Favorit der K\u00f6nigsdynastien und war auch zeitweise zur Staatsreligion erkl\u00e4rt worden.<\/p>\n","protected":false},"excerpt":{"rendered":"<p>Die Geschichte: Wo liegt der Ursprung des Vajrayana-Buddhismus? Gem\u00e4\u00df der &#8222;Shadhanamala-Literatur&#8220; ist, Vajrayana eine Mixtur aus Buddhismus mit Tantrismus und hatte seinen Ursprung in &#8222;Uddian&#8220;. Wo &#8222;Uddian&#8220; lag ist vollkommen unbekannt. Man findet aber Hinweise auf St\u00e4dte wie Kamakhya, Purnagiri ( beide in Assam), Srihatta (heute: in Bangladesch), die als Hochburgen von Vajrayana galten. Es &hellip; <a href=\"http:\/\/blog.saranagata.de\/?page_id=501\" class=\"more-link\"><span class=\"screen-reader-text\">Vajrayana-Buddhismus<\/span> weiterlesen<\/a><\/p>\n","protected":false},"author":1,"featured_media":0,"parent":0,"menu_order":0,"comment_status":"closed","ping_status":"closed","template":"","meta":[],"yoast_head":"<!-- This site is optimized with the Yoast SEO plugin v20.10 - https:\/\/yoast.com\/wordpress\/plugins\/seo\/ -->\n<title>Vajrayana-Buddhismus - Saranagata<\/title>\n<meta name=\"robots\" content=\"index, follow, max-snippet:-1, max-image-preview:large, max-video-preview:-1\" \/>\n<link rel=\"canonical\" href=\"http:\/\/blog.saranagata.de\/?page_id=501\" \/>\n<meta property=\"og:locale\" content=\"de_DE\" \/>\n<meta property=\"og:type\" content=\"article\" \/>\n<meta property=\"og:title\" content=\"Vajrayana-Buddhismus - Saranagata\" \/>\n<meta property=\"og:description\" content=\"Die Geschichte: Wo liegt der Ursprung des Vajrayana-Buddhismus? Gem\u00e4\u00df der &#8222;Shadhanamala-Literatur&#8220; ist, Vajrayana eine Mixtur aus Buddhismus mit Tantrismus und hatte seinen Ursprung in &#8222;Uddian&#8220;. Wo &#8222;Uddian&#8220; lag ist vollkommen unbekannt. Man findet aber Hinweise auf St\u00e4dte wie Kamakhya, Purnagiri ( beide in Assam), Srihatta (heute: in Bangladesch), die als Hochburgen von Vajrayana galten. Es &hellip; Vajrayana-Buddhismus weiterlesen\" \/>\n<meta property=\"og:url\" content=\"http:\/\/blog.saranagata.de\/?page_id=501\" \/>\n<meta property=\"og:site_name\" content=\"Saranagata\" \/>\n<meta property=\"article:modified_time\" content=\"2020-10-26T17:57:49+00:00\" \/>\n<meta name=\"twitter:card\" content=\"summary_large_image\" \/>\n<meta name=\"twitter:label1\" content=\"Gesch\u00e4tzte Lesezeit\" \/>\n\t<meta name=\"twitter:data1\" content=\"1 Minute\" \/>\n<script type=\"application\/ld+json\" class=\"yoast-schema-graph\">{\"@context\":\"https:\/\/schema.org\",\"@graph\":[{\"@type\":\"WebPage\",\"@id\":\"http:\/\/blog.saranagata.de\/?page_id=501\",\"url\":\"http:\/\/blog.saranagata.de\/?page_id=501\",\"name\":\"Vajrayana-Buddhismus - Saranagata\",\"isPartOf\":{\"@id\":\"http:\/\/blog.saranagata.de\/#website\"},\"datePublished\":\"2020-10-26T17:57:48+00:00\",\"dateModified\":\"2020-10-26T17:57:49+00:00\",\"breadcrumb\":{\"@id\":\"http:\/\/blog.saranagata.de\/?page_id=501#breadcrumb\"},\"inLanguage\":\"de-DE\",\"potentialAction\":[{\"@type\":\"ReadAction\",\"target\":[\"http:\/\/blog.saranagata.de\/?page_id=501\"]}]},{\"@type\":\"BreadcrumbList\",\"@id\":\"http:\/\/blog.saranagata.de\/?page_id=501#breadcrumb\",\"itemListElement\":[{\"@type\":\"ListItem\",\"position\":1,\"name\":\"Startseite\",\"item\":\"http:\/\/blog.saranagata.de\/\"},{\"@type\":\"ListItem\",\"position\":2,\"name\":\"Vajrayana-Buddhismus\"}]},{\"@type\":\"WebSite\",\"@id\":\"http:\/\/blog.saranagata.de\/#website\",\"url\":\"http:\/\/blog.saranagata.de\/\",\"name\":\"Saranagata\",\"description\":\"Parthasarathis spirituelle Oase\",\"potentialAction\":[{\"@type\":\"SearchAction\",\"target\":{\"@type\":\"EntryPoint\",\"urlTemplate\":\"http:\/\/blog.saranagata.de\/?s={search_term_string}\"},\"query-input\":\"required name=search_term_string\"}],\"inLanguage\":\"de-DE\"}]}<\/script>\n<!-- \/ Yoast SEO plugin. -->","yoast_head_json":{"title":"Vajrayana-Buddhismus - Saranagata","robots":{"index":"index","follow":"follow","max-snippet":"max-snippet:-1","max-image-preview":"max-image-preview:large","max-video-preview":"max-video-preview:-1"},"canonical":"http:\/\/blog.saranagata.de\/?page_id=501","og_locale":"de_DE","og_type":"article","og_title":"Vajrayana-Buddhismus - Saranagata","og_description":"Die Geschichte: Wo liegt der Ursprung des Vajrayana-Buddhismus? Gem\u00e4\u00df der &#8222;Shadhanamala-Literatur&#8220; ist, Vajrayana eine Mixtur aus Buddhismus mit Tantrismus und hatte seinen Ursprung in &#8222;Uddian&#8220;. Wo &#8222;Uddian&#8220; lag ist vollkommen unbekannt. Man findet aber Hinweise auf St\u00e4dte wie Kamakhya, Purnagiri ( beide in Assam), Srihatta (heute: in Bangladesch), die als Hochburgen von Vajrayana galten. Es &hellip; Vajrayana-Buddhismus weiterlesen","og_url":"http:\/\/blog.saranagata.de\/?page_id=501","og_site_name":"Saranagata","article_modified_time":"2020-10-26T17:57:49+00:00","twitter_card":"summary_large_image","twitter_misc":{"Gesch\u00e4tzte Lesezeit":"1 Minute"},"schema":{"@context":"https:\/\/schema.org","@graph":[{"@type":"WebPage","@id":"http:\/\/blog.saranagata.de\/?page_id=501","url":"http:\/\/blog.saranagata.de\/?page_id=501","name":"Vajrayana-Buddhismus - Saranagata","isPartOf":{"@id":"http:\/\/blog.saranagata.de\/#website"},"datePublished":"2020-10-26T17:57:48+00:00","dateModified":"2020-10-26T17:57:49+00:00","breadcrumb":{"@id":"http:\/\/blog.saranagata.de\/?page_id=501#breadcrumb"},"inLanguage":"de-DE","potentialAction":[{"@type":"ReadAction","target":["http:\/\/blog.saranagata.de\/?page_id=501"]}]},{"@type":"BreadcrumbList","@id":"http:\/\/blog.saranagata.de\/?page_id=501#breadcrumb","itemListElement":[{"@type":"ListItem","position":1,"name":"Startseite","item":"http:\/\/blog.saranagata.de\/"},{"@type":"ListItem","position":2,"name":"Vajrayana-Buddhismus"}]},{"@type":"WebSite","@id":"http:\/\/blog.saranagata.de\/#website","url":"http:\/\/blog.saranagata.de\/","name":"Saranagata","description":"Parthasarathis spirituelle Oase","potentialAction":[{"@type":"SearchAction","target":{"@type":"EntryPoint","urlTemplate":"http:\/\/blog.saranagata.de\/?s={search_term_string}"},"query-input":"required name=search_term_string"}],"inLanguage":"de-DE"}]}},"_links":{"self":[{"href":"http:\/\/blog.saranagata.de\/index.php?rest_route=\/wp\/v2\/pages\/501"}],"collection":[{"href":"http:\/\/blog.saranagata.de\/index.php?rest_route=\/wp\/v2\/pages"}],"about":[{"href":"http:\/\/blog.saranagata.de\/index.php?rest_route=\/wp\/v2\/types\/page"}],"author":[{"embeddable":true,"href":"http:\/\/blog.saranagata.de\/index.php?rest_route=\/wp\/v2\/users\/1"}],"replies":[{"embeddable":true,"href":"http:\/\/blog.saranagata.de\/index.php?rest_route=%2Fwp%2Fv2%2Fcomments&post=501"}],"version-history":[{"count":1,"href":"http:\/\/blog.saranagata.de\/index.php?rest_route=\/wp\/v2\/pages\/501\/revisions"}],"predecessor-version":[{"id":503,"href":"http:\/\/blog.saranagata.de\/index.php?rest_route=\/wp\/v2\/pages\/501\/revisions\/503"}],"wp:attachment":[{"href":"http:\/\/blog.saranagata.de\/index.php?rest_route=%2Fwp%2Fv2%2Fmedia&parent=501"}],"curies":[{"name":"wp","href":"https:\/\/api.w.org\/{rel}","templated":true}]}}