{"id":495,"date":"2020-10-26T17:46:18","date_gmt":"2020-10-26T17:46:18","guid":{"rendered":"http:\/\/blog.saranagata.de\/?page_id=495"},"modified":"2020-10-26T17:46:20","modified_gmt":"2020-10-26T17:46:20","slug":"nagarjuna-der-reformer","status":"publish","type":"page","link":"http:\/\/blog.saranagata.de\/?page_id=495","title":{"rendered":"Nagarjuna, der Reformer"},"content":{"rendered":"\n<p>Im 1. oder 2. Jh. n. Chr. erschien Nagarjuna auf der B\u00fchne; ein Philosoph aber auch eine schillernde Figur. Angeblich hatte er in Nalanda gelernt. Tatsache ist, dass er die gesamten religionsphilosophischen Auslegungen in Indien bis hin in seine Gegenwart analysiert hatte, um sich f\u00fcr seine eigene, pers\u00f6nliche \u00dcberzeugung ein festes Fundament zu sichern.<\/p>\n\n\n\n<p>Er stellte die fundamentale Frage:<br>Wie real ist die von uns wahrnehmbare Realit\u00e4t? Sind wir \u00fcberhaupt dazu in der Lage, zwischen Gut und B\u00f6se, Wahrheit und L\u00fcge, Schein und Sein, Segen und Fluch zu unterscheiden?<\/p>\n\n\n\n<p>Er kommt zu der gleichen \u00dcberzeugung wie Buddha und unterstreicht, dass die allumfassende Antwort auf diese Fragen die &#8222;Leerheit&#8220; (skt. Shunyata) ist. Das ist nicht zu verwechseln mit skt. Abhava (Nihilismus), sondern gemeint ist skt. Niswabhava (Zustand der Leerheit).<\/p>\n\n\n\n<p>Nagarjunas Hauptwerk hei\u00dft <strong>Mula-Madhyamaka -Karika<\/strong><\/p>\n\n\n\n<p>Mula (skt.) = Haupt \/ das Wichtigste<br>Madhyamaka (Pali) = (skt. Madhyamarga) = mittlerer Weg<br>Karika (skt.) = umfangreiche Darstellung\/Erl\u00e4uterung durch knapp gefasste Dichtung<\/p>\n\n\n\n<p>und setzt sich zusammen aus unter anderem:<\/p>\n\n\n\n<ul><li>Shunyata Saptati = 70 Verse \u00fcber die Leerheit<\/li><li>Yukti shastika = 60 Verse \u00fcber die Logik<\/li><li>Babahara shiddhi = erfolgreiche Nutzanwendung<\/li><li>Sharbak Dharma mit 12 Nidana ( die Regel) usw. usw.<\/li><\/ul>\n\n\n\n<p>Die These von der Leerheit, wie sie von Buddha initiiert und eingef\u00fchrt worden war, war f\u00fcr Nagarjuna lediglich eine Ausgangsbasis. Er f\u00fchrte den Gedanken weiter, indem er postulierte, dass nicht nur unsere Wahrnehmung, Bewertung, Handlung usw. also alles das was f\u00fcr uns eine Realit\u00e4t begr\u00fcndet, illusorisch und leer ist, sondern dass es sich dabei,von einer Metaebene betrachtet, ebenfalls nur um Illusionen handelt. Alles, was das Bild der Realit\u00e4t vermittelt, ist ebenfalls &#8222;leer&#8220;. Alle Entit\u00e4ten sind &#8222;leer&#8220; und substanzlos!<\/p>\n\n\n\n<p>Auf der Grundlage von (skt.) &#8222;Pragnaparamita = Transzendente Erkenntnisebene &#8211; vertrat er vehement die Dogmatik, dass der gesamte innere Kosmos des Menschen, seine mentalen Muster, alles, was er bewusst oder unbewusst wahrnimmt, alle Projektionen und Kausalzusammenh\u00e4nge die er herstellt, im Grunde ebenfalls &#8222;leer&#8220; sind. Dass nicht nur die Wirkung sondern auch die Ursachen sich im Zustand der Leerheit befinden!<\/p>\n\n\n\n<p>Nagarjunas modifizierte These f\u00fchrte zur ersten spektakul\u00e4ren Spaltung zwischen dem urspr\u00fcnglichen dogmatischen Buddhismus (genannt: Theravada oder Hinayana ) und dem reformierten philosophischen Buddhismus (genannt: Mahayana).<\/p>\n\n\n\n<p>Die Nagarjuna-Philosophie beschreibt auch ein philanthropisches Idealbild, denn sie impliziert die Vorstellung, dass es nicht das Ziel ist, wie ein M\u00f6nch egoistisch nach Nirwana zu streben, sondern nach der Beendigung des &#8222;Reifungs-Prozess&#8220; solange auf der Welt zu verweilen und t\u00e4tig zu sein, bis die letzte Seele die Befreiung gefunden hat &#8212; wohl eine &#8222;altruistische Mission&#8220; mit zweifelhaftem Ausgang!<\/p>\n","protected":false},"excerpt":{"rendered":"<p>Im 1. oder 2. Jh. n. Chr. erschien Nagarjuna auf der B\u00fchne; ein Philosoph aber auch eine schillernde Figur. Angeblich hatte er in Nalanda gelernt. Tatsache ist, dass er die gesamten religionsphilosophischen Auslegungen in Indien bis hin in seine Gegenwart analysiert hatte, um sich f\u00fcr seine eigene, pers\u00f6nliche \u00dcberzeugung ein festes Fundament zu sichern. Er &hellip; <a href=\"http:\/\/blog.saranagata.de\/?page_id=495\" class=\"more-link\"><span class=\"screen-reader-text\">Nagarjuna, der Reformer<\/span> weiterlesen<\/a><\/p>\n","protected":false},"author":1,"featured_media":0,"parent":0,"menu_order":0,"comment_status":"closed","ping_status":"closed","template":"","meta":[],"yoast_head":"<!-- This site is optimized with the Yoast SEO plugin v20.10 - https:\/\/yoast.com\/wordpress\/plugins\/seo\/ -->\n<title>Nagarjuna, der Reformer - Saranagata<\/title>\n<meta name=\"robots\" content=\"index, follow, max-snippet:-1, max-image-preview:large, max-video-preview:-1\" \/>\n<link rel=\"canonical\" href=\"http:\/\/blog.saranagata.de\/?page_id=495\" \/>\n<meta property=\"og:locale\" content=\"de_DE\" \/>\n<meta property=\"og:type\" content=\"article\" \/>\n<meta property=\"og:title\" content=\"Nagarjuna, der Reformer - Saranagata\" \/>\n<meta property=\"og:description\" content=\"Im 1. oder 2. Jh. n. Chr. erschien Nagarjuna auf der B\u00fchne; ein Philosoph aber auch eine schillernde Figur. Angeblich hatte er in Nalanda gelernt. Tatsache ist, dass er die gesamten religionsphilosophischen Auslegungen in Indien bis hin in seine Gegenwart analysiert hatte, um sich f\u00fcr seine eigene, pers\u00f6nliche \u00dcberzeugung ein festes Fundament zu sichern. Er &hellip; Nagarjuna, der Reformer weiterlesen\" \/>\n<meta property=\"og:url\" content=\"http:\/\/blog.saranagata.de\/?page_id=495\" \/>\n<meta property=\"og:site_name\" content=\"Saranagata\" \/>\n<meta property=\"article:modified_time\" content=\"2020-10-26T17:46:20+00:00\" \/>\n<meta name=\"twitter:card\" content=\"summary_large_image\" \/>\n<meta name=\"twitter:label1\" content=\"Gesch\u00e4tzte Lesezeit\" \/>\n\t<meta name=\"twitter:data1\" content=\"2 Minuten\" \/>\n<script type=\"application\/ld+json\" class=\"yoast-schema-graph\">{\"@context\":\"https:\/\/schema.org\",\"@graph\":[{\"@type\":\"WebPage\",\"@id\":\"http:\/\/blog.saranagata.de\/?page_id=495\",\"url\":\"http:\/\/blog.saranagata.de\/?page_id=495\",\"name\":\"Nagarjuna, der Reformer - Saranagata\",\"isPartOf\":{\"@id\":\"http:\/\/blog.saranagata.de\/#website\"},\"datePublished\":\"2020-10-26T17:46:18+00:00\",\"dateModified\":\"2020-10-26T17:46:20+00:00\",\"breadcrumb\":{\"@id\":\"http:\/\/blog.saranagata.de\/?page_id=495#breadcrumb\"},\"inLanguage\":\"de-DE\",\"potentialAction\":[{\"@type\":\"ReadAction\",\"target\":[\"http:\/\/blog.saranagata.de\/?page_id=495\"]}]},{\"@type\":\"BreadcrumbList\",\"@id\":\"http:\/\/blog.saranagata.de\/?page_id=495#breadcrumb\",\"itemListElement\":[{\"@type\":\"ListItem\",\"position\":1,\"name\":\"Startseite\",\"item\":\"http:\/\/blog.saranagata.de\/\"},{\"@type\":\"ListItem\",\"position\":2,\"name\":\"Nagarjuna, der Reformer\"}]},{\"@type\":\"WebSite\",\"@id\":\"http:\/\/blog.saranagata.de\/#website\",\"url\":\"http:\/\/blog.saranagata.de\/\",\"name\":\"Saranagata\",\"description\":\"Parthasarathis spirituelle Oase\",\"potentialAction\":[{\"@type\":\"SearchAction\",\"target\":{\"@type\":\"EntryPoint\",\"urlTemplate\":\"http:\/\/blog.saranagata.de\/?s={search_term_string}\"},\"query-input\":\"required name=search_term_string\"}],\"inLanguage\":\"de-DE\"}]}<\/script>\n<!-- \/ Yoast SEO plugin. -->","yoast_head_json":{"title":"Nagarjuna, der Reformer - Saranagata","robots":{"index":"index","follow":"follow","max-snippet":"max-snippet:-1","max-image-preview":"max-image-preview:large","max-video-preview":"max-video-preview:-1"},"canonical":"http:\/\/blog.saranagata.de\/?page_id=495","og_locale":"de_DE","og_type":"article","og_title":"Nagarjuna, der Reformer - Saranagata","og_description":"Im 1. oder 2. Jh. n. Chr. erschien Nagarjuna auf der B\u00fchne; ein Philosoph aber auch eine schillernde Figur. Angeblich hatte er in Nalanda gelernt. Tatsache ist, dass er die gesamten religionsphilosophischen Auslegungen in Indien bis hin in seine Gegenwart analysiert hatte, um sich f\u00fcr seine eigene, pers\u00f6nliche \u00dcberzeugung ein festes Fundament zu sichern. Er &hellip; Nagarjuna, der Reformer weiterlesen","og_url":"http:\/\/blog.saranagata.de\/?page_id=495","og_site_name":"Saranagata","article_modified_time":"2020-10-26T17:46:20+00:00","twitter_card":"summary_large_image","twitter_misc":{"Gesch\u00e4tzte Lesezeit":"2 Minuten"},"schema":{"@context":"https:\/\/schema.org","@graph":[{"@type":"WebPage","@id":"http:\/\/blog.saranagata.de\/?page_id=495","url":"http:\/\/blog.saranagata.de\/?page_id=495","name":"Nagarjuna, der Reformer - Saranagata","isPartOf":{"@id":"http:\/\/blog.saranagata.de\/#website"},"datePublished":"2020-10-26T17:46:18+00:00","dateModified":"2020-10-26T17:46:20+00:00","breadcrumb":{"@id":"http:\/\/blog.saranagata.de\/?page_id=495#breadcrumb"},"inLanguage":"de-DE","potentialAction":[{"@type":"ReadAction","target":["http:\/\/blog.saranagata.de\/?page_id=495"]}]},{"@type":"BreadcrumbList","@id":"http:\/\/blog.saranagata.de\/?page_id=495#breadcrumb","itemListElement":[{"@type":"ListItem","position":1,"name":"Startseite","item":"http:\/\/blog.saranagata.de\/"},{"@type":"ListItem","position":2,"name":"Nagarjuna, der Reformer"}]},{"@type":"WebSite","@id":"http:\/\/blog.saranagata.de\/#website","url":"http:\/\/blog.saranagata.de\/","name":"Saranagata","description":"Parthasarathis spirituelle Oase","potentialAction":[{"@type":"SearchAction","target":{"@type":"EntryPoint","urlTemplate":"http:\/\/blog.saranagata.de\/?s={search_term_string}"},"query-input":"required name=search_term_string"}],"inLanguage":"de-DE"}]}},"_links":{"self":[{"href":"http:\/\/blog.saranagata.de\/index.php?rest_route=\/wp\/v2\/pages\/495"}],"collection":[{"href":"http:\/\/blog.saranagata.de\/index.php?rest_route=\/wp\/v2\/pages"}],"about":[{"href":"http:\/\/blog.saranagata.de\/index.php?rest_route=\/wp\/v2\/types\/page"}],"author":[{"embeddable":true,"href":"http:\/\/blog.saranagata.de\/index.php?rest_route=\/wp\/v2\/users\/1"}],"replies":[{"embeddable":true,"href":"http:\/\/blog.saranagata.de\/index.php?rest_route=%2Fwp%2Fv2%2Fcomments&post=495"}],"version-history":[{"count":1,"href":"http:\/\/blog.saranagata.de\/index.php?rest_route=\/wp\/v2\/pages\/495\/revisions"}],"predecessor-version":[{"id":497,"href":"http:\/\/blog.saranagata.de\/index.php?rest_route=\/wp\/v2\/pages\/495\/revisions\/497"}],"wp:attachment":[{"href":"http:\/\/blog.saranagata.de\/index.php?rest_route=%2Fwp%2Fv2%2Fmedia&parent=495"}],"curies":[{"name":"wp","href":"https:\/\/api.w.org\/{rel}","templated":true}]}}