{"id":491,"date":"2020-10-26T17:34:40","date_gmt":"2020-10-26T17:34:40","guid":{"rendered":"http:\/\/blog.saranagata.de\/?page_id=491"},"modified":"2020-10-26T17:35:34","modified_gmt":"2020-10-26T17:35:34","slug":"praktikabilitaet-der-anweisungen","status":"publish","type":"page","link":"http:\/\/blog.saranagata.de\/?page_id=491","title":{"rendered":"Praktikabilit\u00e4t der Anweisungen"},"content":{"rendered":"\n<p>Die konsequente Aus\u00fcbung von Pancha-Sila und das unbeirrte Durchschreiten des edel-achtfachen Pfads, verlangt eine hohe geistig-moralische Integrit\u00e4t sowie eine sehr spezifische Ausrichtung des Lebens, Denkens und Handelns.<\/p>\n\n\n\n<p>Der Mensch von heute ertrinkt in einem \u00dcberangebot der Lebensoptionen. Hinzukommt, dass das Geb\u00e4ude seiner Moral und Ethik st\u00e4ndig ersch\u00fcttert wird durch das Suchtpotenzial des allgegenw\u00e4rtigen Konsumangebots. Die Herausforderung der Gesellschaft verlangt und pr\u00e4gt spektakul\u00e4re Asymmetrie des Bewusstseins!<\/p>\n\n\n\n<p>Gibt es in einem solchen Umfeld, die Kraft und die M\u00f6glichkeit, beharrlich und strebsam die Pancha-Sila und den achtfachen Pfad konsequent zu \u00fcben bis sich der Erfolg einstellt ? Wohl kaum!<\/p>\n\n\n\n<p>Aber dieses Problem gab es mit Sicherheit auch schon zu Buddhas Zeiten. Warum teilte er seine Erkenntnisse zuerst den f\u00fcnf Asketen mit? Weil nur sie, wenn \u00fcberhaupt jemand, die Lehre w\u00fcrden verstehen und die Anforderungen erf\u00fcllen k\u00f6nnen, und zwar in der Gemeinschaft mit Gleichgesinnten. Deshalb bildeten die f\u00fcnf Asketen eine skt. Sangha also eine Gemeinschaft, einen Klub! Vielleicht war sich Buddha sogar selbst dessen bewusst, dass seine Thesen eine &#8222;M\u00f6nch-Religion&#8220; war! Der doch recht stringente ethische Kodex von Verhaltensregeln galt von Anfang an als schwierig praktizierbar. Das zeigen die kritischen Diskussionen zu diesen Thesen, wie sie bereits beim ersten Konzil stattfanden.<\/p>\n\n\n\n<p>W\u00e4hrend des zweiten und dritten Konzils zeigten sich bereits die Tendenzen zu Abweichungen von der urspr\u00fcnglichen Lehre Buddhas. Sogar die konservative Lehrmeinung zu Buddhas Lehre, die &#8222;Theravada&#8220; genannt wird, zeigte Risse in der Exegetik. Diese wurden immer gravierender. Die Frage stand im Raum, wer und wie definiert man den achtfachen Pfad so, dass er universelle Geltung und G\u00fcltigkeit erh\u00e4lt?<\/p>\n","protected":false},"excerpt":{"rendered":"<p>Die konsequente Aus\u00fcbung von Pancha-Sila und das unbeirrte Durchschreiten des edel-achtfachen Pfads, verlangt eine hohe geistig-moralische Integrit\u00e4t sowie eine sehr spezifische Ausrichtung des Lebens, Denkens und Handelns. Der Mensch von heute ertrinkt in einem \u00dcberangebot der Lebensoptionen. Hinzukommt, dass das Geb\u00e4ude seiner Moral und Ethik st\u00e4ndig ersch\u00fcttert wird durch das Suchtpotenzial des allgegenw\u00e4rtigen Konsumangebots. Die &hellip; <a href=\"http:\/\/blog.saranagata.de\/?page_id=491\" class=\"more-link\"><span class=\"screen-reader-text\">Praktikabilit\u00e4t der Anweisungen<\/span> weiterlesen<\/a><\/p>\n","protected":false},"author":1,"featured_media":0,"parent":0,"menu_order":0,"comment_status":"closed","ping_status":"closed","template":"","meta":[],"yoast_head":"<!-- This site is optimized with the Yoast SEO plugin v20.10 - https:\/\/yoast.com\/wordpress\/plugins\/seo\/ -->\n<title>Praktikabilit\u00e4t der Anweisungen - Saranagata<\/title>\n<meta name=\"robots\" content=\"index, follow, max-snippet:-1, max-image-preview:large, max-video-preview:-1\" \/>\n<link rel=\"canonical\" href=\"http:\/\/blog.saranagata.de\/?page_id=491\" \/>\n<meta property=\"og:locale\" content=\"de_DE\" \/>\n<meta property=\"og:type\" content=\"article\" \/>\n<meta property=\"og:title\" content=\"Praktikabilit\u00e4t der Anweisungen - Saranagata\" \/>\n<meta property=\"og:description\" content=\"Die konsequente Aus\u00fcbung von Pancha-Sila und das unbeirrte Durchschreiten des edel-achtfachen Pfads, verlangt eine hohe geistig-moralische Integrit\u00e4t sowie eine sehr spezifische Ausrichtung des Lebens, Denkens und Handelns. Der Mensch von heute ertrinkt in einem \u00dcberangebot der Lebensoptionen. Hinzukommt, dass das Geb\u00e4ude seiner Moral und Ethik st\u00e4ndig ersch\u00fcttert wird durch das Suchtpotenzial des allgegenw\u00e4rtigen Konsumangebots. Die &hellip; Praktikabilit\u00e4t der Anweisungen weiterlesen\" \/>\n<meta property=\"og:url\" content=\"http:\/\/blog.saranagata.de\/?page_id=491\" \/>\n<meta property=\"og:site_name\" content=\"Saranagata\" \/>\n<meta property=\"article:modified_time\" content=\"2020-10-26T17:35:34+00:00\" \/>\n<meta name=\"twitter:card\" content=\"summary_large_image\" \/>\n<meta name=\"twitter:label1\" content=\"Gesch\u00e4tzte Lesezeit\" \/>\n\t<meta name=\"twitter:data1\" content=\"1 Minute\" \/>\n<script type=\"application\/ld+json\" class=\"yoast-schema-graph\">{\"@context\":\"https:\/\/schema.org\",\"@graph\":[{\"@type\":\"WebPage\",\"@id\":\"http:\/\/blog.saranagata.de\/?page_id=491\",\"url\":\"http:\/\/blog.saranagata.de\/?page_id=491\",\"name\":\"Praktikabilit\u00e4t der Anweisungen - Saranagata\",\"isPartOf\":{\"@id\":\"http:\/\/blog.saranagata.de\/#website\"},\"datePublished\":\"2020-10-26T17:34:40+00:00\",\"dateModified\":\"2020-10-26T17:35:34+00:00\",\"breadcrumb\":{\"@id\":\"http:\/\/blog.saranagata.de\/?page_id=491#breadcrumb\"},\"inLanguage\":\"de-DE\",\"potentialAction\":[{\"@type\":\"ReadAction\",\"target\":[\"http:\/\/blog.saranagata.de\/?page_id=491\"]}]},{\"@type\":\"BreadcrumbList\",\"@id\":\"http:\/\/blog.saranagata.de\/?page_id=491#breadcrumb\",\"itemListElement\":[{\"@type\":\"ListItem\",\"position\":1,\"name\":\"Startseite\",\"item\":\"http:\/\/blog.saranagata.de\/\"},{\"@type\":\"ListItem\",\"position\":2,\"name\":\"Praktikabilit\u00e4t der Anweisungen\"}]},{\"@type\":\"WebSite\",\"@id\":\"http:\/\/blog.saranagata.de\/#website\",\"url\":\"http:\/\/blog.saranagata.de\/\",\"name\":\"Saranagata\",\"description\":\"Parthasarathis spirituelle Oase\",\"potentialAction\":[{\"@type\":\"SearchAction\",\"target\":{\"@type\":\"EntryPoint\",\"urlTemplate\":\"http:\/\/blog.saranagata.de\/?s={search_term_string}\"},\"query-input\":\"required name=search_term_string\"}],\"inLanguage\":\"de-DE\"}]}<\/script>\n<!-- \/ Yoast SEO plugin. -->","yoast_head_json":{"title":"Praktikabilit\u00e4t der Anweisungen - Saranagata","robots":{"index":"index","follow":"follow","max-snippet":"max-snippet:-1","max-image-preview":"max-image-preview:large","max-video-preview":"max-video-preview:-1"},"canonical":"http:\/\/blog.saranagata.de\/?page_id=491","og_locale":"de_DE","og_type":"article","og_title":"Praktikabilit\u00e4t der Anweisungen - Saranagata","og_description":"Die konsequente Aus\u00fcbung von Pancha-Sila und das unbeirrte Durchschreiten des edel-achtfachen Pfads, verlangt eine hohe geistig-moralische Integrit\u00e4t sowie eine sehr spezifische Ausrichtung des Lebens, Denkens und Handelns. Der Mensch von heute ertrinkt in einem \u00dcberangebot der Lebensoptionen. Hinzukommt, dass das Geb\u00e4ude seiner Moral und Ethik st\u00e4ndig ersch\u00fcttert wird durch das Suchtpotenzial des allgegenw\u00e4rtigen Konsumangebots. Die &hellip; Praktikabilit\u00e4t der Anweisungen weiterlesen","og_url":"http:\/\/blog.saranagata.de\/?page_id=491","og_site_name":"Saranagata","article_modified_time":"2020-10-26T17:35:34+00:00","twitter_card":"summary_large_image","twitter_misc":{"Gesch\u00e4tzte Lesezeit":"1 Minute"},"schema":{"@context":"https:\/\/schema.org","@graph":[{"@type":"WebPage","@id":"http:\/\/blog.saranagata.de\/?page_id=491","url":"http:\/\/blog.saranagata.de\/?page_id=491","name":"Praktikabilit\u00e4t der Anweisungen - Saranagata","isPartOf":{"@id":"http:\/\/blog.saranagata.de\/#website"},"datePublished":"2020-10-26T17:34:40+00:00","dateModified":"2020-10-26T17:35:34+00:00","breadcrumb":{"@id":"http:\/\/blog.saranagata.de\/?page_id=491#breadcrumb"},"inLanguage":"de-DE","potentialAction":[{"@type":"ReadAction","target":["http:\/\/blog.saranagata.de\/?page_id=491"]}]},{"@type":"BreadcrumbList","@id":"http:\/\/blog.saranagata.de\/?page_id=491#breadcrumb","itemListElement":[{"@type":"ListItem","position":1,"name":"Startseite","item":"http:\/\/blog.saranagata.de\/"},{"@type":"ListItem","position":2,"name":"Praktikabilit\u00e4t der Anweisungen"}]},{"@type":"WebSite","@id":"http:\/\/blog.saranagata.de\/#website","url":"http:\/\/blog.saranagata.de\/","name":"Saranagata","description":"Parthasarathis spirituelle Oase","potentialAction":[{"@type":"SearchAction","target":{"@type":"EntryPoint","urlTemplate":"http:\/\/blog.saranagata.de\/?s={search_term_string}"},"query-input":"required name=search_term_string"}],"inLanguage":"de-DE"}]}},"_links":{"self":[{"href":"http:\/\/blog.saranagata.de\/index.php?rest_route=\/wp\/v2\/pages\/491"}],"collection":[{"href":"http:\/\/blog.saranagata.de\/index.php?rest_route=\/wp\/v2\/pages"}],"about":[{"href":"http:\/\/blog.saranagata.de\/index.php?rest_route=\/wp\/v2\/types\/page"}],"author":[{"embeddable":true,"href":"http:\/\/blog.saranagata.de\/index.php?rest_route=\/wp\/v2\/users\/1"}],"replies":[{"embeddable":true,"href":"http:\/\/blog.saranagata.de\/index.php?rest_route=%2Fwp%2Fv2%2Fcomments&post=491"}],"version-history":[{"count":2,"href":"http:\/\/blog.saranagata.de\/index.php?rest_route=\/wp\/v2\/pages\/491\/revisions"}],"predecessor-version":[{"id":494,"href":"http:\/\/blog.saranagata.de\/index.php?rest_route=\/wp\/v2\/pages\/491\/revisions\/494"}],"wp:attachment":[{"href":"http:\/\/blog.saranagata.de\/index.php?rest_route=%2Fwp%2Fv2%2Fmedia&parent=491"}],"curies":[{"name":"wp","href":"https:\/\/api.w.org\/{rel}","templated":true}]}}