{"id":487,"date":"2020-10-26T17:29:10","date_gmt":"2020-10-26T17:29:10","guid":{"rendered":"http:\/\/blog.saranagata.de\/?page_id=487"},"modified":"2020-10-26T17:32:49","modified_gmt":"2020-10-26T17:32:49","slug":"die-essenz-von-buddhas-lehre","status":"publish","type":"page","link":"http:\/\/blog.saranagata.de\/?page_id=487","title":{"rendered":"Die Essenz von Buddhas Lehre"},"content":{"rendered":"\n<p>Buddhas urspr\u00fcngliche Lehre basiert auf der in Indien hinreichend bekannten Bedingtheit von Samsara und dem bindenden Element Maya. Schon die arischen M\u00f6nche hatten diesen zwingenden Kreislauf erkannt und immer wieder gebetet:<\/p>\n\n\n\n<p><em>Ashato Ma Shath Gamaya, Tamasho Ma Yotirgamaya &#8230;..<\/em><\/p>\n\n\n\n<p>Bei Buddha tritt jedoch das Wort &#8222;Dukkha&#8220; also Leiden in den Vordergrund. Er sagt, das Werden-Sein-Vergehen sei eine Trag\u00f6die in vielen Akten. Wir nehmen Abschied von der Kindheit, dann von der Jugend, dem mittleren Alter, dem Alter und dann am Ende steht der Tod. Im Zuge der uns gegebenen Lebenszeit kultivieren wir Neid, Missgunst, Egoismus, ein Spektrum an L\u00fcgen, erleben Entt\u00e4uschungen, Krankheit, Angst und schlie\u00dfen das Drama unseres Lebens zun\u00e4chst mit dem Tod ab. Aber durch unsere Verhaltensweisen setzen wir wieder eine neue Ursache als einen Impuls in einem neuen Gewand, f\u00fcr eine neue Geburt, immer und immer wieder wiederholt sich das Leben und das Leiden, in einem immerw\u00e4hrenden Kreislauf!<\/p>\n\n\n\n<p>Die Welt ist, so Buddha, nur eine Manifestation unseres Geistes, und hat keine reale Existenz .Alles was wir als Ding, Sache, Ereignis, Gef\u00fchl wahrnehmen, erkennen, bewerten, definieren &#8212; alles ist ohne inh\u00e4rentes Vorhandensein. Im Einzelnen sowie im Gesamten sind alle Ph\u00e4nomene der Welt letztlich leer (Shunya!).<\/p>\n\n\n\n<p>Diese Leerheit ist aber nicht, wie es die westliche Philosophie verstehen w\u00fcrde, die Abwesenheit von etwas, was synonym f\u00fcr das Sein zu definieren w\u00e4re. Buddhas &#8222;Leerheit&#8220; ist weder Sein (Existentialismus) noch Nichts (Nihilismus), sondern eine dimensionslose &#8222;Leerheit&#8220; (skt. Shunyata). Die sogenannte Realit\u00e4t ist nur eine auf der Wahrnehmung basierende Projektion! Der ber\u00fchmte Autor und Interpret Basubandhu sagt: &#8222;Diese F\u00e4higkeit des Geistes, dies zu erkennen ist in Skt Vigyana (metaphysische Erkenntnis). Das Erreichen dieses Zustands, die Leerheit zu erkennen, ist das ultimative Ziel des Buddhismus!&#8220;<\/p>\n\n\n\n<p>Deshalb hei\u00dft es:<\/p>\n\n\n\n<p><strong>&#8222;Die Vollkommenheit deines Lebens spiegelt sich in der Leere deines Daseins wieder.&#8220;<\/strong><\/p>\n\n\n\n<p>Buddha starb der \u00dcberlieferung nach im Alter von ca. 80 Jahren, im Jahr 483 v. Chr. in Kushinagar (heute Kashia bei Gorakhpur). Er hatte ca. 39 &#8211; 40 lange Jahre Nord- und Nordostindien bereist und seine Erkenntnisse vorgetragen. Erstaunlicherweise aber hatte er nichts Schriftliches hinterlassen. Das ist sehr merkw\u00fcrdig! Es ist also anzunehmen, dass er Analphabet war. Seine Weggef\u00e4hrten haben, wie in der vedischen Zeiten, Smriti (aus dem Ged\u00e4chtnis) und Shruti (das Geh\u00f6rte) seine Lehrreden weitergegeben, so wie sie diese verstanden hatten oder meinten verstanden zu haben. Deshalb lohnt es sich, die zwischen den Zeilen durchschimmernden Wahrheiten, zwischen den tradierten Texten, aufmerksam zu studieren und verstehen zu versuchen.<\/p>\n\n\n\n<p>Zuerst verk\u00fcndete Budha in einem Gazellen-Park unweit von Benares an seinen bereits bekannten f\u00fcnf Asketen:<\/p>\n\n\n\n<h3 class=\"wp-block-heading\">Die vier edlen Wahrheiten<\/h3>\n\n\n\n<p><strong>1) Dukkha:<\/strong><br>Leiden durch Reinkarnation im Kreislauf von Werden-Sein-Vergehen im Strom des Samsara-Flusses.<\/p>\n\n\n\n<p><strong>2) Karana:<\/strong><br>Ursachen, daf\u00fcr sind Verblendung, Verlangen, Gier, Hass, Durst in vielen Nuancen, sie bedingen st\u00e4ndiges Handeln. Das Handeln verursacht die Vernebelung des Geistes und verhindert es, die eigene wahre Natur erkennen zu k\u00f6nnen.<\/p>\n\n\n\n<p><strong>3) Nirodha:<\/strong><br>Pr\u00e4vention &#8211; ein jeder ist bef\u00e4higt die Natur seines Geistes zu erkennen und dadurch diesen Kreislauf zu beenden.<\/p>\n\n\n\n<p><strong>4) Marga:<\/strong><br>Den Weg der Erl\u00f6sung von diesem Leidens beschreibt der Achtfache-Pfad.<\/p>\n\n\n\n<p><\/p>\n\n\n\n<p class=\"has-text-align-center\"><strong>Am Anfang jedoch die geeignete Lebensf\u00fchrung<\/strong><\/p>\n\n\n\n<h3 class=\"has-text-align-center wp-block-heading\">Die Pancha-Sila<\/h3>\n\n\n\n<p>Die f\u00fcnf ethisch-moralischen Verhaltensregeln:<\/p>\n\n\n\n<ol><li>Keine Lebewesen t\u00f6ten oder verletzen.<\/li><li>Nichts an sich nehmen, was kein Geschenk ist.<\/li><li>Keine ausschweifenden, sinnlichen Handlungen vornehmen, oder ihnen beiwohnen.<\/li><li>Nicht l\u00fcgen und mit Menschen nur wohlwollend sprechen.<\/li><li>Keine Substanzen konsumieren, die den Geist vernebeln, in die Irre leiten und die bewusste Wahrnehmung negativ beeinflussen.<\/li><\/ol>\n\n\n\n<p><\/p>\n\n\n\n<h3 class=\"wp-block-heading\">Der Edle Achtfache Pfad &#8211; Anleitung und Ethik<\/h3>\n\n\n\n<p><em><strong>Die Anweisungen sind in vier Kategorien unterteilt<\/strong><\/em><\/p>\n\n\n\n<p>a.) Kategorie: Einsicht und Entschluss<\/p>\n\n\n\n<ul><li>Rechte Einsicht = skt. Dristi<\/li><li>Rechte Gesinnung = skt. Sankalpa<\/li><\/ul>\n\n\n\n<p>b.) Kategorie: Kommunikation und Aktion<\/p>\n\n\n\n<ul><li>Rechte Rede = skt. Batscha<\/li><li>Rechtes Handeln = skt. Karma<\/li><\/ul>\n\n\n\n<p>c.) Kategorie: Lebensf\u00fchrung im Alltag<\/p>\n\n\n\n<ul><li>Rechte Askese = skt. Brahmacharya<\/li><li>Rechter Erwerb = skt. Ajiba<\/li><\/ul>\n\n\n\n<p>d.) Kategorie: \u00dcbung und Meditation<\/p>\n\n\n\n<ul><li>Rechtes Streben = skt. Sadhana<\/li><li>Rechtes Sich-Versenken = skt. Samadhi<\/li><\/ul>\n\n\n\n<p>Die \u00fcberlieferten Texte sollen erst 80 v. Chr. niedergeschrieben worden sein und man fand diese Schriften im Felsenkloster von Aluvihara\/Sri Lanka. Aus diesen Schriften ging der Pali-Kanon hervor &#8211; die Grundlage des Theravada-Buddhismus. Das Wort Thera stammt wahrscheinlich aus skt. Sthira, ( best\u00e4ndig) und Veda = Doktrin) also die Ewige Lehre!<\/p>\n\n\n\n<p>Die M\u00f6nche mussten t\u00e4glich murmeln, memorieren und sich einpr\u00e4gen:<\/p>\n\n\n\n<p><em>Buddhan Sharanan Gachchami<\/em> = Im Geiste nehme ich Zuflucht zu Buddha<\/p>\n\n\n\n<p><em>Dharman Sharanan Gachchami<\/em> = Im Geiste tauche ich in die Buddha-Lehre ein<\/p>\n\n\n\n<p><em>Shanghan Sharanann Gachchami <\/em>= Ich nehme teil an der Gemeinschaft<\/p>\n\n\n\n<p>Satipatthana Sutta beschreibt einige Wege, wie z.B.<\/p>\n\n\n\n<p><em>Vipassana<\/em> = Dies bedeutet etymologisch &#8222;spezifische Orientierung&#8220;<\/p>\n\n\n\n<p>Wobei auf die drei existentiellen Zust\u00e4nde hingewiesen wird:<\/p>\n\n\n\n<p>a.) Anitya (nicht ewig \/ Unbest\u00e4ndigkeit )<\/p>\n\n\n\n<p>b.) Dukkha ( die Trag\u00f6die \/ Leidhaftigkeit )<\/p>\n\n\n\n<p>c.) Anatma (nicht selbst)<\/p>\n\n\n\n<p>Und als Erg\u00e4nzung wird noch u.a. folgender Meditationsweg beschrieben:<\/p>\n\n\n\n<p><em>Mano-Yoga ( Yoga der Achtsamkeit )<\/em><\/p>\n\n\n\n<p>der sich konzentriert auf die subtilen Bewegungen und Wahrnehmungen<\/p>\n\n\n\n<ul><li>des K\u00f6rpers<\/li><li>des Geistes ( Gedanken)<\/li><li>der Gef\u00fchle ( Emotionen)<\/li><li>die Objekte im Geist (Reziprok- Aufnahme)<\/li><\/ul>\n\n\n\n<p><strong>Das Ziel:<\/strong><\/p>\n\n\n\n<p>Es soll nicht nur der Kreislauf der Reinkarnationen durchbrochen werden, sondern der Strebende soll an sich selbst die wahre Natur des Geistes als Leerheit erkennen und erfahren.<\/p>\n\n\n\n<p>Dieser Meditationsweg gilt heute als sog, &#8222;mindfullness&#8220; ( Achtsamkeit) und hat eine gro\u00dfe psychologische Relevanz!<\/p>\n\n\n\n<p>Die Leerheit, wie sie Buddhas These beschreibt, ist erst erfahrbar wenn das Bewusstsein, die Beherrschung und die Befreiung von der folgenden &#8222;zw\u00f6lfgliedrigen&#8220; Kette stattfindet :<\/p>\n\n\n\n<ol><li>Ignoranz (skt. Avidya)<\/li><li>Reformation (skt. Samaskar)<\/li><li>Bewusstsein (skt. Vignana)<\/li><li>Imagination ( skt. Nam-Rup)<\/li><li>Sechs Sinne (skt. Sara Indrya)<\/li><li>Ber\u00fchrung (skt. Sparsha)<\/li><li>Leiderfahrung (skt. Bedana)<\/li><li>Begierde (skt. Trishna)<\/li><li>Anhaftung (skt. Aham\/Upadan)<\/li><li>Attit\u00fcde \/ Emotionale Haltung (skt. Bhaba)<\/li><li>Herkunft \/ Geburt ( skt. Yanma)<\/li><li>Alter\/ Schmerz\/ Tod ( skt. Yara \/ Shoka \/ Mrittu)<\/li><\/ol>\n","protected":false},"excerpt":{"rendered":"<p>Buddhas urspr\u00fcngliche Lehre basiert auf der in Indien hinreichend bekannten Bedingtheit von Samsara und dem bindenden Element Maya. Schon die arischen M\u00f6nche hatten diesen zwingenden Kreislauf erkannt und immer wieder gebetet: Ashato Ma Shath Gamaya, Tamasho Ma Yotirgamaya &#8230;.. Bei Buddha tritt jedoch das Wort &#8222;Dukkha&#8220; also Leiden in den Vordergrund. Er sagt, das Werden-Sein-Vergehen &hellip; <a href=\"http:\/\/blog.saranagata.de\/?page_id=487\" class=\"more-link\"><span class=\"screen-reader-text\">Die Essenz von Buddhas Lehre<\/span> weiterlesen<\/a><\/p>\n","protected":false},"author":1,"featured_media":0,"parent":0,"menu_order":0,"comment_status":"closed","ping_status":"closed","template":"","meta":[],"yoast_head":"<!-- This site is optimized with the Yoast SEO plugin v20.10 - https:\/\/yoast.com\/wordpress\/plugins\/seo\/ -->\n<title>Die Essenz von Buddhas Lehre - Saranagata<\/title>\n<meta name=\"robots\" content=\"index, follow, max-snippet:-1, max-image-preview:large, max-video-preview:-1\" \/>\n<link rel=\"canonical\" href=\"http:\/\/blog.saranagata.de\/?page_id=487\" \/>\n<meta property=\"og:locale\" content=\"de_DE\" \/>\n<meta property=\"og:type\" content=\"article\" \/>\n<meta property=\"og:title\" content=\"Die Essenz von Buddhas Lehre - Saranagata\" \/>\n<meta property=\"og:description\" content=\"Buddhas urspr\u00fcngliche Lehre basiert auf der in Indien hinreichend bekannten Bedingtheit von Samsara und dem bindenden Element Maya. Schon die arischen M\u00f6nche hatten diesen zwingenden Kreislauf erkannt und immer wieder gebetet: Ashato Ma Shath Gamaya, Tamasho Ma Yotirgamaya &#8230;.. Bei Buddha tritt jedoch das Wort &#8222;Dukkha&#8220; also Leiden in den Vordergrund. Er sagt, das Werden-Sein-Vergehen &hellip; Die Essenz von Buddhas Lehre weiterlesen\" \/>\n<meta property=\"og:url\" content=\"http:\/\/blog.saranagata.de\/?page_id=487\" \/>\n<meta property=\"og:site_name\" content=\"Saranagata\" \/>\n<meta property=\"article:modified_time\" content=\"2020-10-26T17:32:49+00:00\" \/>\n<meta name=\"twitter:card\" content=\"summary_large_image\" \/>\n<meta name=\"twitter:label1\" content=\"Gesch\u00e4tzte Lesezeit\" \/>\n\t<meta name=\"twitter:data1\" content=\"5 Minuten\" \/>\n<script type=\"application\/ld+json\" class=\"yoast-schema-graph\">{\"@context\":\"https:\/\/schema.org\",\"@graph\":[{\"@type\":\"WebPage\",\"@id\":\"http:\/\/blog.saranagata.de\/?page_id=487\",\"url\":\"http:\/\/blog.saranagata.de\/?page_id=487\",\"name\":\"Die Essenz von Buddhas Lehre - Saranagata\",\"isPartOf\":{\"@id\":\"http:\/\/blog.saranagata.de\/#website\"},\"datePublished\":\"2020-10-26T17:29:10+00:00\",\"dateModified\":\"2020-10-26T17:32:49+00:00\",\"breadcrumb\":{\"@id\":\"http:\/\/blog.saranagata.de\/?page_id=487#breadcrumb\"},\"inLanguage\":\"de-DE\",\"potentialAction\":[{\"@type\":\"ReadAction\",\"target\":[\"http:\/\/blog.saranagata.de\/?page_id=487\"]}]},{\"@type\":\"BreadcrumbList\",\"@id\":\"http:\/\/blog.saranagata.de\/?page_id=487#breadcrumb\",\"itemListElement\":[{\"@type\":\"ListItem\",\"position\":1,\"name\":\"Startseite\",\"item\":\"http:\/\/blog.saranagata.de\/\"},{\"@type\":\"ListItem\",\"position\":2,\"name\":\"Die Essenz von Buddhas Lehre\"}]},{\"@type\":\"WebSite\",\"@id\":\"http:\/\/blog.saranagata.de\/#website\",\"url\":\"http:\/\/blog.saranagata.de\/\",\"name\":\"Saranagata\",\"description\":\"Parthasarathis spirituelle Oase\",\"potentialAction\":[{\"@type\":\"SearchAction\",\"target\":{\"@type\":\"EntryPoint\",\"urlTemplate\":\"http:\/\/blog.saranagata.de\/?s={search_term_string}\"},\"query-input\":\"required name=search_term_string\"}],\"inLanguage\":\"de-DE\"}]}<\/script>\n<!-- \/ Yoast SEO plugin. -->","yoast_head_json":{"title":"Die Essenz von Buddhas Lehre - Saranagata","robots":{"index":"index","follow":"follow","max-snippet":"max-snippet:-1","max-image-preview":"max-image-preview:large","max-video-preview":"max-video-preview:-1"},"canonical":"http:\/\/blog.saranagata.de\/?page_id=487","og_locale":"de_DE","og_type":"article","og_title":"Die Essenz von Buddhas Lehre - Saranagata","og_description":"Buddhas urspr\u00fcngliche Lehre basiert auf der in Indien hinreichend bekannten Bedingtheit von Samsara und dem bindenden Element Maya. Schon die arischen M\u00f6nche hatten diesen zwingenden Kreislauf erkannt und immer wieder gebetet: Ashato Ma Shath Gamaya, Tamasho Ma Yotirgamaya &#8230;.. Bei Buddha tritt jedoch das Wort &#8222;Dukkha&#8220; also Leiden in den Vordergrund. Er sagt, das Werden-Sein-Vergehen &hellip; Die Essenz von Buddhas Lehre weiterlesen","og_url":"http:\/\/blog.saranagata.de\/?page_id=487","og_site_name":"Saranagata","article_modified_time":"2020-10-26T17:32:49+00:00","twitter_card":"summary_large_image","twitter_misc":{"Gesch\u00e4tzte Lesezeit":"5 Minuten"},"schema":{"@context":"https:\/\/schema.org","@graph":[{"@type":"WebPage","@id":"http:\/\/blog.saranagata.de\/?page_id=487","url":"http:\/\/blog.saranagata.de\/?page_id=487","name":"Die Essenz von Buddhas Lehre - Saranagata","isPartOf":{"@id":"http:\/\/blog.saranagata.de\/#website"},"datePublished":"2020-10-26T17:29:10+00:00","dateModified":"2020-10-26T17:32:49+00:00","breadcrumb":{"@id":"http:\/\/blog.saranagata.de\/?page_id=487#breadcrumb"},"inLanguage":"de-DE","potentialAction":[{"@type":"ReadAction","target":["http:\/\/blog.saranagata.de\/?page_id=487"]}]},{"@type":"BreadcrumbList","@id":"http:\/\/blog.saranagata.de\/?page_id=487#breadcrumb","itemListElement":[{"@type":"ListItem","position":1,"name":"Startseite","item":"http:\/\/blog.saranagata.de\/"},{"@type":"ListItem","position":2,"name":"Die Essenz von Buddhas Lehre"}]},{"@type":"WebSite","@id":"http:\/\/blog.saranagata.de\/#website","url":"http:\/\/blog.saranagata.de\/","name":"Saranagata","description":"Parthasarathis spirituelle Oase","potentialAction":[{"@type":"SearchAction","target":{"@type":"EntryPoint","urlTemplate":"http:\/\/blog.saranagata.de\/?s={search_term_string}"},"query-input":"required name=search_term_string"}],"inLanguage":"de-DE"}]}},"_links":{"self":[{"href":"http:\/\/blog.saranagata.de\/index.php?rest_route=\/wp\/v2\/pages\/487"}],"collection":[{"href":"http:\/\/blog.saranagata.de\/index.php?rest_route=\/wp\/v2\/pages"}],"about":[{"href":"http:\/\/blog.saranagata.de\/index.php?rest_route=\/wp\/v2\/types\/page"}],"author":[{"embeddable":true,"href":"http:\/\/blog.saranagata.de\/index.php?rest_route=\/wp\/v2\/users\/1"}],"replies":[{"embeddable":true,"href":"http:\/\/blog.saranagata.de\/index.php?rest_route=%2Fwp%2Fv2%2Fcomments&post=487"}],"version-history":[{"count":2,"href":"http:\/\/blog.saranagata.de\/index.php?rest_route=\/wp\/v2\/pages\/487\/revisions"}],"predecessor-version":[{"id":490,"href":"http:\/\/blog.saranagata.de\/index.php?rest_route=\/wp\/v2\/pages\/487\/revisions\/490"}],"wp:attachment":[{"href":"http:\/\/blog.saranagata.de\/index.php?rest_route=%2Fwp%2Fv2%2Fmedia&parent=487"}],"curies":[{"name":"wp","href":"https:\/\/api.w.org\/{rel}","templated":true}]}}