{"id":484,"date":"2020-10-26T17:06:20","date_gmt":"2020-10-26T17:06:20","guid":{"rendered":"http:\/\/blog.saranagata.de\/?page_id=484"},"modified":"2020-10-26T17:06:22","modified_gmt":"2020-10-26T17:06:22","slug":"ursprung-und-entwicklung-des-buddhismus","status":"publish","type":"page","link":"http:\/\/blog.saranagata.de\/?page_id=484","title":{"rendered":"Ursprung und Entwicklung des Buddhismus"},"content":{"rendered":"\n<p>Wie bereits angedeutet, hat der enorme zeitliche Abstand, zwischen dem Ableben Gautamas und der schriftlichen Festlegung seiner Lehren sowie die allm\u00e4hliche Verbreitung nebst den Abwandlungen in den einzelnen L\u00e4ndern, auch bef\u00f6rdert durch K\u00f6nige und nicht zuletzt durch die internationalen Studenten der Nalanda-Universit\u00e4t, die Original-Lehre von Gautama Buddha fast bis zum Unkenntlichkeit ver\u00e4ndert! Vor Jahren sagte mir ein Professor f\u00fcr \u00f6stliche Religionswissenschaften, &#8222;Buddhas Lehre sei heute wie die Suche nach Milch in einer Buttercremetorte!&#8220;<\/p>\n\n\n\n<h2 class=\"wp-block-heading\">Die Geschichte<\/h2>\n\n\n\n<p>Der Legende nach wurde Gautama als er 29 Jahre alt war mit einigen schwierigen Lebenssituationen konfrontiert, wie sie jedem Menschen im Leben widerfahren k\u00f6nnen. Er begegnete einem alten, gebrechlichen Menschen, einem Todkranken, und wurde Zeuge eines Todesfalls. Diese dramatischen Lebenssituationen bewegten ihn sehr, er wurde nachdenklich und kam zu dem Schluss, dass sich das Leben &#8211; das aus Werden-Sein-Vergehen besteht, als eine Abfolge von Leiderfahrungen erweist. Er suchte nun nach einem Ausweg aus diesem allgegenw\u00e4rtigen Leiden (skt. Dukkha), nach einem Weg heraus aus Samsara, dem immerw\u00e4hrenden leidvollen Zyklus des Seins.<\/p>\n\n\n\n<p>Er verlie\u00df seinen Palast, Frau und Kind, erhielt die Initiation und wurde ein streng asketischer M\u00f6nch, denn er dachte durch Selbstgei\u00dfelung und mit weltabgekehrtem und hermetisch gereinigtem Geist, k\u00f6nne er die Antwort auf seiner existentielle Frage finden. Aber nach ca. achtj\u00e4hriger strenger Askese, mit dem Tode ringend, erkannte er seinen Irrtum &#8211; und kehrte schlie\u00dflich in das Leben eines &#8222;normalen&#8220; M\u00f6nchtums zur\u00fcck.<\/p>\n\n\n\n<p>Eines Tages beschloss er, unter einem Bodhi-Baum sitzend, solange dort zu meditieren, bis ihm eine den geisterhellende Antwort zuteil w\u00fcrde. Und so geschah es, &#8211; im Jahr ca. 525 v. Chr. &#8211; in Buddhgaya\/Bihar, als er unter dem Bodhi-Baum in tiefer meditativer Versenkung verharrte. Diese Erkenntnis hob ihn auf die metaphysische Ebene der Erleuchtung und sp\u00e4ter ins Nirwana.<\/p>\n\n\n\n<p>Was bedeutet eigentlich das Wort Nirwana? Es geht zur\u00fcck auf (skt. Ni=Ende, skt. Wana= flie\u00dfend), bedeutet also \u00dcberwindung des Samsara-Flusses!<\/p>\n\n\n\n<p>Der Buddhismus sagt: skt. Nirwanam Param Shukham, also, Nirwana ist die ultimative, bedingungslose Freude.<\/p>\n\n\n\n<p>Buddha lehrt seinen Lieblingssch\u00fcler Sariputra,&#8220;Ende der Begierde, Ende von Hass und Diskriminierung, Ende von Maya, mein Freund, das ist Nirwana.&#8220; (Nirwana Karika).<\/p>\n","protected":false},"excerpt":{"rendered":"<p>Wie bereits angedeutet, hat der enorme zeitliche Abstand, zwischen dem Ableben Gautamas und der schriftlichen Festlegung seiner Lehren sowie die allm\u00e4hliche Verbreitung nebst den Abwandlungen in den einzelnen L\u00e4ndern, auch bef\u00f6rdert durch K\u00f6nige und nicht zuletzt durch die internationalen Studenten der Nalanda-Universit\u00e4t, die Original-Lehre von Gautama Buddha fast bis zum Unkenntlichkeit ver\u00e4ndert! Vor Jahren sagte &hellip; <a href=\"http:\/\/blog.saranagata.de\/?page_id=484\" class=\"more-link\"><span class=\"screen-reader-text\">Ursprung und Entwicklung des Buddhismus<\/span> weiterlesen<\/a><\/p>\n","protected":false},"author":1,"featured_media":0,"parent":0,"menu_order":0,"comment_status":"closed","ping_status":"closed","template":"","meta":[],"yoast_head":"<!-- This site is optimized with the Yoast SEO plugin v20.10 - https:\/\/yoast.com\/wordpress\/plugins\/seo\/ -->\n<title>Ursprung und Entwicklung des Buddhismus - Saranagata<\/title>\n<meta name=\"robots\" content=\"index, follow, max-snippet:-1, max-image-preview:large, max-video-preview:-1\" \/>\n<link rel=\"canonical\" href=\"http:\/\/blog.saranagata.de\/?page_id=484\" \/>\n<meta property=\"og:locale\" content=\"de_DE\" \/>\n<meta property=\"og:type\" content=\"article\" \/>\n<meta property=\"og:title\" content=\"Ursprung und Entwicklung des Buddhismus - Saranagata\" \/>\n<meta property=\"og:description\" content=\"Wie bereits angedeutet, hat der enorme zeitliche Abstand, zwischen dem Ableben Gautamas und der schriftlichen Festlegung seiner Lehren sowie die allm\u00e4hliche Verbreitung nebst den Abwandlungen in den einzelnen L\u00e4ndern, auch bef\u00f6rdert durch K\u00f6nige und nicht zuletzt durch die internationalen Studenten der Nalanda-Universit\u00e4t, die Original-Lehre von Gautama Buddha fast bis zum Unkenntlichkeit ver\u00e4ndert! Vor Jahren sagte &hellip; Ursprung und Entwicklung des Buddhismus weiterlesen\" \/>\n<meta property=\"og:url\" content=\"http:\/\/blog.saranagata.de\/?page_id=484\" \/>\n<meta property=\"og:site_name\" content=\"Saranagata\" \/>\n<meta property=\"article:modified_time\" content=\"2020-10-26T17:06:22+00:00\" \/>\n<meta name=\"twitter:card\" content=\"summary_large_image\" \/>\n<meta name=\"twitter:label1\" content=\"Gesch\u00e4tzte Lesezeit\" \/>\n\t<meta name=\"twitter:data1\" content=\"2 Minuten\" \/>\n<script type=\"application\/ld+json\" class=\"yoast-schema-graph\">{\"@context\":\"https:\/\/schema.org\",\"@graph\":[{\"@type\":\"WebPage\",\"@id\":\"http:\/\/blog.saranagata.de\/?page_id=484\",\"url\":\"http:\/\/blog.saranagata.de\/?page_id=484\",\"name\":\"Ursprung und Entwicklung des Buddhismus - Saranagata\",\"isPartOf\":{\"@id\":\"http:\/\/blog.saranagata.de\/#website\"},\"datePublished\":\"2020-10-26T17:06:20+00:00\",\"dateModified\":\"2020-10-26T17:06:22+00:00\",\"breadcrumb\":{\"@id\":\"http:\/\/blog.saranagata.de\/?page_id=484#breadcrumb\"},\"inLanguage\":\"de-DE\",\"potentialAction\":[{\"@type\":\"ReadAction\",\"target\":[\"http:\/\/blog.saranagata.de\/?page_id=484\"]}]},{\"@type\":\"BreadcrumbList\",\"@id\":\"http:\/\/blog.saranagata.de\/?page_id=484#breadcrumb\",\"itemListElement\":[{\"@type\":\"ListItem\",\"position\":1,\"name\":\"Startseite\",\"item\":\"http:\/\/blog.saranagata.de\/\"},{\"@type\":\"ListItem\",\"position\":2,\"name\":\"Ursprung und Entwicklung des Buddhismus\"}]},{\"@type\":\"WebSite\",\"@id\":\"http:\/\/blog.saranagata.de\/#website\",\"url\":\"http:\/\/blog.saranagata.de\/\",\"name\":\"Saranagata\",\"description\":\"Parthasarathis spirituelle Oase\",\"potentialAction\":[{\"@type\":\"SearchAction\",\"target\":{\"@type\":\"EntryPoint\",\"urlTemplate\":\"http:\/\/blog.saranagata.de\/?s={search_term_string}\"},\"query-input\":\"required name=search_term_string\"}],\"inLanguage\":\"de-DE\"}]}<\/script>\n<!-- \/ Yoast SEO plugin. -->","yoast_head_json":{"title":"Ursprung und Entwicklung des Buddhismus - Saranagata","robots":{"index":"index","follow":"follow","max-snippet":"max-snippet:-1","max-image-preview":"max-image-preview:large","max-video-preview":"max-video-preview:-1"},"canonical":"http:\/\/blog.saranagata.de\/?page_id=484","og_locale":"de_DE","og_type":"article","og_title":"Ursprung und Entwicklung des Buddhismus - Saranagata","og_description":"Wie bereits angedeutet, hat der enorme zeitliche Abstand, zwischen dem Ableben Gautamas und der schriftlichen Festlegung seiner Lehren sowie die allm\u00e4hliche Verbreitung nebst den Abwandlungen in den einzelnen L\u00e4ndern, auch bef\u00f6rdert durch K\u00f6nige und nicht zuletzt durch die internationalen Studenten der Nalanda-Universit\u00e4t, die Original-Lehre von Gautama Buddha fast bis zum Unkenntlichkeit ver\u00e4ndert! Vor Jahren sagte &hellip; Ursprung und Entwicklung des Buddhismus weiterlesen","og_url":"http:\/\/blog.saranagata.de\/?page_id=484","og_site_name":"Saranagata","article_modified_time":"2020-10-26T17:06:22+00:00","twitter_card":"summary_large_image","twitter_misc":{"Gesch\u00e4tzte Lesezeit":"2 Minuten"},"schema":{"@context":"https:\/\/schema.org","@graph":[{"@type":"WebPage","@id":"http:\/\/blog.saranagata.de\/?page_id=484","url":"http:\/\/blog.saranagata.de\/?page_id=484","name":"Ursprung und Entwicklung des Buddhismus - Saranagata","isPartOf":{"@id":"http:\/\/blog.saranagata.de\/#website"},"datePublished":"2020-10-26T17:06:20+00:00","dateModified":"2020-10-26T17:06:22+00:00","breadcrumb":{"@id":"http:\/\/blog.saranagata.de\/?page_id=484#breadcrumb"},"inLanguage":"de-DE","potentialAction":[{"@type":"ReadAction","target":["http:\/\/blog.saranagata.de\/?page_id=484"]}]},{"@type":"BreadcrumbList","@id":"http:\/\/blog.saranagata.de\/?page_id=484#breadcrumb","itemListElement":[{"@type":"ListItem","position":1,"name":"Startseite","item":"http:\/\/blog.saranagata.de\/"},{"@type":"ListItem","position":2,"name":"Ursprung und Entwicklung des Buddhismus"}]},{"@type":"WebSite","@id":"http:\/\/blog.saranagata.de\/#website","url":"http:\/\/blog.saranagata.de\/","name":"Saranagata","description":"Parthasarathis spirituelle Oase","potentialAction":[{"@type":"SearchAction","target":{"@type":"EntryPoint","urlTemplate":"http:\/\/blog.saranagata.de\/?s={search_term_string}"},"query-input":"required name=search_term_string"}],"inLanguage":"de-DE"}]}},"_links":{"self":[{"href":"http:\/\/blog.saranagata.de\/index.php?rest_route=\/wp\/v2\/pages\/484"}],"collection":[{"href":"http:\/\/blog.saranagata.de\/index.php?rest_route=\/wp\/v2\/pages"}],"about":[{"href":"http:\/\/blog.saranagata.de\/index.php?rest_route=\/wp\/v2\/types\/page"}],"author":[{"embeddable":true,"href":"http:\/\/blog.saranagata.de\/index.php?rest_route=\/wp\/v2\/users\/1"}],"replies":[{"embeddable":true,"href":"http:\/\/blog.saranagata.de\/index.php?rest_route=%2Fwp%2Fv2%2Fcomments&post=484"}],"version-history":[{"count":1,"href":"http:\/\/blog.saranagata.de\/index.php?rest_route=\/wp\/v2\/pages\/484\/revisions"}],"predecessor-version":[{"id":486,"href":"http:\/\/blog.saranagata.de\/index.php?rest_route=\/wp\/v2\/pages\/484\/revisions\/486"}],"wp:attachment":[{"href":"http:\/\/blog.saranagata.de\/index.php?rest_route=%2Fwp%2Fv2%2Fmedia&parent=484"}],"curies":[{"name":"wp","href":"https:\/\/api.w.org\/{rel}","templated":true}]}}