{"id":481,"date":"2020-10-26T16:46:43","date_gmt":"2020-10-26T16:46:43","guid":{"rendered":"http:\/\/blog.saranagata.de\/?page_id=481"},"modified":"2020-10-26T16:46:44","modified_gmt":"2020-10-26T16:46:44","slug":"historischer-kontext","status":"publish","type":"page","link":"http:\/\/blog.saranagata.de\/?page_id=481","title":{"rendered":"Historischer Kontext"},"content":{"rendered":"\n<p>Bevor ich mich der Frage zuwende, welchen Ursprung die Bewegung um Gautama hatte und welches ihre zentrale Thematik ist, sollte darauf hingewiesen werden, dass es dazu keine gesicherte empirische Faktenlage gibt, wenn auch einige Hinweise.<\/p>\n\n\n\n<p>Alexander der Gro\u00dfe aus Mazedonien \u00fcberfiel Indien im Jahr 327 v. Chr. Das hei\u00dft, Gautama Buddha lebte 236 Jahre vor der Eroberung Indiens durch Alexander den Gro\u00dfen.<\/p>\n\n\n\n<p>Das ist auch f\u00fcr den indischen Subkontinent die Fr\u00fchzeit seiner Geschichte. Hinzukommt, dass das erste buddhistische Konzil, erst im Jahr 340 v. Chr., also ca. 140 Jahre nach Gautamas Ableben, stattfand und zwar in Rajgir\/Bihar. Bis zu diesem Zeitpunkt hatte man Buddhas Lehrreden, die er \u00fcber ca. 45 Jahre lang gehalten hatte, nur m\u00fcndlich weitervermittelt und so dem Ged\u00e4chtnis der Welt erhalten. Solche immens langen Zeitr\u00e4ume f\u00f6rderten mit Sicherheit vielerlei Umdeutungen und Konfabulationen!<\/p>\n\n\n\n<p>Bereits im ersten Konzil gab es Kontroversen \u00fcber die Auslegungen der Lehre. Diskutiert wurden \u00fcber ( skt.) Dharma (Pali: Dhamma) und Vinaya (Verhaltenskodex von M\u00f6nchen).<\/p>\n\n\n\n<p>Das zweite Konzil fand 70 Jahre sp\u00e4ter 270 v. Chr. in Vaisali\/Bihar statt.<\/p>\n\n\n\n<p>Das dritte Konzil (Mahasangika) 250 v. Chr. in Pataliputra (heute Patna\/Bihar), es soll 9 Monate gedauert haben. Es gab enorme Meinungsverschiedenheiten dar\u00fcber, welches die Originalaussagen Gautama Buddhas waren. Man diskutierte also \u00fcber &#8222;Theravada&#8220; (Hina Yana) und die inzwischen modifizierten Aussagen, also (&#8222;Maha Yana\u201c). Beim dritten Konzil wurden die Texte durch Ananda, einen Vetter von Gautama Buddha, der diesen 25 Jahre lang begleitet hatte, zusammengefasst. Bis heute ist diese Sammlung sehr bekannt als&#8220; Pali-Kanon&#8220;!<\/p>\n\n\n\n<p>Nach Erlangung der Erleuchtung bereiste Gautama Buddha ca. 49 Jahre lang prim\u00e4r den n\u00f6rdlichen und nord\u00f6stlichen Teil Indiens und propagierte seine &#8222;Religi\u00f6sen Wahrheiten&#8220;. Dabei haben zwei Pers\u00f6nlichkeiten zum Erfolg dieser Mission beigetragen; es sind Sariputra und Modgolayana.<\/p>\n\n\n\n<p>Die tr\u00f6stliche Gewissheit von Samsara befreit werden zu k\u00f6nnen, bescherte Gautamas Lehre eine hohe Wertsch\u00e4tzung. Unter der K\u00f6nigs-Dynastie von Maurja (320 -185 v. Chr.) wurde der Buddhismus sogar Staatsreligion in Indien. W\u00e4hrend der Herrscher-Dynastie von Guptas (320 &#8211; 550 n. Chr.) begann der Buddhismus in Indien an Bedeutung zu verlieren. Einen erneuten Aufschwung erfuhr er jedoch w\u00e4hrend der Regentschaft von K\u00f6nig Harshabardhana (606 &#8211; 647 n. Chr.). Etwa ab 1000 &#8211; 1100 n. Chr. ging der Buddhismus in Indien praktisch unter!<\/p>\n\n\n\n<p>Aber von der einstigen Bedeutung und dem gro\u00dfen Einfluss zeugen noch heute die Ruinen der Nalanda-Universit\u00e4t in Nordost- Indien aus dem 5. -11. Jh. n. Chr., wo neben dem Buddhismus auch naturwissenschaftliche F\u00e4cher gelehrt wurden und Lehrer und Studenten aus allen Teilen Indiens und allen asiatischen L\u00e4ndern bis hin zur Mongolei lehrten und lernten. Erw\u00e4hnenswert sind auch die im Bundesstaat Maharashtra gelegenen zwei erstaunlichen H\u00f6hlenkomplexe, die Tempelkomplexe von Ajanta und Ellora mit ihren 29 H\u00f6hlen von Ajanta (2. Jh. v. Chr.- 6. Jh. n. Chr.), bzw. 34 H\u00f6hlen von Ellora (5. -11. Jh. n. Chr.) voller wunderbarer Bilder, die viele Phasen des Lebens von Buddha darstellen.<\/p>\n\n\n\n<p>Ajanta und Ellora sind UNESCO-Weltkulturerbe der Menschheit!<\/p>\n","protected":false},"excerpt":{"rendered":"<p>Bevor ich mich der Frage zuwende, welchen Ursprung die Bewegung um Gautama hatte und welches ihre zentrale Thematik ist, sollte darauf hingewiesen werden, dass es dazu keine gesicherte empirische Faktenlage gibt, wenn auch einige Hinweise. Alexander der Gro\u00dfe aus Mazedonien \u00fcberfiel Indien im Jahr 327 v. Chr. Das hei\u00dft, Gautama Buddha lebte 236 Jahre vor &hellip; <a href=\"http:\/\/blog.saranagata.de\/?page_id=481\" class=\"more-link\"><span class=\"screen-reader-text\">Historischer Kontext<\/span> weiterlesen<\/a><\/p>\n","protected":false},"author":1,"featured_media":0,"parent":0,"menu_order":0,"comment_status":"closed","ping_status":"closed","template":"","meta":[],"yoast_head":"<!-- This site is optimized with the Yoast SEO plugin v20.10 - https:\/\/yoast.com\/wordpress\/plugins\/seo\/ -->\n<title>Historischer Kontext - Saranagata<\/title>\n<meta name=\"robots\" content=\"index, follow, max-snippet:-1, max-image-preview:large, max-video-preview:-1\" \/>\n<link rel=\"canonical\" href=\"http:\/\/blog.saranagata.de\/?page_id=481\" \/>\n<meta property=\"og:locale\" content=\"de_DE\" \/>\n<meta property=\"og:type\" content=\"article\" \/>\n<meta property=\"og:title\" content=\"Historischer Kontext - Saranagata\" \/>\n<meta property=\"og:description\" content=\"Bevor ich mich der Frage zuwende, welchen Ursprung die Bewegung um Gautama hatte und welches ihre zentrale Thematik ist, sollte darauf hingewiesen werden, dass es dazu keine gesicherte empirische Faktenlage gibt, wenn auch einige Hinweise. Alexander der Gro\u00dfe aus Mazedonien \u00fcberfiel Indien im Jahr 327 v. Chr. Das hei\u00dft, Gautama Buddha lebte 236 Jahre vor &hellip; Historischer Kontext weiterlesen\" \/>\n<meta property=\"og:url\" content=\"http:\/\/blog.saranagata.de\/?page_id=481\" \/>\n<meta property=\"og:site_name\" content=\"Saranagata\" \/>\n<meta property=\"article:modified_time\" content=\"2020-10-26T16:46:44+00:00\" \/>\n<meta name=\"twitter:card\" content=\"summary_large_image\" \/>\n<meta name=\"twitter:label1\" content=\"Gesch\u00e4tzte Lesezeit\" \/>\n\t<meta name=\"twitter:data1\" content=\"2 Minuten\" \/>\n<script type=\"application\/ld+json\" class=\"yoast-schema-graph\">{\"@context\":\"https:\/\/schema.org\",\"@graph\":[{\"@type\":\"WebPage\",\"@id\":\"http:\/\/blog.saranagata.de\/?page_id=481\",\"url\":\"http:\/\/blog.saranagata.de\/?page_id=481\",\"name\":\"Historischer Kontext - Saranagata\",\"isPartOf\":{\"@id\":\"http:\/\/blog.saranagata.de\/#website\"},\"datePublished\":\"2020-10-26T16:46:43+00:00\",\"dateModified\":\"2020-10-26T16:46:44+00:00\",\"breadcrumb\":{\"@id\":\"http:\/\/blog.saranagata.de\/?page_id=481#breadcrumb\"},\"inLanguage\":\"de-DE\",\"potentialAction\":[{\"@type\":\"ReadAction\",\"target\":[\"http:\/\/blog.saranagata.de\/?page_id=481\"]}]},{\"@type\":\"BreadcrumbList\",\"@id\":\"http:\/\/blog.saranagata.de\/?page_id=481#breadcrumb\",\"itemListElement\":[{\"@type\":\"ListItem\",\"position\":1,\"name\":\"Startseite\",\"item\":\"http:\/\/blog.saranagata.de\/\"},{\"@type\":\"ListItem\",\"position\":2,\"name\":\"Historischer Kontext\"}]},{\"@type\":\"WebSite\",\"@id\":\"http:\/\/blog.saranagata.de\/#website\",\"url\":\"http:\/\/blog.saranagata.de\/\",\"name\":\"Saranagata\",\"description\":\"Parthasarathis spirituelle Oase\",\"potentialAction\":[{\"@type\":\"SearchAction\",\"target\":{\"@type\":\"EntryPoint\",\"urlTemplate\":\"http:\/\/blog.saranagata.de\/?s={search_term_string}\"},\"query-input\":\"required name=search_term_string\"}],\"inLanguage\":\"de-DE\"}]}<\/script>\n<!-- \/ Yoast SEO plugin. -->","yoast_head_json":{"title":"Historischer Kontext - Saranagata","robots":{"index":"index","follow":"follow","max-snippet":"max-snippet:-1","max-image-preview":"max-image-preview:large","max-video-preview":"max-video-preview:-1"},"canonical":"http:\/\/blog.saranagata.de\/?page_id=481","og_locale":"de_DE","og_type":"article","og_title":"Historischer Kontext - Saranagata","og_description":"Bevor ich mich der Frage zuwende, welchen Ursprung die Bewegung um Gautama hatte und welches ihre zentrale Thematik ist, sollte darauf hingewiesen werden, dass es dazu keine gesicherte empirische Faktenlage gibt, wenn auch einige Hinweise. Alexander der Gro\u00dfe aus Mazedonien \u00fcberfiel Indien im Jahr 327 v. Chr. Das hei\u00dft, Gautama Buddha lebte 236 Jahre vor &hellip; Historischer Kontext weiterlesen","og_url":"http:\/\/blog.saranagata.de\/?page_id=481","og_site_name":"Saranagata","article_modified_time":"2020-10-26T16:46:44+00:00","twitter_card":"summary_large_image","twitter_misc":{"Gesch\u00e4tzte Lesezeit":"2 Minuten"},"schema":{"@context":"https:\/\/schema.org","@graph":[{"@type":"WebPage","@id":"http:\/\/blog.saranagata.de\/?page_id=481","url":"http:\/\/blog.saranagata.de\/?page_id=481","name":"Historischer Kontext - Saranagata","isPartOf":{"@id":"http:\/\/blog.saranagata.de\/#website"},"datePublished":"2020-10-26T16:46:43+00:00","dateModified":"2020-10-26T16:46:44+00:00","breadcrumb":{"@id":"http:\/\/blog.saranagata.de\/?page_id=481#breadcrumb"},"inLanguage":"de-DE","potentialAction":[{"@type":"ReadAction","target":["http:\/\/blog.saranagata.de\/?page_id=481"]}]},{"@type":"BreadcrumbList","@id":"http:\/\/blog.saranagata.de\/?page_id=481#breadcrumb","itemListElement":[{"@type":"ListItem","position":1,"name":"Startseite","item":"http:\/\/blog.saranagata.de\/"},{"@type":"ListItem","position":2,"name":"Historischer Kontext"}]},{"@type":"WebSite","@id":"http:\/\/blog.saranagata.de\/#website","url":"http:\/\/blog.saranagata.de\/","name":"Saranagata","description":"Parthasarathis spirituelle Oase","potentialAction":[{"@type":"SearchAction","target":{"@type":"EntryPoint","urlTemplate":"http:\/\/blog.saranagata.de\/?s={search_term_string}"},"query-input":"required name=search_term_string"}],"inLanguage":"de-DE"}]}},"_links":{"self":[{"href":"http:\/\/blog.saranagata.de\/index.php?rest_route=\/wp\/v2\/pages\/481"}],"collection":[{"href":"http:\/\/blog.saranagata.de\/index.php?rest_route=\/wp\/v2\/pages"}],"about":[{"href":"http:\/\/blog.saranagata.de\/index.php?rest_route=\/wp\/v2\/types\/page"}],"author":[{"embeddable":true,"href":"http:\/\/blog.saranagata.de\/index.php?rest_route=\/wp\/v2\/users\/1"}],"replies":[{"embeddable":true,"href":"http:\/\/blog.saranagata.de\/index.php?rest_route=%2Fwp%2Fv2%2Fcomments&post=481"}],"version-history":[{"count":1,"href":"http:\/\/blog.saranagata.de\/index.php?rest_route=\/wp\/v2\/pages\/481\/revisions"}],"predecessor-version":[{"id":483,"href":"http:\/\/blog.saranagata.de\/index.php?rest_route=\/wp\/v2\/pages\/481\/revisions\/483"}],"wp:attachment":[{"href":"http:\/\/blog.saranagata.de\/index.php?rest_route=%2Fwp%2Fv2%2Fmedia&parent=481"}],"curies":[{"name":"wp","href":"https:\/\/api.w.org\/{rel}","templated":true}]}}