{"id":472,"date":"2020-10-26T16:26:05","date_gmt":"2020-10-26T16:26:05","guid":{"rendered":"http:\/\/blog.saranagata.de\/?page_id=472"},"modified":"2020-10-26T18:34:58","modified_gmt":"2020-10-26T18:34:58","slug":"gautama-buddha","status":"publish","type":"page","link":"http:\/\/blog.saranagata.de\/?page_id=472","title":{"rendered":"Gautama Buddha"},"content":{"rendered":"\n<h2 class=\"has-text-align-center wp-block-heading\">Der Shakya Muni<\/h2>\n\n\n\n<div class=\"wp-block-image\"><figure class=\"aligncenter size-large\"><img decoding=\"async\" loading=\"lazy\" width=\"486\" height=\"687\" src=\"http:\/\/blog.saranagata.de\/wp-content\/uploads\/2020\/10\/PE_20190316_180744.png\" alt=\"\" class=\"wp-image-473\" srcset=\"http:\/\/blog.saranagata.de\/wp-content\/uploads\/2020\/10\/PE_20190316_180744.png 486w, http:\/\/blog.saranagata.de\/wp-content\/uploads\/2020\/10\/PE_20190316_180744-212x300.png 212w\" sizes=\"(max-width: 486px) 100vw, 486px\" \/><figcaption><em>Fiktives Bild von Gautama Buddha    \/     Malerin: Rita Ghosh<\/em><\/figcaption><\/figure><\/div>\n\n\n\n<p>Viele Autoren haben, gem\u00e4\u00df Ihrem Kenntnisstand, in den letzten Jahren \u00fcber Gautama Buddha und seine Lehren geschrieben und auch \u00fcber die zuk\u00fcnftige Entwicklung des Buddhismus. Deshalb m\u00f6chte ich mich, trotz meiner langj\u00e4hrigen Besch\u00e4ftigung mit dem Buddhismus und der Beherrschung des Sanskrit und der Pali-Sprachen, auf die zentralen Aspekte konzentrieren, aber nicht ohne die Dimension des durchaus ausufernden Drangs Aufkl\u00e4rung leisten zu wollen, kurz zu beleuchten.<\/p>\n\n\n\n<p><\/p>\n","protected":false},"excerpt":{"rendered":"<p>Der Shakya Muni Viele Autoren haben, gem\u00e4\u00df Ihrem Kenntnisstand, in den letzten Jahren \u00fcber Gautama Buddha und seine Lehren geschrieben und auch \u00fcber die zuk\u00fcnftige Entwicklung des Buddhismus. Deshalb m\u00f6chte ich mich, trotz meiner langj\u00e4hrigen Besch\u00e4ftigung mit dem Buddhismus und der Beherrschung des Sanskrit und der Pali-Sprachen, auf die zentralen Aspekte konzentrieren, aber nicht ohne &hellip; <a href=\"http:\/\/blog.saranagata.de\/?page_id=472\" class=\"more-link\"><span class=\"screen-reader-text\">Gautama Buddha<\/span> weiterlesen<\/a><\/p>\n","protected":false},"author":1,"featured_media":0,"parent":0,"menu_order":0,"comment_status":"closed","ping_status":"closed","template":"","meta":[],"yoast_head":"<!-- This site is optimized with the Yoast SEO plugin v20.10 - https:\/\/yoast.com\/wordpress\/plugins\/seo\/ -->\n<title>Gautama Buddha - Saranagata<\/title>\n<meta name=\"robots\" content=\"index, follow, max-snippet:-1, max-image-preview:large, max-video-preview:-1\" \/>\n<link rel=\"canonical\" href=\"http:\/\/blog.saranagata.de\/?page_id=472\" \/>\n<meta property=\"og:locale\" content=\"de_DE\" \/>\n<meta property=\"og:type\" content=\"article\" \/>\n<meta property=\"og:title\" content=\"Gautama Buddha - Saranagata\" \/>\n<meta property=\"og:description\" content=\"Der Shakya Muni Viele Autoren haben, gem\u00e4\u00df Ihrem Kenntnisstand, in den letzten Jahren \u00fcber Gautama Buddha und seine Lehren geschrieben und auch \u00fcber die zuk\u00fcnftige Entwicklung des Buddhismus. Deshalb m\u00f6chte ich mich, trotz meiner langj\u00e4hrigen Besch\u00e4ftigung mit dem Buddhismus und der Beherrschung des Sanskrit und der Pali-Sprachen, auf die zentralen Aspekte konzentrieren, aber nicht ohne &hellip; Gautama Buddha weiterlesen\" \/>\n<meta property=\"og:url\" content=\"http:\/\/blog.saranagata.de\/?page_id=472\" \/>\n<meta property=\"og:site_name\" content=\"Saranagata\" \/>\n<meta property=\"article:modified_time\" content=\"2020-10-26T18:34:58+00:00\" \/>\n<meta property=\"og:image\" content=\"http:\/\/blog.saranagata.de\/wp-content\/uploads\/2020\/10\/PE_20190316_180744.png\" \/>\n<meta name=\"twitter:card\" content=\"summary_large_image\" \/>\n<script type=\"application\/ld+json\" class=\"yoast-schema-graph\">{\"@context\":\"https:\/\/schema.org\",\"@graph\":[{\"@type\":\"WebPage\",\"@id\":\"http:\/\/blog.saranagata.de\/?page_id=472\",\"url\":\"http:\/\/blog.saranagata.de\/?page_id=472\",\"name\":\"Gautama Buddha - Saranagata\",\"isPartOf\":{\"@id\":\"http:\/\/blog.saranagata.de\/#website\"},\"datePublished\":\"2020-10-26T16:26:05+00:00\",\"dateModified\":\"2020-10-26T18:34:58+00:00\",\"breadcrumb\":{\"@id\":\"http:\/\/blog.saranagata.de\/?page_id=472#breadcrumb\"},\"inLanguage\":\"de-DE\",\"potentialAction\":[{\"@type\":\"ReadAction\",\"target\":[\"http:\/\/blog.saranagata.de\/?page_id=472\"]}]},{\"@type\":\"BreadcrumbList\",\"@id\":\"http:\/\/blog.saranagata.de\/?page_id=472#breadcrumb\",\"itemListElement\":[{\"@type\":\"ListItem\",\"position\":1,\"name\":\"Startseite\",\"item\":\"http:\/\/blog.saranagata.de\/\"},{\"@type\":\"ListItem\",\"position\":2,\"name\":\"Gautama Buddha\"}]},{\"@type\":\"WebSite\",\"@id\":\"http:\/\/blog.saranagata.de\/#website\",\"url\":\"http:\/\/blog.saranagata.de\/\",\"name\":\"Saranagata\",\"description\":\"Parthasarathis spirituelle Oase\",\"potentialAction\":[{\"@type\":\"SearchAction\",\"target\":{\"@type\":\"EntryPoint\",\"urlTemplate\":\"http:\/\/blog.saranagata.de\/?s={search_term_string}\"},\"query-input\":\"required name=search_term_string\"}],\"inLanguage\":\"de-DE\"}]}<\/script>\n<!-- \/ Yoast SEO plugin. -->","yoast_head_json":{"title":"Gautama Buddha - Saranagata","robots":{"index":"index","follow":"follow","max-snippet":"max-snippet:-1","max-image-preview":"max-image-preview:large","max-video-preview":"max-video-preview:-1"},"canonical":"http:\/\/blog.saranagata.de\/?page_id=472","og_locale":"de_DE","og_type":"article","og_title":"Gautama Buddha - Saranagata","og_description":"Der Shakya Muni Viele Autoren haben, gem\u00e4\u00df Ihrem Kenntnisstand, in den letzten Jahren \u00fcber Gautama Buddha und seine Lehren geschrieben und auch \u00fcber die zuk\u00fcnftige Entwicklung des Buddhismus. Deshalb m\u00f6chte ich mich, trotz meiner langj\u00e4hrigen Besch\u00e4ftigung mit dem Buddhismus und der Beherrschung des Sanskrit und der Pali-Sprachen, auf die zentralen Aspekte konzentrieren, aber nicht ohne &hellip; Gautama Buddha weiterlesen","og_url":"http:\/\/blog.saranagata.de\/?page_id=472","og_site_name":"Saranagata","article_modified_time":"2020-10-26T18:34:58+00:00","og_image":[{"url":"http:\/\/blog.saranagata.de\/wp-content\/uploads\/2020\/10\/PE_20190316_180744.png"}],"twitter_card":"summary_large_image","schema":{"@context":"https:\/\/schema.org","@graph":[{"@type":"WebPage","@id":"http:\/\/blog.saranagata.de\/?page_id=472","url":"http:\/\/blog.saranagata.de\/?page_id=472","name":"Gautama Buddha - Saranagata","isPartOf":{"@id":"http:\/\/blog.saranagata.de\/#website"},"datePublished":"2020-10-26T16:26:05+00:00","dateModified":"2020-10-26T18:34:58+00:00","breadcrumb":{"@id":"http:\/\/blog.saranagata.de\/?page_id=472#breadcrumb"},"inLanguage":"de-DE","potentialAction":[{"@type":"ReadAction","target":["http:\/\/blog.saranagata.de\/?page_id=472"]}]},{"@type":"BreadcrumbList","@id":"http:\/\/blog.saranagata.de\/?page_id=472#breadcrumb","itemListElement":[{"@type":"ListItem","position":1,"name":"Startseite","item":"http:\/\/blog.saranagata.de\/"},{"@type":"ListItem","position":2,"name":"Gautama Buddha"}]},{"@type":"WebSite","@id":"http:\/\/blog.saranagata.de\/#website","url":"http:\/\/blog.saranagata.de\/","name":"Saranagata","description":"Parthasarathis spirituelle Oase","potentialAction":[{"@type":"SearchAction","target":{"@type":"EntryPoint","urlTemplate":"http:\/\/blog.saranagata.de\/?s={search_term_string}"},"query-input":"required name=search_term_string"}],"inLanguage":"de-DE"}]}},"_links":{"self":[{"href":"http:\/\/blog.saranagata.de\/index.php?rest_route=\/wp\/v2\/pages\/472"}],"collection":[{"href":"http:\/\/blog.saranagata.de\/index.php?rest_route=\/wp\/v2\/pages"}],"about":[{"href":"http:\/\/blog.saranagata.de\/index.php?rest_route=\/wp\/v2\/types\/page"}],"author":[{"embeddable":true,"href":"http:\/\/blog.saranagata.de\/index.php?rest_route=\/wp\/v2\/users\/1"}],"replies":[{"embeddable":true,"href":"http:\/\/blog.saranagata.de\/index.php?rest_route=%2Fwp%2Fv2%2Fcomments&post=472"}],"version-history":[{"count":3,"href":"http:\/\/blog.saranagata.de\/index.php?rest_route=\/wp\/v2\/pages\/472\/revisions"}],"predecessor-version":[{"id":520,"href":"http:\/\/blog.saranagata.de\/index.php?rest_route=\/wp\/v2\/pages\/472\/revisions\/520"}],"wp:attachment":[{"href":"http:\/\/blog.saranagata.de\/index.php?rest_route=%2Fwp%2Fv2%2Fmedia&parent=472"}],"curies":[{"name":"wp","href":"https:\/\/api.w.org\/{rel}","templated":true}]}}