{"id":401,"date":"2018-08-28T15:03:07","date_gmt":"2018-08-28T15:03:07","guid":{"rendered":"http:\/\/blog.saranagata.de\/?page_id=401"},"modified":"2018-08-28T16:53:41","modified_gmt":"2018-08-28T16:53:41","slug":"sukzessive-divinitaets-exposition-von-nimai","status":"publish","type":"page","link":"http:\/\/blog.saranagata.de\/?page_id=401","title":{"rendered":"Sukzessive Divinit\u00e4ts-Exposition von Nimai"},"content":{"rendered":"<p><span style=\"font-size: large;\"><b>(Die schrittweise Enth\u00fcllung von Nimais G\u00f6ttlichkeit)<\/b><\/span><\/p>\n<p><span style=\"font-size: medium;\">Gadadhar ist Nimai ergeben. Er macht Nimai praktisch Tag und Nacht seine Aufwartung. Zum Beispiel richtet er Nimais Bett, bereitet f\u00fcr ihn die Betelbl\u00e4tter (bengl. Pan) vor, wedelte ihm mit dem F\u00e4cher Luft zu und schl\u00e4ft auch neben seinen F\u00fc\u00dfen am Boden. Gadadhar tr\u00e4gt einen sehnlichen Wunsch im Herzen, die Initiation in die Krishna-Liebe erteilt durch Nimai pers\u00f6nlich. Aber er war zu sch\u00fcchtern, um Nimai pers\u00f6nlich darauf anzusprechen. Bei Anbruch der Nacht, als Nimai sich nach dem Ende der Kirtana-Feierlichkeiten hingelegt hatte, ber\u00fchrte Gadadhar Nimais Fu\u00df und fing an zu weinen. Nach dem Grund gefragt sagte er \u201eSo viele Menschen haben \u201eErl\u00f6sung\u201c erfahren, nur ich bleibe davon ausgeschlossen!&#8220; <\/span><\/p>\n<p><span style=\"font-size: medium;\">Da lachte Nimai und sagte tr\u00f6stend: \u201eDiesen Segen wirst du auch empfangen. Morgen, wenn du im Ganges badest, wirst du beseelt sein von Krishnas-Liebe.\u201c Voller Erwartung ging Gadadhar in den fr\u00fchen Morgenstunden zum Baden. <\/span><\/p>\n<p>\u201e\u2026 <span style=\"font-size: medium;\">Die versammelten Verehrer im Hause Nimai sahen dann, wie Gadadhar ihnen voller Freude, taumelnd und weinend entgegenkam und schlie\u00dflich Nimai zu F\u00fc\u00dfen fiel. Schmunzelnd fragte er: \u201eNa, hast du sie bekommen Gadadhar?\u201c Aber \u00fcberw\u00e4ltigt von seinem Erlebnis konnte dieser nicht sprechen\u2026\u201c<\/span><\/p>\n<p><em><span style=\"font-size: medium;\">(vide: Chaitanyamangal 6\/11)<\/span><\/em><\/p>\n<p><span style=\"font-size: medium;\">Sri Advayta ist bereits vorgestellt worden. Er war der Vorstand der Vaishnavas ( Krishna-Verehrer)- Gemeinde. W\u00e4hrend der Versammlung in seinem Haus wurden einschl\u00e4gige B\u00fccher gelesen, besprochen und rezitiert. Pl\u00f6tzlich sprach jemand von Nimai und sagte \u201eNimai, der nicht nur ein stolzer, \u00fcberragender Gelehrter ist, sondern ehemals auch die Krishna-Verehrung verspottete, ist heute so bescheiden, unterw\u00fcrfig und dem\u00fctig. Seine Liebe gegen\u00fcber Krishna erinnert an die von Sukhdeva oder Prahlada (mythologische Figuren!)<\/span><\/p>\n<p><span style=\"font-size: medium;\">Daraufhin sagte Sri Advayta mit belegter Stimme \u201eNachdem ich einer Strophe aus Bhagavad-Gita nicht folgen konnte, habe ich gestern voller Trauer gefastet und bin dann eingeschlafen. <\/span><\/p>\n<p><span style=\"font-size: medium;\">Tief in der Nacht, im Traum, rief mich jemand und fl\u00fcsterte: Acharya, steh auf der Vers bedeutet dies,hier &#8230; das ist die Bedeutung des Verses. Warum bist du so traurig? Deine Sehnsucht geht in Erf\u00fcllung. Ich erscheine jetzt vor dir pers\u00f6nlich. <\/span><\/p>\n<p><span style=\"font-size: medium;\">Nachdem ich die Augen ge\u00f6ffnet hatte, sah ich Bischwambar (Nimai) vor mir stehen. Ganz allm\u00e4hlich verschwand sein Bild. Ich bin ein Diener Krishnas und habe ein Leben lang mit der Meditation \u00fcber ihn verbracht. Wenn er wirklich in dieser Welt erscheint, wird er mich sicherlich besuchen. Ich bin zuversichtlich!\u201c<\/span><\/p>\n<p><span style=\"font-size: medium;\">Sri Advayta war mehr als 70 Jahre alt und voller Trauer wiederholte er, dass unsere Bekehrung nur durch Krishna selbst m\u00f6glich ist. Voller Vertrauen sagte er \u201eBruder, sei still, er wird mit Sicherheit bald erscheinen und ihr werdet Augenzeuge sein.\u201c<\/span><\/p>\n<p><span style=\"font-size: medium;\">Ein seit Langem praktizierender Asket namens Shuklambar Brahmachari lebte unweit des Gangesufers. Er kannte Nimai seit seiner Kindheit und betrachtete ihn als eigenen Sohn. Aufgrund seiner spirituellen \u00dcbungspraxis und seiner zahlreichen Besuche von Pilgerst\u00e4tten, war er sehr stolz und von seiner Eignung als Empf\u00e4nger von Krishnas Gnade sehr \u00fcberzeugt. Als Bettelm\u00f6nch kam er Nimai besuchen, dabei trug er in seinem Schulters-Sack (bengl. Jhuli) etwas ungesch\u00e4lten Bruchreis und Tabak und forderte vehement seine Initiation. <\/span><\/p>\n<p><span style=\"font-size: medium;\">Als Antwort erwiderte Nimai: <\/span><\/p>\n<p><span style=\"font-size: medium;\">&#8222;Kin Tatra Santi N\u00e4 Srigalcheuastatah Kim&#8230;..&#8220;<\/span><\/p>\n<p><em><span style=\"font-size: medium;\">(vide: Chaitanya Charitamrita 6\/8)<\/span><\/em><\/p>\n<p><span style=\"font-size: medium;\">Kurz: <\/span><\/p>\n<p><span style=\"font-size: medium;\"><i>In den Pilgerorten Darabati, Madhupura, zur <\/i><\/span><span style=\"font-size: medium;\">Belohnung bist du keinem Hund oder Fuchs begegnet?<\/span><\/p>\n<p><span style=\"font-size: medium;\">Die Bedeutung dieser Worte verstand Shuklambar Brahmachari: <\/span><\/p>\n<p>\u201e<span style=\"font-size: medium;\">Ein Bergsee entsteht nicht auf der Bergspitze.\u201c Seine \u00dcberheblichkeit und anma\u00dfende Selbst\u00fcbersch\u00e4tzung wurde ihm sofort klar. Weinend fiel er zu Boden. Nimai verzieh ihm wie immer voller Mitleid. Und erteilte ihm die Krishna-Prem-Initiation. Dann nahm er etwas Reis aus dem Sack und fing an zu kauen. <\/span><\/p>\n<p><span style=\"font-size: medium;\">An einem Vormittag etwa Ende April, Anfang Mai sa\u00df Sribash im Gebetsraum vor dem Altar, versunken in Meditation. Pl\u00f6tzlich klopfte jemand an die T\u00fcr und rief, Sribash, mach bitte schnell die T\u00fcr auf&#8220;. In seiner Meditation gest\u00f6rt fragte Sribash \u201eWer ist da?\u201c Die Stimme antwortete, \u201eDie Erf\u00fcllung deiner Sehnsucht.\u201c<\/span><\/p>\n<p><span style=\"font-size: medium;\">Ver\u00e4rgert aber auch neugierig machte Sribash die T\u00fcr auf. Nimai kam herein, schob die Vishnu Symbole auf dem Altar zur Seite und nahm selbst dort Platz. <\/span><\/p>\n<p><span style=\"font-size: medium;\">Sribash war nicht nur erstaunt, sondern auch verbl\u00fcfft, denn er sah, dass Nimai zwar \u00e4u\u00dferlich unver\u00e4ndert war, aber sein K\u00f6rper strahlte ein seltsames glei\u00dfendes Licht aus. Ihm verschlug es die Sprache. <\/span><\/p>\n<p><span style=\"font-size: medium;\">Dann sagte Nimai: \u201eSribash, ich bin erschienen, bereite jetzt das Reinigungsritual (bengl. Abhishek) vor&#8220;<\/span><\/p>\n<p><span style=\"font-size: medium;\">Unterdem Eindruck von Nimais Anblick, verstand Sribash das Wort &#8222;Ich bin&#8220; so, als beziehe es sich auf Sri Krishna pers\u00f6nlich. Dieser sa\u00df gerade vor ihm. Gott war f\u00fcr ihn in diesem Augenblick als Person anwesend! War das \u00fcberhaupt m\u00f6glich?<\/span><\/p>\n<p><span style=\"font-size: medium;\">Sicher eine selbst induzierte Illusion. Ich tr\u00e4ume! Aber die strahlende Figur vor mir, wer ist sie denn? Gott ist doch mit dem Geist und den Sinnen nicht wahrnehmbar. Sribash befand sich mitten in einem heftigen Strudel aus Erlebnis, Eindr\u00fccken und Emotionen. <\/span><\/p>\n<p><span style=\"font-size: medium;\">Als er sich etwas erholt hatte, erinnerte er sich an den Auftrag zur \u201eAbhishek-Zeremonie\u201c. Schreiend lief er hinaus und rief seine vier Br\u00fcder, dessen Ehefrauen und Bediensteten zusammen und verk\u00fcndete voller \u00dcberzeugung: \u201eKrishna ist eben erschienen, wir m\u00fcssen unverz\u00fcglich mit der \u201eAbhishek-Zeremonie\u201c beginnen. Besorgt bitte 100 Kr\u00fcge voll mit Wasser aus dem Ganges. Die Botschaft traf die Anwesenden wie ein Blitzschlag. Berauscht liefen sie alle zum Ganges, weinend, zitternd und voller ekstatischer Freude. <\/span><\/p>\n<p><em><span style=\"font-size: medium;\">(vide: Chandra-Udaya Drama 18\/22)<\/span><\/em><\/p>\n<p><span style=\"font-size: medium;\">\u00dcber einhundert Kr\u00fcge mit Ganges-Wasser lagerten nun auf dem umz\u00e4unten Gel\u00e4nde vor Sribashs Haus. Dann verlie\u00df Nimai den Schrein und nahm mitten im Hof auf einer breiten Holzpritsche (bengl. Pinri) Platz. Inzwischen hatte sich in einschl\u00e4gigen Kreisen die unglaubliche Nachricht von der Manifestation Sri Krishnas im K\u00f6rper von Nimai, wie ein Lauffeuer verbreitet. <\/span><\/p>\n<p><span style=\"font-size: medium;\">Daraufhin liefen Gadadhar, Mukunda Mitra, Murari, Shadasiv und zahlreiche andere Gl\u00e4ubiger auf den Platz. Die versammelten Damen und Herren \u2013 seelisch ersch\u00fcttert, emotional tief bewegt, zitternd und weinend \u2013 griffen sich die Kr\u00fcge und sch\u00fctteten das Wasser \u00fcber Nimais Kopf. Anschlie\u00dfend trockneten sie seinen K\u00f6rper mit wei\u00dfen T\u00fcchern und voller liebender Ehrfurcht wurde er in ein seidenes Gewand gekleidet. Nimai ging zur\u00fcck in den Gebetsraum und nahm Platz auf dem Altar. Zuvor schloss er die T\u00fcr. Die Menschen die drau\u00dfen standen erlebten wie Ihnen durch das Fenster und die T\u00fcrritze das ganze Farbspektrum des Lichts entgegenschlug.<\/span><\/p>\n<p>\u201e\u2026<span style=\"font-size: medium;\">aprapyabasherammushya\u2026:\u201c<\/span><\/p>\n<p><em><span style=\"font-size: medium;\">(vide: Chaitanya Charitamrita 5\/50)<\/span><\/em><\/p>\n<p><span style=\"font-size: medium;\">Man h\u00f6rte eine bet\u00f6rend sch\u00f6ne Melodie, gespielt auf der Fl\u00f6te. Es schien <\/span><span style=\"font-size: medium;\">als k\u00e4me diese Klangf\u00fclle etwa aus der Mitte des Hauses. Nimai rief <\/span>\u201e<span style=\"font-size: medium;\">Sribash!&#8220; Mit einer solchen Stimme hatte er Sribash bis jetzt noch nicht <\/span><span style=\"font-size: medium;\">gerufen! Als Sribash eintrat,, sagte Nimai \u201eSribash, ich m\u00f6chte die Audienz in <\/span><span style=\"font-size: medium;\">deinem Wohnzimmer fortsetzen, arrangiere es entsprechend.\u201c Dann verlie\u00df <\/span><span style=\"font-size: medium;\">er den Altar und nahm auf dem Sitztuch (bengl. Ashan) am Boden Platz. <\/span><\/p>\n<p><span style=\"font-size: medium;\">Sribash bat Gadadhar, den Altar ins Wohnzimmer zu bringen. <\/span><\/p>\n<p><span style=\"font-size: medium;\">Sribashs Br\u00fcder schm\u00fcckten das Zimmer mit einem Baldachin und bedeckten den Altar mit bl\u00fctenwei\u00dfen Bez\u00fcgen. Nimai verlie\u00df den Gebetsraum, ging ins Wohnzimmer und nahm Platz auf dem Altar. Dabei sahen die zahlreich anwesenden Menschen, dass Nimai von unz\u00e4hligen Lichtern umgeben war und die Leuchtkraft sogar das gleissende Licht der Sommersonne \u00fcbertraf. Aber die seltsame Helligkeit strahlte sowohl eine angenehme K\u00fchle wie auch ein bezauberndes Farbspektrum aus. Faszinierend und berauschend f\u00fcr die Augen und den Geist zugleich. <\/span><\/p>\n<p>\u201e<span style=\"font-size: medium;\">Gauranga Stadatha Greehang\u2026\u201c<\/span><\/p>\n<p><em><span style=\"font-size: medium;\">(vide: Chaitanya Charitamrita 5\/57)<\/span><\/em><\/p>\n<p><span style=\"font-size: medium;\">Gadadhar bestrich Nimais K\u00f6rper und Gesicht mit Aguru (Parfum) und Chandan (Paste aus Sandelbaumrinde) und schm\u00fcckte seinen Hals, die Oberarme, Unterarme, Finger und F\u00fc\u00dfe mit Blumengirlanden. Einige Verehrer wedelten mit dem F\u00e4cher oder rezitierten elegische Hymnen oder betrachteten mit tiefer Freude Nimais Antlitz . <\/span><\/p>\n<p><span style=\"font-size: medium;\">Als viele Menschen mit einem Herzen voller Liebe und Demut in seinem Dienste waren, \u00e4u\u00dferte Nimai \u201eHabt ihr erkannt, wer ich wohl bin? <\/span><\/p>\n<p><span style=\"font-size: medium;\">Ich bin gekommen um die Menschen hier vor Leid und Elend zu bewahren. Dieses Mal werde ich keine Rechenschaft verlangen, sondern nur Liebe und Hingabe offenbaren. Habt keine Angst. Kein Muslim-Herrscher wird in der Lage sein, euch Leid zuzuf\u00fcgen. Falls ich den Sultan treffe, w\u00fcrde ich ihn nicht bestrafen, sondern ihn durch die Verschmelzung seines Herzens mit der Liebe reinigen.\u201c<\/span><\/p>\n<p><span style=\"font-size: medium;\">Dann rief er nach Narayani, der kleinen Tochter von Sribashs Bruder. Als sie eintrat, sagte Nimai \u201eNarayani, durch meinen Segen empf\u00e4ngst du augenblicklich das Krishna-Liebe-Bewusstsein.\u201c <\/span><\/p>\n<p><span style=\"font-size: medium;\">Mit dem Schrei \u201eHa Krishna\u201c sank das M\u00e4dchen zu Boden und begann zu weinen und zu rufen \u201eKrishna, Krishna\u201c. <\/span><\/p>\n<p><span style=\"font-size: medium;\">Schmunzelnd \u00e4u\u00dferte Nimai \u201eW\u00fcrde ich den Sultan treffen,w\u00fcrde genau das selbe geschehen. Aber von diesem Gl\u00fcck ist er viel zu weit entfernt.\u201c<\/span><\/p>\n<p><span style=\"font-size: medium;\">Zeugen dieses Mysteriums waren die bekannten Verehrer. Sie waren praktisch ohne logischen Verstand, nicht in der Lage zu erkennen, wer sie waren und wo sie waren. Es war die Explosion ins Innere des erhabenen Kosmos Mensch. Von unermesslich tiefem-Frieden und einer die Sinne bet\u00f6renden Freude umh\u00fcllt, jenseits von Traum und Wirklichkeit. <\/span><\/p>\n<p><span style=\"font-size: medium;\">Die versammelten Frauen baten Srikanta, den j\u00fcngsten Bruder von Sribash, um Einlass ins Wohnzimmer, um Nimais Herrlichkeit zu erleben. <\/span><\/p>\n<p><span style=\"font-size: medium;\">Nimai hat diese Bitte l\u00e4ngst geh\u00f6rt und rief sofort \u201eAlle, die mich aus ernsthaftem Wunsche besuchen wollen, m\u00f6gen hereinkommen. Bitte treten Sie ein und sehen Sie mich an&#8220; Die Frauen traten ein und verbeugten sich vor dem Altar und Nimai ber\u00fchrte die H\u00e4upter mit seinen F\u00fc\u00dfen. Er segnete die Frauen mit den Worten \u201eEmpfanget mich in eurer Seele.\u201c<\/span><\/p>\n<p><span style=\"font-size: medium;\">&#8222;Abishya Prakatita sath Prakasha Ramang \u2026\u201c usw.<\/span><\/p>\n<p><em><span style=\"font-size: medium;\">(vide: Chaitanya Charitamrita 5\/72 und 73)<\/span><\/em><\/p>\n<p><span style=\"font-size: medium;\">Nach einer Weile erhob sich Nimai auf dem Altar und sagte, \u201eIch entferne mich nun. In angemessener Zeit kehre ich wieder zur\u00fcck\u201c Dann, mit einem Schrei fiel er zu Boden und wurde bewusstlos. Sribash, Gadadhar und die anderen die in der N\u00e4he standen waren geschockt und stellten fest, dass kaum ein Lebenszeichen zu erkennen war. Au\u00dferdem sah er pl\u00f6tzlich wieder aus wie alle anderen. Keinerlei Zeichen und Ausdruck von g\u00f6ttlicher Anmut oder des bet\u00f6renden Lichts. <\/span><\/p>\n<p><span style=\"font-size: medium;\">Kurze Zeit sp\u00e4ter kam Nimai zu sich und fragte Sribash \u201ePandit, wie kam ich hierher? Bin ich etwa eingeschlafen? Vielleicht habe ich getr\u00e4umt. Bitte sag mir, ob ich euch beunruhigt habe\u2026\u201c<\/span><\/p>\n<p><span style=\"font-size: medium;\">Dann schritt er davon in Richtung seines Hauses. Am n\u00e4chsten Morgen begegneten ihm die Verehrer wieder, aber Nimai war wie immer bescheiden, dem\u00fctig und vernarrt in die Krishna-Liebe!<\/span><\/p>\n<p><span style=\"font-size: medium;\">Wir kennen Murai Gupta, den ber\u00fchmten Verfasser der Tagesprotokolle von Nimai. Seinerzeit war er ein Mitsch\u00fcler von Nimai gewesen. Die beiden hatten immer kontrovers diskutiert \u00fcber einschl\u00e4gige Themenbereiche. Murari war eine liebevolle, herzliche, altruistische Person und auch ein angesehener Gelehrter. Jetzt hatte er sich vollkommen ergeben in den Dienst Nimais gestellt.. Er berichtet:<br \/>\n\u201eNimais helle, beeindruckende Gestalt werde transparent wie Glas. Denn alles, was man in ein Glasgef\u00e4\u00df hineingibt, ist sichtbar von au\u00dfen. In der Versammlung wenn Hymnen von Brahma gesungen wurden, nahm Nimai die spezifische Haltung von Brahma ein, kniete zu Boden und verbeugte sich vor Sri Krishna. Wenn ein Shiva-Mantra sein Geh\u00f6r erreichte, sah man wie sich die bekannten Eigenschaften von Shiva auf seinem Gesicht und K\u00f6rper abzeichneten. &#8220; <\/span><\/p>\n<p><span style=\"font-size: medium;\">Eines Tages h\u00f6rte Nimai die Hymnen von \u201eBaraha-Avatara\u201c (gem\u00e4\u00df hinduistischer Mythologie, die dritte Inkarnation von Vishnu!) im Hause von Sribash. Sofort verlie\u00df er den Ort mit lautem Schrei, lief in das Haus von Murari. Ohne diesen zu gr\u00fc\u00dfen oder ihn gar anzublicken, ging er sofort in den Altarraum. Murari folgte ihm, blieb vor dem Altarraum stehen und beobachtete was geschah..<\/span><\/p>\n<p><span style=\"font-size: medium;\">Nimai rief aus dem Raum \u201eWas ist das!\u201c Das ist doch ein B\u00e4r, so riesig wie ein Berg. Er ist so stark, dass er die Welt mit den Z\u00e4hnen tr\u00e4gt. Er ber\u00fchrt mein Herz mit seinen riesigen Z\u00e4hnen und ich empfinde dabei Schmerz&#8220;. Um dem B\u00e4ren \u2013 f\u00fcr Murari absolut virtuell \u2013 zu entkommen, bewegte sich Nimai dann r\u00fcckw\u00e4rts, benommen fiel er zu Boden und bewegte sich dann vorw\u00e4rts auf allen Vieren wie ein B\u00e4r, hob mit den Z\u00e4hnen einen gro\u00dfen schweren Wasserbeh\u00e4lter aus Messing hoch und schleuderte ihn weit weg. Er sah aus als, w\u00e4re er Mensch und B\u00e4r, zugleich. Murari stand immer noch eingesch\u00fcchtert und regungslos da. Pl\u00f6tzlich br\u00fcllte die Gestalt: \u201eMurari, ich bin gekommen, um den Menschen \u201eDharma\u201c (spirituelle Grunds\u00e4tze) und Hingabe zu demonstrieren und sie darin zu unterrichten. <\/span><\/p>\n<p><span style=\"font-size: medium;\">Hab keine Angst. Beschreibe meine nat\u00fcrlichen Eigenschaften f\u00fcr die Nachwelt wie eine Girlande.\u201c<\/span><\/p>\n<p><span style=\"font-size: medium;\">Murari war au\u00dferstande zu sprechen. In Anbetracht seines Zustandes \u00e4u\u00dferte sich die seltsame Gestalt erneut \u201eMurari sei gewiss, du bist mein Favorit. Jedoch befolgst du die vedische-Auslegung sehr ernsthaft! Aber die vedischen Konfabulationen sind einf\u00e4ltig. Woher sollen die vedantischen Schriften die inh\u00e4renten ontologischen Prinzipien von mir wissen und sie erkennen?\u201c Dann sagte er leicht erbost, \u201ePrakashananda Swaraswati ist acharya (=Veda\/Vedanta Lehrer) in Benares. Mit seiner Belehrung und Verbreitung von abwegigen Vedanta-Thesen zerrei\u00dft er meinen K\u00f6rper in St\u00fccken. Murari, nimm Abstand von solch atheistischer Konkordanz.\u201c<\/span><\/p>\n<p><span style=\"font-size: medium;\">Allm\u00e4hlich kam Murari wieder zu sich und erwiderte \u201eHerr, unz\u00e4hlige Universen befinden sich in jeder deiner Haarwurzeln. Wie k\u00f6nnen die Veden und Vedanten dich kennen und gar beschreiben. Nur du wei\u00dft, wer du bist. Was ich wei\u00df ist nur so viel!\u201c Dann fiel er Nimai zu Fu\u00dfen und fing an zu weinen. <\/span><\/p>\n<p><span style=\"font-size: medium;\">Mit lautem Schrei landete der Mensch-B\u00e4r am Boden und verlor das Bewusstsein. Nachdem Murari dessen Gesicht mit Wasser bespr\u00fchte hatte, kam Nimai wieder zu sich und fragte mit schlaftrunkener Stimme: \u201eMurari, war ich wieder au\u00dfer mir? Wie kam ich denn sonst hierher? Ich war doch im Hause von Sribash und lauschte den Hymnen von Avataren (=g\u00f6ttliche Inkarnationen). Hoffentlich habe ich mich nicht l\u00e4cherlich gemacht. <\/span><\/p>\n<p><span style=\"font-size: medium;\">Murari sagte nichts und senkte seinen Kopf.<\/span><\/p>\n<p><em><span style=\"font-size: medium;\">(vide: Murari Guptas \u201eKarcha\u201c 235\/236 ff.)<\/span><\/em><\/p>\n<p><span style=\"font-size: medium;\">Die Manifestation von Nimais Befindlichkeits war jetzt von Dualit\u00e4t gepr\u00e4gt \u2013 tiefe Ergebenheit einerseits und g\u00f6ttliches Betragen andererseits. Die bemerkenswerte Episode in dem Haus von Sribash war der Anfang von seiner Divinit\u00e4ts-Exposition. Im normalen Zustand verhielt sich Nimai wie ein Diener, er zeigte sich geringer als gering, dem\u00fctig und als der minderwertigste Mensch der Welt. Mit ergriffener Stimme und Tr\u00e4nen in den Augen lief er von einem zum anderen und bettelte um \u201eKrishna-Liebe\u201c und sagte beispielsweise, &#8222;Ihr seid Diener von Sri Krishna, rette mein Leben und verrate mir, wie ich die \u201eKrishna-Liebe erfahren und erleben kann.\u201c<\/span><\/p>\n","protected":false},"excerpt":{"rendered":"<p>(Die schrittweise Enth\u00fcllung von Nimais G\u00f6ttlichkeit) Gadadhar ist Nimai ergeben. Er macht Nimai praktisch Tag und Nacht seine Aufwartung. Zum Beispiel richtet er Nimais Bett, bereitet f\u00fcr ihn die Betelbl\u00e4tter (bengl. Pan) vor, wedelte ihm mit dem F\u00e4cher Luft zu und schl\u00e4ft auch neben seinen F\u00fc\u00dfen am Boden. Gadadhar tr\u00e4gt einen sehnlichen Wunsch im Herzen, &hellip; <a href=\"http:\/\/blog.saranagata.de\/?page_id=401\" class=\"more-link\"><span class=\"screen-reader-text\">Sukzessive Divinit\u00e4ts-Exposition von Nimai<\/span> weiterlesen<\/a><\/p>\n","protected":false},"author":1,"featured_media":0,"parent":0,"menu_order":0,"comment_status":"closed","ping_status":"closed","template":"","meta":[],"yoast_head":"<!-- This site is optimized with the Yoast SEO plugin v20.10 - https:\/\/yoast.com\/wordpress\/plugins\/seo\/ -->\n<title>Sukzessive Divinit\u00e4ts-Exposition von Nimai - Saranagata<\/title>\n<meta name=\"robots\" content=\"index, follow, max-snippet:-1, max-image-preview:large, max-video-preview:-1\" \/>\n<link rel=\"canonical\" href=\"http:\/\/blog.saranagata.de\/?page_id=401\" \/>\n<meta property=\"og:locale\" content=\"de_DE\" \/>\n<meta property=\"og:type\" content=\"article\" \/>\n<meta property=\"og:title\" content=\"Sukzessive Divinit\u00e4ts-Exposition von Nimai - Saranagata\" \/>\n<meta property=\"og:description\" content=\"(Die schrittweise Enth\u00fcllung von Nimais G\u00f6ttlichkeit) Gadadhar ist Nimai ergeben. Er macht Nimai praktisch Tag und Nacht seine Aufwartung. Zum Beispiel richtet er Nimais Bett, bereitet f\u00fcr ihn die Betelbl\u00e4tter (bengl. Pan) vor, wedelte ihm mit dem F\u00e4cher Luft zu und schl\u00e4ft auch neben seinen F\u00fc\u00dfen am Boden. Gadadhar tr\u00e4gt einen sehnlichen Wunsch im Herzen, &hellip; Sukzessive Divinit\u00e4ts-Exposition von Nimai weiterlesen\" \/>\n<meta property=\"og:url\" content=\"http:\/\/blog.saranagata.de\/?page_id=401\" \/>\n<meta property=\"og:site_name\" content=\"Saranagata\" \/>\n<meta property=\"article:modified_time\" content=\"2018-08-28T16:53:41+00:00\" \/>\n<meta name=\"twitter:card\" content=\"summary_large_image\" \/>\n<meta name=\"twitter:label1\" content=\"Gesch\u00e4tzte Lesezeit\" \/>\n\t<meta name=\"twitter:data1\" content=\"12 Minuten\" \/>\n<script type=\"application\/ld+json\" class=\"yoast-schema-graph\">{\"@context\":\"https:\/\/schema.org\",\"@graph\":[{\"@type\":\"WebPage\",\"@id\":\"http:\/\/blog.saranagata.de\/?page_id=401\",\"url\":\"http:\/\/blog.saranagata.de\/?page_id=401\",\"name\":\"Sukzessive Divinit\u00e4ts-Exposition von Nimai - Saranagata\",\"isPartOf\":{\"@id\":\"http:\/\/blog.saranagata.de\/#website\"},\"datePublished\":\"2018-08-28T15:03:07+00:00\",\"dateModified\":\"2018-08-28T16:53:41+00:00\",\"breadcrumb\":{\"@id\":\"http:\/\/blog.saranagata.de\/?page_id=401#breadcrumb\"},\"inLanguage\":\"de-DE\",\"potentialAction\":[{\"@type\":\"ReadAction\",\"target\":[\"http:\/\/blog.saranagata.de\/?page_id=401\"]}]},{\"@type\":\"BreadcrumbList\",\"@id\":\"http:\/\/blog.saranagata.de\/?page_id=401#breadcrumb\",\"itemListElement\":[{\"@type\":\"ListItem\",\"position\":1,\"name\":\"Startseite\",\"item\":\"http:\/\/blog.saranagata.de\/\"},{\"@type\":\"ListItem\",\"position\":2,\"name\":\"Sukzessive Divinit\u00e4ts-Exposition von Nimai\"}]},{\"@type\":\"WebSite\",\"@id\":\"http:\/\/blog.saranagata.de\/#website\",\"url\":\"http:\/\/blog.saranagata.de\/\",\"name\":\"Saranagata\",\"description\":\"Parthasarathis spirituelle Oase\",\"potentialAction\":[{\"@type\":\"SearchAction\",\"target\":{\"@type\":\"EntryPoint\",\"urlTemplate\":\"http:\/\/blog.saranagata.de\/?s={search_term_string}\"},\"query-input\":\"required name=search_term_string\"}],\"inLanguage\":\"de-DE\"}]}<\/script>\n<!-- \/ Yoast SEO plugin. -->","yoast_head_json":{"title":"Sukzessive Divinit\u00e4ts-Exposition von Nimai - Saranagata","robots":{"index":"index","follow":"follow","max-snippet":"max-snippet:-1","max-image-preview":"max-image-preview:large","max-video-preview":"max-video-preview:-1"},"canonical":"http:\/\/blog.saranagata.de\/?page_id=401","og_locale":"de_DE","og_type":"article","og_title":"Sukzessive Divinit\u00e4ts-Exposition von Nimai - Saranagata","og_description":"(Die schrittweise Enth\u00fcllung von Nimais G\u00f6ttlichkeit) Gadadhar ist Nimai ergeben. Er macht Nimai praktisch Tag und Nacht seine Aufwartung. Zum Beispiel richtet er Nimais Bett, bereitet f\u00fcr ihn die Betelbl\u00e4tter (bengl. Pan) vor, wedelte ihm mit dem F\u00e4cher Luft zu und schl\u00e4ft auch neben seinen F\u00fc\u00dfen am Boden. Gadadhar tr\u00e4gt einen sehnlichen Wunsch im Herzen, &hellip; Sukzessive Divinit\u00e4ts-Exposition von Nimai weiterlesen","og_url":"http:\/\/blog.saranagata.de\/?page_id=401","og_site_name":"Saranagata","article_modified_time":"2018-08-28T16:53:41+00:00","twitter_card":"summary_large_image","twitter_misc":{"Gesch\u00e4tzte Lesezeit":"12 Minuten"},"schema":{"@context":"https:\/\/schema.org","@graph":[{"@type":"WebPage","@id":"http:\/\/blog.saranagata.de\/?page_id=401","url":"http:\/\/blog.saranagata.de\/?page_id=401","name":"Sukzessive Divinit\u00e4ts-Exposition von Nimai - Saranagata","isPartOf":{"@id":"http:\/\/blog.saranagata.de\/#website"},"datePublished":"2018-08-28T15:03:07+00:00","dateModified":"2018-08-28T16:53:41+00:00","breadcrumb":{"@id":"http:\/\/blog.saranagata.de\/?page_id=401#breadcrumb"},"inLanguage":"de-DE","potentialAction":[{"@type":"ReadAction","target":["http:\/\/blog.saranagata.de\/?page_id=401"]}]},{"@type":"BreadcrumbList","@id":"http:\/\/blog.saranagata.de\/?page_id=401#breadcrumb","itemListElement":[{"@type":"ListItem","position":1,"name":"Startseite","item":"http:\/\/blog.saranagata.de\/"},{"@type":"ListItem","position":2,"name":"Sukzessive Divinit\u00e4ts-Exposition von Nimai"}]},{"@type":"WebSite","@id":"http:\/\/blog.saranagata.de\/#website","url":"http:\/\/blog.saranagata.de\/","name":"Saranagata","description":"Parthasarathis spirituelle Oase","potentialAction":[{"@type":"SearchAction","target":{"@type":"EntryPoint","urlTemplate":"http:\/\/blog.saranagata.de\/?s={search_term_string}"},"query-input":"required name=search_term_string"}],"inLanguage":"de-DE"}]}},"_links":{"self":[{"href":"http:\/\/blog.saranagata.de\/index.php?rest_route=\/wp\/v2\/pages\/401"}],"collection":[{"href":"http:\/\/blog.saranagata.de\/index.php?rest_route=\/wp\/v2\/pages"}],"about":[{"href":"http:\/\/blog.saranagata.de\/index.php?rest_route=\/wp\/v2\/types\/page"}],"author":[{"embeddable":true,"href":"http:\/\/blog.saranagata.de\/index.php?rest_route=\/wp\/v2\/users\/1"}],"replies":[{"embeddable":true,"href":"http:\/\/blog.saranagata.de\/index.php?rest_route=%2Fwp%2Fv2%2Fcomments&post=401"}],"version-history":[{"count":3,"href":"http:\/\/blog.saranagata.de\/index.php?rest_route=\/wp\/v2\/pages\/401\/revisions"}],"predecessor-version":[{"id":413,"href":"http:\/\/blog.saranagata.de\/index.php?rest_route=\/wp\/v2\/pages\/401\/revisions\/413"}],"wp:attachment":[{"href":"http:\/\/blog.saranagata.de\/index.php?rest_route=%2Fwp%2Fv2%2Fmedia&parent=401"}],"curies":[{"name":"wp","href":"https:\/\/api.w.org\/{rel}","templated":true}]}}