{"id":398,"date":"2018-08-28T14:59:53","date_gmt":"2018-08-28T14:59:53","guid":{"rendered":"http:\/\/blog.saranagata.de\/?page_id=398"},"modified":"2018-08-28T17:01:31","modified_gmt":"2018-08-28T17:01:31","slug":"nabanuraga","status":"publish","type":"page","link":"http:\/\/blog.saranagata.de\/?page_id=398","title":{"rendered":"Nabanuraga"},"content":{"rendered":"<p><span style=\"font-size: large;\"><b>Nabanuraga<\/b><\/span><span style=\"font-size: medium;\"><b> (= Naba+Anuraga) : Naba= neu, Anuraga=Zuneigung<\/b><\/span><\/p>\n<p><span style=\"font-size: medium;\">Gemeint ist also eine liebevolle Zuneigung zu Sri Krishna in der prim\u00e4ren Phase. Diese Phase schlie\u00dft den inneren (skt. Antaranga) wie auch den \u00e4u\u00dfere (skt. Bahiranga) Ausdr\u00fccke ein. <\/span><\/p>\n<p><span style=\"font-size: medium;\">In dieser Nabanuraga-Phase war Nimai unterw\u00fcrfig und dem\u00fctig. Er verbeugt sich vor jedem auf der Stra\u00dfe, hilft Menschen spontan und tr\u00e4gt dessen Last. Auf dem Weg zum Ganges tr\u00e4gt er die Badebekleidung und Utensilien von Betagten. Viele sch\u00e4men sich und weigern sich, von dem Scholastiker Nimai Hilfe anzunehmen. Dann entgegnet dieser flehend \u201eIch habe geh\u00f6rt, dass man durch Hilfsbereitschaft als Bhakta (Sri Krishna-Verehrender) Sri Krishnas Gnade empf\u00e4ngt. Deshalb erlauben Sie mir bitte, dass ich bef\u00e4higt werde, durch diese Dienste die bewegte tiefe Barmherzigkeit Sri Krishnas zu empfangen. Diese Haltung Nimais ist Bahiranga. W\u00e4hrend dieser Phase zeigten sich seinem Verhalten jedoch viel mehr Ph\u00e4nomene als in der \u201eAshta-Svattik-Bhaba\u201cbeschrieben sind. Das eine Mal w\u00e4lzte sich Nimai am Boden, seine Augen tr\u00e4nen als sprudele eine Font\u00e4ne, das andere Mal lachte er unaufh\u00f6rlich, ein anderes Mal ist sein ganzer K\u00f6rper wie schwei\u00dfgebadet, ein weiteres Mal ist sein K\u00f6rper hei\u00df wie Feuer, dann f\u00e4llt er in Ohnmacht mit sch\u00e4umenden Lippen, ein anderes Mal ist sein ganzer K\u00f6rper schwer wie Eisen \u2013er ist unm\u00f6glich von mehreren Personen hochzuheben. Ein anderes Mal ist er leicht wie eine Feder und schon ein einziger Mann k\u00f6nnte ihn tragen, ein andermal ver\u00e4ndert sich seine Hautfarbe zusehends oder es \u00e4nderte sich seine Augenfarbe, als Mukunda beginnt Krishna-Lobes-Hymnen zu singen, erscheine auf der Stelle seltsame Symptome auf Nimais Antlitz und K\u00f6rper. <\/span><\/p>\n<p><span style=\"font-size: medium;\">Eines Tages fing Nimai w\u00e4hrend des Chorgesangs (skt. Kirtana) an zu tanzen. Aber dieser Tanz war nicht harmonisch, sondern es waren wilde Bewegungen. Man hatte das Gef\u00fchl, dass die ganze Welt diese heftige Ersch\u00fctterung erf\u00e4hrt und miterlebt. Nach kurzer Zeit fiel Nimai in Ohnmacht. Allm\u00e4hlich kam er wieder zu sich. Seitdem wurden seine T\u00e4nze rhythmischer und lieblicher. Aber sein emotionaler Status pr\u00e4gte sich zunehmen deutlicher aus. <\/span><\/p>\n<p><span style=\"font-size: medium;\">Hier ein paar Beispiele:<\/span><\/p>\n<p>\u201e<span style=\"font-size: medium;\">Fr\u00fch am Morgen begann Mahaprabhu (Nimai) voller Ehrfr\u00fccht zu weinen. Der Tag ging zu Ende und der Abend brach herein. Doch er sagte aus voller \u00dcberzeugung: Tag f\u00e4ngt an\u2026.\u201c<\/span><\/p>\n<p><em><span style=\"font-size: medium;\">(vide: Chaitanya Charitamrita Abs.5 \/ Verse.10)<\/span><\/em><\/p>\n<p>\u201e<span style=\"font-size: medium;\">Am Abend fing Nimai an, mit benommener Stimme zu weinen und sagte, es ist sicherlich Morgen, denn ich sehe Licht\u2026\u201c<\/span><\/p>\n<p><em><span style=\"font-size: medium;\">(vide: Abs.5 \/ Verse 11)<\/span><\/em><\/p>\n<p>\u201e<span style=\"font-size: medium;\">Sobald Nimai das Wort Krishna oder Hari h\u00f6rte, fing er sofort an zu zittern, der Atem ging schneller, Tr\u00e4nen flossen unentwegt und er fiel zu Boden wie ein Baum..:\u201c<\/span><\/p>\n<p><em><span style=\"font-size: medium;\">(vide:Abs.5 \/ Verse 12)<\/span><\/em><\/p>\n<p><span style=\"font-size: medium;\">In Anbetracht von Nimais Zustand zu dieser Zeit wurde Satchimata zunehmend beunruhigter. Nimai antwortete kaum auf ihre Fragen oder er sagte nur allgemein: \u201eMutter, ich wei\u00df selbst nicht, welche Krankheit ich habe. Mir ist immer zum Weinen zumute. Mutter, lass mich gehen. Ich m\u00f6chte auf der Suche nach Sri Krishna nach Sri Brindabon reisen.\u201c<\/span><\/p>\n<p><span style=\"font-size: medium;\">Satchimata ist ratlos. Sie ist verzweifelt. Sie ist etwa 67 Jahre alt. Zu ihrer Familie geh\u00f6rte nur ihr Sohn Nimai und seine junge Frau Vishnuprya. Tag und Nacht versuchte sie Nimai zu einer normalen Lebensf\u00fchrung anzuhalten, die Freude an einem Familienleben als etwas sehr Attraktives darzustellen. Aber Nimai befand sich schon auf einer anderen Ebene. Zum einen qu\u00e4lte seine Mutter der Gedanke, ihn zu verlieren. Zum anderen unterstellten einige schlaue Nachbarn, dass Nimai wahnsinnig sei und verk\u00fcndeten dies auch. In diesem Zustand der Ratlosigkeit wandte sie sich an einen Verwandten ihres Mannes, an Sribash Pandit. <\/span><\/p>\n<p><span style=\"font-size: medium;\">Sribash hatte bereits von Nimais au\u00dfergew\u00f6hnlicher Liebe zum Krishna geh\u00f6rt. Deshalb nahm er die Einladung von Satchimata mit Freude an. <\/span><\/p>\n<p><span style=\"font-size: medium;\">Also kam er in das Haus von Nimai Pandit und sah, wie dieser mit zwei gefalteten H\u00e4nden den Tulsi-Baum (Basilikum) umkreiste und dabei unentwegt Tr\u00e4nen vergoss. Sribash selbst war ein bekannter Krishna-Verehrer. Als Nimai ihn sah, wollte er ihm zu F\u00fc\u00dfen fallen, aber stattdessen fiel er in Ohnmacht. Nach einigen Bem\u00fchungen kam er wieder zu sich und rief mit tr\u00e4nenerstickter Stimme: Krishna! Krishna! Sribash staunte \u00fcber dieses Erlebnis. Dann sagte Nimai, \u201ePandit freundlicherweise hast du mich besucht. Nun sag mir bitte, was meine Aufgabe ist! Ich bin nicht in der Lage, die Tr\u00e4nen zur\u00fcck zu halten. Immer wieder falle ich in Ohnmacht. Menschen sagen, dass ich ein unheilbarer Irrer bin. Meine Mutter ist verzweifelt. Ich wei\u00df auch nicht, was ich tun soll. Ich habe keinerlei Kontrolle \u00fcber meinen K\u00f6rper und meinen Geist.\u201c<\/span><\/p>\n<p><span style=\"font-size: medium;\">Sribash erwiderte schmunzelnd: \u201eNimai, etwas von deinem Wahnsinn w\u00fcnscht sogar der Brahma f\u00fcr sich selbst. Ich bitte dich, gib mir ein wenig von deinem Wahnsinn. Du bist ein Gl\u00fccksfall. Einen Gl\u00fcckspilz wie dich, gibt es keinen zweiten in dieser Welt. Nur du hast Krishnas Gnade in Vollkommenheit empfangen. Dass Menschen zu einer solch kosmischtiefen Liebe bef\u00e4higt sein kann, war mir bislang v\u00f6llig unbekannt!\u201c<\/span><\/p>\n<p><span style=\"font-size: medium;\">Satchimata stand daneben und vernahm alles! <\/span><\/p>\n<p><span style=\"font-size: medium;\">Dann wandte sich Sribash an Satchimata und f\u00fchrte aus, \u201eSei nicht besorgt \u00fcber das Gerede einf\u00e4ltiger Menschen. Dein Sohn ist nicht geisteskrank, sondern er ist beseelt in Krishnas Liebe. Ja, er ist ganz au\u00dfergew\u00f6hnlich, gar einmalig. Sei zuversichtlich und du wirst Zeuge von Sri Krishnas Mysterienschau auf dieser Erde.\u201c <\/span><\/p>\n<p><span style=\"font-size: medium;\">Und Satchimata beruhigte sich! <\/span><\/p>\n<p><span style=\"font-size: medium;\">Sribash lud Nimai zu sich nach Hause ein, um gemeinsam \u201eKirtana\u201c zu singen. <\/span><\/p>\n<p><span style=\"font-size: medium;\"><br \/>\nSeit dem Besuch in Gaya Dham f\u00e4ngt Nimai an,im Wach-Schlaf-Zustand \u00fcberall Sri Krishnas Gegenwart wahrzunehmen. Das eine Mal spricht er mit ihm in tiefer Freude, das andere Mal aufgew\u00fchlt durch den Anblick von Krishnas Sch\u00f6nheit oder auch seiner pl\u00f6tzlichen Abwesenheit weinte er bitterlich.<\/span><\/p>\n<p><span style=\"font-size: medium;\">Nimai isolierte sich innerlich und hatte nur noch einen einzigen Bezugspunkt \u2013 Sri Krishna! <\/span><\/p>\n<p><span style=\"font-size: medium;\">Er h\u00f6rte und sah nichts anderes mehr. Wenn er zu sich kam, zeigte sich dieser Zustand, als w\u00e4re es ein Traumbild gewesen, unklar und verschwommen. <\/span><\/p>\n<p><span style=\"font-size: medium;\">Er sch\u00e4mte sich und sagte zu Satchimata: \u201eMutter Entschuldigung, falls ich etwas Unsinniges gesagt oder getan habe, ich war nicht bei mir.\u201c <\/span><\/p>\n<p><span style=\"font-size: medium;\">Tag f\u00fcr Tag versammelten sich hunderte von Menschen auf dem Gel\u00e4nde des Hauses von Sribash und tanzten h\u00e4ndeklatschend im Rhythmus von bengl.\u201e Khol\u201c ( ein Perkussions Instrument \u00e4hnlich dem TomTom), \u201ebengl. Mandira\u201c (\u00e4hnlich einem Zymbal) \u201ebengl. Mridanga\u201c (Perkussions Instrument \u00e4hnlich einem Schlagzeug) und sangen \u201eHari Haraeh namaha\u201c oder einfach \u201eHaribol\u201c, angefeuert durch die bet\u00f6rende Stimme von Nimai. Alle Herzen waren in Bewegung ausgerichtet auf Sri Krishna. Auch die Frauen tanzten voller Hingabe und Enthusiasmus in Haus und Hof. Manche Bhakta weinten in ihrem Gef\u00fchls\u00fcberschwang, einige fielen zu Boden, anderen umarmten sich gegenseitig. Allm\u00e4hlich brach der Tag an. Die Sonne ging auf. Dann, noch immer in Krishna Liebe erhoben, gingen sie alle zum Ganges um zu baden.<\/span><\/p>\n","protected":false},"excerpt":{"rendered":"<p>Nabanuraga (= Naba+Anuraga) : Naba= neu, Anuraga=Zuneigung Gemeint ist also eine liebevolle Zuneigung zu Sri Krishna in der prim\u00e4ren Phase. Diese Phase schlie\u00dft den inneren (skt. Antaranga) wie auch den \u00e4u\u00dfere (skt. Bahiranga) Ausdr\u00fccke ein. In dieser Nabanuraga-Phase war Nimai unterw\u00fcrfig und dem\u00fctig. Er verbeugt sich vor jedem auf der Stra\u00dfe, hilft Menschen spontan und &hellip; <a href=\"http:\/\/blog.saranagata.de\/?page_id=398\" class=\"more-link\"><span class=\"screen-reader-text\">Nabanuraga<\/span> weiterlesen<\/a><\/p>\n","protected":false},"author":1,"featured_media":0,"parent":0,"menu_order":0,"comment_status":"closed","ping_status":"closed","template":"","meta":[],"yoast_head":"<!-- This site is optimized with the Yoast SEO plugin v20.10 - https:\/\/yoast.com\/wordpress\/plugins\/seo\/ -->\n<title>Nabanuraga - Saranagata<\/title>\n<meta name=\"robots\" content=\"index, follow, max-snippet:-1, max-image-preview:large, max-video-preview:-1\" \/>\n<link rel=\"canonical\" href=\"http:\/\/blog.saranagata.de\/?page_id=398\" \/>\n<meta property=\"og:locale\" content=\"de_DE\" \/>\n<meta property=\"og:type\" content=\"article\" \/>\n<meta property=\"og:title\" content=\"Nabanuraga - Saranagata\" \/>\n<meta property=\"og:description\" content=\"Nabanuraga (= Naba+Anuraga) : Naba= neu, Anuraga=Zuneigung Gemeint ist also eine liebevolle Zuneigung zu Sri Krishna in der prim\u00e4ren Phase. Diese Phase schlie\u00dft den inneren (skt. Antaranga) wie auch den \u00e4u\u00dfere (skt. Bahiranga) Ausdr\u00fccke ein. In dieser Nabanuraga-Phase war Nimai unterw\u00fcrfig und dem\u00fctig. Er verbeugt sich vor jedem auf der Stra\u00dfe, hilft Menschen spontan und &hellip; Nabanuraga weiterlesen\" \/>\n<meta property=\"og:url\" content=\"http:\/\/blog.saranagata.de\/?page_id=398\" \/>\n<meta property=\"og:site_name\" content=\"Saranagata\" \/>\n<meta property=\"article:modified_time\" content=\"2018-08-28T17:01:31+00:00\" \/>\n<meta name=\"twitter:card\" content=\"summary_large_image\" \/>\n<meta name=\"twitter:label1\" content=\"Gesch\u00e4tzte Lesezeit\" \/>\n\t<meta name=\"twitter:data1\" content=\"6 Minuten\" \/>\n<script type=\"application\/ld+json\" class=\"yoast-schema-graph\">{\"@context\":\"https:\/\/schema.org\",\"@graph\":[{\"@type\":\"WebPage\",\"@id\":\"http:\/\/blog.saranagata.de\/?page_id=398\",\"url\":\"http:\/\/blog.saranagata.de\/?page_id=398\",\"name\":\"Nabanuraga - Saranagata\",\"isPartOf\":{\"@id\":\"http:\/\/blog.saranagata.de\/#website\"},\"datePublished\":\"2018-08-28T14:59:53+00:00\",\"dateModified\":\"2018-08-28T17:01:31+00:00\",\"breadcrumb\":{\"@id\":\"http:\/\/blog.saranagata.de\/?page_id=398#breadcrumb\"},\"inLanguage\":\"de-DE\",\"potentialAction\":[{\"@type\":\"ReadAction\",\"target\":[\"http:\/\/blog.saranagata.de\/?page_id=398\"]}]},{\"@type\":\"BreadcrumbList\",\"@id\":\"http:\/\/blog.saranagata.de\/?page_id=398#breadcrumb\",\"itemListElement\":[{\"@type\":\"ListItem\",\"position\":1,\"name\":\"Startseite\",\"item\":\"http:\/\/blog.saranagata.de\/\"},{\"@type\":\"ListItem\",\"position\":2,\"name\":\"Nabanuraga\"}]},{\"@type\":\"WebSite\",\"@id\":\"http:\/\/blog.saranagata.de\/#website\",\"url\":\"http:\/\/blog.saranagata.de\/\",\"name\":\"Saranagata\",\"description\":\"Parthasarathis spirituelle Oase\",\"potentialAction\":[{\"@type\":\"SearchAction\",\"target\":{\"@type\":\"EntryPoint\",\"urlTemplate\":\"http:\/\/blog.saranagata.de\/?s={search_term_string}\"},\"query-input\":\"required name=search_term_string\"}],\"inLanguage\":\"de-DE\"}]}<\/script>\n<!-- \/ Yoast SEO plugin. -->","yoast_head_json":{"title":"Nabanuraga - Saranagata","robots":{"index":"index","follow":"follow","max-snippet":"max-snippet:-1","max-image-preview":"max-image-preview:large","max-video-preview":"max-video-preview:-1"},"canonical":"http:\/\/blog.saranagata.de\/?page_id=398","og_locale":"de_DE","og_type":"article","og_title":"Nabanuraga - Saranagata","og_description":"Nabanuraga (= Naba+Anuraga) : Naba= neu, Anuraga=Zuneigung Gemeint ist also eine liebevolle Zuneigung zu Sri Krishna in der prim\u00e4ren Phase. Diese Phase schlie\u00dft den inneren (skt. Antaranga) wie auch den \u00e4u\u00dfere (skt. Bahiranga) Ausdr\u00fccke ein. In dieser Nabanuraga-Phase war Nimai unterw\u00fcrfig und dem\u00fctig. Er verbeugt sich vor jedem auf der Stra\u00dfe, hilft Menschen spontan und &hellip; Nabanuraga weiterlesen","og_url":"http:\/\/blog.saranagata.de\/?page_id=398","og_site_name":"Saranagata","article_modified_time":"2018-08-28T17:01:31+00:00","twitter_card":"summary_large_image","twitter_misc":{"Gesch\u00e4tzte Lesezeit":"6 Minuten"},"schema":{"@context":"https:\/\/schema.org","@graph":[{"@type":"WebPage","@id":"http:\/\/blog.saranagata.de\/?page_id=398","url":"http:\/\/blog.saranagata.de\/?page_id=398","name":"Nabanuraga - Saranagata","isPartOf":{"@id":"http:\/\/blog.saranagata.de\/#website"},"datePublished":"2018-08-28T14:59:53+00:00","dateModified":"2018-08-28T17:01:31+00:00","breadcrumb":{"@id":"http:\/\/blog.saranagata.de\/?page_id=398#breadcrumb"},"inLanguage":"de-DE","potentialAction":[{"@type":"ReadAction","target":["http:\/\/blog.saranagata.de\/?page_id=398"]}]},{"@type":"BreadcrumbList","@id":"http:\/\/blog.saranagata.de\/?page_id=398#breadcrumb","itemListElement":[{"@type":"ListItem","position":1,"name":"Startseite","item":"http:\/\/blog.saranagata.de\/"},{"@type":"ListItem","position":2,"name":"Nabanuraga"}]},{"@type":"WebSite","@id":"http:\/\/blog.saranagata.de\/#website","url":"http:\/\/blog.saranagata.de\/","name":"Saranagata","description":"Parthasarathis spirituelle Oase","potentialAction":[{"@type":"SearchAction","target":{"@type":"EntryPoint","urlTemplate":"http:\/\/blog.saranagata.de\/?s={search_term_string}"},"query-input":"required name=search_term_string"}],"inLanguage":"de-DE"}]}},"_links":{"self":[{"href":"http:\/\/blog.saranagata.de\/index.php?rest_route=\/wp\/v2\/pages\/398"}],"collection":[{"href":"http:\/\/blog.saranagata.de\/index.php?rest_route=\/wp\/v2\/pages"}],"about":[{"href":"http:\/\/blog.saranagata.de\/index.php?rest_route=\/wp\/v2\/types\/page"}],"author":[{"embeddable":true,"href":"http:\/\/blog.saranagata.de\/index.php?rest_route=\/wp\/v2\/users\/1"}],"replies":[{"embeddable":true,"href":"http:\/\/blog.saranagata.de\/index.php?rest_route=%2Fwp%2Fv2%2Fcomments&post=398"}],"version-history":[{"count":3,"href":"http:\/\/blog.saranagata.de\/index.php?rest_route=\/wp\/v2\/pages\/398\/revisions"}],"predecessor-version":[{"id":415,"href":"http:\/\/blog.saranagata.de\/index.php?rest_route=\/wp\/v2\/pages\/398\/revisions\/415"}],"wp:attachment":[{"href":"http:\/\/blog.saranagata.de\/index.php?rest_route=%2Fwp%2Fv2%2Fmedia&parent=398"}],"curies":[{"name":"wp","href":"https:\/\/api.w.org\/{rel}","templated":true}]}}