{"id":395,"date":"2018-08-28T14:58:23","date_gmt":"2018-08-28T14:58:23","guid":{"rendered":"http:\/\/blog.saranagata.de\/?page_id=395"},"modified":"2018-08-28T14:58:23","modified_gmt":"2018-08-28T14:58:23","slug":"nimai-in-nabadwip","status":"publish","type":"page","link":"http:\/\/blog.saranagata.de\/?page_id=395","title":{"rendered":"Nimai in Nabadwip"},"content":{"rendered":"<p><span style=\"font-size: medium;\"><u><b>Kurze Erkl\u00e4rung:<\/b><\/u><\/span><\/p>\n<p><span style=\"font-size: medium;\">Bevor ich mit der Ausf\u00fchrungen beginne, sehe ich die Notwendigkeit der Kl\u00e4rung einiger Begriffe um die komplexen und im indischen Gef\u00fchls- und Wahrnehmungs-Kosmos verankerten fremdartigen Formen des Selbstausdrucks von und um Nimai besser zu verstehen.<\/span><\/p>\n<p style=\"padding-left: 30px;\"><span style=\"font-size: medium;\"><b>(skt) Bhaba .<\/b><\/span><\/p>\n<p style=\"padding-left: 30px;\"><span style=\"font-size: medium;\">Das Wort Bhaba beschreibt eine emotionale Haltung. Aber es ist viel tiefgr\u00fcndiger und abh\u00e4ngig von der Pers\u00f6nlichkeitsstruktur und dem emotionalen Status des Verehrenden (skt. Bhakta). Es handelt es sich um die Herausbildung einer \u201eSeelen-Verwandtschaft\u201c. Ja, um eine exklusive, sehr pers\u00f6nliche Beziehung zum Sri Krishna. Bhaba kann sich in f\u00fcnf Richtungen entwickeln. (siehe meine Erl\u00e4uterung: \u201eBhaba\u201c)<\/span><\/p>\n<p style=\"padding-left: 30px;\"><span style=\"font-size: large;\"><b>Hier eine kurze Replik:<\/b><\/span><\/p>\n<p style=\"padding-left: 30px;\"><span style=\"font-size: medium;\"><u><b>Die Bhabas <\/b><\/u><\/span><\/p>\n<p style=\"padding-left: 30px;\"><span style=\"font-size: medium;\"><u>Shanta (skt.)<\/u><\/span><span style=\"font-size: medium;\"> = Begegnung mit Sri Krishna in innere Stille, im transgredienten Krishna-Bewusstsein.<\/span><\/p>\n<p style=\"padding-left: 30px;\"><span style=\"font-size: medium;\"><u>Dashya (skt.)<\/u><\/span><span style=\"font-size: medium;\"> = Beziehung in der Haltung des Dieners zu Sri Krishna als Herrn. <\/span><\/p>\n<p style=\"padding-left: 30px;\"><span style=\"font-size: medium;\"><u>Shakhya (skt)<\/u><\/span><span style=\"font-size: medium;\"> = Beziehung zur Sri Krishna als Freund.<\/span><\/p>\n<p style=\"padding-left: 30px;\"><span style=\"font-size: medium;\"><u>Batshalya (skt)<\/u><\/span><span style=\"font-size: medium;\"> = Beziehung zur Sri Krishna als eigenes Kind. <\/span><\/p>\n<p style=\"padding-left: 30px;\"><span style=\"font-size: medium;\"><u>Madhura (skt.)<\/u><\/span><span style=\"font-size: medium;\"> = Beziehung zur Krishna in platonischer Liebe.<\/span><\/p>\n<p style=\"padding-left: 30px;\"><span style=\"font-size: medium;\"><u><b>Ashta-svattik-Bhaba (skt)<\/b><\/u><\/span><\/p>\n<p style=\"padding-left: 30px;\"><span style=\"font-size: medium;\">Ashta = acht; svattik = auf die 7 Guna bezogene, Bhaba = von der Emotion dominierte Haltung<\/span><\/p>\n<p style=\"padding-left: 30px;\"><span style=\"font-family: Calibri, serif;\"><span style=\"font-size: large;\"><u><b>Anmerkung<\/b><\/u><\/span><\/span><span style=\"font-family: Castellar, serif;\"><span style=\"font-size: large;\"><b>:<\/b><\/span><\/span><span style=\"font-size: medium;\"> Hierzu sollte man meine Erl\u00e4uterungen zu den 3 Gunas studieren!<\/span><\/p>\n<p style=\"padding-left: 30px;\"><span style=\"font-size: large;\">Svattik <\/span><span style=\"font-size: medium;\">bezieht sich auf Sattva-Guna.<br \/>\nEs gibt also acht emotionale Ausdrucksformen, die die Entwicklungsstufe von Bhakta ( dem Verehrenden) aufzeigen. Sie sind in Skt.: <\/span><\/p>\n<p style=\"padding-left: 30px;\"><span style=\"font-size: medium;\">Stamva = Stille und Unbewegtheit wie eine S\u00e4ule<\/span><\/p>\n<p style=\"padding-left: 30px;\"><span style=\"font-size: medium;\">Sveta = Schwitzen<\/span><\/p>\n<p style=\"padding-left: 30px;\"><span style=\"font-size: medium;\">Romancha = G\u00e4nsehaut<\/span><\/p>\n<p style=\"padding-left: 30px;\"><span style=\"font-size: medium;\">Svarabhanga = Modulation der Stimme<\/span><\/p>\n<p style=\"padding-left: 30px;\"><span style=\"font-size: medium;\">Kampa = Tremor (Zittern)<\/span><\/p>\n<p style=\"padding-left: 30px;\"><span style=\"font-size: medium;\">Boibarna = Farbver\u00e4nderung der Haut<\/span><\/p>\n<p style=\"padding-left: 30px;\"><span style=\"font-size: medium;\">Ashru = Tr\u00e4nenstrom<\/span><\/p>\n<p style=\"padding-left: 30px;\"><span style=\"font-size: medium;\">Pralaya = Bewusstlosigkeit<\/span><\/p>\n","protected":false},"excerpt":{"rendered":"<p>Kurze Erkl\u00e4rung: Bevor ich mit der Ausf\u00fchrungen beginne, sehe ich die Notwendigkeit der Kl\u00e4rung einiger Begriffe um die komplexen und im indischen Gef\u00fchls- und Wahrnehmungs-Kosmos verankerten fremdartigen Formen des Selbstausdrucks von und um Nimai besser zu verstehen. (skt) Bhaba . Das Wort Bhaba beschreibt eine emotionale Haltung. Aber es ist viel tiefgr\u00fcndiger und abh\u00e4ngig von &hellip; <a href=\"http:\/\/blog.saranagata.de\/?page_id=395\" class=\"more-link\"><span class=\"screen-reader-text\">Nimai in Nabadwip<\/span> weiterlesen<\/a><\/p>\n","protected":false},"author":1,"featured_media":0,"parent":0,"menu_order":0,"comment_status":"closed","ping_status":"closed","template":"","meta":[],"yoast_head":"<!-- This site is optimized with the Yoast SEO plugin v20.10 - https:\/\/yoast.com\/wordpress\/plugins\/seo\/ -->\n<title>Nimai in Nabadwip - Saranagata<\/title>\n<meta name=\"robots\" content=\"index, follow, max-snippet:-1, max-image-preview:large, max-video-preview:-1\" \/>\n<link rel=\"canonical\" href=\"http:\/\/blog.saranagata.de\/?page_id=395\" \/>\n<meta property=\"og:locale\" content=\"de_DE\" \/>\n<meta property=\"og:type\" content=\"article\" \/>\n<meta property=\"og:title\" content=\"Nimai in Nabadwip - Saranagata\" \/>\n<meta property=\"og:description\" content=\"Kurze Erkl\u00e4rung: Bevor ich mit der Ausf\u00fchrungen beginne, sehe ich die Notwendigkeit der Kl\u00e4rung einiger Begriffe um die komplexen und im indischen Gef\u00fchls- und Wahrnehmungs-Kosmos verankerten fremdartigen Formen des Selbstausdrucks von und um Nimai besser zu verstehen. (skt) Bhaba . Das Wort Bhaba beschreibt eine emotionale Haltung. Aber es ist viel tiefgr\u00fcndiger und abh\u00e4ngig von &hellip; Nimai in Nabadwip weiterlesen\" \/>\n<meta property=\"og:url\" content=\"http:\/\/blog.saranagata.de\/?page_id=395\" \/>\n<meta property=\"og:site_name\" content=\"Saranagata\" \/>\n<meta name=\"twitter:card\" content=\"summary_large_image\" \/>\n<meta name=\"twitter:label1\" content=\"Gesch\u00e4tzte Lesezeit\" \/>\n\t<meta name=\"twitter:data1\" content=\"1 Minute\" \/>\n<script type=\"application\/ld+json\" class=\"yoast-schema-graph\">{\"@context\":\"https:\/\/schema.org\",\"@graph\":[{\"@type\":\"WebPage\",\"@id\":\"http:\/\/blog.saranagata.de\/?page_id=395\",\"url\":\"http:\/\/blog.saranagata.de\/?page_id=395\",\"name\":\"Nimai in Nabadwip - Saranagata\",\"isPartOf\":{\"@id\":\"http:\/\/blog.saranagata.de\/#website\"},\"datePublished\":\"2018-08-28T14:58:23+00:00\",\"dateModified\":\"2018-08-28T14:58:23+00:00\",\"breadcrumb\":{\"@id\":\"http:\/\/blog.saranagata.de\/?page_id=395#breadcrumb\"},\"inLanguage\":\"de-DE\",\"potentialAction\":[{\"@type\":\"ReadAction\",\"target\":[\"http:\/\/blog.saranagata.de\/?page_id=395\"]}]},{\"@type\":\"BreadcrumbList\",\"@id\":\"http:\/\/blog.saranagata.de\/?page_id=395#breadcrumb\",\"itemListElement\":[{\"@type\":\"ListItem\",\"position\":1,\"name\":\"Startseite\",\"item\":\"http:\/\/blog.saranagata.de\/\"},{\"@type\":\"ListItem\",\"position\":2,\"name\":\"Nimai in Nabadwip\"}]},{\"@type\":\"WebSite\",\"@id\":\"http:\/\/blog.saranagata.de\/#website\",\"url\":\"http:\/\/blog.saranagata.de\/\",\"name\":\"Saranagata\",\"description\":\"Parthasarathis spirituelle Oase\",\"potentialAction\":[{\"@type\":\"SearchAction\",\"target\":{\"@type\":\"EntryPoint\",\"urlTemplate\":\"http:\/\/blog.saranagata.de\/?s={search_term_string}\"},\"query-input\":\"required name=search_term_string\"}],\"inLanguage\":\"de-DE\"}]}<\/script>\n<!-- \/ Yoast SEO plugin. -->","yoast_head_json":{"title":"Nimai in Nabadwip - Saranagata","robots":{"index":"index","follow":"follow","max-snippet":"max-snippet:-1","max-image-preview":"max-image-preview:large","max-video-preview":"max-video-preview:-1"},"canonical":"http:\/\/blog.saranagata.de\/?page_id=395","og_locale":"de_DE","og_type":"article","og_title":"Nimai in Nabadwip - Saranagata","og_description":"Kurze Erkl\u00e4rung: Bevor ich mit der Ausf\u00fchrungen beginne, sehe ich die Notwendigkeit der Kl\u00e4rung einiger Begriffe um die komplexen und im indischen Gef\u00fchls- und Wahrnehmungs-Kosmos verankerten fremdartigen Formen des Selbstausdrucks von und um Nimai besser zu verstehen. (skt) Bhaba . Das Wort Bhaba beschreibt eine emotionale Haltung. Aber es ist viel tiefgr\u00fcndiger und abh\u00e4ngig von &hellip; Nimai in Nabadwip weiterlesen","og_url":"http:\/\/blog.saranagata.de\/?page_id=395","og_site_name":"Saranagata","twitter_card":"summary_large_image","twitter_misc":{"Gesch\u00e4tzte Lesezeit":"1 Minute"},"schema":{"@context":"https:\/\/schema.org","@graph":[{"@type":"WebPage","@id":"http:\/\/blog.saranagata.de\/?page_id=395","url":"http:\/\/blog.saranagata.de\/?page_id=395","name":"Nimai in Nabadwip - Saranagata","isPartOf":{"@id":"http:\/\/blog.saranagata.de\/#website"},"datePublished":"2018-08-28T14:58:23+00:00","dateModified":"2018-08-28T14:58:23+00:00","breadcrumb":{"@id":"http:\/\/blog.saranagata.de\/?page_id=395#breadcrumb"},"inLanguage":"de-DE","potentialAction":[{"@type":"ReadAction","target":["http:\/\/blog.saranagata.de\/?page_id=395"]}]},{"@type":"BreadcrumbList","@id":"http:\/\/blog.saranagata.de\/?page_id=395#breadcrumb","itemListElement":[{"@type":"ListItem","position":1,"name":"Startseite","item":"http:\/\/blog.saranagata.de\/"},{"@type":"ListItem","position":2,"name":"Nimai in Nabadwip"}]},{"@type":"WebSite","@id":"http:\/\/blog.saranagata.de\/#website","url":"http:\/\/blog.saranagata.de\/","name":"Saranagata","description":"Parthasarathis spirituelle Oase","potentialAction":[{"@type":"SearchAction","target":{"@type":"EntryPoint","urlTemplate":"http:\/\/blog.saranagata.de\/?s={search_term_string}"},"query-input":"required name=search_term_string"}],"inLanguage":"de-DE"}]}},"_links":{"self":[{"href":"http:\/\/blog.saranagata.de\/index.php?rest_route=\/wp\/v2\/pages\/395"}],"collection":[{"href":"http:\/\/blog.saranagata.de\/index.php?rest_route=\/wp\/v2\/pages"}],"about":[{"href":"http:\/\/blog.saranagata.de\/index.php?rest_route=\/wp\/v2\/types\/page"}],"author":[{"embeddable":true,"href":"http:\/\/blog.saranagata.de\/index.php?rest_route=\/wp\/v2\/users\/1"}],"replies":[{"embeddable":true,"href":"http:\/\/blog.saranagata.de\/index.php?rest_route=%2Fwp%2Fv2%2Fcomments&post=395"}],"version-history":[{"count":1,"href":"http:\/\/blog.saranagata.de\/index.php?rest_route=\/wp\/v2\/pages\/395\/revisions"}],"predecessor-version":[{"id":397,"href":"http:\/\/blog.saranagata.de\/index.php?rest_route=\/wp\/v2\/pages\/395\/revisions\/397"}],"wp:attachment":[{"href":"http:\/\/blog.saranagata.de\/index.php?rest_route=%2Fwp%2Fv2%2Fmedia&parent=395"}],"curies":[{"name":"wp","href":"https:\/\/api.w.org\/{rel}","templated":true}]}}