{"id":385,"date":"2017-05-04T16:25:14","date_gmt":"2017-05-04T16:25:14","guid":{"rendered":"http:\/\/blog.saranagata.de\/?page_id=385"},"modified":"2017-05-04T16:25:14","modified_gmt":"2017-05-04T16:25:14","slug":"die-radikale-verwandlung","status":"publish","type":"page","link":"http:\/\/blog.saranagata.de\/?page_id=385","title":{"rendered":"Die radikale Verwandlung"},"content":{"rendered":"<p><span style=\"font-family: Arial,serif;\">In G\u00e4ya angekommen, erledigte Nimai zun\u00e4chst die Zeremonie zum Jahresged\u00e4chtnis. Dann nahm er ein Bad in Brahmakunda und ging nach Chakrabera. Der Legende nach hatte hier Sri Krishna mit seinem Fu\u00df das Haupt von G\u00e4yasura ber\u00fchrt. Dieser Fu\u00dfabdruck ist heute noch sichtbar. Angesichts dieser Fu\u00dfstapfen wurde Nimai wie bet\u00e4ubt, er verlor Stimme und Sprache, seine Lippen fingen an zu zittern. Unentwegt flossen ihm die Tr\u00e4nen. Unter den Anwesenden war auch Iswarpuri. Als Nimai fast bewusstlos, beinahe gest\u00fcrzt w\u00e4re, fing ihn Iswarpuri auf. Nimai kam zu sich und sagte: <\/span><\/p>\n<p><span style=\"font-family: Arial,serif;\">&#8222;Mein Besuch in G\u00e4ya ist nun von Gl\u00fcck und Erfolg gekr\u00f6nt, ab heute bin ich der Diener von Sri Krishna denn ich d\u00fcrfte seine unsch\u00e4tzbaren Fu\u00dfstapfen betrachten. Goswami Iswarpuri (Goswami= religi\u00f6ser Lehrer), ich bin im Samsara-Fluss beinahe ertrunken. Du bist voller Mitleid und Gnade, ich bitte um Befreiung. Bitte gib mir deinen Segen, sodass ich bef\u00e4higt werde, den Liebesnektar von Sri Krishna zu genie\u00dfen.<\/span><\/p>\n<p><span style=\"font-family: Arial,serif;\">Einige Tage sp\u00e4ter, in einer Gl\u00fcckverhei\u00dfenden Stunde fl\u00fcsterte Iswarpuri ein aus zehn Silben bestehendes Mantra in Nimais Ohr und sofort fing dieser voller Freude an zu weinen!<\/span><\/p>\n<p>\u201e\u2026<span style=\"font-family: Arial,serif;\">Die Samen die der Madhabendrapuri im Herzen von Iswarpuri gesetzt hatte, manifestierte sich nun als ausgewachsener Baum im Sri Gauranga\u2026\u201c<\/span><\/p>\n<p><span style=\"font-family: Arial,serif;\">(vide: Sri Chaitanya Charitamrita Seite 29ff).<\/span><\/p>\n<p><span style=\"font-family: Arial,serif;\">Nach dieser dramatischen Begegnung mit Nimai, verschwand Iswarpuri f\u00fcr immer in eine unbekannte Welt.<\/span><\/p>\n<p><span style=\"font-family: Arial,serif;\">Der visuelle Eindruck von Sri Krishnas Fu\u00dfabdruck ver\u00e4nderte Nimais Wesensart grundlegend. Er wurde noch stiller, nachdenklicher, sein Herz voller dem\u00fctiger Hingabe an Sri Krishna, Augen voller Tr\u00e4nen in der sichtbare Erwartung, Entfremdung von der Umwelt und Abstand von der Realit\u00e4ts-Resonanz.<\/span><\/p>\n<p><span style=\"font-family: Arial,serif;\">Einige Tage sp\u00e4ter,w\u00e4hrend er an einem einsamen Platz sa\u00df und das Guru-Mantra rezitierete, schrie er pl\u00f6tzlich auf: \u201eKrishna! Mein Vater, wo bist du\u201c, und fiel in Ohnmacht.Als er langsam wieder zu sich gekommen war,sagte er weinend: \u201eKrishna, mein Vater, mein Leben, ich bin unf\u00e4hig zu leben ohne dich. Bitte verstecke dich nicht, denn meine Welt versinkt in der Dunkelheit ohne dich. Hab\u00b4 Erbarmen und rette mein Leben.\u201c <\/span><\/p>\n<p><span style=\"font-family: Arial,serif;\">In der Zwischenzeit waren seine Begleiter eingetroffen und Nitai flehte sie an: \u201eIhr geht zur\u00fcck nach Hause und tr\u00f6stet meine Mutter, ich nehme nun den Weg Richtung Brindabon.\u201c <\/span><\/p>\n<p><span style=\"font-family: Arial,serif;\">Nur mit Muhe gelang es Chandrashekhar und den restlichen Sch\u00fclern, Nimai umzustimmen und sie kehrten gemeinsam nach Nabadwip zur\u00fcck. <\/span><\/p>\n<p><span style=\"font-family: Arial,serif;\">Satchimata und Vishnupriya empfingen Nimai mit tiefer Freude. Seine flehende Schweigsamkeit, seine fesselnde Zur\u00fcckhaltung und seine flammend leuchtende Traurigkeit auf dem Gesicht fielen allen auf. Gegen Nachmittag sa\u00df Nimai im Wohnzimmer mit drei Freunden zusammen, mit Sriman Pandit, Kabiraj S\u00e4dashiv und Murari Gupta. Dieser Murari Gupta sollte sp\u00e4ter in seiner ber\u00fchmten K\u00e4rcha (Chronologie) Nimais fr\u00fche Aktivit\u00e4ten (bengl. Lila) detailliert beschreiben.<\/span><\/p>\n<p><span style=\"font-family: Arial,serif;\">In tiefern emotionalern Ergebenheit und sehr bewegt sprach Nimai : &#8222;Br\u00fcder, ihr seid auf ewig meine Freunde. Wem anders als euch soll ich enth\u00fcllen wie sehr meine Seele trauert angesichts der Trennung meiner Seele? Morgen werde ich Shuklambar Brahmachari besuchen, bitte kommt dorthin! Ich werde euch alles erz\u00e4hlen&#8220;. <\/span><\/p>\n<p><span style=\"font-family: Arial,serif;\">Anschlie\u00dfend ging er ins Schlafzimmer, unterhielt sich mit seiner Frau Vishnupryia und abrupt wurde er still, senkte seinen Kopf und began bitterlich zu weinen. Vishnupriya, sehr bewegt und sprachlos, lief zu Satchimata. Beunruhigt kamen die beiden zur\u00fcck zu Nimai und fragten ihn besorgt nach dem Grund seines herzzerrei\u00dfenden Weinens. Nimai z\u00fcgelte sich ein wenig und murmelte:<\/span><\/p>\n<p><span style=\"font-family: Arial,serif;\">&#8222;Mutter, sei nicht traurig dass ich weine, denn gerade hat mich der Anblick auf eines wunderbaren mit Girlanden geschm\u00fcckten himmelblauen Jungen so sehr ber\u00fchrt, dass meine Augen anfingen vor Freude so tief wie der Ozean, unaufhaltsame Tr\u00e4nen zu weinen. Der Glanz seiner Sch\u00f6nheit stimmte eine heilige Melodie in meinem Herzen an&#8220;. Dann schilderte Nimai seine Erlebnisse bis ins Detail.<\/span><\/p>\n<p><span style=\"font-family: Arial,serif;\">Am n\u00e4chsten Morgen traf Nimai im Haus von Shuklambar Brahmacharie an, stolpernd, strauchelnd wie ein Betrunkener und auf dem lehmbedeckten Innenhof fiel er in Ohnmacht. Nachdem Murari und Sriman etwas Wasser \u00fcber seinem Gesicht verspr\u00fcht hatten, \u00f6ffnete Nimai die Augen und fing an zu weinen. Seine mit Gef\u00fchlen durchtr\u00e4nkte Stimme rief: \u201eKrischna! Krischna! Mein Krischna ist nicht mehr da. Er war doch eben noch hier, nun hat er sich wieder versteckt?\u201c Dann w\u00e4lzte er sich, versunken im stockenden Pulsschlag des Trennungsschmerzes auf dem Lehmboden und murmelte schluchzend: \u201eMein Krishna ist nicht mehr da!\u201c <\/span><\/p>\n<p><span style=\"font-family: Arial,serif;\">Unvermittelt umarmte er Murari und sprach: <\/span><\/p>\n<p>\u201e<span style=\"font-family: Arial,serif;\">Murari, verehre Sri Krischna, willst du Krischna nicht anbeten? Murari, mein Krischna ist so der Liebe w\u00fcrdig!&#8220; <\/span><\/p>\n<p><span style=\"font-family: Arial,serif;\">Pl\u00f6tzlich h\u00f6rte Nimai eine wimmernde Stimme und fragte sich, wem wohl die Stimme geh\u00f6rte. Es war die Stimme von G\u00e4dadh\u00e4r. Als dieser hervortrat, sagte Nimai: \u201eG\u00e4dadh\u00e4r, dein Leben ist gesegnet, mein Dasein ist wohl sinnlos&#8220;. Daraufhin warf sich G\u00e4dadh\u00e4r Nimai zu F\u00fc\u00dfen. Er war j\u00fcnger als Nimai und begleitete Nimai wie sein Schatten.<\/span><\/p>\n","protected":false},"excerpt":{"rendered":"<p>In G\u00e4ya angekommen, erledigte Nimai zun\u00e4chst die Zeremonie zum Jahresged\u00e4chtnis. Dann nahm er ein Bad in Brahmakunda und ging nach Chakrabera. Der Legende nach hatte hier Sri Krishna mit seinem Fu\u00df das Haupt von G\u00e4yasura ber\u00fchrt. Dieser Fu\u00dfabdruck ist heute noch sichtbar. Angesichts dieser Fu\u00dfstapfen wurde Nimai wie bet\u00e4ubt, er verlor Stimme und Sprache, seine &hellip; <a href=\"http:\/\/blog.saranagata.de\/?page_id=385\" class=\"more-link\"><span class=\"screen-reader-text\">Die radikale Verwandlung<\/span> weiterlesen<\/a><\/p>\n","protected":false},"author":1,"featured_media":0,"parent":0,"menu_order":0,"comment_status":"closed","ping_status":"closed","template":"","meta":[],"yoast_head":"<!-- This site is optimized with the Yoast SEO plugin v20.10 - https:\/\/yoast.com\/wordpress\/plugins\/seo\/ -->\n<title>Die radikale Verwandlung - Saranagata<\/title>\n<meta name=\"robots\" content=\"index, follow, max-snippet:-1, max-image-preview:large, max-video-preview:-1\" \/>\n<link rel=\"canonical\" href=\"http:\/\/blog.saranagata.de\/?page_id=385\" \/>\n<meta property=\"og:locale\" content=\"de_DE\" \/>\n<meta property=\"og:type\" content=\"article\" \/>\n<meta property=\"og:title\" content=\"Die radikale Verwandlung - Saranagata\" \/>\n<meta property=\"og:description\" content=\"In G\u00e4ya angekommen, erledigte Nimai zun\u00e4chst die Zeremonie zum Jahresged\u00e4chtnis. Dann nahm er ein Bad in Brahmakunda und ging nach Chakrabera. Der Legende nach hatte hier Sri Krishna mit seinem Fu\u00df das Haupt von G\u00e4yasura ber\u00fchrt. Dieser Fu\u00dfabdruck ist heute noch sichtbar. Angesichts dieser Fu\u00dfstapfen wurde Nimai wie bet\u00e4ubt, er verlor Stimme und Sprache, seine &hellip; Die radikale Verwandlung weiterlesen\" \/>\n<meta property=\"og:url\" content=\"http:\/\/blog.saranagata.de\/?page_id=385\" \/>\n<meta property=\"og:site_name\" content=\"Saranagata\" \/>\n<meta name=\"twitter:card\" content=\"summary_large_image\" \/>\n<meta name=\"twitter:label1\" content=\"Gesch\u00e4tzte Lesezeit\" \/>\n\t<meta name=\"twitter:data1\" content=\"4 Minuten\" \/>\n<script type=\"application\/ld+json\" class=\"yoast-schema-graph\">{\"@context\":\"https:\/\/schema.org\",\"@graph\":[{\"@type\":\"WebPage\",\"@id\":\"http:\/\/blog.saranagata.de\/?page_id=385\",\"url\":\"http:\/\/blog.saranagata.de\/?page_id=385\",\"name\":\"Die radikale Verwandlung - Saranagata\",\"isPartOf\":{\"@id\":\"http:\/\/blog.saranagata.de\/#website\"},\"datePublished\":\"2017-05-04T16:25:14+00:00\",\"dateModified\":\"2017-05-04T16:25:14+00:00\",\"breadcrumb\":{\"@id\":\"http:\/\/blog.saranagata.de\/?page_id=385#breadcrumb\"},\"inLanguage\":\"de-DE\",\"potentialAction\":[{\"@type\":\"ReadAction\",\"target\":[\"http:\/\/blog.saranagata.de\/?page_id=385\"]}]},{\"@type\":\"BreadcrumbList\",\"@id\":\"http:\/\/blog.saranagata.de\/?page_id=385#breadcrumb\",\"itemListElement\":[{\"@type\":\"ListItem\",\"position\":1,\"name\":\"Startseite\",\"item\":\"http:\/\/blog.saranagata.de\/\"},{\"@type\":\"ListItem\",\"position\":2,\"name\":\"Die radikale Verwandlung\"}]},{\"@type\":\"WebSite\",\"@id\":\"http:\/\/blog.saranagata.de\/#website\",\"url\":\"http:\/\/blog.saranagata.de\/\",\"name\":\"Saranagata\",\"description\":\"Parthasarathis spirituelle Oase\",\"potentialAction\":[{\"@type\":\"SearchAction\",\"target\":{\"@type\":\"EntryPoint\",\"urlTemplate\":\"http:\/\/blog.saranagata.de\/?s={search_term_string}\"},\"query-input\":\"required name=search_term_string\"}],\"inLanguage\":\"de-DE\"}]}<\/script>\n<!-- \/ Yoast SEO plugin. -->","yoast_head_json":{"title":"Die radikale Verwandlung - Saranagata","robots":{"index":"index","follow":"follow","max-snippet":"max-snippet:-1","max-image-preview":"max-image-preview:large","max-video-preview":"max-video-preview:-1"},"canonical":"http:\/\/blog.saranagata.de\/?page_id=385","og_locale":"de_DE","og_type":"article","og_title":"Die radikale Verwandlung - Saranagata","og_description":"In G\u00e4ya angekommen, erledigte Nimai zun\u00e4chst die Zeremonie zum Jahresged\u00e4chtnis. Dann nahm er ein Bad in Brahmakunda und ging nach Chakrabera. Der Legende nach hatte hier Sri Krishna mit seinem Fu\u00df das Haupt von G\u00e4yasura ber\u00fchrt. Dieser Fu\u00dfabdruck ist heute noch sichtbar. Angesichts dieser Fu\u00dfstapfen wurde Nimai wie bet\u00e4ubt, er verlor Stimme und Sprache, seine &hellip; Die radikale Verwandlung weiterlesen","og_url":"http:\/\/blog.saranagata.de\/?page_id=385","og_site_name":"Saranagata","twitter_card":"summary_large_image","twitter_misc":{"Gesch\u00e4tzte Lesezeit":"4 Minuten"},"schema":{"@context":"https:\/\/schema.org","@graph":[{"@type":"WebPage","@id":"http:\/\/blog.saranagata.de\/?page_id=385","url":"http:\/\/blog.saranagata.de\/?page_id=385","name":"Die radikale Verwandlung - Saranagata","isPartOf":{"@id":"http:\/\/blog.saranagata.de\/#website"},"datePublished":"2017-05-04T16:25:14+00:00","dateModified":"2017-05-04T16:25:14+00:00","breadcrumb":{"@id":"http:\/\/blog.saranagata.de\/?page_id=385#breadcrumb"},"inLanguage":"de-DE","potentialAction":[{"@type":"ReadAction","target":["http:\/\/blog.saranagata.de\/?page_id=385"]}]},{"@type":"BreadcrumbList","@id":"http:\/\/blog.saranagata.de\/?page_id=385#breadcrumb","itemListElement":[{"@type":"ListItem","position":1,"name":"Startseite","item":"http:\/\/blog.saranagata.de\/"},{"@type":"ListItem","position":2,"name":"Die radikale Verwandlung"}]},{"@type":"WebSite","@id":"http:\/\/blog.saranagata.de\/#website","url":"http:\/\/blog.saranagata.de\/","name":"Saranagata","description":"Parthasarathis spirituelle Oase","potentialAction":[{"@type":"SearchAction","target":{"@type":"EntryPoint","urlTemplate":"http:\/\/blog.saranagata.de\/?s={search_term_string}"},"query-input":"required name=search_term_string"}],"inLanguage":"de-DE"}]}},"_links":{"self":[{"href":"http:\/\/blog.saranagata.de\/index.php?rest_route=\/wp\/v2\/pages\/385"}],"collection":[{"href":"http:\/\/blog.saranagata.de\/index.php?rest_route=\/wp\/v2\/pages"}],"about":[{"href":"http:\/\/blog.saranagata.de\/index.php?rest_route=\/wp\/v2\/types\/page"}],"author":[{"embeddable":true,"href":"http:\/\/blog.saranagata.de\/index.php?rest_route=\/wp\/v2\/users\/1"}],"replies":[{"embeddable":true,"href":"http:\/\/blog.saranagata.de\/index.php?rest_route=%2Fwp%2Fv2%2Fcomments&post=385"}],"version-history":[{"count":1,"href":"http:\/\/blog.saranagata.de\/index.php?rest_route=\/wp\/v2\/pages\/385\/revisions"}],"predecessor-version":[{"id":387,"href":"http:\/\/blog.saranagata.de\/index.php?rest_route=\/wp\/v2\/pages\/385\/revisions\/387"}],"wp:attachment":[{"href":"http:\/\/blog.saranagata.de\/index.php?rest_route=%2Fwp%2Fv2%2Fmedia&parent=385"}],"curies":[{"name":"wp","href":"https:\/\/api.w.org\/{rel}","templated":true}]}}