{"id":38,"date":"2015-06-21T14:37:44","date_gmt":"2015-06-21T14:37:44","guid":{"rendered":"http:\/\/blog.saranagata.de\/?page_id=38"},"modified":"2023-05-08T20:42:11","modified_gmt":"2023-05-08T20:42:11","slug":"der-autor","status":"publish","type":"page","link":"http:\/\/blog.saranagata.de\/?page_id=38","title":{"rendered":"Der Autor"},"content":{"rendered":"<p align=\"JUSTIFY\">E<span style=\"font-family: Bookman Old Style,serif;\"><span style=\"font-size: x-large;\">r ist deutscher Staatsb\u00fcrger, indischer Abstammung. Nach Studium der Naturwissenschaft, \u00d6konomie und Komplement\u00e4r-Medizin, mehr als 30 Jahre T\u00e4tigkeit in der Wirtschaft in leitender Position.<\/span><\/span><\/p>\n<p align=\"JUSTIFY\"><span style=\"font-family: Bookman Old Style,serif;\"><span style=\"font-size: x-large;\">Referent im Bereich Buddhismus &#8211; Hinduismus.<\/span><\/span><\/p>\n<p align=\"JUSTIFY\"><span style=\"font-family: Bookman Old Style,serif;\"><span style=\"font-size: x-large;\">Seit Kindheit starke Affinit\u00e4t im spirituellen Bereich, initiiert und stark gepr\u00e4gt durch den Vater und erst recht durch eigenen Onkel, Sri Birendranath, ein erleuchteter M\u00f6nch, ohne Publicity-Sucht. \u00c4u\u00dferlich war er als Chemiker, mitten im Leben stehend. Innerlich jedoch, stiller, in der Tiefe des transzendentales Lichtes der Divinit\u00e4t verweilend &#8211; wie ein epochaler Yogi!<\/span><\/span><\/p>\n<p align=\"JUSTIFY\"><span style=\"font-family: Bookman Old Style,serif;\"><span style=\"font-size: x-large;\">Sein Antlitz ist die Motivation, seine Energie-Koh\u00e4renz ist der Wegweiser und seine Gnade und G\u00fcte ist das leuchtende Wort, schwingend in dem ewigen Strom der absoluten Wirklichkeit.<\/span><\/span><\/p>\n","protected":false},"excerpt":{"rendered":"<p>Er ist deutscher Staatsb\u00fcrger, indischer Abstammung. Nach Studium der Naturwissenschaft, \u00d6konomie und Komplement\u00e4r-Medizin, mehr als 30 Jahre T\u00e4tigkeit in der Wirtschaft in leitender Position. Referent im Bereich Buddhismus &#8211; Hinduismus. Seit Kindheit starke Affinit\u00e4t im spirituellen Bereich, initiiert und stark gepr\u00e4gt durch den Vater und erst recht durch eigenen Onkel, Sri Birendranath, ein erleuchteter M\u00f6nch, &hellip; <a href=\"http:\/\/blog.saranagata.de\/?page_id=38\" class=\"more-link\"><span class=\"screen-reader-text\">Der Autor<\/span> weiterlesen<\/a><\/p>\n","protected":false},"author":1,"featured_media":0,"parent":0,"menu_order":4,"comment_status":"closed","ping_status":"closed","template":"","meta":[],"yoast_head":"<!-- This site is optimized with the Yoast SEO plugin v20.10 - https:\/\/yoast.com\/wordpress\/plugins\/seo\/ -->\n<title>Der Autor - Saranagata<\/title>\n<meta name=\"robots\" content=\"index, follow, max-snippet:-1, max-image-preview:large, max-video-preview:-1\" \/>\n<link rel=\"canonical\" href=\"http:\/\/blog.saranagata.de\/?page_id=38\" \/>\n<meta property=\"og:locale\" content=\"de_DE\" \/>\n<meta property=\"og:type\" content=\"article\" \/>\n<meta property=\"og:title\" content=\"Der Autor - Saranagata\" \/>\n<meta property=\"og:description\" content=\"Er ist deutscher Staatsb\u00fcrger, indischer Abstammung. Nach Studium der Naturwissenschaft, \u00d6konomie und Komplement\u00e4r-Medizin, mehr als 30 Jahre T\u00e4tigkeit in der Wirtschaft in leitender Position. Referent im Bereich Buddhismus &#8211; Hinduismus. Seit Kindheit starke Affinit\u00e4t im spirituellen Bereich, initiiert und stark gepr\u00e4gt durch den Vater und erst recht durch eigenen Onkel, Sri Birendranath, ein erleuchteter M\u00f6nch, &hellip; Der Autor weiterlesen\" \/>\n<meta property=\"og:url\" content=\"http:\/\/blog.saranagata.de\/?page_id=38\" \/>\n<meta property=\"og:site_name\" content=\"Saranagata\" \/>\n<meta property=\"article:modified_time\" content=\"2023-05-08T20:42:11+00:00\" \/>\n<meta name=\"twitter:card\" content=\"summary_large_image\" \/>\n<meta name=\"twitter:label1\" content=\"Gesch\u00e4tzte Lesezeit\" \/>\n\t<meta name=\"twitter:data1\" content=\"1 Minute\" \/>\n<script type=\"application\/ld+json\" class=\"yoast-schema-graph\">{\"@context\":\"https:\/\/schema.org\",\"@graph\":[{\"@type\":\"WebPage\",\"@id\":\"http:\/\/blog.saranagata.de\/?page_id=38\",\"url\":\"http:\/\/blog.saranagata.de\/?page_id=38\",\"name\":\"Der Autor - Saranagata\",\"isPartOf\":{\"@id\":\"http:\/\/blog.saranagata.de\/#website\"},\"datePublished\":\"2015-06-21T14:37:44+00:00\",\"dateModified\":\"2023-05-08T20:42:11+00:00\",\"breadcrumb\":{\"@id\":\"http:\/\/blog.saranagata.de\/?page_id=38#breadcrumb\"},\"inLanguage\":\"de-DE\",\"potentialAction\":[{\"@type\":\"ReadAction\",\"target\":[\"http:\/\/blog.saranagata.de\/?page_id=38\"]}]},{\"@type\":\"BreadcrumbList\",\"@id\":\"http:\/\/blog.saranagata.de\/?page_id=38#breadcrumb\",\"itemListElement\":[{\"@type\":\"ListItem\",\"position\":1,\"name\":\"Startseite\",\"item\":\"http:\/\/blog.saranagata.de\/\"},{\"@type\":\"ListItem\",\"position\":2,\"name\":\"Der Autor\"}]},{\"@type\":\"WebSite\",\"@id\":\"http:\/\/blog.saranagata.de\/#website\",\"url\":\"http:\/\/blog.saranagata.de\/\",\"name\":\"Saranagata\",\"description\":\"Parthasarathis spirituelle Oase\",\"potentialAction\":[{\"@type\":\"SearchAction\",\"target\":{\"@type\":\"EntryPoint\",\"urlTemplate\":\"http:\/\/blog.saranagata.de\/?s={search_term_string}\"},\"query-input\":\"required name=search_term_string\"}],\"inLanguage\":\"de-DE\"}]}<\/script>\n<!-- \/ Yoast SEO plugin. -->","yoast_head_json":{"title":"Der Autor - Saranagata","robots":{"index":"index","follow":"follow","max-snippet":"max-snippet:-1","max-image-preview":"max-image-preview:large","max-video-preview":"max-video-preview:-1"},"canonical":"http:\/\/blog.saranagata.de\/?page_id=38","og_locale":"de_DE","og_type":"article","og_title":"Der Autor - Saranagata","og_description":"Er ist deutscher Staatsb\u00fcrger, indischer Abstammung. Nach Studium der Naturwissenschaft, \u00d6konomie und Komplement\u00e4r-Medizin, mehr als 30 Jahre T\u00e4tigkeit in der Wirtschaft in leitender Position. Referent im Bereich Buddhismus &#8211; Hinduismus. Seit Kindheit starke Affinit\u00e4t im spirituellen Bereich, initiiert und stark gepr\u00e4gt durch den Vater und erst recht durch eigenen Onkel, Sri Birendranath, ein erleuchteter M\u00f6nch, &hellip; Der Autor weiterlesen","og_url":"http:\/\/blog.saranagata.de\/?page_id=38","og_site_name":"Saranagata","article_modified_time":"2023-05-08T20:42:11+00:00","twitter_card":"summary_large_image","twitter_misc":{"Gesch\u00e4tzte Lesezeit":"1 Minute"},"schema":{"@context":"https:\/\/schema.org","@graph":[{"@type":"WebPage","@id":"http:\/\/blog.saranagata.de\/?page_id=38","url":"http:\/\/blog.saranagata.de\/?page_id=38","name":"Der Autor - Saranagata","isPartOf":{"@id":"http:\/\/blog.saranagata.de\/#website"},"datePublished":"2015-06-21T14:37:44+00:00","dateModified":"2023-05-08T20:42:11+00:00","breadcrumb":{"@id":"http:\/\/blog.saranagata.de\/?page_id=38#breadcrumb"},"inLanguage":"de-DE","potentialAction":[{"@type":"ReadAction","target":["http:\/\/blog.saranagata.de\/?page_id=38"]}]},{"@type":"BreadcrumbList","@id":"http:\/\/blog.saranagata.de\/?page_id=38#breadcrumb","itemListElement":[{"@type":"ListItem","position":1,"name":"Startseite","item":"http:\/\/blog.saranagata.de\/"},{"@type":"ListItem","position":2,"name":"Der Autor"}]},{"@type":"WebSite","@id":"http:\/\/blog.saranagata.de\/#website","url":"http:\/\/blog.saranagata.de\/","name":"Saranagata","description":"Parthasarathis spirituelle Oase","potentialAction":[{"@type":"SearchAction","target":{"@type":"EntryPoint","urlTemplate":"http:\/\/blog.saranagata.de\/?s={search_term_string}"},"query-input":"required name=search_term_string"}],"inLanguage":"de-DE"}]}},"_links":{"self":[{"href":"http:\/\/blog.saranagata.de\/index.php?rest_route=\/wp\/v2\/pages\/38"}],"collection":[{"href":"http:\/\/blog.saranagata.de\/index.php?rest_route=\/wp\/v2\/pages"}],"about":[{"href":"http:\/\/blog.saranagata.de\/index.php?rest_route=\/wp\/v2\/types\/page"}],"author":[{"embeddable":true,"href":"http:\/\/blog.saranagata.de\/index.php?rest_route=\/wp\/v2\/users\/1"}],"replies":[{"embeddable":true,"href":"http:\/\/blog.saranagata.de\/index.php?rest_route=%2Fwp%2Fv2%2Fcomments&post=38"}],"version-history":[{"count":8,"href":"http:\/\/blog.saranagata.de\/index.php?rest_route=\/wp\/v2\/pages\/38\/revisions"}],"predecessor-version":[{"id":598,"href":"http:\/\/blog.saranagata.de\/index.php?rest_route=\/wp\/v2\/pages\/38\/revisions\/598"}],"wp:attachment":[{"href":"http:\/\/blog.saranagata.de\/index.php?rest_route=%2Fwp%2Fv2%2Fmedia&parent=38"}],"curies":[{"name":"wp","href":"https:\/\/api.w.org\/{rel}","templated":true}]}}