{"id":379,"date":"2017-05-04T16:12:45","date_gmt":"2017-05-04T16:12:45","guid":{"rendered":"http:\/\/blog.saranagata.de\/?page_id=379"},"modified":"2017-05-04T16:12:45","modified_gmt":"2017-05-04T16:12:45","slug":"zweite-ehe","status":"publish","type":"page","link":"http:\/\/blog.saranagata.de\/?page_id=379","title":{"rendered":"Zweite Ehe"},"content":{"rendered":"<p><span style=\"font-family: Arial,serif;\">Das Ufer des Ganges war damals ein ausgesprochen beliebter Ort zum Verweilen, Baden, Plaudern und zum Reinigen der Bekleidung. Badezimmer waren unbekannt. Auch Vishnupriya, die einzige Tochter von Sanatan Misra, dem wohlhabenden Gelehrten aus der vedischen Brahmana-Kaste,ging an den Ganges, um zu baden und sich zu unterhalten. <\/span><\/p>\n<p><span style=\"font-family: Arial,serif;\">Das M\u00e4dchen war h\u00fcbsch, bescheiden und h\u00f6flich. Rein \u00e4u\u00dferlich betrachtet: <\/span><\/p>\n<p>\u201e\u2026 <span style=\"font-family: Arial,serif;\">Vishnupriyer K\u00f6rper war wie aus dem geschmolzenen Gold von unz\u00e4hligen Armb\u00e4ndern\u2026\u201c<\/span><\/p>\n<p><span style=\"font-family: Arial,serif;\">(vide: Sri Chaitanya mangal)<\/span><\/p>\n<p>\u201e<span style=\"font-family: Arial,serif;\">Sie hat sich an Nimai verliebt.\u201c<\/span><\/p>\n<p><span style=\"font-family: Arial,serif;\">(Vide: Sri Gauranga Uday in bengl. von Mukunda Pandit, ein Kamerad von Nimai)<\/span><\/p>\n<p><span style=\"font-family: Arial,serif;\">Satchimata lernte ebenfalls das M\u00e4dchen beim Baden im Ganges kennen. Sie war von der Sch\u00f6nheit und H\u00f6flichkeit des M\u00e4dchens sehr angetan. Aber Satchimata beweifelte ,dass eine Heirat mit Nimai und Vishnupriya \u00fcberhaupt m\u00f6glich war, denn es gab einen beachtliches Status und Wohlstandsgef\u00e4llen zwischen den Familien. <\/span><\/p>\n<p><span style=\"font-family: Arial,serif;\">Trotzdem lie\u00df sie ein Heiratsangebot unterbreiten. Voller Freude und Genungtuung nahmen es Sanatan Misra und seine Frau an und die Hochzeit von Nimai und Vishnupriya fand mit gro\u00dfem Pomp und Prunk statt.<\/span><\/p>\n<p><span style=\"font-family: Arial,serif;\">Es vergingen zwei Jahre. Nimai, nun etwa 22 Jahre alt, wurde stiller, nachdenklicher. Eines Tages bat er Satchimata um die Zustimmung, den Wallfahrtsort G\u00e4ya zu besuchen um das Jahresged\u00e4chtnis seines Vaters zu feiern. Mit dem Einverst\u00e4ndnis der Mutter brach er, etwa im Monat September auf, begleitet von Onkel Chankr\u00e4shekhar und einer Anzahl an Sch\u00fclern. <\/span><\/p>\n","protected":false},"excerpt":{"rendered":"<p>Das Ufer des Ganges war damals ein ausgesprochen beliebter Ort zum Verweilen, Baden, Plaudern und zum Reinigen der Bekleidung. Badezimmer waren unbekannt. Auch Vishnupriya, die einzige Tochter von Sanatan Misra, dem wohlhabenden Gelehrten aus der vedischen Brahmana-Kaste,ging an den Ganges, um zu baden und sich zu unterhalten. Das M\u00e4dchen war h\u00fcbsch, bescheiden und h\u00f6flich. Rein &hellip; <a href=\"http:\/\/blog.saranagata.de\/?page_id=379\" class=\"more-link\"><span class=\"screen-reader-text\">Zweite Ehe<\/span> weiterlesen<\/a><\/p>\n","protected":false},"author":1,"featured_media":0,"parent":0,"menu_order":0,"comment_status":"closed","ping_status":"closed","template":"","meta":[],"yoast_head":"<!-- This site is optimized with the Yoast SEO plugin v20.10 - https:\/\/yoast.com\/wordpress\/plugins\/seo\/ -->\n<title>Zweite Ehe - Saranagata<\/title>\n<meta name=\"robots\" content=\"index, follow, max-snippet:-1, max-image-preview:large, max-video-preview:-1\" \/>\n<link rel=\"canonical\" href=\"http:\/\/blog.saranagata.de\/?page_id=379\" \/>\n<meta property=\"og:locale\" content=\"de_DE\" \/>\n<meta property=\"og:type\" content=\"article\" \/>\n<meta property=\"og:title\" content=\"Zweite Ehe - Saranagata\" \/>\n<meta property=\"og:description\" content=\"Das Ufer des Ganges war damals ein ausgesprochen beliebter Ort zum Verweilen, Baden, Plaudern und zum Reinigen der Bekleidung. Badezimmer waren unbekannt. Auch Vishnupriya, die einzige Tochter von Sanatan Misra, dem wohlhabenden Gelehrten aus der vedischen Brahmana-Kaste,ging an den Ganges, um zu baden und sich zu unterhalten. Das M\u00e4dchen war h\u00fcbsch, bescheiden und h\u00f6flich. Rein &hellip; Zweite Ehe weiterlesen\" \/>\n<meta property=\"og:url\" content=\"http:\/\/blog.saranagata.de\/?page_id=379\" \/>\n<meta property=\"og:site_name\" content=\"Saranagata\" \/>\n<meta name=\"twitter:card\" content=\"summary_large_image\" \/>\n<meta name=\"twitter:label1\" content=\"Gesch\u00e4tzte Lesezeit\" \/>\n\t<meta name=\"twitter:data1\" content=\"1 Minute\" \/>\n<script type=\"application\/ld+json\" class=\"yoast-schema-graph\">{\"@context\":\"https:\/\/schema.org\",\"@graph\":[{\"@type\":\"WebPage\",\"@id\":\"http:\/\/blog.saranagata.de\/?page_id=379\",\"url\":\"http:\/\/blog.saranagata.de\/?page_id=379\",\"name\":\"Zweite Ehe - Saranagata\",\"isPartOf\":{\"@id\":\"http:\/\/blog.saranagata.de\/#website\"},\"datePublished\":\"2017-05-04T16:12:45+00:00\",\"dateModified\":\"2017-05-04T16:12:45+00:00\",\"breadcrumb\":{\"@id\":\"http:\/\/blog.saranagata.de\/?page_id=379#breadcrumb\"},\"inLanguage\":\"de-DE\",\"potentialAction\":[{\"@type\":\"ReadAction\",\"target\":[\"http:\/\/blog.saranagata.de\/?page_id=379\"]}]},{\"@type\":\"BreadcrumbList\",\"@id\":\"http:\/\/blog.saranagata.de\/?page_id=379#breadcrumb\",\"itemListElement\":[{\"@type\":\"ListItem\",\"position\":1,\"name\":\"Startseite\",\"item\":\"http:\/\/blog.saranagata.de\/\"},{\"@type\":\"ListItem\",\"position\":2,\"name\":\"Zweite Ehe\"}]},{\"@type\":\"WebSite\",\"@id\":\"http:\/\/blog.saranagata.de\/#website\",\"url\":\"http:\/\/blog.saranagata.de\/\",\"name\":\"Saranagata\",\"description\":\"Parthasarathis spirituelle Oase\",\"potentialAction\":[{\"@type\":\"SearchAction\",\"target\":{\"@type\":\"EntryPoint\",\"urlTemplate\":\"http:\/\/blog.saranagata.de\/?s={search_term_string}\"},\"query-input\":\"required name=search_term_string\"}],\"inLanguage\":\"de-DE\"}]}<\/script>\n<!-- \/ Yoast SEO plugin. -->","yoast_head_json":{"title":"Zweite Ehe - Saranagata","robots":{"index":"index","follow":"follow","max-snippet":"max-snippet:-1","max-image-preview":"max-image-preview:large","max-video-preview":"max-video-preview:-1"},"canonical":"http:\/\/blog.saranagata.de\/?page_id=379","og_locale":"de_DE","og_type":"article","og_title":"Zweite Ehe - Saranagata","og_description":"Das Ufer des Ganges war damals ein ausgesprochen beliebter Ort zum Verweilen, Baden, Plaudern und zum Reinigen der Bekleidung. Badezimmer waren unbekannt. Auch Vishnupriya, die einzige Tochter von Sanatan Misra, dem wohlhabenden Gelehrten aus der vedischen Brahmana-Kaste,ging an den Ganges, um zu baden und sich zu unterhalten. Das M\u00e4dchen war h\u00fcbsch, bescheiden und h\u00f6flich. Rein &hellip; Zweite Ehe weiterlesen","og_url":"http:\/\/blog.saranagata.de\/?page_id=379","og_site_name":"Saranagata","twitter_card":"summary_large_image","twitter_misc":{"Gesch\u00e4tzte Lesezeit":"1 Minute"},"schema":{"@context":"https:\/\/schema.org","@graph":[{"@type":"WebPage","@id":"http:\/\/blog.saranagata.de\/?page_id=379","url":"http:\/\/blog.saranagata.de\/?page_id=379","name":"Zweite Ehe - Saranagata","isPartOf":{"@id":"http:\/\/blog.saranagata.de\/#website"},"datePublished":"2017-05-04T16:12:45+00:00","dateModified":"2017-05-04T16:12:45+00:00","breadcrumb":{"@id":"http:\/\/blog.saranagata.de\/?page_id=379#breadcrumb"},"inLanguage":"de-DE","potentialAction":[{"@type":"ReadAction","target":["http:\/\/blog.saranagata.de\/?page_id=379"]}]},{"@type":"BreadcrumbList","@id":"http:\/\/blog.saranagata.de\/?page_id=379#breadcrumb","itemListElement":[{"@type":"ListItem","position":1,"name":"Startseite","item":"http:\/\/blog.saranagata.de\/"},{"@type":"ListItem","position":2,"name":"Zweite Ehe"}]},{"@type":"WebSite","@id":"http:\/\/blog.saranagata.de\/#website","url":"http:\/\/blog.saranagata.de\/","name":"Saranagata","description":"Parthasarathis spirituelle Oase","potentialAction":[{"@type":"SearchAction","target":{"@type":"EntryPoint","urlTemplate":"http:\/\/blog.saranagata.de\/?s={search_term_string}"},"query-input":"required name=search_term_string"}],"inLanguage":"de-DE"}]}},"_links":{"self":[{"href":"http:\/\/blog.saranagata.de\/index.php?rest_route=\/wp\/v2\/pages\/379"}],"collection":[{"href":"http:\/\/blog.saranagata.de\/index.php?rest_route=\/wp\/v2\/pages"}],"about":[{"href":"http:\/\/blog.saranagata.de\/index.php?rest_route=\/wp\/v2\/types\/page"}],"author":[{"embeddable":true,"href":"http:\/\/blog.saranagata.de\/index.php?rest_route=\/wp\/v2\/users\/1"}],"replies":[{"embeddable":true,"href":"http:\/\/blog.saranagata.de\/index.php?rest_route=%2Fwp%2Fv2%2Fcomments&post=379"}],"version-history":[{"count":1,"href":"http:\/\/blog.saranagata.de\/index.php?rest_route=\/wp\/v2\/pages\/379\/revisions"}],"predecessor-version":[{"id":381,"href":"http:\/\/blog.saranagata.de\/index.php?rest_route=\/wp\/v2\/pages\/379\/revisions\/381"}],"wp:attachment":[{"href":"http:\/\/blog.saranagata.de\/index.php?rest_route=%2Fwp%2Fv2%2Fmedia&parent=379"}],"curies":[{"name":"wp","href":"https:\/\/api.w.org\/{rel}","templated":true}]}}