{"id":376,"date":"2017-05-04T16:10:54","date_gmt":"2017-05-04T16:10:54","guid":{"rendered":"http:\/\/blog.saranagata.de\/?page_id=376"},"modified":"2017-05-04T16:10:54","modified_gmt":"2017-05-04T16:10:54","slug":"nimais-selbstdetermination","status":"publish","type":"page","link":"http:\/\/blog.saranagata.de\/?page_id=376","title":{"rendered":"Nimais Selbstdetermination"},"content":{"rendered":"<p><strong>Nimais Selbstdetermination und erstes Zeugnis seiner G\u00f6ttlichkeit<\/strong><\/p>\n<p><span style=\"font-family: Arial,serif;\">Nimai hatte sich schon von Kindheit an zum wiederholten Male als Entit\u00e4t Gottes bezeichnet. <\/span><\/p>\n<p><span style=\"font-family: Arial,serif;\">Hier zwei Beispiele aus einer Zeit, zu der er noch keine 20 Jahre alte war.<\/span><\/p>\n<p style=\"padding-left: 30px;\"><span style=\"font-family: Arial,serif;\">Auf<\/span><span style=\"font-family: Arial,serif;\"> den t\u00e4glich stattfindenden Bazar in Nabadwip kam ein H\u00e4ndler namens Sridhar, um seine Banana-Zapfen (bengl.: Mocha) und Teller und Gef\u00e4\u00dfe aus Bananenbl\u00e4ttern zu verkaufen. Er war ein tief gl\u00e4ubiger Verehrer von Vishnu. Nimai wollte die Ware zum halben Preis. Sridhar war jedoch damit nicht einverstanden. Daraufhin sagte Nimai: &#8222;Sridhar, du vollziehst jeden Tag ein Opfer-Ritual an der Mutter Ganges und ich bin ihr Vater&#8220;. <\/span><\/p>\n<p>&nbsp;<\/p>\n<p style=\"padding-left: 30px;\"><span style=\"font-family: Arial,serif;\">Nimai hatte die Angewohnheit, in seiden\u00e4hnliche Jutegew\u00e4nder gekleidet, in der linken-Hand ein Lehrbuch haltend, eine Betelbl\u00e4ttermixtur (bengl.: Pan) kauend, in Begleitung von einigen Studenten durch die Strassen von Nabadwip zu schlendern und dabei heitere und ernste Gespr\u00e4che zu f\u00fchren. Die Passanten sowie die Menschen in seinem Umfeld waren immer wieder von seinem au\u00dferordentlichen Charme, seiner Sch\u00f6nheit und Ausstrahlung berauscht und fasziniert. Eines Tages kam Sribash ihm entgegen. Sribash war ein tiefgl\u00e4ubiger Vishnuverehrer und bildete auch neben Advyta Acharya, das Oberhaupt von der Vaishnava-Gemeinde, Au\u00dferdem hatte er famili\u00e4re Beziehungen zum Nimais Vater und seine Frau Malini war eine Freundin von Satchimata. Nach der Begr\u00fc\u00dfung fragte Sribash: &#8222;Nimai, du bist ein Gelehrter und intelligent. Du wei\u00dft, dass das Krishna-Bewusstsein das ultimative Ziel des Lebens ist, daher kannst du mir sicherlich erkl\u00e4ren, was f\u00fcr ein ultimatives Geschenk man erh\u00e4lt, wenn man sich unerm\u00fcdlich um Wissen bem\u00fcht?&#8220; Nimai erwiderte: &#8222;Pandit, ich bin zu jung, deshalb nimmt mich keiner ernst. In absehbarer Zeit werden die Menschen mich jedoch kennenlernen und geb\u00fchrend anerkennen, meine Lehre annehmen und mich verehren. Ich werde so ein strahlender Vaishnava sein, dass auch Sie staunen werden. Ich sage Ihnen meine Einsc\u00e4tzung, ich werde so ein gro\u00dfer Vaishnava, dass sogar Lord Shiva vor meiner T\u00fcr stehen wird.&#8220; <\/span><\/p>\n<p style=\"padding-left: 30px;\"><span style=\"font-family: Arial,serif;\">Sribash entgegnete mit lachendem Gesicht: &#8222;Nimai, glaubst du nicht an Gott?&#8220; <\/span><\/p>\n<p style=\"padding-left: 30px;\"><span style=\"font-family: Arial,serif;\">Nimai antwortete: <\/span><\/p>\n<p style=\"padding-left: 30px;\"><span style=\"font-family: Arial,serif;\">&#8222;Ich bin Er, Gott bin ich, wen soll ich sonst noch annehmen und wessen Wille befolgen?&#8220;<\/span><\/p>\n<p>&nbsp;<\/p>\n","protected":false},"excerpt":{"rendered":"<p>Nimais Selbstdetermination und erstes Zeugnis seiner G\u00f6ttlichkeit Nimai hatte sich schon von Kindheit an zum wiederholten Male als Entit\u00e4t Gottes bezeichnet. Hier zwei Beispiele aus einer Zeit, zu der er noch keine 20 Jahre alte war. Auf den t\u00e4glich stattfindenden Bazar in Nabadwip kam ein H\u00e4ndler namens Sridhar, um seine Banana-Zapfen (bengl.: Mocha) und Teller &hellip; <a href=\"http:\/\/blog.saranagata.de\/?page_id=376\" class=\"more-link\"><span class=\"screen-reader-text\">Nimais Selbstdetermination<\/span> weiterlesen<\/a><\/p>\n","protected":false},"author":1,"featured_media":0,"parent":0,"menu_order":0,"comment_status":"closed","ping_status":"closed","template":"","meta":[],"yoast_head":"<!-- This site is optimized with the Yoast SEO plugin v20.10 - https:\/\/yoast.com\/wordpress\/plugins\/seo\/ -->\n<title>Nimais Selbstdetermination - Saranagata<\/title>\n<meta name=\"robots\" content=\"index, follow, max-snippet:-1, max-image-preview:large, max-video-preview:-1\" \/>\n<link rel=\"canonical\" href=\"http:\/\/blog.saranagata.de\/?page_id=376\" \/>\n<meta property=\"og:locale\" content=\"de_DE\" \/>\n<meta property=\"og:type\" content=\"article\" \/>\n<meta property=\"og:title\" content=\"Nimais Selbstdetermination - Saranagata\" \/>\n<meta property=\"og:description\" content=\"Nimais Selbstdetermination und erstes Zeugnis seiner G\u00f6ttlichkeit Nimai hatte sich schon von Kindheit an zum wiederholten Male als Entit\u00e4t Gottes bezeichnet. Hier zwei Beispiele aus einer Zeit, zu der er noch keine 20 Jahre alte war. Auf den t\u00e4glich stattfindenden Bazar in Nabadwip kam ein H\u00e4ndler namens Sridhar, um seine Banana-Zapfen (bengl.: Mocha) und Teller &hellip; Nimais Selbstdetermination weiterlesen\" \/>\n<meta property=\"og:url\" content=\"http:\/\/blog.saranagata.de\/?page_id=376\" \/>\n<meta property=\"og:site_name\" content=\"Saranagata\" \/>\n<meta name=\"twitter:card\" content=\"summary_large_image\" \/>\n<meta name=\"twitter:label1\" content=\"Gesch\u00e4tzte Lesezeit\" \/>\n\t<meta name=\"twitter:data1\" content=\"2 Minuten\" \/>\n<script type=\"application\/ld+json\" class=\"yoast-schema-graph\">{\"@context\":\"https:\/\/schema.org\",\"@graph\":[{\"@type\":\"WebPage\",\"@id\":\"http:\/\/blog.saranagata.de\/?page_id=376\",\"url\":\"http:\/\/blog.saranagata.de\/?page_id=376\",\"name\":\"Nimais Selbstdetermination - Saranagata\",\"isPartOf\":{\"@id\":\"http:\/\/blog.saranagata.de\/#website\"},\"datePublished\":\"2017-05-04T16:10:54+00:00\",\"dateModified\":\"2017-05-04T16:10:54+00:00\",\"breadcrumb\":{\"@id\":\"http:\/\/blog.saranagata.de\/?page_id=376#breadcrumb\"},\"inLanguage\":\"de-DE\",\"potentialAction\":[{\"@type\":\"ReadAction\",\"target\":[\"http:\/\/blog.saranagata.de\/?page_id=376\"]}]},{\"@type\":\"BreadcrumbList\",\"@id\":\"http:\/\/blog.saranagata.de\/?page_id=376#breadcrumb\",\"itemListElement\":[{\"@type\":\"ListItem\",\"position\":1,\"name\":\"Startseite\",\"item\":\"http:\/\/blog.saranagata.de\/\"},{\"@type\":\"ListItem\",\"position\":2,\"name\":\"Nimais Selbstdetermination\"}]},{\"@type\":\"WebSite\",\"@id\":\"http:\/\/blog.saranagata.de\/#website\",\"url\":\"http:\/\/blog.saranagata.de\/\",\"name\":\"Saranagata\",\"description\":\"Parthasarathis spirituelle Oase\",\"potentialAction\":[{\"@type\":\"SearchAction\",\"target\":{\"@type\":\"EntryPoint\",\"urlTemplate\":\"http:\/\/blog.saranagata.de\/?s={search_term_string}\"},\"query-input\":\"required name=search_term_string\"}],\"inLanguage\":\"de-DE\"}]}<\/script>\n<!-- \/ Yoast SEO plugin. -->","yoast_head_json":{"title":"Nimais Selbstdetermination - Saranagata","robots":{"index":"index","follow":"follow","max-snippet":"max-snippet:-1","max-image-preview":"max-image-preview:large","max-video-preview":"max-video-preview:-1"},"canonical":"http:\/\/blog.saranagata.de\/?page_id=376","og_locale":"de_DE","og_type":"article","og_title":"Nimais Selbstdetermination - Saranagata","og_description":"Nimais Selbstdetermination und erstes Zeugnis seiner G\u00f6ttlichkeit Nimai hatte sich schon von Kindheit an zum wiederholten Male als Entit\u00e4t Gottes bezeichnet. Hier zwei Beispiele aus einer Zeit, zu der er noch keine 20 Jahre alte war. Auf den t\u00e4glich stattfindenden Bazar in Nabadwip kam ein H\u00e4ndler namens Sridhar, um seine Banana-Zapfen (bengl.: Mocha) und Teller &hellip; Nimais Selbstdetermination weiterlesen","og_url":"http:\/\/blog.saranagata.de\/?page_id=376","og_site_name":"Saranagata","twitter_card":"summary_large_image","twitter_misc":{"Gesch\u00e4tzte Lesezeit":"2 Minuten"},"schema":{"@context":"https:\/\/schema.org","@graph":[{"@type":"WebPage","@id":"http:\/\/blog.saranagata.de\/?page_id=376","url":"http:\/\/blog.saranagata.de\/?page_id=376","name":"Nimais Selbstdetermination - Saranagata","isPartOf":{"@id":"http:\/\/blog.saranagata.de\/#website"},"datePublished":"2017-05-04T16:10:54+00:00","dateModified":"2017-05-04T16:10:54+00:00","breadcrumb":{"@id":"http:\/\/blog.saranagata.de\/?page_id=376#breadcrumb"},"inLanguage":"de-DE","potentialAction":[{"@type":"ReadAction","target":["http:\/\/blog.saranagata.de\/?page_id=376"]}]},{"@type":"BreadcrumbList","@id":"http:\/\/blog.saranagata.de\/?page_id=376#breadcrumb","itemListElement":[{"@type":"ListItem","position":1,"name":"Startseite","item":"http:\/\/blog.saranagata.de\/"},{"@type":"ListItem","position":2,"name":"Nimais Selbstdetermination"}]},{"@type":"WebSite","@id":"http:\/\/blog.saranagata.de\/#website","url":"http:\/\/blog.saranagata.de\/","name":"Saranagata","description":"Parthasarathis spirituelle Oase","potentialAction":[{"@type":"SearchAction","target":{"@type":"EntryPoint","urlTemplate":"http:\/\/blog.saranagata.de\/?s={search_term_string}"},"query-input":"required name=search_term_string"}],"inLanguage":"de-DE"}]}},"_links":{"self":[{"href":"http:\/\/blog.saranagata.de\/index.php?rest_route=\/wp\/v2\/pages\/376"}],"collection":[{"href":"http:\/\/blog.saranagata.de\/index.php?rest_route=\/wp\/v2\/pages"}],"about":[{"href":"http:\/\/blog.saranagata.de\/index.php?rest_route=\/wp\/v2\/types\/page"}],"author":[{"embeddable":true,"href":"http:\/\/blog.saranagata.de\/index.php?rest_route=\/wp\/v2\/users\/1"}],"replies":[{"embeddable":true,"href":"http:\/\/blog.saranagata.de\/index.php?rest_route=%2Fwp%2Fv2%2Fcomments&post=376"}],"version-history":[{"count":1,"href":"http:\/\/blog.saranagata.de\/index.php?rest_route=\/wp\/v2\/pages\/376\/revisions"}],"predecessor-version":[{"id":378,"href":"http:\/\/blog.saranagata.de\/index.php?rest_route=\/wp\/v2\/pages\/376\/revisions\/378"}],"wp:attachment":[{"href":"http:\/\/blog.saranagata.de\/index.php?rest_route=%2Fwp%2Fv2%2Fmedia&parent=376"}],"curies":[{"name":"wp","href":"https:\/\/api.w.org\/{rel}","templated":true}]}}