{"id":370,"date":"2017-05-04T16:00:04","date_gmt":"2017-05-04T16:00:04","guid":{"rendered":"http:\/\/blog.saranagata.de\/?page_id=370"},"modified":"2017-05-04T16:00:04","modified_gmt":"2017-05-04T16:00:04","slug":"kindheit-und-jugend","status":"publish","type":"page","link":"http:\/\/blog.saranagata.de\/?page_id=370","title":{"rendered":"Kindheit und Jugend"},"content":{"rendered":"<p><span style=\"font-family: Arial,serif;\">Zun\u00e4chst unterrichtete Jagannath seinen Sohn privat zu Hause. Sp\u00e4ter kam er in die Schule. Er war \u00e4u\u00dferst begabt und lernbegierig. Im neunten Lebensjahr fand seine Initiation mit der Zeremonie mit heiligem Faden (bengl. Upabita) statt.Er erhielt nun den Namen \u201eGaur-hari\u201c. Da er unter einem Niembaum (lat. Margosa) zur Welt gekommen war, nannte ihn Sachimata immer als &#8222;Nimai&#8220;.<\/span><\/p>\n<p><span style=\"font-family: Arial,serif;\">Schon von seit Kindheit an gab im Leben von Nimai sehr bemerkenswerte Ereignisse, was seine Besonderheit immer wieder unter Beweis gestellt hatte.<\/span><\/p>\n<p><span style=\"font-family: Arial,serif;\">Hier ein Beispiel:<\/span><\/p>\n<p><span style=\"font-family: Arial,serif;\">Den Vorschriften der Upabita gem\u00e4\u00df sollte jeder Gast dem Knaben irgend etwas schenken. Ein armer Brahmin schenkte Nimai ein St\u00fcck \u201eAreca-Nuss&#8220; (bengl. Supari) zum Essen.Nimai steckte die Nuss in den Mund, fing an zu kauen und rief seiner Mutter recht hastig herbeizu. Sachimata st\u00fcrzte herbei und beobachtete, wie sich die \u00e4u\u00dfere Erscheinung von Nimai ver\u00e4nderte. Er sah aus wie ein erwachsener, gelehrter Mann und ein Licht strahlte blitzartig aus seinem K\u00f6rper was seine K\u00f6rperumrisse seltsam erhellte. Ver\u00e4ngstigt stand sie vor ihrem Sohn. Daraufhin sagte Nimai: Mutter, ich verlasse meinen K\u00f6rper jetzt, bitte pflege ihn, bis ich wieder zur\u00fcck bin. <\/span><\/p>\n<p><span style=\"font-family: Arial,serif;\">Dann kniete er sich ihr zu F\u00fc\u00dfen und wurde ohnm\u00e4chtig, wie schon so oft zuvor. <\/span><\/p>\n<p><span style=\"font-family: Arial,serif;\">(vide: Murari Guptas \u201eK\u00e4rcha\u201c Abschnitt 7, Verse 21<\/span><\/p>\n<p><span style=\"font-family: Arial,serif;\">K\u00e4rcha= Chronologie)<\/span><\/p>\n<p><span style=\"font-family: Arial,serif;\">Sp\u00e4ter, als Vater Jagannath Misra den Sohn zu den eben zitierten Worten befragte, sagte der Sohn erstaunt: &#8222;Vater, davon wei\u00df ich gar nicht&#8220;.<\/span><\/p>\n<p><span style=\"font-family: Arial,serif;\">Nimai war erst ca. 11 Jahre alt als sein Vater Jagannath Misra starb. Satchimata war etwa 55 Jahre alt. Die finanzielle Situation in der Familie war nie besonders gut gewesen. Nun, nach dem Ableben des Familienoberhaupts wurde das Leben noch schwieriger. Auf Anraten der Verwandtschaft,der Freunden und der Nachbarn besuchte Satchimata mit dem Sohn Nimai eines Tages Pandit Gangadash Bhattacharya, den gro\u00dfen Grammatik-Gelehrten auf. Sie bat den Pandit, Nimai praktisch als eigenen Sohn anzunehmen und ihm umfangreiches Wissen zu vermitteln. Pandit Gangadash entsprach dieser Bitte voller Freude weil er \u00fcber die au\u00dfergew\u00f6hnliche Begabung von Nimais gut informiert war. <\/span><\/p>\n<p><span style=\"font-family: Arial,serif;\">Als Nimai in Gangadashs Schule eintrat, war er 14 Jahre alt. Dort studierten auch \u00e4ltere Sch\u00fcler, zum Beispiel Kamalakanta, der Verfasser der \u201eIdiomatische Sprachwissenschaft\u201c, Krishnananda, der Verfasser von \u201eTantrashar\u201c und auch Murari Gupta, der Verfasser von \u201eK\u00e4rcha\u201c.<\/span><\/p>\n<p><span style=\"font-family: Arial,serif;\">Schon w\u00e4hrend des Studiums schrieb Nimai Kommentare zum Fachgebiet \u201ePhilologie und grammatikalische Auslegungen\u201c, was im Kreise der Gelehrten gro\u00dfe Anerkennung fand. <\/span><\/p>\n<p><span style=\"font-family: Arial,serif;\">Nach der Beendigung des Studiums hatte Nimai den Wunsch, Naya-Vaisheshika Philosophie zu studieren. Deshalb immatrikulierte er sich in der Schule von Vasudeva Sarbabhouma. Innerhalb k\u00fcrzester Zeit schrieb Nimai eine umfangreiche Kritik und Kommentare \u00fcber Naya-Shastra (Schrift). <\/span><\/p>\n<p><span style=\"font-family: Arial,serif;\">Aber sein Kommilitone Raghunath schrieb zur gleichen Zeit der bekannten Abhandlung \u201eDidhiti\u201c. <\/span><\/p>\n<p><span style=\"font-family: Arial,serif;\">Als er erfuhr,woran Nimai arbeitete war er sehr besorgt und ungl\u00fccklich, weil er als Klassenkamerad den geistigen Horizont von Nimai sehr gut kannte und daher bef\u00fcrchtete, dass sein eigenes Werk ein Misserfolg wurde und es ihm versagt bliebe, sich in der Gelehrten-Gesellschaft dauerhaft ein Renommee zu sichern. <\/span><\/p>\n<p><span style=\"font-family: Arial,serif;\">Als Raghunath mit Tr\u00e4nen in den Augen seine Sorge und seinen Kummer offenbarte, erwiderte Nimai: &#8222;H\u00f6r auf zu weinen, es handelt sich doch um eine Lehre die nicht weiterf\u00fchrt \u2013 jenseits von Gut und schlecht&#8220;. Und er warf sein Manuskript in den Ganges und nahm fortan Abstand von diesem Wissensgebiet.<\/span><\/p>\n<p><span style=\"font-family: Arial,serif;\">Danach er\u00f6ffnete Nimai selbst eine Lehranstalt. Da sein Haus zu klein war, stellte ein wohlhabender Brahmane namens Mukunda Sanjaya sein Atrium als Lernort zur Verf\u00fcgung. Nimai war erst 16 Jahre alt und der j\u00fcngste Gelehrte mit eigener Schule. Innerhalb k\u00fcrzester Zeit genoss seine Schule eine enorme Reputation und gewann sehr viele Studenten.<\/span><\/p>\n","protected":false},"excerpt":{"rendered":"<p>Zun\u00e4chst unterrichtete Jagannath seinen Sohn privat zu Hause. Sp\u00e4ter kam er in die Schule. Er war \u00e4u\u00dferst begabt und lernbegierig. Im neunten Lebensjahr fand seine Initiation mit der Zeremonie mit heiligem Faden (bengl. Upabita) statt.Er erhielt nun den Namen \u201eGaur-hari\u201c. Da er unter einem Niembaum (lat. Margosa) zur Welt gekommen war, nannte ihn Sachimata immer &hellip; <a href=\"http:\/\/blog.saranagata.de\/?page_id=370\" class=\"more-link\"><span class=\"screen-reader-text\">Kindheit und Jugend<\/span> weiterlesen<\/a><\/p>\n","protected":false},"author":1,"featured_media":0,"parent":0,"menu_order":0,"comment_status":"closed","ping_status":"closed","template":"","meta":[],"yoast_head":"<!-- This site is optimized with the Yoast SEO plugin v20.10 - https:\/\/yoast.com\/wordpress\/plugins\/seo\/ -->\n<title>Kindheit und Jugend - Saranagata<\/title>\n<meta name=\"robots\" content=\"index, follow, max-snippet:-1, max-image-preview:large, max-video-preview:-1\" \/>\n<link rel=\"canonical\" href=\"http:\/\/blog.saranagata.de\/?page_id=370\" \/>\n<meta property=\"og:locale\" content=\"de_DE\" \/>\n<meta property=\"og:type\" content=\"article\" \/>\n<meta property=\"og:title\" content=\"Kindheit und Jugend - Saranagata\" \/>\n<meta property=\"og:description\" content=\"Zun\u00e4chst unterrichtete Jagannath seinen Sohn privat zu Hause. Sp\u00e4ter kam er in die Schule. Er war \u00e4u\u00dferst begabt und lernbegierig. Im neunten Lebensjahr fand seine Initiation mit der Zeremonie mit heiligem Faden (bengl. Upabita) statt.Er erhielt nun den Namen \u201eGaur-hari\u201c. Da er unter einem Niembaum (lat. Margosa) zur Welt gekommen war, nannte ihn Sachimata immer &hellip; Kindheit und Jugend weiterlesen\" \/>\n<meta property=\"og:url\" content=\"http:\/\/blog.saranagata.de\/?page_id=370\" \/>\n<meta property=\"og:site_name\" content=\"Saranagata\" \/>\n<meta name=\"twitter:card\" content=\"summary_large_image\" \/>\n<meta name=\"twitter:label1\" content=\"Gesch\u00e4tzte Lesezeit\" \/>\n\t<meta name=\"twitter:data1\" content=\"3 Minuten\" \/>\n<script type=\"application\/ld+json\" class=\"yoast-schema-graph\">{\"@context\":\"https:\/\/schema.org\",\"@graph\":[{\"@type\":\"WebPage\",\"@id\":\"http:\/\/blog.saranagata.de\/?page_id=370\",\"url\":\"http:\/\/blog.saranagata.de\/?page_id=370\",\"name\":\"Kindheit und Jugend - Saranagata\",\"isPartOf\":{\"@id\":\"http:\/\/blog.saranagata.de\/#website\"},\"datePublished\":\"2017-05-04T16:00:04+00:00\",\"dateModified\":\"2017-05-04T16:00:04+00:00\",\"breadcrumb\":{\"@id\":\"http:\/\/blog.saranagata.de\/?page_id=370#breadcrumb\"},\"inLanguage\":\"de-DE\",\"potentialAction\":[{\"@type\":\"ReadAction\",\"target\":[\"http:\/\/blog.saranagata.de\/?page_id=370\"]}]},{\"@type\":\"BreadcrumbList\",\"@id\":\"http:\/\/blog.saranagata.de\/?page_id=370#breadcrumb\",\"itemListElement\":[{\"@type\":\"ListItem\",\"position\":1,\"name\":\"Startseite\",\"item\":\"http:\/\/blog.saranagata.de\/\"},{\"@type\":\"ListItem\",\"position\":2,\"name\":\"Kindheit und Jugend\"}]},{\"@type\":\"WebSite\",\"@id\":\"http:\/\/blog.saranagata.de\/#website\",\"url\":\"http:\/\/blog.saranagata.de\/\",\"name\":\"Saranagata\",\"description\":\"Parthasarathis spirituelle Oase\",\"potentialAction\":[{\"@type\":\"SearchAction\",\"target\":{\"@type\":\"EntryPoint\",\"urlTemplate\":\"http:\/\/blog.saranagata.de\/?s={search_term_string}\"},\"query-input\":\"required name=search_term_string\"}],\"inLanguage\":\"de-DE\"}]}<\/script>\n<!-- \/ Yoast SEO plugin. -->","yoast_head_json":{"title":"Kindheit und Jugend - Saranagata","robots":{"index":"index","follow":"follow","max-snippet":"max-snippet:-1","max-image-preview":"max-image-preview:large","max-video-preview":"max-video-preview:-1"},"canonical":"http:\/\/blog.saranagata.de\/?page_id=370","og_locale":"de_DE","og_type":"article","og_title":"Kindheit und Jugend - Saranagata","og_description":"Zun\u00e4chst unterrichtete Jagannath seinen Sohn privat zu Hause. Sp\u00e4ter kam er in die Schule. Er war \u00e4u\u00dferst begabt und lernbegierig. Im neunten Lebensjahr fand seine Initiation mit der Zeremonie mit heiligem Faden (bengl. Upabita) statt.Er erhielt nun den Namen \u201eGaur-hari\u201c. Da er unter einem Niembaum (lat. Margosa) zur Welt gekommen war, nannte ihn Sachimata immer &hellip; Kindheit und Jugend weiterlesen","og_url":"http:\/\/blog.saranagata.de\/?page_id=370","og_site_name":"Saranagata","twitter_card":"summary_large_image","twitter_misc":{"Gesch\u00e4tzte Lesezeit":"3 Minuten"},"schema":{"@context":"https:\/\/schema.org","@graph":[{"@type":"WebPage","@id":"http:\/\/blog.saranagata.de\/?page_id=370","url":"http:\/\/blog.saranagata.de\/?page_id=370","name":"Kindheit und Jugend - Saranagata","isPartOf":{"@id":"http:\/\/blog.saranagata.de\/#website"},"datePublished":"2017-05-04T16:00:04+00:00","dateModified":"2017-05-04T16:00:04+00:00","breadcrumb":{"@id":"http:\/\/blog.saranagata.de\/?page_id=370#breadcrumb"},"inLanguage":"de-DE","potentialAction":[{"@type":"ReadAction","target":["http:\/\/blog.saranagata.de\/?page_id=370"]}]},{"@type":"BreadcrumbList","@id":"http:\/\/blog.saranagata.de\/?page_id=370#breadcrumb","itemListElement":[{"@type":"ListItem","position":1,"name":"Startseite","item":"http:\/\/blog.saranagata.de\/"},{"@type":"ListItem","position":2,"name":"Kindheit und Jugend"}]},{"@type":"WebSite","@id":"http:\/\/blog.saranagata.de\/#website","url":"http:\/\/blog.saranagata.de\/","name":"Saranagata","description":"Parthasarathis spirituelle Oase","potentialAction":[{"@type":"SearchAction","target":{"@type":"EntryPoint","urlTemplate":"http:\/\/blog.saranagata.de\/?s={search_term_string}"},"query-input":"required name=search_term_string"}],"inLanguage":"de-DE"}]}},"_links":{"self":[{"href":"http:\/\/blog.saranagata.de\/index.php?rest_route=\/wp\/v2\/pages\/370"}],"collection":[{"href":"http:\/\/blog.saranagata.de\/index.php?rest_route=\/wp\/v2\/pages"}],"about":[{"href":"http:\/\/blog.saranagata.de\/index.php?rest_route=\/wp\/v2\/types\/page"}],"author":[{"embeddable":true,"href":"http:\/\/blog.saranagata.de\/index.php?rest_route=\/wp\/v2\/users\/1"}],"replies":[{"embeddable":true,"href":"http:\/\/blog.saranagata.de\/index.php?rest_route=%2Fwp%2Fv2%2Fcomments&post=370"}],"version-history":[{"count":1,"href":"http:\/\/blog.saranagata.de\/index.php?rest_route=\/wp\/v2\/pages\/370\/revisions"}],"predecessor-version":[{"id":372,"href":"http:\/\/blog.saranagata.de\/index.php?rest_route=\/wp\/v2\/pages\/370\/revisions\/372"}],"wp:attachment":[{"href":"http:\/\/blog.saranagata.de\/index.php?rest_route=%2Fwp%2Fv2%2Fmedia&parent=370"}],"curies":[{"name":"wp","href":"https:\/\/api.w.org\/{rel}","templated":true}]}}