{"id":35,"date":"2015-06-21T14:31:39","date_gmt":"2015-06-21T14:31:39","guid":{"rendered":"http:\/\/blog.saranagata.de\/?page_id=35"},"modified":"2021-09-07T18:50:04","modified_gmt":"2021-09-07T18:50:04","slug":"impressum","status":"publish","type":"page","link":"http:\/\/blog.saranagata.de\/?page_id=35","title":{"rendered":"Impressum"},"content":{"rendered":"<p align=\"JUSTIFY\">Verantwortlich f\u00fcr die Inhalte<\/p>\n<p align=\"JUSTIFY\"><strong><span style=\"font-family: Bookman Old Style,serif;\"><span style=\"font-size: x-large;\"> Parthasarathi Ghosh<br \/>\n<\/span><\/span>Am Kurpark 13<\/strong><br \/>\n<strong> 56112 Lahnstein<\/strong><br \/>\n<strong> info (at) saranagata.de<\/strong><\/p>\n<p><em>\u00a0<span style=\"font-family: Bookman Old Style,serif;\"><span style=\"font-size: x-large;\">copyright \u00a9 2015 &#8211; 2021<br \/>\n<\/span><\/span><\/em><\/p>\n<p align=\"JUSTIFY\">Technische Umsetzung:<br \/>\n<strong>DEUS Internet-Service Lahnstein<\/strong><br \/>\n<a href=\"http:\/\/www.webinmind.de\" target=\"_blank\" rel=\"noopener noreferrer\">www.webinmind.de<\/a><\/p>\n<p style=\"text-align: left;\" align=\"JUSTIFY\"><span style=\"font-family: Bookman Old Style,serif;\"><span style=\"font-size: x-large;\">Hiermit distanzieren wir uns ausdr\u00fccklich von jeglichen auf dieser Homepage gelinkten Seiten, angebotenen Leistungen und Inhalte. (Gem. Landesgericht Hamburg. Urteil vom 12.05.1998. Aktenzeichen: 313 085\/98).<\/span><\/span><\/p>\n<p style=\"text-align: left;\" align=\"JUSTIFY\"><span style=\"font-family: Bookman Old Style,serif;\"><span style=\"font-size: x-large;\">Inhalte dieser Seiten, die gegebenenfalls Rechte Dritter ber\u00fchren, beabsichtigen dies ausdr\u00fccklich nicht. Entsprechende Hinweise nehmen wir entgegen und werden, nach \u00dcberpr\u00fcfung, angemessen handeln.<\/span><\/span><\/p>\n","protected":false},"excerpt":{"rendered":"<p>Verantwortlich f\u00fcr die Inhalte Parthasarathi Ghosh Am Kurpark 13 56112 Lahnstein info (at) saranagata.de \u00a0copyright \u00a9 2015 &#8211; 2021 Technische Umsetzung: DEUS Internet-Service Lahnstein www.webinmind.de Hiermit distanzieren wir uns ausdr\u00fccklich von jeglichen auf dieser Homepage gelinkten Seiten, angebotenen Leistungen und Inhalte. (Gem. Landesgericht Hamburg. Urteil vom 12.05.1998. Aktenzeichen: 313 085\/98). Inhalte dieser Seiten, die gegebenenfalls &hellip; <a href=\"http:\/\/blog.saranagata.de\/?page_id=35\" class=\"more-link\"><span class=\"screen-reader-text\">Impressum<\/span> weiterlesen<\/a><\/p>\n","protected":false},"author":1,"featured_media":0,"parent":0,"menu_order":5,"comment_status":"closed","ping_status":"closed","template":"","meta":[],"yoast_head":"<!-- This site is optimized with the Yoast SEO plugin v20.10 - https:\/\/yoast.com\/wordpress\/plugins\/seo\/ -->\n<title>Impressum - Saranagata<\/title>\n<meta name=\"robots\" content=\"index, follow, max-snippet:-1, max-image-preview:large, max-video-preview:-1\" \/>\n<link rel=\"canonical\" href=\"http:\/\/blog.saranagata.de\/?page_id=35\" \/>\n<meta property=\"og:locale\" content=\"de_DE\" \/>\n<meta property=\"og:type\" content=\"article\" \/>\n<meta property=\"og:title\" content=\"Impressum - Saranagata\" \/>\n<meta property=\"og:description\" content=\"Verantwortlich f\u00fcr die Inhalte Parthasarathi Ghosh Am Kurpark 13 56112 Lahnstein info (at) saranagata.de \u00a0copyright \u00a9 2015 &#8211; 2021 Technische Umsetzung: DEUS Internet-Service Lahnstein www.webinmind.de Hiermit distanzieren wir uns ausdr\u00fccklich von jeglichen auf dieser Homepage gelinkten Seiten, angebotenen Leistungen und Inhalte. (Gem. Landesgericht Hamburg. Urteil vom 12.05.1998. Aktenzeichen: 313 085\/98). Inhalte dieser Seiten, die gegebenenfalls &hellip; Impressum weiterlesen\" \/>\n<meta property=\"og:url\" content=\"http:\/\/blog.saranagata.de\/?page_id=35\" \/>\n<meta property=\"og:site_name\" content=\"Saranagata\" \/>\n<meta property=\"article:modified_time\" content=\"2021-09-07T18:50:04+00:00\" \/>\n<meta name=\"twitter:card\" content=\"summary_large_image\" \/>\n<script type=\"application\/ld+json\" class=\"yoast-schema-graph\">{\"@context\":\"https:\/\/schema.org\",\"@graph\":[{\"@type\":\"WebPage\",\"@id\":\"http:\/\/blog.saranagata.de\/?page_id=35\",\"url\":\"http:\/\/blog.saranagata.de\/?page_id=35\",\"name\":\"Impressum - Saranagata\",\"isPartOf\":{\"@id\":\"http:\/\/blog.saranagata.de\/#website\"},\"datePublished\":\"2015-06-21T14:31:39+00:00\",\"dateModified\":\"2021-09-07T18:50:04+00:00\",\"breadcrumb\":{\"@id\":\"http:\/\/blog.saranagata.de\/?page_id=35#breadcrumb\"},\"inLanguage\":\"de-DE\",\"potentialAction\":[{\"@type\":\"ReadAction\",\"target\":[\"http:\/\/blog.saranagata.de\/?page_id=35\"]}]},{\"@type\":\"BreadcrumbList\",\"@id\":\"http:\/\/blog.saranagata.de\/?page_id=35#breadcrumb\",\"itemListElement\":[{\"@type\":\"ListItem\",\"position\":1,\"name\":\"Startseite\",\"item\":\"http:\/\/blog.saranagata.de\/\"},{\"@type\":\"ListItem\",\"position\":2,\"name\":\"Impressum\"}]},{\"@type\":\"WebSite\",\"@id\":\"http:\/\/blog.saranagata.de\/#website\",\"url\":\"http:\/\/blog.saranagata.de\/\",\"name\":\"Saranagata\",\"description\":\"Parthasarathis spirituelle Oase\",\"potentialAction\":[{\"@type\":\"SearchAction\",\"target\":{\"@type\":\"EntryPoint\",\"urlTemplate\":\"http:\/\/blog.saranagata.de\/?s={search_term_string}\"},\"query-input\":\"required name=search_term_string\"}],\"inLanguage\":\"de-DE\"}]}<\/script>\n<!-- \/ Yoast SEO plugin. -->","yoast_head_json":{"title":"Impressum - Saranagata","robots":{"index":"index","follow":"follow","max-snippet":"max-snippet:-1","max-image-preview":"max-image-preview:large","max-video-preview":"max-video-preview:-1"},"canonical":"http:\/\/blog.saranagata.de\/?page_id=35","og_locale":"de_DE","og_type":"article","og_title":"Impressum - Saranagata","og_description":"Verantwortlich f\u00fcr die Inhalte Parthasarathi Ghosh Am Kurpark 13 56112 Lahnstein info (at) saranagata.de \u00a0copyright \u00a9 2015 &#8211; 2021 Technische Umsetzung: DEUS Internet-Service Lahnstein www.webinmind.de Hiermit distanzieren wir uns ausdr\u00fccklich von jeglichen auf dieser Homepage gelinkten Seiten, angebotenen Leistungen und Inhalte. (Gem. Landesgericht Hamburg. Urteil vom 12.05.1998. Aktenzeichen: 313 085\/98). Inhalte dieser Seiten, die gegebenenfalls &hellip; Impressum weiterlesen","og_url":"http:\/\/blog.saranagata.de\/?page_id=35","og_site_name":"Saranagata","article_modified_time":"2021-09-07T18:50:04+00:00","twitter_card":"summary_large_image","schema":{"@context":"https:\/\/schema.org","@graph":[{"@type":"WebPage","@id":"http:\/\/blog.saranagata.de\/?page_id=35","url":"http:\/\/blog.saranagata.de\/?page_id=35","name":"Impressum - Saranagata","isPartOf":{"@id":"http:\/\/blog.saranagata.de\/#website"},"datePublished":"2015-06-21T14:31:39+00:00","dateModified":"2021-09-07T18:50:04+00:00","breadcrumb":{"@id":"http:\/\/blog.saranagata.de\/?page_id=35#breadcrumb"},"inLanguage":"de-DE","potentialAction":[{"@type":"ReadAction","target":["http:\/\/blog.saranagata.de\/?page_id=35"]}]},{"@type":"BreadcrumbList","@id":"http:\/\/blog.saranagata.de\/?page_id=35#breadcrumb","itemListElement":[{"@type":"ListItem","position":1,"name":"Startseite","item":"http:\/\/blog.saranagata.de\/"},{"@type":"ListItem","position":2,"name":"Impressum"}]},{"@type":"WebSite","@id":"http:\/\/blog.saranagata.de\/#website","url":"http:\/\/blog.saranagata.de\/","name":"Saranagata","description":"Parthasarathis spirituelle Oase","potentialAction":[{"@type":"SearchAction","target":{"@type":"EntryPoint","urlTemplate":"http:\/\/blog.saranagata.de\/?s={search_term_string}"},"query-input":"required name=search_term_string"}],"inLanguage":"de-DE"}]}},"_links":{"self":[{"href":"http:\/\/blog.saranagata.de\/index.php?rest_route=\/wp\/v2\/pages\/35"}],"collection":[{"href":"http:\/\/blog.saranagata.de\/index.php?rest_route=\/wp\/v2\/pages"}],"about":[{"href":"http:\/\/blog.saranagata.de\/index.php?rest_route=\/wp\/v2\/types\/page"}],"author":[{"embeddable":true,"href":"http:\/\/blog.saranagata.de\/index.php?rest_route=\/wp\/v2\/users\/1"}],"replies":[{"embeddable":true,"href":"http:\/\/blog.saranagata.de\/index.php?rest_route=%2Fwp%2Fv2%2Fcomments&post=35"}],"version-history":[{"count":9,"href":"http:\/\/blog.saranagata.de\/index.php?rest_route=\/wp\/v2\/pages\/35\/revisions"}],"predecessor-version":[{"id":549,"href":"http:\/\/blog.saranagata.de\/index.php?rest_route=\/wp\/v2\/pages\/35\/revisions\/549"}],"wp:attachment":[{"href":"http:\/\/blog.saranagata.de\/index.php?rest_route=%2Fwp%2Fv2%2Fmedia&parent=35"}],"curies":[{"name":"wp","href":"https:\/\/api.w.org\/{rel}","templated":true}]}}