{"id":329,"date":"2016-06-16T16:53:32","date_gmt":"2016-06-16T16:53:32","guid":{"rendered":"http:\/\/blog.saranagata.de\/?page_id=329"},"modified":"2021-09-07T17:50:29","modified_gmt":"2021-09-07T17:50:29","slug":"epochale-persoenlichkeiten","status":"publish","type":"page","link":"http:\/\/blog.saranagata.de\/?page_id=329","title":{"rendered":"Epochale Pers\u00f6nlichkeiten"},"content":{"rendered":"<h1 class=\"western\" align=\"CENTER\"><span style=\"color: #00000a;\"><span style=\"font-family: Lucida Fax,serif;\"><u>Das Pr\u00e4ludium<\/u><\/span><\/span><\/h1>\n<p><span style=\"font-family: Lucida Fax,serif;\"><span style=\"font-size: large;\">In der Geschichte der unit\u00e4rkosmosophischen Metaphysik sind es die folgenden epochalen und historisch belegten, erleuchteten Pers\u00f6nlichkeiten die durch ihre kodifizierte Interpretation, strukturpr\u00e4gende Konzeption, penitrative und profunde Exploration die hinduistischen Ontologie zur Renaissance gef\u00fchrt haben:<\/span><\/span><\/p>\n<ol type=\"a\">\n<li>\n<p align=\"JUSTIFY\"><strong><span style=\"font-family: Lucida Fax,serif;\"><span style=\"font-size: large;\">Gautama Buddha (ca. 483 &#8211; ca. 411 v. Chr.)<\/span><\/span><\/strong><\/p>\n<\/li>\n<li>\n<p align=\"JUSTIFY\"><strong><span style=\"font-family: Lucida Fax,serif;\"><span style=\"font-size: large;\">Adi Sri Sankaracharya (ca. 655 &#8211; ca. 684 n.Chr.)<\/span><\/span><\/strong><\/p>\n<\/li>\n<li>\n<p align=\"JUSTIFY\"><strong><span style=\"font-family: Lucida Fax,serif;\"><span style=\"font-size: large;\">Mahaprabhu Sri Chaitanyadeva (1486 \u2013 1534 n.Chr.)<\/span><\/span><\/strong><\/p>\n<\/li>\n<li>\n<p align=\"JUSTIFY\"><strong><span style=\"font-family: Lucida Fax,serif;\"><span style=\"font-size: large;\">Gurumaharaj Sri Ramakrishna (1836 \u2013 1886 n.Chr.)<\/span><\/span><\/strong><\/p>\n<\/li>\n<\/ol>\n","protected":false},"excerpt":{"rendered":"<p>Das Pr\u00e4ludium In der Geschichte der unit\u00e4rkosmosophischen Metaphysik sind es die folgenden epochalen und historisch belegten, erleuchteten Pers\u00f6nlichkeiten die durch ihre kodifizierte Interpretation, strukturpr\u00e4gende Konzeption, penitrative und profunde Exploration die hinduistischen Ontologie zur Renaissance gef\u00fchrt haben: Gautama Buddha (ca. 483 &#8211; ca. 411 v. Chr.) Adi Sri Sankaracharya (ca. 655 &#8211; ca. 684 n.Chr.) Mahaprabhu &hellip; <a href=\"http:\/\/blog.saranagata.de\/?page_id=329\" class=\"more-link\"><span class=\"screen-reader-text\">Epochale Pers\u00f6nlichkeiten<\/span> weiterlesen<\/a><\/p>\n","protected":false},"author":1,"featured_media":0,"parent":0,"menu_order":0,"comment_status":"closed","ping_status":"closed","template":"","meta":[],"yoast_head":"<!-- This site is optimized with the Yoast SEO plugin v20.10 - https:\/\/yoast.com\/wordpress\/plugins\/seo\/ -->\n<title>Epochale Pers\u00f6nlichkeiten - Saranagata<\/title>\n<meta name=\"robots\" content=\"index, follow, max-snippet:-1, max-image-preview:large, max-video-preview:-1\" \/>\n<link rel=\"canonical\" href=\"http:\/\/blog.saranagata.de\/?page_id=329\" \/>\n<meta property=\"og:locale\" content=\"de_DE\" \/>\n<meta property=\"og:type\" content=\"article\" \/>\n<meta property=\"og:title\" content=\"Epochale Pers\u00f6nlichkeiten - Saranagata\" \/>\n<meta property=\"og:description\" content=\"Das Pr\u00e4ludium In der Geschichte der unit\u00e4rkosmosophischen Metaphysik sind es die folgenden epochalen und historisch belegten, erleuchteten Pers\u00f6nlichkeiten die durch ihre kodifizierte Interpretation, strukturpr\u00e4gende Konzeption, penitrative und profunde Exploration die hinduistischen Ontologie zur Renaissance gef\u00fchrt haben: Gautama Buddha (ca. 483 &#8211; ca. 411 v. Chr.) Adi Sri Sankaracharya (ca. 655 &#8211; ca. 684 n.Chr.) Mahaprabhu &hellip; Epochale Pers\u00f6nlichkeiten weiterlesen\" \/>\n<meta property=\"og:url\" content=\"http:\/\/blog.saranagata.de\/?page_id=329\" \/>\n<meta property=\"og:site_name\" content=\"Saranagata\" \/>\n<meta property=\"article:modified_time\" content=\"2021-09-07T17:50:29+00:00\" \/>\n<meta name=\"twitter:card\" content=\"summary_large_image\" \/>\n<script type=\"application\/ld+json\" class=\"yoast-schema-graph\">{\"@context\":\"https:\/\/schema.org\",\"@graph\":[{\"@type\":\"WebPage\",\"@id\":\"http:\/\/blog.saranagata.de\/?page_id=329\",\"url\":\"http:\/\/blog.saranagata.de\/?page_id=329\",\"name\":\"Epochale Pers\u00f6nlichkeiten - Saranagata\",\"isPartOf\":{\"@id\":\"http:\/\/blog.saranagata.de\/#website\"},\"datePublished\":\"2016-06-16T16:53:32+00:00\",\"dateModified\":\"2021-09-07T17:50:29+00:00\",\"breadcrumb\":{\"@id\":\"http:\/\/blog.saranagata.de\/?page_id=329#breadcrumb\"},\"inLanguage\":\"de-DE\",\"potentialAction\":[{\"@type\":\"ReadAction\",\"target\":[\"http:\/\/blog.saranagata.de\/?page_id=329\"]}]},{\"@type\":\"BreadcrumbList\",\"@id\":\"http:\/\/blog.saranagata.de\/?page_id=329#breadcrumb\",\"itemListElement\":[{\"@type\":\"ListItem\",\"position\":1,\"name\":\"Startseite\",\"item\":\"http:\/\/blog.saranagata.de\/\"},{\"@type\":\"ListItem\",\"position\":2,\"name\":\"Epochale Pers\u00f6nlichkeiten\"}]},{\"@type\":\"WebSite\",\"@id\":\"http:\/\/blog.saranagata.de\/#website\",\"url\":\"http:\/\/blog.saranagata.de\/\",\"name\":\"Saranagata\",\"description\":\"Parthasarathis spirituelle Oase\",\"potentialAction\":[{\"@type\":\"SearchAction\",\"target\":{\"@type\":\"EntryPoint\",\"urlTemplate\":\"http:\/\/blog.saranagata.de\/?s={search_term_string}\"},\"query-input\":\"required name=search_term_string\"}],\"inLanguage\":\"de-DE\"}]}<\/script>\n<!-- \/ Yoast SEO plugin. -->","yoast_head_json":{"title":"Epochale Pers\u00f6nlichkeiten - Saranagata","robots":{"index":"index","follow":"follow","max-snippet":"max-snippet:-1","max-image-preview":"max-image-preview:large","max-video-preview":"max-video-preview:-1"},"canonical":"http:\/\/blog.saranagata.de\/?page_id=329","og_locale":"de_DE","og_type":"article","og_title":"Epochale Pers\u00f6nlichkeiten - Saranagata","og_description":"Das Pr\u00e4ludium In der Geschichte der unit\u00e4rkosmosophischen Metaphysik sind es die folgenden epochalen und historisch belegten, erleuchteten Pers\u00f6nlichkeiten die durch ihre kodifizierte Interpretation, strukturpr\u00e4gende Konzeption, penitrative und profunde Exploration die hinduistischen Ontologie zur Renaissance gef\u00fchrt haben: Gautama Buddha (ca. 483 &#8211; ca. 411 v. Chr.) Adi Sri Sankaracharya (ca. 655 &#8211; ca. 684 n.Chr.) Mahaprabhu &hellip; Epochale Pers\u00f6nlichkeiten weiterlesen","og_url":"http:\/\/blog.saranagata.de\/?page_id=329","og_site_name":"Saranagata","article_modified_time":"2021-09-07T17:50:29+00:00","twitter_card":"summary_large_image","schema":{"@context":"https:\/\/schema.org","@graph":[{"@type":"WebPage","@id":"http:\/\/blog.saranagata.de\/?page_id=329","url":"http:\/\/blog.saranagata.de\/?page_id=329","name":"Epochale Pers\u00f6nlichkeiten - Saranagata","isPartOf":{"@id":"http:\/\/blog.saranagata.de\/#website"},"datePublished":"2016-06-16T16:53:32+00:00","dateModified":"2021-09-07T17:50:29+00:00","breadcrumb":{"@id":"http:\/\/blog.saranagata.de\/?page_id=329#breadcrumb"},"inLanguage":"de-DE","potentialAction":[{"@type":"ReadAction","target":["http:\/\/blog.saranagata.de\/?page_id=329"]}]},{"@type":"BreadcrumbList","@id":"http:\/\/blog.saranagata.de\/?page_id=329#breadcrumb","itemListElement":[{"@type":"ListItem","position":1,"name":"Startseite","item":"http:\/\/blog.saranagata.de\/"},{"@type":"ListItem","position":2,"name":"Epochale Pers\u00f6nlichkeiten"}]},{"@type":"WebSite","@id":"http:\/\/blog.saranagata.de\/#website","url":"http:\/\/blog.saranagata.de\/","name":"Saranagata","description":"Parthasarathis spirituelle Oase","potentialAction":[{"@type":"SearchAction","target":{"@type":"EntryPoint","urlTemplate":"http:\/\/blog.saranagata.de\/?s={search_term_string}"},"query-input":"required name=search_term_string"}],"inLanguage":"de-DE"}]}},"_links":{"self":[{"href":"http:\/\/blog.saranagata.de\/index.php?rest_route=\/wp\/v2\/pages\/329"}],"collection":[{"href":"http:\/\/blog.saranagata.de\/index.php?rest_route=\/wp\/v2\/pages"}],"about":[{"href":"http:\/\/blog.saranagata.de\/index.php?rest_route=\/wp\/v2\/types\/page"}],"author":[{"embeddable":true,"href":"http:\/\/blog.saranagata.de\/index.php?rest_route=\/wp\/v2\/users\/1"}],"replies":[{"embeddable":true,"href":"http:\/\/blog.saranagata.de\/index.php?rest_route=%2Fwp%2Fv2%2Fcomments&post=329"}],"version-history":[{"count":2,"href":"http:\/\/blog.saranagata.de\/index.php?rest_route=\/wp\/v2\/pages\/329\/revisions"}],"predecessor-version":[{"id":548,"href":"http:\/\/blog.saranagata.de\/index.php?rest_route=\/wp\/v2\/pages\/329\/revisions\/548"}],"wp:attachment":[{"href":"http:\/\/blog.saranagata.de\/index.php?rest_route=%2Fwp%2Fv2%2Fmedia&parent=329"}],"curies":[{"name":"wp","href":"https:\/\/api.w.org\/{rel}","templated":true}]}}