{"id":312,"date":"2015-12-12T15:11:06","date_gmt":"2015-12-12T15:11:06","guid":{"rendered":"http:\/\/blog.saranagata.de\/?page_id=312"},"modified":"2015-12-12T15:29:18","modified_gmt":"2015-12-12T15:29:18","slug":"ein-mysterium","status":"publish","type":"page","link":"http:\/\/blog.saranagata.de\/?page_id=312","title":{"rendered":"Ein Mysterium?"},"content":{"rendered":"<p align=\"CENTER\"><span style=\"font-family: Arial,serif;\"><span style=\"font-size: large;\"><b>Die ontologischen Prinzipien von Brahma-\u00c4tm\u00e4-M\u00e4y\u00e4shakti-Jiv\u00e4tm\u00e4<\/b><\/span><\/span><\/p>\n<p align=\"CENTER\"><span style=\"font-family: Arial,serif;\"><span style=\"font-size: large;\"><b>ein Mysterium?<\/b><\/span><\/span><\/p>\n<p align=\"JUSTIFY\"><span style=\"font-family: Arial,serif;\"><span style=\"font-size: medium;\"><u><b>Die korrelative Frage:<\/b><\/u><\/span><\/span><\/p>\n<p align=\"JUSTIFY\"><span style=\"font-family: Arial,serif;\"><span style=\"font-size: medium;\">Der Herr, der Parambrahma, das Param\u00e4tm\u00e4- Er ist doch auch Param-Ishvara. Wenn er selbst indifferent, inaktiv, lautlos, farblos, formlos, unendlich, nicht wahrnehmbar durch Sprache und Geist und nicht der Gestalter von Weltlichen Aktivit\u00e4ten, Bewertungsinstanz von Gut und B\u00f6se etc. ist, sondern die Prakriti, die M\u00e4y\u00e4-shakti, die omnipontentielle Kraft von \u201cSamsara\u201c intigrale Dynamik darsellt, wie und welche Bedeutung und Sinnf\u00e4lligkeit haben dann Gottesanbetung, die Differenzierung von Gut und B\u00f6se, die ethischen Werte und die vielen heiligen Schriften und Weisungen?<\/span><\/span><\/p>\n<p align=\"JUSTIFY\"><span style=\"font-family: Arial,serif;\"><span style=\"font-size: medium;\"><u><b>Die Antwort:<\/b><\/u><\/span><\/span><\/p>\n<p align=\"JUSTIFY\"><span style=\"font-family: Arial,serif;\"><span style=\"font-size: medium;\">Param\u00e4tm\u00e4 ist sicherlich Paramishvara oder Parambrahma, jedoch Er ist nicht unbedingt indifferent und inaktiv, statisch und Singul\u00e4r. Die in den Versen Vagavad-Git\u00e4 15\/13-15 beschriebenen Prinzipien sind haupts\u00e4chlich aus S\u00e4nkhya-S\u00e4shtra.<\/span><\/span><\/p>\n<p align=\"JUSTIFY\"><span style=\"font-family: Arial,serif;\"><span style=\"font-size: medium;\">Die S\u00e4nkhya-Philosophie ist atheistisch : sie besteht aus inaktivem Purusha und dynamischer Prakriti. In Ved\u00e4nta-S\u00e4shtra findet man S\u00e4nkhyas statische Purusha oder Param\u00e4tm\u00e4 als Nirgunabrahma und die Prakriti ist die M\u00e4y\u00e4shakti.<\/span><\/span><\/p>\n<p align=\"JUSTIFY\"><span style=\"font-family: Arial,serif;\"><span style=\"font-size: medium;\">Das alles ist die Demonstartion von M\u00e4y\u00e4-Ausdruck von Unwissenheit ( avidya)-Brahma oder \u00c4tm\u00e4 ist die einzige und ultimative Realit\u00e4t. Der Mensch h\u00e4lt sich f\u00fcr souver\u00e4n in seinen Handlungen unter den Einfluss von M\u00e4y\u00e4shakti. <\/span><\/span><span style=\"font-family: Arial,serif;\"><span style=\"font-size: medium;\"><b>Aber dieses<\/b><\/span><\/span> <span style=\"font-family: Arial,serif;\"><span style=\"font-size: medium;\"><b>Bewusstsein des Selbst (Ego) ist zun\u00e4chst notwendig, sonst w\u00e4ren Spiritualit\u00e4t, Tugend und Laster oder auch die Riten und Ritualen, die Wege und Weisungen der heiligen Schriften ohne Wert und Bedeutung.<\/b><\/span><\/span><\/p>\n<p align=\"JUSTIFY\">\u201c\u2026<span style=\"font-family: Arial,serif;\"><span style=\"font-size: medium;\"><b>kart\u00e4 sastr\u00e4rthabatv\u00e4t\u2026\u201c<\/b><em> (<\/em><\/span><\/span><em><span style=\"font-family: Arial,serif;\"><span style=\"font-size: medium;\">vide: Brahmasutra)<\/span><\/span><\/em><\/p>\n<p align=\"JUSTIFY\"><span style=\"font-family: Arial,serif;\"><span style=\"font-size: medium;\">Nach der Beseitigung der Unwissenheit (skt.ajn\u00e4na) verursacht durch die allgegnw\u00e4rtige M\u00e4y\u00e4shakti, tritt der Schleier des Ego tritt in den Hintergrund oder wird gar assimiliert und der Aspirant erf\u00e4hrt und erlebt die Identit\u00e4t mit seiner eigenen wahren, g\u00f6ttlichen Seele.<\/span><\/span><\/p>\n<p align=\"JUSTIFY\">\u201c<span style=\"font-family: Arial,serif;\"><span style=\"font-size: medium;\">Tad\u00e4 drastuh svarupe abasth\u00e4nam\u201c (vide: Yoga-Sutra 1\/3.).also, nun h\u00e4lt sich der Aspirant im Blickfeld seiner urspr\u00fcnglich seienden Divinit\u00e4t auf.<\/span><\/span><\/p>\n<p align=\"JUSTIFY\"><span style=\"font-family: Arial,serif;\"><span style=\"font-size: medium;\">Dieser Zustand hei\u00dft verweilen in Selbsterkenntnis, verweilen in Brahma oder gar Verschmelzen in Brahma (skt.Brahmanirv\u00e4na).<\/span><\/span><\/p>\n<p align=\"JUSTIFY\"><span style=\"font-family: Arial,serif;\"><span style=\"font-size: medium;\"><u>Deshalb:<\/u><\/span><\/span><\/p>\n<p align=\"JUSTIFY\"><span style=\"font-family: Arial,serif;\"><span style=\"font-size: medium;\">Solange der Geist mit dem subtilen (kuta) Bewusstsein nicht assimiliert ist, soll man ihn beaufsichtigen und beherrschen, von Begierde zur\u00fcckhalten &#8211; das ist Wissen, das ist Dhyana-Yoga &#8212; die Essenz, der Extrakt.<\/span><\/span><\/p>\n<p align=\"JUSTIFY\"><a name=\"_GoBack\"><\/a> <span style=\"font-family: Arial,serif;\"><span style=\"font-size: medium;\">Alles andere sind nur dicke B\u00fccher, ein Schwall von Worten. <em>(vide: Brahmabindu Upanishad 1\/5)<\/em><\/span><\/span><\/p>\n","protected":false},"excerpt":{"rendered":"<p>Die ontologischen Prinzipien von Brahma-\u00c4tm\u00e4-M\u00e4y\u00e4shakti-Jiv\u00e4tm\u00e4 ein Mysterium? Die korrelative Frage: Der Herr, der Parambrahma, das Param\u00e4tm\u00e4- Er ist doch auch Param-Ishvara. Wenn er selbst indifferent, inaktiv, lautlos, farblos, formlos, unendlich, nicht wahrnehmbar durch Sprache und Geist und nicht der Gestalter von Weltlichen Aktivit\u00e4ten, Bewertungsinstanz von Gut und B\u00f6se etc. ist, sondern die Prakriti, die M\u00e4y\u00e4-shakti, &hellip; <a href=\"http:\/\/blog.saranagata.de\/?page_id=312\" class=\"more-link\"><span class=\"screen-reader-text\">Ein Mysterium?<\/span> weiterlesen<\/a><\/p>\n","protected":false},"author":1,"featured_media":0,"parent":298,"menu_order":5,"comment_status":"closed","ping_status":"closed","template":"","meta":[],"yoast_head":"<!-- This site is optimized with the Yoast SEO plugin v20.10 - https:\/\/yoast.com\/wordpress\/plugins\/seo\/ -->\n<title>Ein Mysterium? - Saranagata<\/title>\n<meta name=\"robots\" content=\"index, follow, max-snippet:-1, max-image-preview:large, max-video-preview:-1\" \/>\n<link rel=\"canonical\" href=\"http:\/\/blog.saranagata.de\/?page_id=312\" \/>\n<meta property=\"og:locale\" content=\"de_DE\" \/>\n<meta property=\"og:type\" content=\"article\" \/>\n<meta property=\"og:title\" content=\"Ein Mysterium? - Saranagata\" \/>\n<meta property=\"og:description\" content=\"Die ontologischen Prinzipien von Brahma-\u00c4tm\u00e4-M\u00e4y\u00e4shakti-Jiv\u00e4tm\u00e4 ein Mysterium? Die korrelative Frage: Der Herr, der Parambrahma, das Param\u00e4tm\u00e4- Er ist doch auch Param-Ishvara. Wenn er selbst indifferent, inaktiv, lautlos, farblos, formlos, unendlich, nicht wahrnehmbar durch Sprache und Geist und nicht der Gestalter von Weltlichen Aktivit\u00e4ten, Bewertungsinstanz von Gut und B\u00f6se etc. ist, sondern die Prakriti, die M\u00e4y\u00e4-shakti, &hellip; Ein Mysterium? weiterlesen\" \/>\n<meta property=\"og:url\" content=\"http:\/\/blog.saranagata.de\/?page_id=312\" \/>\n<meta property=\"og:site_name\" content=\"Saranagata\" \/>\n<meta property=\"article:modified_time\" content=\"2015-12-12T15:29:18+00:00\" \/>\n<meta name=\"twitter:card\" content=\"summary_large_image\" \/>\n<meta name=\"twitter:label1\" content=\"Gesch\u00e4tzte Lesezeit\" \/>\n\t<meta name=\"twitter:data1\" content=\"2 Minuten\" \/>\n<script type=\"application\/ld+json\" class=\"yoast-schema-graph\">{\"@context\":\"https:\/\/schema.org\",\"@graph\":[{\"@type\":\"WebPage\",\"@id\":\"http:\/\/blog.saranagata.de\/?page_id=312\",\"url\":\"http:\/\/blog.saranagata.de\/?page_id=312\",\"name\":\"Ein Mysterium? - Saranagata\",\"isPartOf\":{\"@id\":\"http:\/\/blog.saranagata.de\/#website\"},\"datePublished\":\"2015-12-12T15:11:06+00:00\",\"dateModified\":\"2015-12-12T15:29:18+00:00\",\"breadcrumb\":{\"@id\":\"http:\/\/blog.saranagata.de\/?page_id=312#breadcrumb\"},\"inLanguage\":\"de-DE\",\"potentialAction\":[{\"@type\":\"ReadAction\",\"target\":[\"http:\/\/blog.saranagata.de\/?page_id=312\"]}]},{\"@type\":\"BreadcrumbList\",\"@id\":\"http:\/\/blog.saranagata.de\/?page_id=312#breadcrumb\",\"itemListElement\":[{\"@type\":\"ListItem\",\"position\":1,\"name\":\"Startseite\",\"item\":\"http:\/\/blog.saranagata.de\/\"},{\"@type\":\"ListItem\",\"position\":2,\"name\":\"Advayta-Vedanta Anthologie\",\"item\":\"http:\/\/blog.saranagata.de\/?page_id=298\"},{\"@type\":\"ListItem\",\"position\":3,\"name\":\"Ein Mysterium?\"}]},{\"@type\":\"WebSite\",\"@id\":\"http:\/\/blog.saranagata.de\/#website\",\"url\":\"http:\/\/blog.saranagata.de\/\",\"name\":\"Saranagata\",\"description\":\"Parthasarathis spirituelle Oase\",\"potentialAction\":[{\"@type\":\"SearchAction\",\"target\":{\"@type\":\"EntryPoint\",\"urlTemplate\":\"http:\/\/blog.saranagata.de\/?s={search_term_string}\"},\"query-input\":\"required name=search_term_string\"}],\"inLanguage\":\"de-DE\"}]}<\/script>\n<!-- \/ Yoast SEO plugin. -->","yoast_head_json":{"title":"Ein Mysterium? - Saranagata","robots":{"index":"index","follow":"follow","max-snippet":"max-snippet:-1","max-image-preview":"max-image-preview:large","max-video-preview":"max-video-preview:-1"},"canonical":"http:\/\/blog.saranagata.de\/?page_id=312","og_locale":"de_DE","og_type":"article","og_title":"Ein Mysterium? - Saranagata","og_description":"Die ontologischen Prinzipien von Brahma-\u00c4tm\u00e4-M\u00e4y\u00e4shakti-Jiv\u00e4tm\u00e4 ein Mysterium? Die korrelative Frage: Der Herr, der Parambrahma, das Param\u00e4tm\u00e4- Er ist doch auch Param-Ishvara. Wenn er selbst indifferent, inaktiv, lautlos, farblos, formlos, unendlich, nicht wahrnehmbar durch Sprache und Geist und nicht der Gestalter von Weltlichen Aktivit\u00e4ten, Bewertungsinstanz von Gut und B\u00f6se etc. ist, sondern die Prakriti, die M\u00e4y\u00e4-shakti, &hellip; Ein Mysterium? weiterlesen","og_url":"http:\/\/blog.saranagata.de\/?page_id=312","og_site_name":"Saranagata","article_modified_time":"2015-12-12T15:29:18+00:00","twitter_card":"summary_large_image","twitter_misc":{"Gesch\u00e4tzte Lesezeit":"2 Minuten"},"schema":{"@context":"https:\/\/schema.org","@graph":[{"@type":"WebPage","@id":"http:\/\/blog.saranagata.de\/?page_id=312","url":"http:\/\/blog.saranagata.de\/?page_id=312","name":"Ein Mysterium? - Saranagata","isPartOf":{"@id":"http:\/\/blog.saranagata.de\/#website"},"datePublished":"2015-12-12T15:11:06+00:00","dateModified":"2015-12-12T15:29:18+00:00","breadcrumb":{"@id":"http:\/\/blog.saranagata.de\/?page_id=312#breadcrumb"},"inLanguage":"de-DE","potentialAction":[{"@type":"ReadAction","target":["http:\/\/blog.saranagata.de\/?page_id=312"]}]},{"@type":"BreadcrumbList","@id":"http:\/\/blog.saranagata.de\/?page_id=312#breadcrumb","itemListElement":[{"@type":"ListItem","position":1,"name":"Startseite","item":"http:\/\/blog.saranagata.de\/"},{"@type":"ListItem","position":2,"name":"Advayta-Vedanta Anthologie","item":"http:\/\/blog.saranagata.de\/?page_id=298"},{"@type":"ListItem","position":3,"name":"Ein Mysterium?"}]},{"@type":"WebSite","@id":"http:\/\/blog.saranagata.de\/#website","url":"http:\/\/blog.saranagata.de\/","name":"Saranagata","description":"Parthasarathis spirituelle Oase","potentialAction":[{"@type":"SearchAction","target":{"@type":"EntryPoint","urlTemplate":"http:\/\/blog.saranagata.de\/?s={search_term_string}"},"query-input":"required name=search_term_string"}],"inLanguage":"de-DE"}]}},"_links":{"self":[{"href":"http:\/\/blog.saranagata.de\/index.php?rest_route=\/wp\/v2\/pages\/312"}],"collection":[{"href":"http:\/\/blog.saranagata.de\/index.php?rest_route=\/wp\/v2\/pages"}],"about":[{"href":"http:\/\/blog.saranagata.de\/index.php?rest_route=\/wp\/v2\/types\/page"}],"author":[{"embeddable":true,"href":"http:\/\/blog.saranagata.de\/index.php?rest_route=\/wp\/v2\/users\/1"}],"replies":[{"embeddable":true,"href":"http:\/\/blog.saranagata.de\/index.php?rest_route=%2Fwp%2Fv2%2Fcomments&post=312"}],"version-history":[{"count":2,"href":"http:\/\/blog.saranagata.de\/index.php?rest_route=\/wp\/v2\/pages\/312\/revisions"}],"predecessor-version":[{"id":327,"href":"http:\/\/blog.saranagata.de\/index.php?rest_route=\/wp\/v2\/pages\/312\/revisions\/327"}],"up":[{"embeddable":true,"href":"http:\/\/blog.saranagata.de\/index.php?rest_route=\/wp\/v2\/pages\/298"}],"wp:attachment":[{"href":"http:\/\/blog.saranagata.de\/index.php?rest_route=%2Fwp%2Fv2%2Fmedia&parent=312"}],"curies":[{"name":"wp","href":"https:\/\/api.w.org\/{rel}","templated":true}]}}