{"id":308,"date":"2015-12-12T15:08:24","date_gmt":"2015-12-12T15:08:24","guid":{"rendered":"http:\/\/blog.saranagata.de\/?page_id=308"},"modified":"2023-05-08T19:55:49","modified_gmt":"2023-05-08T19:55:49","slug":"was-ist-maeyae","status":"publish","type":"page","link":"http:\/\/blog.saranagata.de\/?page_id=308","title":{"rendered":"Was ist M\u00e4y\u00e4?"},"content":{"rendered":"<p>\u201e<span style=\"font-family: Arial,serif;\"><span style=\"font-size: medium;\">Wir haben es erfahren, dass nach der urspr\u00fcnglichen Ritualistik mit G\u00f6tterpantheon Brahma als inh\u00e4rente Kraft erkannt wurde&#8220; und Er zum Erschaffer, Erhalter und Erl\u00f6ser dieser Weltgeschenisse postuliert wurde. Die Konzeption von Brahma wurde allm\u00e4hlich zu einer universellen monotheistischen Vorstellung. Gleichzeitig entwickelte sich der spekulative Gedanke einer Einheit von sich selbst und dem immanenten Geist. Danach wurde die gro\u00dfe g\u00f6ttliche Seele (Param\u00e4tm\u00e4) und als Entsprechung im Mikrokosmos, die individuelle Seele (anar\u00e4tm\u00e4) erkannt. Brahma und \u00c4tm\u00e4- wurden identisch und das spirituelle Verst\u00e4ndnis wandelte sich zu einem absoluten Pantheismus, <\/span><\/span><\/p>\n<p><span style=\"font-family: Arial,serif;\"><span style=\"font-size: medium;\">Es stellte sich zun\u00e4chst noch die Frage nach der Singularit\u00e4t von Brahma und Multiplizit\u00e4t der Sch\u00f6pfung. Anschlie\u00dfend stellten die Weisen explizit fest, dass sich Brahma sowohl in Formen als auch der Formlosigkeit, Sterblichkeit und der Ewigkeit, statisch und dynamisch, in der Realit\u00e4t und im Jenseits, ph\u00e4nomenal und nicht ph\u00e4nomenal artikuliert.<\/span><\/span><\/p>\n<p>\u201e\u2026 <span style=\"font-family: Arial,serif;\"><span style=\"font-size: medium;\">es existieren sicherlich zwei Arten von Brahma: vor die Entstehung der Sonne war Er zeitlos und eine Einheit. Aber nach der Erscheinung der Sonne ist Er die bewegte Zeit mit Vielfalt..\u201c<em> (vide: Maytrea Upanishad 6.15)<\/em><\/span><\/span><\/p>\n<p><span style=\"font-family: Arial,serif;\"><span style=\"font-size: medium;\">Diese bin\u00e4re Vorstellung von Brahma zeigt dem einen Brahma als superph\u00e4nomenale Singularit\u00e4t an, dem anderen eine Exhibition von Diversit\u00e4t mit mannigfaltigen Eigenschaften. Deshalb galt Brahma dem einen als h\u00f6her und dem anderen als Ausdruck niederer Eigenschaften. <em>(vide.:Svet\u00e4svatara Upn. 1.1.3., Mund\u00e4ka Upn. 2.2.8. und Prasna Upn.5.2)<\/em><\/span><\/span><\/p>\n<p><em><span style=\"font-family: Arial,serif;\"><br \/>\n<\/span><\/em><span style=\"font-family: Arial,serif;\"><span style=\"font-size: medium;\">Es sollten zwei Erkenntnis &#8211; Str\u00f6mungen zusammenflie\u00dfen, um Brahma wahrnehmen k\u00f6nnen. Dies findet man best\u00e4tigt zum Beispiel in Katha Upanishad 6.13.: <\/span><\/span><\/p>\n<p>\u201e\u2026 <span style=\"font-family: Arial,serif;\"><span style=\"font-size: medium;\">Er (Brahma) kann sicherlich erfahren werden durch den kulminativen Gedankenimpuls<\/span><\/span><span style=\"font-family: Arial,serif;\"><span style=\"font-size: medium;\"><b>: Er ist<\/b><\/span><\/span><span style=\"font-family: Arial,serif;\"><span style=\"font-size: medium;\">: und durch die Ber\u00fccksichtigung von zwei Naturen\u2026\u201c<\/span><\/span><\/p>\n<p align=\"JUSTIFY\"><span style=\"font-family: Arial,serif;\"><span style=\"font-size: medium;\">Das Dualit\u00e4ts &#8211; Postulat von Brahma, fand jedoch keinen Widerhall in der fundamentalen Denk-Doktrin der klassischen Vendantas: \u201c\u2026es gibt nur einen Brahma, ohne ein zweites\u2026\u201c. Das bedeutet, Realit\u00e4t ist singul\u00e4r, Diversit\u00e4t ist nur eine Erscheinung.<\/span><\/span><\/p>\n<p align=\"JUSTIFY\"><span style=\"font-family: Arial,serif;\"><span style=\"font-size: medium;\">In Brihad\u00e4ranyka Upanishad 2.5.19.<\/span><\/span><\/p>\n<p align=\"JUSTIFY\">\u201c\u2026<span style=\"font-family: Arial,serif;\"><span style=\"font-size: medium;\">Indra nimmt viele Gestalten an durch seine magische Kraft (M\u00e4y\u00e4).\u201c<\/span><\/span><\/p>\n<p align=\"JUSTIFY\"><span style=\"font-family: Arial,serif;\"><span style=\"font-size: medium;\">M\u00e4y\u00e4 als die \u00fcbernat\u00fcrliche Kraft etc.wurde schon oft beschrieben, z.B. in Rigveda 6.47.18.<\/span><\/span><\/p>\n<p align=\"JUSTIFY\"><span style=\"font-family: Arial,serif;\"><span style=\"font-size: medium;\">M\u00e4y\u00e4 ist keine Illusion oder radikale T\u00e4uschung sondern eine Kausal-Kosmische Projektion und wird wie folgt beschrieben:<\/span><\/span><\/p>\n<p align=\"JUSTIFY\">\u201c\u2026 <span style=\"font-family: Arial,serif;\"><span style=\"font-size: medium;\">Brahma als Illusionist projiziert die ganze Welt und darin sind wir alle augenscheinlich eingesperrt. Nun, sollte man wissen, dass die Natur eine Projektion ist und der Erhabene ist der Verursacher\u2026\u201c<em> (vide: Svet\u00e4svatara Upn. 4.9-10)<\/em><\/span><\/span><\/p>\n<p align=\"JUSTIFY\"><span style=\"font-family: Arial,serif;\"><span style=\"font-size: medium;\">Diese M\u00e4y\u00e4-These wurde dann ein wichtiges Dogma in den Vedanten und ein ambivalent-mysteri\u00f6ses Wissensfeld f\u00fcr Kognitiv veranlagte Menschen.<\/span><\/span><\/p>\n<p align=\"JUSTIFY\"><span style=\"font-family: Arial,serif;\"><span style=\"font-size: medium;\">In advayta-Ved\u00e4nta tritt die Shakti als abh\u00e4ngige Manifestation von Samsara (das Prinzip: Werden-Sein-Vergehen) auf. Sie verschleiert das \u201cewig-erleuchtete\u201c reine Bewusstsein in einem \u201cunerkl\u00e4rbaren\u201c Mysterium &#8211; genannt M\u00e4y\u00e4. In S\u00e4nkhya-Darshan dagegen ist die Shakti mit der Prakriti identisch, jedoch Parkriti ist dort vollkommen unabh\u00e4ngig von Brahma oder Param\u00e4tm\u00e4, dort Purusha genannt. Die M\u00e4y\u00e4 ist in Sankhya-Darshan ein zweites unabh\u00e4ngiges Prinzip!<\/span><\/span><\/p>\n<p align=\"JUSTIFY\"><span style=\"font-family: Arial,serif;\"><span style=\"font-size: medium;\">Der Mensch ist von seinem Ursprung her natur-beseelt oder gar erleuchtet (lt. Buddha), aber durch die Verschleierung des Bewusstseins ist er sich seiner Wahren Natur nicht bewusst.<\/span><\/span><\/p>\n<p align=\"JUSTIFY\"><span style=\"font-family: Arial,serif;\"><span style=\"font-size: medium;\">Diese Verschleierung ist die M\u00e4y\u00e4-Shakti und das Ursprungs-Antlitz von Aham (Ego) und das Ich manifestiert sich in Form von unz\u00e4hligen W\u00fcnschen, Verlangen, Leidenschaften und Begierden als Fahnentr\u00e4ger des Egos.Im Dunstkreis der Verlockungen berauscht verwechselt der Mensch das Wahre mit dem Unwahren, das Best\u00e4ndige mit dem Unbest\u00e4ndigen,das Ewige mit dem Endlichen und verf\u00e4llt v\u00f6llig in den Bann der Unwissenheit (skt. avidya) dabei vergisst er g\u00e4nzlich seine divine Natur zu erkennen und sein g\u00f6ttliches Geschenk (pr\u00e4pya bar\u00e4n nibadhata) entgegen zu nehmen. Diese Erkenntnis ist \u00e4tma-bodha oder Erkenntnis des Selbst als Teil der metaphysischen Realit\u00e4t, genannt Param\u00e4tm\u00e4!<\/span><\/span><\/p>\n<p align=\"JUSTIFY\"><span style=\"font-family: Arial,serif;\"><span style=\"font-size: medium;\">Die M\u00e4y\u00e4 ist ein geheimnisvoller Aspekt von Shakti oder Prakriti. Sie verdeckt die dem menschlichen Bewusstsein zugrunde liegende Wirklichkeit und l\u00e4sst die Menschen in einer \u00e4u\u00dferen materialen Welt in der Woge der sechs Laster(skt.ripus) schwimmen, dabei identifiziert er sich mit der subjektiven Realit\u00e4t und vergisst dabei v\u00f6llig seine wahre Bestimmung, Berufung und Beziehung als Krone der Sch\u00f6pfung, ja, die kognitive F\u00e4higkeit, die Bedeutung, die Begegnung, die Bekehrung, die Ber\u00fchrung sowie \u201c die ultimative Bindungshoheit und B\u00fcndnis Souver\u00e4nit\u00e4t mit seinem inneren Selbst\u201c, seine g\u00f6ttliche Seele (anatr\u00e4tma) zu erkennen!<\/span><\/span><\/p>\n<p align=\"JUSTIFY\"><span style=\"font-family: Arial,serif;\"><span style=\"font-size: medium;\">Die Bewertung des Substrats von relevanten Vedanta-Auslegungen bedingt einen nachsichtigen Umgang. Aus pragmatischen Betrachtungswinkel ist die M\u00e4y\u00e4 einerseits die Shakti, die Kraft, was einen Aspekt von Param\u00e4tm\u00e4 darstellt. Andererseits,ist die Shakti begnadet die Symphonie von Werden-Sein-Vergehen zu spielen.<\/span><\/span><\/p>\n<p align=\"JUSTIFY\"><span style=\"font-family: Arial,serif;\"><span style=\"font-size: medium;\">Au\u00dferdem, repr\u00e4sentiert die M\u00e4y\u00e4shakti selbst die zwei Seiten einer Medaille. Einerseits ist sie ein Mysterium, ein R\u00e4tsel;andererseits ist sie selbst die Aufkl\u00e4rung, die L\u00f6sungspotenz. Sie f\u00fchrt uns in die verwirrenden Verlockungen, aber auch in Richtung Einsch\u00e4tzung, Einordnung, Entscheidung, Einweihung, Erstrebung und Erkenntnis des selbst! <\/span><\/span><\/p>\n<p align=\"JUSTIFY\"><span style=\"font-family: Arial,serif;\"><span style=\"font-size: medium;\">Im Einklang mit der sprachsynkritischen Ausdrucksweise von Gurumah\u00e4r\u00e4j Sri Ramakrishna: ein Dorn im Fu\u00df l\u00e4sst sich mit einem zweiten Dorn entfernen, oder f\u00e4llt man am Boden, so steht man mit Hilfe des gleichen Bodens wieder auf.<\/span><\/span><\/p>\n<p align=\"JUSTIFY\"><span style=\"font-family: Arial,serif;\"><span style=\"font-size: medium;\">Die erste Seite der Medaille ist die Unkenntnis (avidy\u00e4-m\u00e4y\u00e4) und die zweite ist die Kenntnis (vidya-m\u00e4y\u00e4).<\/span><\/span><\/p>\n<p align=\"JUSTIFY\"><span style=\"font-family: Arial,serif;\"><span style=\"font-size: medium;\">Die Best\u00e4tigung dieser Interpretation findet man bereits in Vagavad Gita 6\/5,6 mit klarer Auspr\u00e4gung vor:<\/span><\/span><\/p>\n<p align=\"JUSTIFY\">\u201c\u2026 <span style=\"font-family: Arial,serif;\"><span style=\"font-size: medium;\">befrei deine Seele mit der eigenen Seele. Ersch\u00f6pfe und erniedrige sie nicht. Deine Seele ist der Freund und Feind zugleich. Die Seele die von Zw\u00e4ngen befreit und beherrscht, ist die befreundete Seele. Die nicht-beherrschte Seele ist negativ und feindselig\u2026\u201c<\/span><\/span><\/p>\n<p align=\"JUSTIFY\"><span style=\"font-family: Arial,serif;\"><span style=\"font-size: medium;\"><b>Eine Duplizit\u00e4t der verk\u00f6rperten Seele?<\/b><\/span><\/span><span style=\"font-family: Arial,serif;\"><span style=\"font-size: medium;\"> Nein! Die eine ist die g\u00f6ttliche Emanation, die andere ist unser Ego (aham), da\u00df prim\u00e4r durch unseren Geist (mana) kontrolliert wird. Deshalb sagt der Rishi:<\/span><\/span><\/p>\n<p align=\"JUSTIFY\">\u201c<span style=\"font-family: Arial,serif;\"><span style=\"font-size: medium;\">mana eba manushyanan k\u00e4ranan bandhamokshaeoh\u201c.<\/span><\/span><\/p>\n<p align=\"JUSTIFY\"><span style=\"font-family: Arial,serif;\"><span style=\"font-size: medium;\">Der Geist des Menschen ist verantwortlich f\u00fcr seine Lebens-Bindung oder Befreiung!<\/span><\/span><\/p>\n","protected":false},"excerpt":{"rendered":"<p>\u201eWir haben es erfahren, dass nach der urspr\u00fcnglichen Ritualistik mit G\u00f6tterpantheon Brahma als inh\u00e4rente Kraft erkannt wurde&#8220; und Er zum Erschaffer, Erhalter und Erl\u00f6ser dieser Weltgeschenisse postuliert wurde. Die Konzeption von Brahma wurde allm\u00e4hlich zu einer universellen monotheistischen Vorstellung. Gleichzeitig entwickelte sich der spekulative Gedanke einer Einheit von sich selbst und dem immanenten Geist. Danach &hellip; <a href=\"http:\/\/blog.saranagata.de\/?page_id=308\" class=\"more-link\"><span class=\"screen-reader-text\">Was ist M\u00e4y\u00e4?<\/span> weiterlesen<\/a><\/p>\n","protected":false},"author":1,"featured_media":0,"parent":298,"menu_order":3,"comment_status":"closed","ping_status":"closed","template":"","meta":[],"yoast_head":"<!-- This site is optimized with the Yoast SEO plugin v20.10 - https:\/\/yoast.com\/wordpress\/plugins\/seo\/ -->\n<title>Was ist M\u00e4y\u00e4? - Saranagata<\/title>\n<meta name=\"robots\" content=\"index, follow, max-snippet:-1, max-image-preview:large, max-video-preview:-1\" \/>\n<link rel=\"canonical\" href=\"http:\/\/blog.saranagata.de\/?page_id=308\" \/>\n<meta property=\"og:locale\" content=\"de_DE\" \/>\n<meta property=\"og:type\" content=\"article\" \/>\n<meta property=\"og:title\" content=\"Was ist M\u00e4y\u00e4? - Saranagata\" \/>\n<meta property=\"og:description\" content=\"\u201eWir haben es erfahren, dass nach der urspr\u00fcnglichen Ritualistik mit G\u00f6tterpantheon Brahma als inh\u00e4rente Kraft erkannt wurde&#8220; und Er zum Erschaffer, Erhalter und Erl\u00f6ser dieser Weltgeschenisse postuliert wurde. Die Konzeption von Brahma wurde allm\u00e4hlich zu einer universellen monotheistischen Vorstellung. Gleichzeitig entwickelte sich der spekulative Gedanke einer Einheit von sich selbst und dem immanenten Geist. Danach &hellip; Was ist M\u00e4y\u00e4? weiterlesen\" \/>\n<meta property=\"og:url\" content=\"http:\/\/blog.saranagata.de\/?page_id=308\" \/>\n<meta property=\"og:site_name\" content=\"Saranagata\" \/>\n<meta property=\"article:modified_time\" content=\"2023-05-08T19:55:49+00:00\" \/>\n<meta name=\"twitter:card\" content=\"summary_large_image\" \/>\n<meta name=\"twitter:label1\" content=\"Gesch\u00e4tzte Lesezeit\" \/>\n\t<meta name=\"twitter:data1\" content=\"5 Minuten\" \/>\n<script type=\"application\/ld+json\" class=\"yoast-schema-graph\">{\"@context\":\"https:\/\/schema.org\",\"@graph\":[{\"@type\":\"WebPage\",\"@id\":\"http:\/\/blog.saranagata.de\/?page_id=308\",\"url\":\"http:\/\/blog.saranagata.de\/?page_id=308\",\"name\":\"Was ist M\u00e4y\u00e4? - Saranagata\",\"isPartOf\":{\"@id\":\"http:\/\/blog.saranagata.de\/#website\"},\"datePublished\":\"2015-12-12T15:08:24+00:00\",\"dateModified\":\"2023-05-08T19:55:49+00:00\",\"breadcrumb\":{\"@id\":\"http:\/\/blog.saranagata.de\/?page_id=308#breadcrumb\"},\"inLanguage\":\"de-DE\",\"potentialAction\":[{\"@type\":\"ReadAction\",\"target\":[\"http:\/\/blog.saranagata.de\/?page_id=308\"]}]},{\"@type\":\"BreadcrumbList\",\"@id\":\"http:\/\/blog.saranagata.de\/?page_id=308#breadcrumb\",\"itemListElement\":[{\"@type\":\"ListItem\",\"position\":1,\"name\":\"Startseite\",\"item\":\"http:\/\/blog.saranagata.de\/\"},{\"@type\":\"ListItem\",\"position\":2,\"name\":\"Advayta-Vedanta Anthologie\",\"item\":\"http:\/\/blog.saranagata.de\/?page_id=298\"},{\"@type\":\"ListItem\",\"position\":3,\"name\":\"Was ist M\u00e4y\u00e4?\"}]},{\"@type\":\"WebSite\",\"@id\":\"http:\/\/blog.saranagata.de\/#website\",\"url\":\"http:\/\/blog.saranagata.de\/\",\"name\":\"Saranagata\",\"description\":\"Parthasarathis spirituelle Oase\",\"potentialAction\":[{\"@type\":\"SearchAction\",\"target\":{\"@type\":\"EntryPoint\",\"urlTemplate\":\"http:\/\/blog.saranagata.de\/?s={search_term_string}\"},\"query-input\":\"required name=search_term_string\"}],\"inLanguage\":\"de-DE\"}]}<\/script>\n<!-- \/ Yoast SEO plugin. -->","yoast_head_json":{"title":"Was ist M\u00e4y\u00e4? - Saranagata","robots":{"index":"index","follow":"follow","max-snippet":"max-snippet:-1","max-image-preview":"max-image-preview:large","max-video-preview":"max-video-preview:-1"},"canonical":"http:\/\/blog.saranagata.de\/?page_id=308","og_locale":"de_DE","og_type":"article","og_title":"Was ist M\u00e4y\u00e4? - Saranagata","og_description":"\u201eWir haben es erfahren, dass nach der urspr\u00fcnglichen Ritualistik mit G\u00f6tterpantheon Brahma als inh\u00e4rente Kraft erkannt wurde&#8220; und Er zum Erschaffer, Erhalter und Erl\u00f6ser dieser Weltgeschenisse postuliert wurde. Die Konzeption von Brahma wurde allm\u00e4hlich zu einer universellen monotheistischen Vorstellung. Gleichzeitig entwickelte sich der spekulative Gedanke einer Einheit von sich selbst und dem immanenten Geist. Danach &hellip; Was ist M\u00e4y\u00e4? weiterlesen","og_url":"http:\/\/blog.saranagata.de\/?page_id=308","og_site_name":"Saranagata","article_modified_time":"2023-05-08T19:55:49+00:00","twitter_card":"summary_large_image","twitter_misc":{"Gesch\u00e4tzte Lesezeit":"5 Minuten"},"schema":{"@context":"https:\/\/schema.org","@graph":[{"@type":"WebPage","@id":"http:\/\/blog.saranagata.de\/?page_id=308","url":"http:\/\/blog.saranagata.de\/?page_id=308","name":"Was ist M\u00e4y\u00e4? - Saranagata","isPartOf":{"@id":"http:\/\/blog.saranagata.de\/#website"},"datePublished":"2015-12-12T15:08:24+00:00","dateModified":"2023-05-08T19:55:49+00:00","breadcrumb":{"@id":"http:\/\/blog.saranagata.de\/?page_id=308#breadcrumb"},"inLanguage":"de-DE","potentialAction":[{"@type":"ReadAction","target":["http:\/\/blog.saranagata.de\/?page_id=308"]}]},{"@type":"BreadcrumbList","@id":"http:\/\/blog.saranagata.de\/?page_id=308#breadcrumb","itemListElement":[{"@type":"ListItem","position":1,"name":"Startseite","item":"http:\/\/blog.saranagata.de\/"},{"@type":"ListItem","position":2,"name":"Advayta-Vedanta Anthologie","item":"http:\/\/blog.saranagata.de\/?page_id=298"},{"@type":"ListItem","position":3,"name":"Was ist M\u00e4y\u00e4?"}]},{"@type":"WebSite","@id":"http:\/\/blog.saranagata.de\/#website","url":"http:\/\/blog.saranagata.de\/","name":"Saranagata","description":"Parthasarathis spirituelle Oase","potentialAction":[{"@type":"SearchAction","target":{"@type":"EntryPoint","urlTemplate":"http:\/\/blog.saranagata.de\/?s={search_term_string}"},"query-input":"required name=search_term_string"}],"inLanguage":"de-DE"}]}},"_links":{"self":[{"href":"http:\/\/blog.saranagata.de\/index.php?rest_route=\/wp\/v2\/pages\/308"}],"collection":[{"href":"http:\/\/blog.saranagata.de\/index.php?rest_route=\/wp\/v2\/pages"}],"about":[{"href":"http:\/\/blog.saranagata.de\/index.php?rest_route=\/wp\/v2\/types\/page"}],"author":[{"embeddable":true,"href":"http:\/\/blog.saranagata.de\/index.php?rest_route=\/wp\/v2\/users\/1"}],"replies":[{"embeddable":true,"href":"http:\/\/blog.saranagata.de\/index.php?rest_route=%2Fwp%2Fv2%2Fcomments&post=308"}],"version-history":[{"count":3,"href":"http:\/\/blog.saranagata.de\/index.php?rest_route=\/wp\/v2\/pages\/308\/revisions"}],"predecessor-version":[{"id":325,"href":"http:\/\/blog.saranagata.de\/index.php?rest_route=\/wp\/v2\/pages\/308\/revisions\/325"}],"up":[{"embeddable":true,"href":"http:\/\/blog.saranagata.de\/index.php?rest_route=\/wp\/v2\/pages\/298"}],"wp:attachment":[{"href":"http:\/\/blog.saranagata.de\/index.php?rest_route=%2Fwp%2Fv2%2Fmedia&parent=308"}],"curies":[{"name":"wp","href":"https:\/\/api.w.org\/{rel}","templated":true}]}}