{"id":298,"date":"2015-12-12T15:03:17","date_gmt":"2015-12-12T15:03:17","guid":{"rendered":"http:\/\/blog.saranagata.de\/?page_id=298"},"modified":"2015-12-12T15:03:17","modified_gmt":"2015-12-12T15:03:17","slug":"advayta-vedanta-anthologie","status":"publish","type":"page","link":"http:\/\/blog.saranagata.de\/?page_id=298","title":{"rendered":"Advayta-Vedanta Anthologie"},"content":{"rendered":"<p align=\"CENTER\"><span style=\"font-family: Arial,serif;\"><span style=\"font-size: large;\"><b>-Vedanta-Samykhan-<\/b><\/span><\/span><\/p>\n<p align=\"CENTER\"><span style=\"font-family: Arial,serif;\"><span style=\"font-size: large;\"><b>Brahmab\u00e4da in Upanishad\/Vedanta<\/b><\/span><\/span><\/p>\n<p align=\"CENTER\"><span style=\"font-family: Arial,serif;\"><span style=\"font-size: large;\"><b>-Das Brahmaprinzip in Vedanta-<\/b><\/span><\/span><\/p>\n<p align=\"JUSTIFY\"><span style=\"font-family: Arial,serif;\"><span style=\"font-size: medium;\">Das \u00c4ranyaka- und Upanishad-Teil der Veden ist bekanntlich \u201cJnanak\u00e4nda\u201c (Erkenntnis-Segment) und dort gibt es die Detailbeschreibung \u00fcber Brahmab\u00e4da (die Brahma-Lehre). Die Upanishaden sind die Texte am Ende (skt.anta) des Veda, daher der Name Vedanta.Unter einer Vielzahl von Upanishaden sind die folgenden zw\u00f6lf die \u00e4ltesten und als authentisch bekannt: Aitareya-, Brihad\u00e4ranyka-,Isa-,Ch\u00e4ndogya-,Kena-, Kaushitaki-, Maytrea-, Mund\u00e4ka-,M\u00e4ndukya-, Prasna-,Taittiriya-Upanishad.<\/span><\/span><\/p>\n<p align=\"JUSTIFY\"><span style=\"font-family: Arial,serif;\"><span style=\"font-size: medium;\">Die Vagavad-Git\u00e4 gilt als die dreizehnte Upanishad.<\/span><\/span><\/p>\n<p align=\"JUSTIFY\"><span style=\"font-family: Arial,serif;\"><span style=\"font-size: medium;\">Wenn Jemand aus dem Westen, Indien besucht, erf\u00e4hrt er mit Sicherheit sehr einpr\u00e4gsame Eindr\u00fccke-ja, Indien ist eben unglaublich! Unter anderem sieht man praktisch an jeder Stra\u00dfenecke einen Tempel oder einen Schrein oder zumindest einen mit Blumengirlanden versehenen Steinblock vor !<\/span><\/span><\/p>\n<p align=\"JUSTIFY\"><span style=\"font-family: Arial,serif;\"><span style=\"font-size: medium;\">Das ist ganz einfach gesagt, ein Relikt aus den nun ca. f\u00fcnftausend Jahre alten vedischen Zeiten.<\/span><\/span><\/p>\n<p align=\"JUSTIFY\"><span style=\"font-family: Arial,serif;\"><span style=\"font-size: medium;\">Die Indo-Arier waren zuerst bestrebt eine geordnete sozial-humanistische Struktur der Gesellschaft sicherzustellen. Dazu geh\u00f6rten damals Nahrungsmittelversorgung, Familien, Gesundheit, ein Rechtssystem und nicht zuletzt konstante Expansions-Dynamik.<\/span><\/span><\/p>\n<p align=\"JUSTIFY\"><span style=\"font-family: Arial,serif;\"><span style=\"font-size: medium;\">Wie alle Naturv\u00f6lker waren sie auch davon \u00fcberzeugt, dass hinter jeder Naturerscheinung, in allen \u201c Bhutas\u201c oder \u201c Elementen\u201c eine metaphysische Kraft wirksam ist, genannt \u201c Ishvar\u00e4\u201c, oder \u201cDeva\u201c also g\u00f6ttliche Emanation. Zum Beispiel f\u00fcr eine rechtzeitige Regenperiode, eine ausreichende Ernte, die Vermehrung des Tierbestandes, f\u00fcr viele S\u00f6hne, ein langes Leben usw. musste man die entsprechende Gottheit als Protagonist g\u00fcnstig stimmen also beten, ihr huldigen, sie anrufen , einladen, Opfergaben vollziehen \u2013 das ist die Jagna\u2013Zeremonie. Die Riten und Rituale von Jagna findet man im vedischen Karmak\u00e4nda (Handlungsabschnitt), bestehend aus Samhit\u00e4 und Brahmana.<\/span><\/span><\/p>\n<p align=\"JUSTIFY\"><span style=\"font-family: Arial,serif;\"><span style=\"font-size: medium;\">Aber der geniale indo-arische Geist hatte bereits festgestellt dass: a) jenseits der umgebenden und wahrnehmbaren Welt,etwas \u00dcnbeschreibliches \u2013 Unaussprechliches (skt. aby\u00e4kta) existiert;<\/span><\/span><\/p>\n<p align=\"JUSTIFY\"><span style=\"font-family: Arial,serif;\"><span style=\"font-size: medium;\">b) das das pers\u00f6nliche G\u00f6tterpantheon eine Synkrise dieses Unvorstellbaren ist.<\/span><\/span><\/p>\n<p align=\"JUSTIFY\"><span style=\"font-family: Arial,serif;\"><span style=\"font-size: medium;\">Die religi\u00f6sen Zeremonien also die Jagnas waren eine rudiment\u00e4re Mischung aus Karma-Bhakti-Yoga. Denn wir finden Verehrung (sraddh\u00e4),Gebet bzw.Andacht (up\u00e4san\u00e4), Verbeugung (namah), Lobgesang bzw.Loblied (bandan\u00e4) usw. als integrativen Bestand von Jagna- Zeremonien.<\/span><\/span><\/p>\n<p align=\"JUSTIFY\"><span style=\"font-family: Arial,serif;\"><span style=\"font-size: medium;\">Z.B. : \u201c.\u2026sradhan dev\u00e4 Yagm\u00e4n\u00e4 b\u00e4yu gop\u00e4 up\u00e4sate\u2026\u201c (vide: Rig-Veda 10\/151).<\/span><\/span><\/p>\n<p align=\"JUSTIFY\">\u201c\u2026<span style=\"font-family: Arial,serif;\"><span style=\"font-size: medium;\">.namo bharanta emasi\u2026..\u201c (vide: Rig-Veda 1\/7).<\/span><\/span><\/p>\n<p align=\"JUSTIFY\">\u201c\u2026<span style=\"font-family: Arial,serif;\"><span style=\"font-size: medium;\">.dev\u00e4 basishto amirit\u00e4n babande\u2026.\u201c (vide: Rig-Veda 10\/66).<\/span><\/span><\/p>\n<p align=\"JUSTIFY\"><span style=\"font-family: Arial,serif;\"><span style=\"font-size: medium;\">Es gibt jedoch kontradikt\u00e4re Exegese in den unterschiedlichen Brahmana-Schriften.<\/span><\/span><\/p>\n<p align=\"JUSTIFY\"><span style=\"font-family: Arial,serif;\"><span style=\"font-size: medium;\">Jaimini-Sutra oder Purva-Mim\u00e4ns\u00e4 ist ein bedeutsamer Versuch einer Harmonisierung des vedischen Karma-K\u00e4nda-Kodex. Dieser hei\u00dft auch Karma-Mim\u00e4ns\u00e4 oder Jagna-Vidy\u00e4. Die Mim\u00e4ns\u00e4-Philosophie sagt: Das Jagna-Ritual ist exzellent und bef\u00e4higt, Unsterblichkeit und das Paradies zu erlangen.In der vedischen Festlegung der Jagna-Karma die einzige Dharma ist. Sabda ist ewig, Vedamantras sind g\u00f6ttlichen Ursprungs, ewig g\u00fcltig, selbst-bezeugend,der vedische Karma ist ihre Manifestation und Konfirmation.<\/span><\/span><\/p>\n<p align=\"JUSTIFY\"><span style=\"font-family: Arial,serif;\"><span style=\"font-size: medium;\">Der tiefe Wissensdurst der indo-arischen Weisen (Rishis) war mit der Kenntnis, dass Brahma alles durchdringend ist (sarvam Khavlidam Brahma-Chandagyo Upanishad 3.14.1),der dogmatischen Festlegung des G\u00f6tterkults in Karma-K\u00e4nda sowie einer kodifizierten Dharmalehre nicht mehr zufrieden.Die Weisen gingen in empirische Distanz und stellten aus der spirituellen Perspektive die Frage nach der Stellung und Wertigkeit des <a href=\"http:\/\/www.reifen-wirth.de\/suche\/info\/\">replica omega<\/a> Individuellen im Kontext von Brahmab\u00e4da. In der transzendentalen Meditation hatten sie die Natur der ultimativen Realit\u00e4t erlebt, erfahren und erkannt (aparoksa jn\u00e4na), die omnipotente Divinit\u00e4t, Urgrund alles Seins, die metaphysische Wahrheit, den Parambrahma (tat bijignasva tadvbrahama).<\/span><\/span><\/p>\n<p align=\"JUSTIFY\"><span style=\"font-family: Arial,serif;\"><span style=\"font-size: medium;\">Die Geburtsstunde von Jana-M\u00e4rga wurde eingel\u00e4utet und diese f\u00fchrte zum Brahma- Bewustsein (Brahma bh\u00e4ba) durch Selbsterkenntnis (\u00e4tmabodha) in einer intuitiven Wahrnehmung als reflektorischer Magnifizenz der Brahma-Ausstrahlung in eigenen Seele. Die gel\u00e4uterten Seelen riefen in die morbide Welt hinein:<\/span><\/span><\/p>\n<p align=\"JUSTIFY\">\u201c\u2026<span style=\"font-family: Arial,serif;\"><span style=\"font-size: medium;\">.ayam\u00e4tm\u00e4 Brahma ..\u201c (vide: Mandukya-Up.2), oder \u201c\u2026aham Brahmasmi\u2026.\u201c<\/span><\/span><\/p>\n","protected":false},"excerpt":{"rendered":"<p>-Vedanta-Samykhan- Brahmab\u00e4da in Upanishad\/Vedanta -Das Brahmaprinzip in Vedanta- Das \u00c4ranyaka- und Upanishad-Teil der Veden ist bekanntlich \u201cJnanak\u00e4nda\u201c (Erkenntnis-Segment) und dort gibt es die Detailbeschreibung \u00fcber Brahmab\u00e4da (die Brahma-Lehre). Die Upanishaden sind die Texte am Ende (skt.anta) des Veda, daher der Name Vedanta.Unter einer Vielzahl von Upanishaden sind die folgenden zw\u00f6lf die \u00e4ltesten und als authentisch &hellip; <a href=\"http:\/\/blog.saranagata.de\/?page_id=298\" class=\"more-link\"><span class=\"screen-reader-text\">Advayta-Vedanta Anthologie<\/span> weiterlesen<\/a><\/p>\n","protected":false},"author":1,"featured_media":0,"parent":0,"menu_order":0,"comment_status":"closed","ping_status":"closed","template":"","meta":[],"yoast_head":"<!-- This site is optimized with the Yoast SEO plugin v20.10 - https:\/\/yoast.com\/wordpress\/plugins\/seo\/ -->\n<title>Advayta-Vedanta Anthologie - Saranagata<\/title>\n<meta name=\"robots\" content=\"index, follow, max-snippet:-1, max-image-preview:large, max-video-preview:-1\" \/>\n<link rel=\"canonical\" href=\"http:\/\/blog.saranagata.de\/?page_id=298\" \/>\n<meta property=\"og:locale\" content=\"de_DE\" \/>\n<meta property=\"og:type\" content=\"article\" \/>\n<meta property=\"og:title\" content=\"Advayta-Vedanta Anthologie - Saranagata\" \/>\n<meta property=\"og:description\" content=\"-Vedanta-Samykhan- Brahmab\u00e4da in Upanishad\/Vedanta -Das Brahmaprinzip in Vedanta- Das \u00c4ranyaka- und Upanishad-Teil der Veden ist bekanntlich \u201cJnanak\u00e4nda\u201c (Erkenntnis-Segment) und dort gibt es die Detailbeschreibung \u00fcber Brahmab\u00e4da (die Brahma-Lehre). Die Upanishaden sind die Texte am Ende (skt.anta) des Veda, daher der Name Vedanta.Unter einer Vielzahl von Upanishaden sind die folgenden zw\u00f6lf die \u00e4ltesten und als authentisch &hellip; Advayta-Vedanta Anthologie weiterlesen\" \/>\n<meta property=\"og:url\" content=\"http:\/\/blog.saranagata.de\/?page_id=298\" \/>\n<meta property=\"og:site_name\" content=\"Saranagata\" \/>\n<meta name=\"twitter:card\" content=\"summary_large_image\" \/>\n<meta name=\"twitter:label1\" content=\"Gesch\u00e4tzte Lesezeit\" \/>\n\t<meta name=\"twitter:data1\" content=\"3 Minuten\" \/>\n<script type=\"application\/ld+json\" class=\"yoast-schema-graph\">{\"@context\":\"https:\/\/schema.org\",\"@graph\":[{\"@type\":\"WebPage\",\"@id\":\"http:\/\/blog.saranagata.de\/?page_id=298\",\"url\":\"http:\/\/blog.saranagata.de\/?page_id=298\",\"name\":\"Advayta-Vedanta Anthologie - Saranagata\",\"isPartOf\":{\"@id\":\"http:\/\/blog.saranagata.de\/#website\"},\"datePublished\":\"2015-12-12T15:03:17+00:00\",\"dateModified\":\"2015-12-12T15:03:17+00:00\",\"breadcrumb\":{\"@id\":\"http:\/\/blog.saranagata.de\/?page_id=298#breadcrumb\"},\"inLanguage\":\"de-DE\",\"potentialAction\":[{\"@type\":\"ReadAction\",\"target\":[\"http:\/\/blog.saranagata.de\/?page_id=298\"]}]},{\"@type\":\"BreadcrumbList\",\"@id\":\"http:\/\/blog.saranagata.de\/?page_id=298#breadcrumb\",\"itemListElement\":[{\"@type\":\"ListItem\",\"position\":1,\"name\":\"Startseite\",\"item\":\"http:\/\/blog.saranagata.de\/\"},{\"@type\":\"ListItem\",\"position\":2,\"name\":\"Advayta-Vedanta Anthologie\"}]},{\"@type\":\"WebSite\",\"@id\":\"http:\/\/blog.saranagata.de\/#website\",\"url\":\"http:\/\/blog.saranagata.de\/\",\"name\":\"Saranagata\",\"description\":\"Parthasarathis spirituelle Oase\",\"potentialAction\":[{\"@type\":\"SearchAction\",\"target\":{\"@type\":\"EntryPoint\",\"urlTemplate\":\"http:\/\/blog.saranagata.de\/?s={search_term_string}\"},\"query-input\":\"required name=search_term_string\"}],\"inLanguage\":\"de-DE\"}]}<\/script>\n<!-- \/ Yoast SEO plugin. -->","yoast_head_json":{"title":"Advayta-Vedanta Anthologie - Saranagata","robots":{"index":"index","follow":"follow","max-snippet":"max-snippet:-1","max-image-preview":"max-image-preview:large","max-video-preview":"max-video-preview:-1"},"canonical":"http:\/\/blog.saranagata.de\/?page_id=298","og_locale":"de_DE","og_type":"article","og_title":"Advayta-Vedanta Anthologie - Saranagata","og_description":"-Vedanta-Samykhan- Brahmab\u00e4da in Upanishad\/Vedanta -Das Brahmaprinzip in Vedanta- Das \u00c4ranyaka- und Upanishad-Teil der Veden ist bekanntlich \u201cJnanak\u00e4nda\u201c (Erkenntnis-Segment) und dort gibt es die Detailbeschreibung \u00fcber Brahmab\u00e4da (die Brahma-Lehre). Die Upanishaden sind die Texte am Ende (skt.anta) des Veda, daher der Name Vedanta.Unter einer Vielzahl von Upanishaden sind die folgenden zw\u00f6lf die \u00e4ltesten und als authentisch &hellip; Advayta-Vedanta Anthologie weiterlesen","og_url":"http:\/\/blog.saranagata.de\/?page_id=298","og_site_name":"Saranagata","twitter_card":"summary_large_image","twitter_misc":{"Gesch\u00e4tzte Lesezeit":"3 Minuten"},"schema":{"@context":"https:\/\/schema.org","@graph":[{"@type":"WebPage","@id":"http:\/\/blog.saranagata.de\/?page_id=298","url":"http:\/\/blog.saranagata.de\/?page_id=298","name":"Advayta-Vedanta Anthologie - Saranagata","isPartOf":{"@id":"http:\/\/blog.saranagata.de\/#website"},"datePublished":"2015-12-12T15:03:17+00:00","dateModified":"2015-12-12T15:03:17+00:00","breadcrumb":{"@id":"http:\/\/blog.saranagata.de\/?page_id=298#breadcrumb"},"inLanguage":"de-DE","potentialAction":[{"@type":"ReadAction","target":["http:\/\/blog.saranagata.de\/?page_id=298"]}]},{"@type":"BreadcrumbList","@id":"http:\/\/blog.saranagata.de\/?page_id=298#breadcrumb","itemListElement":[{"@type":"ListItem","position":1,"name":"Startseite","item":"http:\/\/blog.saranagata.de\/"},{"@type":"ListItem","position":2,"name":"Advayta-Vedanta Anthologie"}]},{"@type":"WebSite","@id":"http:\/\/blog.saranagata.de\/#website","url":"http:\/\/blog.saranagata.de\/","name":"Saranagata","description":"Parthasarathis spirituelle Oase","potentialAction":[{"@type":"SearchAction","target":{"@type":"EntryPoint","urlTemplate":"http:\/\/blog.saranagata.de\/?s={search_term_string}"},"query-input":"required name=search_term_string"}],"inLanguage":"de-DE"}]}},"_links":{"self":[{"href":"http:\/\/blog.saranagata.de\/index.php?rest_route=\/wp\/v2\/pages\/298"}],"collection":[{"href":"http:\/\/blog.saranagata.de\/index.php?rest_route=\/wp\/v2\/pages"}],"about":[{"href":"http:\/\/blog.saranagata.de\/index.php?rest_route=\/wp\/v2\/types\/page"}],"author":[{"embeddable":true,"href":"http:\/\/blog.saranagata.de\/index.php?rest_route=\/wp\/v2\/users\/1"}],"replies":[{"embeddable":true,"href":"http:\/\/blog.saranagata.de\/index.php?rest_route=%2Fwp%2Fv2%2Fcomments&post=298"}],"version-history":[{"count":2,"href":"http:\/\/blog.saranagata.de\/index.php?rest_route=\/wp\/v2\/pages\/298\/revisions"}],"predecessor-version":[{"id":303,"href":"http:\/\/blog.saranagata.de\/index.php?rest_route=\/wp\/v2\/pages\/298\/revisions\/303"}],"wp:attachment":[{"href":"http:\/\/blog.saranagata.de\/index.php?rest_route=%2Fwp%2Fv2%2Fmedia&parent=298"}],"curies":[{"name":"wp","href":"https:\/\/api.w.org\/{rel}","templated":true}]}}