{"id":259,"date":"2015-08-17T19:53:18","date_gmt":"2015-08-17T19:53:18","guid":{"rendered":"http:\/\/blog.saranagata.de\/?page_id=259"},"modified":"2015-12-12T14:53:27","modified_gmt":"2015-12-12T14:53:27","slug":"die-guna-tattva","status":"publish","type":"page","link":"http:\/\/blog.saranagata.de\/?page_id=259","title":{"rendered":"Die Guna-Tattva"},"content":{"rendered":"<p align=\"CENTER\"><span style=\"font-family: Calibri,sans-serif;\"><span style=\"font-size: x-large;\"><b>Die Guna-Tattvas: Das Guna-Prinzip:<\/b><\/span><\/span><\/p>\n<p><span style=\"font-family: Calibri,sans-serif;\"><span style=\"font-size: x-large;\">Wir haben die Prakriti als integralen Bestandteil von Parambrahma kennengelernt. Diese Erg\u00e4nzungsqualit\u00e4t von Prakriti ist wie das Meer und die Wellen, das Eis und die K\u00e4lte, das Feuer und die Hitze etc.<\/span><\/span><\/p>\n<p><span style=\"font-family: Calibri,sans-serif;\"><span style=\"font-size: x-large;\">Obwohl gem\u00e4\u00df S\u00e4mkhya-Darshan die Prakriti autark und f\u00fcr die Gestaltung der Sch\u00f6pfung vollkommen alleine zust\u00e4ndig ist, ist gem\u00e4\u00df Vagabad-Gita jedoch nur der Parampurusha die einzige und letzte Instanz, ohne dass eine zweite f\u00fcr das Werden \u2013 Sein \u2013 Vergehen <b>erw\u00e4hnt wird.<\/b> Er ist statisch und dynamisch zugleich und auch dar\u00fcber hinaus (siehe: Vagavad-Gita, 14). <\/span><\/span><\/p>\n<p><span style=\"font-family: Calibri,sans-serif;\"><span style=\"font-size: x-large;\"><b>Die Ursache und Wirkung des Genius der gesamten Sch\u00f6pfung und ihrer Geschichte ist die Prakriti<\/b> \u201ePrakritiriha mulak\u00e4ranasya sangam\u00e4tram\u201c. <b>Sie ist also Rudiment und Kausalit\u00e4t.<\/b> Als obligatorische Reflexion des <b>H\u00f6chsten<\/b> ist sie auch unendlich und ewig, formlos und ohne Offenbarung (abyakta). Die <b>Ausgestaltung der Sch\u00f6pfung<\/b> ist nur die Manifestation (byakta) <b>von Shakti in ihrer Transformation <\/b>(abyaktadini bhut\u00e4ni etc., siehe: Vagavad-Gita 2\/28). Prakriti im Zustand der Exposition <b>geht immer einher<\/b> mit den drei Gunas (troigunnya). Die Etymologie des Wortes \u201eGuna\u201c ist insofern interessant, als dass es sich demgem\u00e4\u00df um drei \u201epositive\u201c Eigenschaften handeln m\u00fcsste. Das negative Gegenst\u00fcck sind die \u201edosha\u201c, die im Ayurveda als \u201eTridosha\u201c eine wichtige Rolle spielen. <\/span><\/span><\/p>\n<p><span style=\"font-family: Calibri,sans-serif;\"><span style=\"font-size: x-large;\">Die drei Gunas sind: Sattva, Rajas, Tamas. Der Mensch, die Fauna und Flora, ja alle \u201eElemente\u201c dieser Welt tragen diese drei Eigenschaften \u2013 mehr oder weniger ausgepr\u00e4gt (siehe: Vagavad-Gita 18\/40).<\/span><\/span><\/p>\n<p><span style=\"font-family: Calibri,sans-serif;\"><span style=\"font-size: x-large;\">Die Natur der Gunas ist unterschiedlich. <\/span><\/span><\/p>\n<p><span style=\"font-family: Calibri,sans-serif;\"><span style=\"font-size: x-large;\">Zum Beispiel:<\/span><\/span><\/p>\n<p><span style=\"font-family: Calibri,sans-serif;\"><span style=\"font-size: x-large;\"><u>Sattva:<\/u> <b>das<\/b> Wei\u00dfe: die prim\u00e4re Tugendhaftigkeit. Bei der Dominanz von Sattva entwickelt sich Wissen, eine spirituelle Neigung, Freude und Harmonie. <\/span><\/span><\/p>\n<p><span style=\"font-family: Calibri,sans-serif;\"><span style=\"font-size: x-large;\"><u>Rajas:<\/u> <b>das<\/b> Rote: das Dynamische, Temperamentvolle, Leidenschaftliche.<\/span><\/span><\/p>\n<p><span style=\"font-family: Calibri,sans-serif;\"><span style=\"font-size: x-large;\"><u>Tamas:<\/u> <b>das<\/b> Schwere: das Dunkle, das Unwissende, Lethargische und Einf\u00e4ltige.<\/span><\/span><\/p>\n<p><span style=\"font-family: Calibri,sans-serif;\"><span style=\"font-size: x-large;\">W\u00e4hrend des umfassenden Untergangs des Universums (mah\u00e4-prayla) befinden sich die drei Gunas in einem ausgeglichenen Verh\u00e4ltnis (abyakta). <b>Die Sch\u00f6pfung setzt bei einer Disharmonie der Gunas ein, mit subtilem Klang \u2013 die Brahma-N\u00e4da.<\/b><\/span><\/span><\/p>\n<p><span style=\"font-family: Calibri,sans-serif;\"><span style=\"font-size: x-large;\">In leblosen Substanzen ist Sattva-Guna durch Tamas vollst\u00e4ndig verdeckt. Deshalb sind sie bewusstseins- und bewegungslos. Aber Rajas bleibt hier noch aktiv. <\/span><\/span><\/p>\n<p><span style=\"font-family: Calibri,sans-serif;\"><span style=\"font-size: x-large;\">In B\u00e4umen <b>und anderen Pflanzen<\/b> dominiert Tamas. Sattva und Rajas haben einen geringen Einfluss. Deshalb besitzt die Welt der Pflanzen gewisse Empfindungen und ein gewisses Bewusstsein. In der Tierwelt sind alle drei Gunas wahrnehmbar, aber Sattva-Guna unterliegt aufgrund der Dominanz von Rajas und Tamas. <\/span><\/span><\/p>\n<p><span style=\"font-family: Calibri,sans-serif;\"><span style=\"font-size: x-large;\">Beim Menschen sind im Allgemeinen alle drei Gunas recht klar erkennbar, jedoch sind die spezifischen Qualit\u00e4ten von Sattva-Guna, wie z.\u00a0B. Intellekt, Gewissen, Unterscheidungsverm\u00f6gen, Vernunft <b>bei den Individuen in sehr unterschiedlichen Auspr\u00e4gungen <\/b>anzutreffen.<\/span><\/span><\/p>\n<p><span style=\"font-family: Calibri,sans-serif;\"><span style=\"font-size: x-large;\">Deshalb kann laut hinduistischer Dharma-Lehre der spirituelle Weg eines Aspiranten nur unter Ber\u00fccksichtigung seines Guna-Status bestimmt werden!<\/span><\/span><\/p>\n<p><span style=\"font-family: Calibri,sans-serif;\"><span style=\"font-size: x-large;\">Grunds\u00e4tzlich ist Ziel und Zweck aller spirituellen \u00dcbungen (sadhan\u00e4), Rajas und Tamas zu sublimieren, Sattva-Guna zur vollen Entfaltung zu bringen und schlie\u00dflich Sattva-Guna zu transzendieren (trigun\u00e4tita), um die Befreiung (moksa) zu erlangen.<\/span><\/span><\/p>\n<p><span style=\"font-family: Calibri,sans-serif;\"><span style=\"font-size: x-large;\"><u>Bemerkung:<\/u><\/span><\/span><\/p>\n<ul>\n<li><span style=\"font-family: Calibri,sans-serif;\"><span style=\"font-size: x-large;\">In Vivekachur\u00e4mani von \u00c4di Sankar\u00e4ch\u00e4rya werden zwei Arten von Sattva-Guna erw\u00e4hnt. Suddha und Misra. Das besagt, dass die drei Gunas eine Korrelation haben. <\/span><\/span><\/li>\n<li><span style=\"font-family: Calibri,sans-serif;\"><span style=\"font-size: x-large;\">In <b>Vagavad-Gita 2\/45<\/b> sagt Sri Krishna:<\/span><\/span><\/li>\n<\/ul>\n<p>\u201e\u2026 <span style=\"font-family: Calibri,sans-serif;\"><span style=\"font-size: x-large;\">troigunna vishya Veda nistroigunno bhab\u00e4rjuna \u2026\u201c<\/span><\/span><\/p>\n<p><span style=\"font-family: Calibri,sans-serif;\"><span style=\"font-size: x-large;\">\u00dcbersetzt hei\u00dft dies: \u201eDie Veden sprechen von drei Gunas, Arjuna, du sollst die drei Eigenschaften transzendieren!\u201c<\/span><\/span><\/p>\n<p align=\"CENTER\"><span style=\"font-family: Calibri,sans-serif;\"><span style=\"font-size: x-large;\"><u>Aber<\/u><\/span><\/span><\/p>\n<ul>\n<li><span style=\"font-family: Calibri,sans-serif;\"><span style=\"font-size: x-large;\">In <b>Vagavad-Gita 15\/15<\/b> <b>sagt Sri Krishna dagegen von sich selbst:<\/b><\/span><\/span><\/li>\n<\/ul>\n<p>\u201e<span style=\"font-family: Calibri,sans-serif;\"><span style=\"font-size: x-large;\">Ich selbst bin die Erkenntnis, der Inhalt, der Verfasser, der Erl\u00e4uterer und die Manifestation der Veden\u201c usw.<\/span><\/span><\/p>\n<p><span style=\"font-family: Calibri,sans-serif;\"><span style=\"font-size: x-large;\"><u>Frage:<\/u> Ist das ein Widerspruch?<\/span><\/span><\/p>\n","protected":false},"excerpt":{"rendered":"<p>Die Guna-Tattvas: Das Guna-Prinzip: Wir haben die Prakriti als integralen Bestandteil von Parambrahma kennengelernt. Diese Erg\u00e4nzungsqualit\u00e4t von Prakriti ist wie das Meer und die Wellen, das Eis und die K\u00e4lte, das Feuer und die Hitze etc. Obwohl gem\u00e4\u00df S\u00e4mkhya-Darshan die Prakriti autark und f\u00fcr die Gestaltung der Sch\u00f6pfung vollkommen alleine zust\u00e4ndig ist, ist gem\u00e4\u00df Vagabad-Gita &hellip; <a href=\"http:\/\/blog.saranagata.de\/?page_id=259\" class=\"more-link\"><span class=\"screen-reader-text\">Die Guna-Tattva<\/span> weiterlesen<\/a><\/p>\n","protected":false},"author":1,"featured_media":0,"parent":0,"menu_order":0,"comment_status":"open","ping_status":"open","template":"","meta":[],"yoast_head":"<!-- This site is optimized with the Yoast SEO plugin v20.10 - https:\/\/yoast.com\/wordpress\/plugins\/seo\/ -->\n<title>Die Guna-Tattva - Saranagata<\/title>\n<meta name=\"robots\" content=\"index, follow, max-snippet:-1, max-image-preview:large, max-video-preview:-1\" \/>\n<link rel=\"canonical\" href=\"http:\/\/blog.saranagata.de\/?page_id=259\" \/>\n<meta property=\"og:locale\" content=\"de_DE\" \/>\n<meta property=\"og:type\" content=\"article\" \/>\n<meta property=\"og:title\" content=\"Die Guna-Tattva - Saranagata\" \/>\n<meta property=\"og:description\" content=\"Die Guna-Tattvas: Das Guna-Prinzip: Wir haben die Prakriti als integralen Bestandteil von Parambrahma kennengelernt. Diese Erg\u00e4nzungsqualit\u00e4t von Prakriti ist wie das Meer und die Wellen, das Eis und die K\u00e4lte, das Feuer und die Hitze etc. Obwohl gem\u00e4\u00df S\u00e4mkhya-Darshan die Prakriti autark und f\u00fcr die Gestaltung der Sch\u00f6pfung vollkommen alleine zust\u00e4ndig ist, ist gem\u00e4\u00df Vagabad-Gita &hellip; Die Guna-Tattva weiterlesen\" \/>\n<meta property=\"og:url\" content=\"http:\/\/blog.saranagata.de\/?page_id=259\" \/>\n<meta property=\"og:site_name\" content=\"Saranagata\" \/>\n<meta property=\"article:modified_time\" content=\"2015-12-12T14:53:27+00:00\" \/>\n<meta name=\"twitter:card\" content=\"summary_large_image\" \/>\n<meta name=\"twitter:label1\" content=\"Gesch\u00e4tzte Lesezeit\" \/>\n\t<meta name=\"twitter:data1\" content=\"3 Minuten\" \/>\n<script type=\"application\/ld+json\" class=\"yoast-schema-graph\">{\"@context\":\"https:\/\/schema.org\",\"@graph\":[{\"@type\":\"WebPage\",\"@id\":\"http:\/\/blog.saranagata.de\/?page_id=259\",\"url\":\"http:\/\/blog.saranagata.de\/?page_id=259\",\"name\":\"Die Guna-Tattva - Saranagata\",\"isPartOf\":{\"@id\":\"http:\/\/blog.saranagata.de\/#website\"},\"datePublished\":\"2015-08-17T19:53:18+00:00\",\"dateModified\":\"2015-12-12T14:53:27+00:00\",\"breadcrumb\":{\"@id\":\"http:\/\/blog.saranagata.de\/?page_id=259#breadcrumb\"},\"inLanguage\":\"de-DE\",\"potentialAction\":[{\"@type\":\"ReadAction\",\"target\":[\"http:\/\/blog.saranagata.de\/?page_id=259\"]}]},{\"@type\":\"BreadcrumbList\",\"@id\":\"http:\/\/blog.saranagata.de\/?page_id=259#breadcrumb\",\"itemListElement\":[{\"@type\":\"ListItem\",\"position\":1,\"name\":\"Startseite\",\"item\":\"http:\/\/blog.saranagata.de\/\"},{\"@type\":\"ListItem\",\"position\":2,\"name\":\"Die Guna-Tattva\"}]},{\"@type\":\"WebSite\",\"@id\":\"http:\/\/blog.saranagata.de\/#website\",\"url\":\"http:\/\/blog.saranagata.de\/\",\"name\":\"Saranagata\",\"description\":\"Parthasarathis spirituelle Oase\",\"potentialAction\":[{\"@type\":\"SearchAction\",\"target\":{\"@type\":\"EntryPoint\",\"urlTemplate\":\"http:\/\/blog.saranagata.de\/?s={search_term_string}\"},\"query-input\":\"required name=search_term_string\"}],\"inLanguage\":\"de-DE\"}]}<\/script>\n<!-- \/ Yoast SEO plugin. -->","yoast_head_json":{"title":"Die Guna-Tattva - Saranagata","robots":{"index":"index","follow":"follow","max-snippet":"max-snippet:-1","max-image-preview":"max-image-preview:large","max-video-preview":"max-video-preview:-1"},"canonical":"http:\/\/blog.saranagata.de\/?page_id=259","og_locale":"de_DE","og_type":"article","og_title":"Die Guna-Tattva - Saranagata","og_description":"Die Guna-Tattvas: Das Guna-Prinzip: Wir haben die Prakriti als integralen Bestandteil von Parambrahma kennengelernt. Diese Erg\u00e4nzungsqualit\u00e4t von Prakriti ist wie das Meer und die Wellen, das Eis und die K\u00e4lte, das Feuer und die Hitze etc. Obwohl gem\u00e4\u00df S\u00e4mkhya-Darshan die Prakriti autark und f\u00fcr die Gestaltung der Sch\u00f6pfung vollkommen alleine zust\u00e4ndig ist, ist gem\u00e4\u00df Vagabad-Gita &hellip; Die Guna-Tattva weiterlesen","og_url":"http:\/\/blog.saranagata.de\/?page_id=259","og_site_name":"Saranagata","article_modified_time":"2015-12-12T14:53:27+00:00","twitter_card":"summary_large_image","twitter_misc":{"Gesch\u00e4tzte Lesezeit":"3 Minuten"},"schema":{"@context":"https:\/\/schema.org","@graph":[{"@type":"WebPage","@id":"http:\/\/blog.saranagata.de\/?page_id=259","url":"http:\/\/blog.saranagata.de\/?page_id=259","name":"Die Guna-Tattva - Saranagata","isPartOf":{"@id":"http:\/\/blog.saranagata.de\/#website"},"datePublished":"2015-08-17T19:53:18+00:00","dateModified":"2015-12-12T14:53:27+00:00","breadcrumb":{"@id":"http:\/\/blog.saranagata.de\/?page_id=259#breadcrumb"},"inLanguage":"de-DE","potentialAction":[{"@type":"ReadAction","target":["http:\/\/blog.saranagata.de\/?page_id=259"]}]},{"@type":"BreadcrumbList","@id":"http:\/\/blog.saranagata.de\/?page_id=259#breadcrumb","itemListElement":[{"@type":"ListItem","position":1,"name":"Startseite","item":"http:\/\/blog.saranagata.de\/"},{"@type":"ListItem","position":2,"name":"Die Guna-Tattva"}]},{"@type":"WebSite","@id":"http:\/\/blog.saranagata.de\/#website","url":"http:\/\/blog.saranagata.de\/","name":"Saranagata","description":"Parthasarathis spirituelle Oase","potentialAction":[{"@type":"SearchAction","target":{"@type":"EntryPoint","urlTemplate":"http:\/\/blog.saranagata.de\/?s={search_term_string}"},"query-input":"required name=search_term_string"}],"inLanguage":"de-DE"}]}},"_links":{"self":[{"href":"http:\/\/blog.saranagata.de\/index.php?rest_route=\/wp\/v2\/pages\/259"}],"collection":[{"href":"http:\/\/blog.saranagata.de\/index.php?rest_route=\/wp\/v2\/pages"}],"about":[{"href":"http:\/\/blog.saranagata.de\/index.php?rest_route=\/wp\/v2\/types\/page"}],"author":[{"embeddable":true,"href":"http:\/\/blog.saranagata.de\/index.php?rest_route=\/wp\/v2\/users\/1"}],"replies":[{"embeddable":true,"href":"http:\/\/blog.saranagata.de\/index.php?rest_route=%2Fwp%2Fv2%2Fcomments&post=259"}],"version-history":[{"count":2,"href":"http:\/\/blog.saranagata.de\/index.php?rest_route=\/wp\/v2\/pages\/259\/revisions"}],"predecessor-version":[{"id":297,"href":"http:\/\/blog.saranagata.de\/index.php?rest_route=\/wp\/v2\/pages\/259\/revisions\/297"}],"wp:attachment":[{"href":"http:\/\/blog.saranagata.de\/index.php?rest_route=%2Fwp%2Fv2%2Fmedia&parent=259"}],"curies":[{"name":"wp","href":"https:\/\/api.w.org\/{rel}","templated":true}]}}