{"id":256,"date":"2015-08-17T19:49:00","date_gmt":"2015-08-17T19:49:00","guid":{"rendered":"http:\/\/blog.saranagata.de\/?page_id=256"},"modified":"2023-05-08T20:10:39","modified_gmt":"2023-05-08T20:10:39","slug":"wie-ist-der-koerper-aufgebaut","status":"publish","type":"page","link":"http:\/\/blog.saranagata.de\/?page_id=256","title":{"rendered":"Wie ist der K\u00f6rper &#8230; aufgebaut?"},"content":{"rendered":"<p><span style=\"font-family: Calibri,sans-serif;\"><span style=\"font-size: x-large;\"><b>Wie ist der K\u00f6rper aus sichtbaren und unsichtbaren Schichten denn aufgebaut?<\/b><\/span><\/span><\/p>\n<p><span style=\"font-family: Calibri,sans-serif;\"><span style=\"font-size: x-large;\">Bereits <b>in der Darstellung der<\/b> hinduistischen Darshan-Philosophie habe ich Sankhyas 24 Prinzipien (tattvas) erw\u00e4hnt, der K\u00f6rper ist aufgebaut aus Prakriti, Mah\u00e4tattva, Ahamk\u00e4ra, Indrias und so weiter. <b>Davon sind Kstiti, Apa, Teja, Marut, Boum die f\u00fcnf grobstofflichen Tattvas, die restlichen, also Mahatattva, Ahamk\u00e4ra, 10 Indrias, Geist und bis zu 5 Tanm\u00e4tras sind unsere 18 feinstofflichen Tattvas, \u00fcbrig bleibt der virtuelle K\u00e4ran-K\u00f6rper. Die 18 feinstofflichen Tattvas bilden unseren Subtil-K\u00f6rper <\/b>(suksma-sarira) und die Ursache f\u00fcr alles ist die Prakriti, deshalb bildet sie K\u00e4ransarira (Kausal-K\u00f6rper).<\/span><\/span><\/p>\n<p><span style=\"font-family: Calibri,sans-serif;\"><span style=\"font-size: x-large;\">Mit dem Ableben verliert der Mensch lediglich den grobstofflichen K\u00f6rper (panchabhutatmak sthula sarira), beh\u00e4lt jedoch den feinstofflichen K\u00f6rper, beladen mit Samask\u00e4ra sowie den Kausal-K\u00f6rper. Dem Karma entsprechend wird ein neues Elternpaar ausgew\u00e4hlt, <b>wodurch die Eigenschaften des wiedergeborenen K\u00f6rpers <\/b>in gewissem Umfang durch die neuen Eltern beeinflusst sind. Die Befreiung (Mokska oder Jivan-mukti) ist jedoch nur dann m\u00f6glich, wenn der Feinstoffk\u00f6rper sich aufl\u00f6st. <\/span><\/span><\/p>\n<p><span style=\"font-family: Calibri,sans-serif;\"><span style=\"font-size: x-large;\">Gem\u00e4\u00df Advayta-Ved\u00e4nta besteht der Feinstoffk\u00f6rper aus 17 Teilen, aus 5 Karmendria, 5 Jnanendria, 5 Pr\u00e4nas, sowie aus Buddhis (Intellekt) und Mana (Geist). <\/span><\/span><\/p>\n<p><span style=\"font-family: Calibri,sans-serif;\"><span style=\"font-size: x-large;\">Gem\u00e4\u00df S\u00e4mkhya-Darshan geh\u00f6ren jedoch die 5 Pr\u00e4nas zur Indrya-Gruppe.<\/span><\/span><\/p>\n<p><span style=\"font-family: Calibri,sans-serif;\"><span style=\"font-size: x-large;\">Der Mensch als ein Mikro-Kosmos entwickelt sich fortschreitend morphogenetisch vom grobstofflichen Zustand in Richtung einer feinstofflichen Manifestation und umgekehrt.<\/span><\/span><\/p>\n<p><span style=\"font-family: Calibri,sans-serif;\"><span style=\"font-size: x-large;\">Jedes dieser <b>Entwicklungsstadien <\/b>hat eine eigene, spezifische Funktion, unterliegt aber auch Begrenzungen. <b>Diese begrenzten Bewusstseinsstufen sind die Koshas. Koshas sind also die unterschiedlichen Lagen\/H\u00fcllen\/Stadien, in denen der Jivatma eingeh\u00fcllt ist. <\/b><\/span><\/span><\/p>\n<p>&nbsp;<\/p>\n<p><span style=\"font-family: Calibri,sans-serif;\"><span style=\"font-size: x-large;\">Es gibt f\u00fcnf Gruppen von Koshas:<\/span><\/span><\/p>\n<ol>\n<li><span style=\"font-family: Calibri,sans-serif;\"><span style=\"font-size: x-large;\"><u>Annam\u00e4y\u00e4-Kosha:<\/u><\/span><\/span><\/li>\n<\/ol>\n<p><span style=\"font-family: Calibri,sans-serif;\"><span style=\"font-size: x-large;\">Ein grobstofflicher K\u00f6rper besteht aus 5 Elementen (pancha Bhutas).<\/span><\/span><\/p>\n<ol start=\"2\">\n<li><span style=\"font-family: Calibri,sans-serif;\"><span style=\"font-size: x-large;\"><u>Manom\u00e4y\u00e4-Kosha:<\/u><\/span><\/span><\/li>\n<\/ol>\n<p><span style=\"font-family: Calibri,sans-serif;\"><span style=\"font-size: x-large;\">Er besteht aus 5 Jn\u00e4nendriayas (Sinnesorgane) und Mana (Geist). Daraus entwickeln sich die 5 Tanmatras.<\/span><\/span><\/p>\n<ol start=\"3\">\n<li><span style=\"font-family: Calibri,sans-serif;\"><span style=\"font-size: x-large;\"><u>Pranom\u00e4y\u00e4-Kosha:<\/u><\/span><\/span><\/li>\n<\/ol>\n<p><span style=\"font-family: Calibri,sans-serif;\"><span style=\"font-size: x-large;\">Er besteht aus 5 Karmendriyas (Bewegungs- bzw. T\u00e4tigkeitsorgane) und Pr\u00e4na (vitaler Lebensstrom).<\/span><\/span><\/p>\n<ol start=\"4\">\n<li><span style=\"font-family: Calibri,sans-serif;\"><span style=\"font-size: x-large;\"><u>Vijin\u00e4nom\u00e4y\u00e4-Kosha:<\/u><\/span><\/span><\/li>\n<\/ol>\n<p><span style=\"font-family: Calibri,sans-serif;\"><span style=\"font-size: x-large;\">Der K\u00f6rper des kausalen Bewusstseins.<\/span><\/span><\/p>\n<ol start=\"5\">\n<li><span style=\"font-family: Calibri,sans-serif;\"><span style=\"font-size: x-large;\"><u>\u00c4nandam\u00e4y\u00e4-Kosha:<\/u><\/span><\/span><\/li>\n<\/ol>\n<p><span style=\"font-family: Calibri,sans-serif;\"><span style=\"font-size: x-large;\">Er besteht aus vidya-advayta-Bewusstsein <b>oder gilt als der Kardinalaspekt von<\/b> <b>Prakriti, genannt auch K\u00e4ran-sarira.<\/b><\/span><\/span><\/p>\n","protected":false},"excerpt":{"rendered":"<p>Wie ist der K\u00f6rper aus sichtbaren und unsichtbaren Schichten denn aufgebaut? Bereits in der Darstellung der hinduistischen Darshan-Philosophie habe ich Sankhyas 24 Prinzipien (tattvas) erw\u00e4hnt, der K\u00f6rper ist aufgebaut aus Prakriti, Mah\u00e4tattva, Ahamk\u00e4ra, Indrias und so weiter. Davon sind Kstiti, Apa, Teja, Marut, Boum die f\u00fcnf grobstofflichen Tattvas, die restlichen, also Mahatattva, Ahamk\u00e4ra, 10 Indrias, &hellip; <a href=\"http:\/\/blog.saranagata.de\/?page_id=256\" class=\"more-link\"><span class=\"screen-reader-text\">Wie ist der K\u00f6rper &#8230; aufgebaut?<\/span> weiterlesen<\/a><\/p>\n","protected":false},"author":1,"featured_media":0,"parent":0,"menu_order":0,"comment_status":"closed","ping_status":"closed","template":"","meta":[],"yoast_head":"<!-- This site is optimized with the Yoast SEO plugin v20.10 - https:\/\/yoast.com\/wordpress\/plugins\/seo\/ -->\n<title>Wie ist der K\u00f6rper ... aufgebaut? - Saranagata<\/title>\n<meta name=\"robots\" content=\"index, follow, max-snippet:-1, max-image-preview:large, max-video-preview:-1\" \/>\n<link rel=\"canonical\" href=\"http:\/\/blog.saranagata.de\/?page_id=256\" \/>\n<meta property=\"og:locale\" content=\"de_DE\" \/>\n<meta property=\"og:type\" content=\"article\" \/>\n<meta property=\"og:title\" content=\"Wie ist der K\u00f6rper ... aufgebaut? - Saranagata\" \/>\n<meta property=\"og:description\" content=\"Wie ist der K\u00f6rper aus sichtbaren und unsichtbaren Schichten denn aufgebaut? Bereits in der Darstellung der hinduistischen Darshan-Philosophie habe ich Sankhyas 24 Prinzipien (tattvas) erw\u00e4hnt, der K\u00f6rper ist aufgebaut aus Prakriti, Mah\u00e4tattva, Ahamk\u00e4ra, Indrias und so weiter. Davon sind Kstiti, Apa, Teja, Marut, Boum die f\u00fcnf grobstofflichen Tattvas, die restlichen, also Mahatattva, Ahamk\u00e4ra, 10 Indrias, &hellip; Wie ist der K\u00f6rper &#8230; aufgebaut? weiterlesen\" \/>\n<meta property=\"og:url\" content=\"http:\/\/blog.saranagata.de\/?page_id=256\" \/>\n<meta property=\"og:site_name\" content=\"Saranagata\" \/>\n<meta property=\"article:modified_time\" content=\"2023-05-08T20:10:39+00:00\" \/>\n<meta name=\"twitter:card\" content=\"summary_large_image\" \/>\n<meta name=\"twitter:label1\" content=\"Gesch\u00e4tzte Lesezeit\" \/>\n\t<meta name=\"twitter:data1\" content=\"2 Minuten\" \/>\n<script type=\"application\/ld+json\" class=\"yoast-schema-graph\">{\"@context\":\"https:\/\/schema.org\",\"@graph\":[{\"@type\":\"WebPage\",\"@id\":\"http:\/\/blog.saranagata.de\/?page_id=256\",\"url\":\"http:\/\/blog.saranagata.de\/?page_id=256\",\"name\":\"Wie ist der K\u00f6rper ... aufgebaut? - Saranagata\",\"isPartOf\":{\"@id\":\"http:\/\/blog.saranagata.de\/#website\"},\"datePublished\":\"2015-08-17T19:49:00+00:00\",\"dateModified\":\"2023-05-08T20:10:39+00:00\",\"breadcrumb\":{\"@id\":\"http:\/\/blog.saranagata.de\/?page_id=256#breadcrumb\"},\"inLanguage\":\"de-DE\",\"potentialAction\":[{\"@type\":\"ReadAction\",\"target\":[\"http:\/\/blog.saranagata.de\/?page_id=256\"]}]},{\"@type\":\"BreadcrumbList\",\"@id\":\"http:\/\/blog.saranagata.de\/?page_id=256#breadcrumb\",\"itemListElement\":[{\"@type\":\"ListItem\",\"position\":1,\"name\":\"Startseite\",\"item\":\"http:\/\/blog.saranagata.de\/\"},{\"@type\":\"ListItem\",\"position\":2,\"name\":\"Wie ist der K\u00f6rper &#8230; aufgebaut?\"}]},{\"@type\":\"WebSite\",\"@id\":\"http:\/\/blog.saranagata.de\/#website\",\"url\":\"http:\/\/blog.saranagata.de\/\",\"name\":\"Saranagata\",\"description\":\"Parthasarathis spirituelle Oase\",\"potentialAction\":[{\"@type\":\"SearchAction\",\"target\":{\"@type\":\"EntryPoint\",\"urlTemplate\":\"http:\/\/blog.saranagata.de\/?s={search_term_string}\"},\"query-input\":\"required name=search_term_string\"}],\"inLanguage\":\"de-DE\"}]}<\/script>\n<!-- \/ Yoast SEO plugin. -->","yoast_head_json":{"title":"Wie ist der K\u00f6rper ... aufgebaut? - Saranagata","robots":{"index":"index","follow":"follow","max-snippet":"max-snippet:-1","max-image-preview":"max-image-preview:large","max-video-preview":"max-video-preview:-1"},"canonical":"http:\/\/blog.saranagata.de\/?page_id=256","og_locale":"de_DE","og_type":"article","og_title":"Wie ist der K\u00f6rper ... aufgebaut? - Saranagata","og_description":"Wie ist der K\u00f6rper aus sichtbaren und unsichtbaren Schichten denn aufgebaut? Bereits in der Darstellung der hinduistischen Darshan-Philosophie habe ich Sankhyas 24 Prinzipien (tattvas) erw\u00e4hnt, der K\u00f6rper ist aufgebaut aus Prakriti, Mah\u00e4tattva, Ahamk\u00e4ra, Indrias und so weiter. Davon sind Kstiti, Apa, Teja, Marut, Boum die f\u00fcnf grobstofflichen Tattvas, die restlichen, also Mahatattva, Ahamk\u00e4ra, 10 Indrias, &hellip; Wie ist der K\u00f6rper &#8230; aufgebaut? weiterlesen","og_url":"http:\/\/blog.saranagata.de\/?page_id=256","og_site_name":"Saranagata","article_modified_time":"2023-05-08T20:10:39+00:00","twitter_card":"summary_large_image","twitter_misc":{"Gesch\u00e4tzte Lesezeit":"2 Minuten"},"schema":{"@context":"https:\/\/schema.org","@graph":[{"@type":"WebPage","@id":"http:\/\/blog.saranagata.de\/?page_id=256","url":"http:\/\/blog.saranagata.de\/?page_id=256","name":"Wie ist der K\u00f6rper ... aufgebaut? - Saranagata","isPartOf":{"@id":"http:\/\/blog.saranagata.de\/#website"},"datePublished":"2015-08-17T19:49:00+00:00","dateModified":"2023-05-08T20:10:39+00:00","breadcrumb":{"@id":"http:\/\/blog.saranagata.de\/?page_id=256#breadcrumb"},"inLanguage":"de-DE","potentialAction":[{"@type":"ReadAction","target":["http:\/\/blog.saranagata.de\/?page_id=256"]}]},{"@type":"BreadcrumbList","@id":"http:\/\/blog.saranagata.de\/?page_id=256#breadcrumb","itemListElement":[{"@type":"ListItem","position":1,"name":"Startseite","item":"http:\/\/blog.saranagata.de\/"},{"@type":"ListItem","position":2,"name":"Wie ist der K\u00f6rper &#8230; aufgebaut?"}]},{"@type":"WebSite","@id":"http:\/\/blog.saranagata.de\/#website","url":"http:\/\/blog.saranagata.de\/","name":"Saranagata","description":"Parthasarathis spirituelle Oase","potentialAction":[{"@type":"SearchAction","target":{"@type":"EntryPoint","urlTemplate":"http:\/\/blog.saranagata.de\/?s={search_term_string}"},"query-input":"required name=search_term_string"}],"inLanguage":"de-DE"}]}},"_links":{"self":[{"href":"http:\/\/blog.saranagata.de\/index.php?rest_route=\/wp\/v2\/pages\/256"}],"collection":[{"href":"http:\/\/blog.saranagata.de\/index.php?rest_route=\/wp\/v2\/pages"}],"about":[{"href":"http:\/\/blog.saranagata.de\/index.php?rest_route=\/wp\/v2\/types\/page"}],"author":[{"embeddable":true,"href":"http:\/\/blog.saranagata.de\/index.php?rest_route=\/wp\/v2\/users\/1"}],"replies":[{"embeddable":true,"href":"http:\/\/blog.saranagata.de\/index.php?rest_route=%2Fwp%2Fv2%2Fcomments&post=256"}],"version-history":[{"count":1,"href":"http:\/\/blog.saranagata.de\/index.php?rest_route=\/wp\/v2\/pages\/256\/revisions"}],"predecessor-version":[{"id":258,"href":"http:\/\/blog.saranagata.de\/index.php?rest_route=\/wp\/v2\/pages\/256\/revisions\/258"}],"wp:attachment":[{"href":"http:\/\/blog.saranagata.de\/index.php?rest_route=%2Fwp%2Fv2%2Fmedia&parent=256"}],"curies":[{"name":"wp","href":"https:\/\/api.w.org\/{rel}","templated":true}]}}