{"id":253,"date":"2015-08-17T19:47:47","date_gmt":"2015-08-17T19:47:47","guid":{"rendered":"http:\/\/blog.saranagata.de\/?page_id=253"},"modified":"2015-08-24T20:07:00","modified_gmt":"2015-08-24T20:07:00","slug":"frage-antwort","status":"publish","type":"page","link":"http:\/\/blog.saranagata.de\/?page_id=253","title":{"rendered":"Frage \/ Antwort"},"content":{"rendered":"<p><span style=\"font-family: Calibri,sans-serif;\"><span style=\"font-size: x-large;\"><u><b>Frage: <\/b><\/u><\/span><\/span><\/p>\n<p><span style=\"font-family: Calibri,sans-serif;\"><span style=\"font-size: x-large;\">a) Das Jivatma (die individuelle Seele) als Emanation des Paramatma ist indifferent, unendlich und ewig frei. Sie ist ein Aspekt von Prakriti und der Mensch ist eine verk\u00f6rperte Seele. Aber durch Unwissenheit (avidya) ist er sich dessen nicht bewusst.<\/span><\/span><\/p>\n<p><span style=\"font-family: Calibri,sans-serif;\"><span style=\"font-size: x-large;\">Warum kann die befreite Seele nach dem Tode nicht in ihren Ursprung zur\u00fcckkehren?<\/span><\/span><\/p>\n<p><span style=\"font-family: Calibri,sans-serif;\"><span style=\"font-size: x-large;\">b) Warum <b>muss<\/b> f\u00fcr die Hypothek (<b>von <\/b>Ursache\/Wirkung, also Karma) ein anderer, neuer K\u00f6rper nun leiden?<\/span><\/span><\/p>\n<p>&nbsp;<\/p>\n<p><span style=\"text-decoration: underline;\"><span style=\"font-family: Calibri,sans-serif;\"><span style=\"font-size: x-large;\"><strong>Antwort:<\/strong><\/span><\/span><\/span><\/p>\n<p><span style=\"font-family: Calibri,sans-serif;\"><span style=\"font-size: x-large;\"> zu a) und b): Nach dem Tode ist <b>die Einkerkerung der Seele in einen K\u00f6rper (avidya) <\/b>nicht aufgehoben, denn die Kausalk\u00f6rper (k\u00e4ransarira) bleiben dieselben. Metaphysisch betrachtet hat der K\u00f6rper drei Schichten.<\/span><\/span><\/p>\n<ol>\n<li><span style=\"font-family: Calibri,sans-serif;\"><span style=\"font-size: x-large;\">Grobstoffliche (sthula)<\/span><\/span><\/li>\n<li><span style=\"font-family: Calibri,sans-serif;\"><span style=\"font-size: x-large;\">Feinstoffliche (suksma)<\/span><\/span><\/li>\n<li><span style=\"font-family: Calibri,sans-serif;\"><span style=\"font-size: x-large;\">K\u00e4ran-sarira (Ursachen-, spiritueller oder Kausal-K\u00f6rper).<\/span><\/span><\/li>\n<\/ol>\n<p><span style=\"font-family: Calibri,sans-serif;\"><span style=\"font-size: x-large;\">Die einzelnen Lagen sind sichtbar durch die Jn\u00e4na-Augen der erleuchteten Yogis (siehe: Vagavad-Git\u00e4 15\/10).<\/span><\/span><\/p>\n","protected":false},"excerpt":{"rendered":"<p>Frage: a) Das Jivatma (die individuelle Seele) als Emanation des Paramatma ist indifferent, unendlich und ewig frei. Sie ist ein Aspekt von Prakriti und der Mensch ist eine verk\u00f6rperte Seele. Aber durch Unwissenheit (avidya) ist er sich dessen nicht bewusst. Warum kann die befreite Seele nach dem Tode nicht in ihren Ursprung zur\u00fcckkehren? b) Warum &hellip; <a href=\"http:\/\/blog.saranagata.de\/?page_id=253\" class=\"more-link\"><span class=\"screen-reader-text\">Frage \/ Antwort<\/span> weiterlesen<\/a><\/p>\n","protected":false},"author":1,"featured_media":0,"parent":0,"menu_order":0,"comment_status":"closed","ping_status":"closed","template":"","meta":[],"yoast_head":"<!-- This site is optimized with the Yoast SEO plugin v20.10 - https:\/\/yoast.com\/wordpress\/plugins\/seo\/ -->\n<title>Frage \/ Antwort - Saranagata<\/title>\n<meta name=\"robots\" content=\"index, follow, max-snippet:-1, max-image-preview:large, max-video-preview:-1\" \/>\n<link rel=\"canonical\" href=\"http:\/\/blog.saranagata.de\/?page_id=253\" \/>\n<meta property=\"og:locale\" content=\"de_DE\" \/>\n<meta property=\"og:type\" content=\"article\" \/>\n<meta property=\"og:title\" content=\"Frage \/ Antwort - Saranagata\" \/>\n<meta property=\"og:description\" content=\"Frage: a) Das Jivatma (die individuelle Seele) als Emanation des Paramatma ist indifferent, unendlich und ewig frei. Sie ist ein Aspekt von Prakriti und der Mensch ist eine verk\u00f6rperte Seele. Aber durch Unwissenheit (avidya) ist er sich dessen nicht bewusst. Warum kann die befreite Seele nach dem Tode nicht in ihren Ursprung zur\u00fcckkehren? b) Warum &hellip; Frage \/ Antwort weiterlesen\" \/>\n<meta property=\"og:url\" content=\"http:\/\/blog.saranagata.de\/?page_id=253\" \/>\n<meta property=\"og:site_name\" content=\"Saranagata\" \/>\n<meta property=\"article:modified_time\" content=\"2015-08-24T20:07:00+00:00\" \/>\n<meta name=\"twitter:card\" content=\"summary_large_image\" \/>\n<meta name=\"twitter:label1\" content=\"Gesch\u00e4tzte Lesezeit\" \/>\n\t<meta name=\"twitter:data1\" content=\"1 Minute\" \/>\n<script type=\"application\/ld+json\" class=\"yoast-schema-graph\">{\"@context\":\"https:\/\/schema.org\",\"@graph\":[{\"@type\":\"WebPage\",\"@id\":\"http:\/\/blog.saranagata.de\/?page_id=253\",\"url\":\"http:\/\/blog.saranagata.de\/?page_id=253\",\"name\":\"Frage \/ Antwort - Saranagata\",\"isPartOf\":{\"@id\":\"http:\/\/blog.saranagata.de\/#website\"},\"datePublished\":\"2015-08-17T19:47:47+00:00\",\"dateModified\":\"2015-08-24T20:07:00+00:00\",\"breadcrumb\":{\"@id\":\"http:\/\/blog.saranagata.de\/?page_id=253#breadcrumb\"},\"inLanguage\":\"de-DE\",\"potentialAction\":[{\"@type\":\"ReadAction\",\"target\":[\"http:\/\/blog.saranagata.de\/?page_id=253\"]}]},{\"@type\":\"BreadcrumbList\",\"@id\":\"http:\/\/blog.saranagata.de\/?page_id=253#breadcrumb\",\"itemListElement\":[{\"@type\":\"ListItem\",\"position\":1,\"name\":\"Startseite\",\"item\":\"http:\/\/blog.saranagata.de\/\"},{\"@type\":\"ListItem\",\"position\":2,\"name\":\"Frage \/ Antwort\"}]},{\"@type\":\"WebSite\",\"@id\":\"http:\/\/blog.saranagata.de\/#website\",\"url\":\"http:\/\/blog.saranagata.de\/\",\"name\":\"Saranagata\",\"description\":\"Parthasarathis spirituelle Oase\",\"potentialAction\":[{\"@type\":\"SearchAction\",\"target\":{\"@type\":\"EntryPoint\",\"urlTemplate\":\"http:\/\/blog.saranagata.de\/?s={search_term_string}\"},\"query-input\":\"required name=search_term_string\"}],\"inLanguage\":\"de-DE\"}]}<\/script>\n<!-- \/ Yoast SEO plugin. -->","yoast_head_json":{"title":"Frage \/ Antwort - Saranagata","robots":{"index":"index","follow":"follow","max-snippet":"max-snippet:-1","max-image-preview":"max-image-preview:large","max-video-preview":"max-video-preview:-1"},"canonical":"http:\/\/blog.saranagata.de\/?page_id=253","og_locale":"de_DE","og_type":"article","og_title":"Frage \/ Antwort - Saranagata","og_description":"Frage: a) Das Jivatma (die individuelle Seele) als Emanation des Paramatma ist indifferent, unendlich und ewig frei. Sie ist ein Aspekt von Prakriti und der Mensch ist eine verk\u00f6rperte Seele. Aber durch Unwissenheit (avidya) ist er sich dessen nicht bewusst. Warum kann die befreite Seele nach dem Tode nicht in ihren Ursprung zur\u00fcckkehren? b) Warum &hellip; Frage \/ Antwort weiterlesen","og_url":"http:\/\/blog.saranagata.de\/?page_id=253","og_site_name":"Saranagata","article_modified_time":"2015-08-24T20:07:00+00:00","twitter_card":"summary_large_image","twitter_misc":{"Gesch\u00e4tzte Lesezeit":"1 Minute"},"schema":{"@context":"https:\/\/schema.org","@graph":[{"@type":"WebPage","@id":"http:\/\/blog.saranagata.de\/?page_id=253","url":"http:\/\/blog.saranagata.de\/?page_id=253","name":"Frage \/ Antwort - Saranagata","isPartOf":{"@id":"http:\/\/blog.saranagata.de\/#website"},"datePublished":"2015-08-17T19:47:47+00:00","dateModified":"2015-08-24T20:07:00+00:00","breadcrumb":{"@id":"http:\/\/blog.saranagata.de\/?page_id=253#breadcrumb"},"inLanguage":"de-DE","potentialAction":[{"@type":"ReadAction","target":["http:\/\/blog.saranagata.de\/?page_id=253"]}]},{"@type":"BreadcrumbList","@id":"http:\/\/blog.saranagata.de\/?page_id=253#breadcrumb","itemListElement":[{"@type":"ListItem","position":1,"name":"Startseite","item":"http:\/\/blog.saranagata.de\/"},{"@type":"ListItem","position":2,"name":"Frage \/ Antwort"}]},{"@type":"WebSite","@id":"http:\/\/blog.saranagata.de\/#website","url":"http:\/\/blog.saranagata.de\/","name":"Saranagata","description":"Parthasarathis spirituelle Oase","potentialAction":[{"@type":"SearchAction","target":{"@type":"EntryPoint","urlTemplate":"http:\/\/blog.saranagata.de\/?s={search_term_string}"},"query-input":"required name=search_term_string"}],"inLanguage":"de-DE"}]}},"_links":{"self":[{"href":"http:\/\/blog.saranagata.de\/index.php?rest_route=\/wp\/v2\/pages\/253"}],"collection":[{"href":"http:\/\/blog.saranagata.de\/index.php?rest_route=\/wp\/v2\/pages"}],"about":[{"href":"http:\/\/blog.saranagata.de\/index.php?rest_route=\/wp\/v2\/types\/page"}],"author":[{"embeddable":true,"href":"http:\/\/blog.saranagata.de\/index.php?rest_route=\/wp\/v2\/users\/1"}],"replies":[{"embeddable":true,"href":"http:\/\/blog.saranagata.de\/index.php?rest_route=%2Fwp%2Fv2%2Fcomments&post=253"}],"version-history":[{"count":1,"href":"http:\/\/blog.saranagata.de\/index.php?rest_route=\/wp\/v2\/pages\/253\/revisions"}],"predecessor-version":[{"id":255,"href":"http:\/\/blog.saranagata.de\/index.php?rest_route=\/wp\/v2\/pages\/253\/revisions\/255"}],"wp:attachment":[{"href":"http:\/\/blog.saranagata.de\/index.php?rest_route=%2Fwp%2Fv2%2Fmedia&parent=253"}],"curies":[{"name":"wp","href":"https:\/\/api.w.org\/{rel}","templated":true}]}}