{"id":244,"date":"2015-08-17T19:41:16","date_gmt":"2015-08-17T19:41:16","guid":{"rendered":"http:\/\/blog.saranagata.de\/?page_id=244"},"modified":"2015-08-24T20:05:29","modified_gmt":"2015-08-24T20:05:29","slug":"die-praxis","status":"publish","type":"page","link":"http:\/\/blog.saranagata.de\/?page_id=244","title":{"rendered":"Die Praxis"},"content":{"rendered":"<p align=\"JUSTIFY\"><span style=\"font-family: Calibri,sans-serif;\"><span style=\"font-size: x-large;\">Die Kundalini kann in der Praxis nur im Muladh\u00e4r\u00e4 und durch eine spezifische Methode erweckt werden. Einfach ausgedr\u00fcckt, kann der S\u00e4dhaka die Kundalini als Lichtschein erkennen, wenn er den Pr\u00e4n\u00e4y\u00e4m\u00e4-Atemstrom und seine Kontemplation nach unten (Muladh\u00e4r\u00e4) gerichtet hat. Die Kundalini bewegt sich durch die einzelnen Chakras und die Lotusbl\u00e4tter richten sich auf (siehe: Ramakrishna Kath\u00e4mrita in begalisch. Vol I, Seite 62 ff.) und der \u00dcbende versp\u00fcrt eine intensive Hitze an der betreffenden Stelle. Wenn die Kundalini das Chakra wieder verl\u00e4sst, k\u00fchlt sich der Bereich wieder ab. Das Aufsteigen der Kundalini kann also von Au\u00dfenstehenden \u00fcberpr\u00fcft werden. <\/span><\/span><\/p>\n<p align=\"JUSTIFY\"><span style=\"font-family: Calibri,sans-serif;\"><span style=\"font-size: x-large;\">Guru Mah\u00e4raj Sri Ramakrishna sagt: Wer das Sahasr\u00e4r\u00e4 wahrhaftig erfahren hat, ist erl\u00f6st (jivanmukta) und erlangt bei der Aufl\u00f6sung der physischen H\u00fclle (also dem K\u00f6rper) die Befreiung, ja videha Kaivalya. In diesem Zustand stirbt ein normaler S\u00e4dhaka, also kein Nitya-Siddha, innerhalb von 21 Tagen (siehe: Gospels of Sri Ramakrishna, Vol. II, Seite 48 ff.).<\/span><\/span><\/p>\n<p align=\"JUSTIFY\"><span style=\"font-family: Calibri,sans-serif;\"><span style=\"font-size: x-large;\">Gem\u00e4\u00df der tantra-vedischen Noologie ist nur der gel\u00e4uterte Yogi in der Lage, einen <b>h\u00f6heren spirituellen Bewusstseinszustand<\/b> zu erreichen, <b>aufgrund der drei erhabenen Wege (N\u00e4dis), also Id\u00e4 \u2013 Pingal\u00e4 \u2013 Sushumn\u00e4, die die Wirbels\u00e4ule entlang in Richtung Kopf verlaufen, wobei der Sushumn\u00e4 von den beiden anderen mit subsidi\u00e4rer Sublimation umh\u00fcllt wird. Au\u00dferdem sieht nur der erleuchtete Rishi in der virtuellen Realit\u00e4t die 6\u00a0+\u00a01 Bhumis (gem.\u00a0Veda), die auch als Kundalini-Chakras beschrieben werden (gem.\u00a0Tantra-Shastra) und die vom Abdomen bis zum Ende von sinus frontalis, also bis Brahmarandhra angeordnet sind.<\/b><\/span><\/span><\/p>\n","protected":false},"excerpt":{"rendered":"<p>Die Kundalini kann in der Praxis nur im Muladh\u00e4r\u00e4 und durch eine spezifische Methode erweckt werden. Einfach ausgedr\u00fcckt, kann der S\u00e4dhaka die Kundalini als Lichtschein erkennen, wenn er den Pr\u00e4n\u00e4y\u00e4m\u00e4-Atemstrom und seine Kontemplation nach unten (Muladh\u00e4r\u00e4) gerichtet hat. Die Kundalini bewegt sich durch die einzelnen Chakras und die Lotusbl\u00e4tter richten sich auf (siehe: Ramakrishna Kath\u00e4mrita &hellip; <a href=\"http:\/\/blog.saranagata.de\/?page_id=244\" class=\"more-link\"><span class=\"screen-reader-text\">Die Praxis<\/span> weiterlesen<\/a><\/p>\n","protected":false},"author":1,"featured_media":0,"parent":0,"menu_order":0,"comment_status":"closed","ping_status":"closed","template":"","meta":[],"yoast_head":"<!-- This site is optimized with the Yoast SEO plugin v20.10 - https:\/\/yoast.com\/wordpress\/plugins\/seo\/ -->\n<title>Die Praxis - Saranagata<\/title>\n<meta name=\"robots\" content=\"index, follow, max-snippet:-1, max-image-preview:large, max-video-preview:-1\" \/>\n<link rel=\"canonical\" href=\"http:\/\/blog.saranagata.de\/?page_id=244\" \/>\n<meta property=\"og:locale\" content=\"de_DE\" \/>\n<meta property=\"og:type\" content=\"article\" \/>\n<meta property=\"og:title\" content=\"Die Praxis - Saranagata\" \/>\n<meta property=\"og:description\" content=\"Die Kundalini kann in der Praxis nur im Muladh\u00e4r\u00e4 und durch eine spezifische Methode erweckt werden. Einfach ausgedr\u00fcckt, kann der S\u00e4dhaka die Kundalini als Lichtschein erkennen, wenn er den Pr\u00e4n\u00e4y\u00e4m\u00e4-Atemstrom und seine Kontemplation nach unten (Muladh\u00e4r\u00e4) gerichtet hat. Die Kundalini bewegt sich durch die einzelnen Chakras und die Lotusbl\u00e4tter richten sich auf (siehe: Ramakrishna Kath\u00e4mrita &hellip; Die Praxis weiterlesen\" \/>\n<meta property=\"og:url\" content=\"http:\/\/blog.saranagata.de\/?page_id=244\" \/>\n<meta property=\"og:site_name\" content=\"Saranagata\" \/>\n<meta property=\"article:modified_time\" content=\"2015-08-24T20:05:29+00:00\" \/>\n<meta name=\"twitter:card\" content=\"summary_large_image\" \/>\n<meta name=\"twitter:label1\" content=\"Gesch\u00e4tzte Lesezeit\" \/>\n\t<meta name=\"twitter:data1\" content=\"1 Minute\" \/>\n<script type=\"application\/ld+json\" class=\"yoast-schema-graph\">{\"@context\":\"https:\/\/schema.org\",\"@graph\":[{\"@type\":\"WebPage\",\"@id\":\"http:\/\/blog.saranagata.de\/?page_id=244\",\"url\":\"http:\/\/blog.saranagata.de\/?page_id=244\",\"name\":\"Die Praxis - Saranagata\",\"isPartOf\":{\"@id\":\"http:\/\/blog.saranagata.de\/#website\"},\"datePublished\":\"2015-08-17T19:41:16+00:00\",\"dateModified\":\"2015-08-24T20:05:29+00:00\",\"breadcrumb\":{\"@id\":\"http:\/\/blog.saranagata.de\/?page_id=244#breadcrumb\"},\"inLanguage\":\"de-DE\",\"potentialAction\":[{\"@type\":\"ReadAction\",\"target\":[\"http:\/\/blog.saranagata.de\/?page_id=244\"]}]},{\"@type\":\"BreadcrumbList\",\"@id\":\"http:\/\/blog.saranagata.de\/?page_id=244#breadcrumb\",\"itemListElement\":[{\"@type\":\"ListItem\",\"position\":1,\"name\":\"Startseite\",\"item\":\"http:\/\/blog.saranagata.de\/\"},{\"@type\":\"ListItem\",\"position\":2,\"name\":\"Die Praxis\"}]},{\"@type\":\"WebSite\",\"@id\":\"http:\/\/blog.saranagata.de\/#website\",\"url\":\"http:\/\/blog.saranagata.de\/\",\"name\":\"Saranagata\",\"description\":\"Parthasarathis spirituelle Oase\",\"potentialAction\":[{\"@type\":\"SearchAction\",\"target\":{\"@type\":\"EntryPoint\",\"urlTemplate\":\"http:\/\/blog.saranagata.de\/?s={search_term_string}\"},\"query-input\":\"required name=search_term_string\"}],\"inLanguage\":\"de-DE\"}]}<\/script>\n<!-- \/ Yoast SEO plugin. -->","yoast_head_json":{"title":"Die Praxis - Saranagata","robots":{"index":"index","follow":"follow","max-snippet":"max-snippet:-1","max-image-preview":"max-image-preview:large","max-video-preview":"max-video-preview:-1"},"canonical":"http:\/\/blog.saranagata.de\/?page_id=244","og_locale":"de_DE","og_type":"article","og_title":"Die Praxis - Saranagata","og_description":"Die Kundalini kann in der Praxis nur im Muladh\u00e4r\u00e4 und durch eine spezifische Methode erweckt werden. Einfach ausgedr\u00fcckt, kann der S\u00e4dhaka die Kundalini als Lichtschein erkennen, wenn er den Pr\u00e4n\u00e4y\u00e4m\u00e4-Atemstrom und seine Kontemplation nach unten (Muladh\u00e4r\u00e4) gerichtet hat. Die Kundalini bewegt sich durch die einzelnen Chakras und die Lotusbl\u00e4tter richten sich auf (siehe: Ramakrishna Kath\u00e4mrita &hellip; Die Praxis weiterlesen","og_url":"http:\/\/blog.saranagata.de\/?page_id=244","og_site_name":"Saranagata","article_modified_time":"2015-08-24T20:05:29+00:00","twitter_card":"summary_large_image","twitter_misc":{"Gesch\u00e4tzte Lesezeit":"1 Minute"},"schema":{"@context":"https:\/\/schema.org","@graph":[{"@type":"WebPage","@id":"http:\/\/blog.saranagata.de\/?page_id=244","url":"http:\/\/blog.saranagata.de\/?page_id=244","name":"Die Praxis - Saranagata","isPartOf":{"@id":"http:\/\/blog.saranagata.de\/#website"},"datePublished":"2015-08-17T19:41:16+00:00","dateModified":"2015-08-24T20:05:29+00:00","breadcrumb":{"@id":"http:\/\/blog.saranagata.de\/?page_id=244#breadcrumb"},"inLanguage":"de-DE","potentialAction":[{"@type":"ReadAction","target":["http:\/\/blog.saranagata.de\/?page_id=244"]}]},{"@type":"BreadcrumbList","@id":"http:\/\/blog.saranagata.de\/?page_id=244#breadcrumb","itemListElement":[{"@type":"ListItem","position":1,"name":"Startseite","item":"http:\/\/blog.saranagata.de\/"},{"@type":"ListItem","position":2,"name":"Die Praxis"}]},{"@type":"WebSite","@id":"http:\/\/blog.saranagata.de\/#website","url":"http:\/\/blog.saranagata.de\/","name":"Saranagata","description":"Parthasarathis spirituelle Oase","potentialAction":[{"@type":"SearchAction","target":{"@type":"EntryPoint","urlTemplate":"http:\/\/blog.saranagata.de\/?s={search_term_string}"},"query-input":"required name=search_term_string"}],"inLanguage":"de-DE"}]}},"_links":{"self":[{"href":"http:\/\/blog.saranagata.de\/index.php?rest_route=\/wp\/v2\/pages\/244"}],"collection":[{"href":"http:\/\/blog.saranagata.de\/index.php?rest_route=\/wp\/v2\/pages"}],"about":[{"href":"http:\/\/blog.saranagata.de\/index.php?rest_route=\/wp\/v2\/types\/page"}],"author":[{"embeddable":true,"href":"http:\/\/blog.saranagata.de\/index.php?rest_route=\/wp\/v2\/users\/1"}],"replies":[{"embeddable":true,"href":"http:\/\/blog.saranagata.de\/index.php?rest_route=%2Fwp%2Fv2%2Fcomments&post=244"}],"version-history":[{"count":1,"href":"http:\/\/blog.saranagata.de\/index.php?rest_route=\/wp\/v2\/pages\/244\/revisions"}],"predecessor-version":[{"id":246,"href":"http:\/\/blog.saranagata.de\/index.php?rest_route=\/wp\/v2\/pages\/244\/revisions\/246"}],"wp:attachment":[{"href":"http:\/\/blog.saranagata.de\/index.php?rest_route=%2Fwp%2Fv2%2Fmedia&parent=244"}],"curies":[{"name":"wp","href":"https:\/\/api.w.org\/{rel}","templated":true}]}}