{"id":226,"date":"2015-08-17T19:24:34","date_gmt":"2015-08-17T19:24:34","guid":{"rendered":"http:\/\/blog.saranagata.de\/?page_id=226"},"modified":"2016-06-16T17:12:28","modified_gmt":"2016-06-16T17:12:28","slug":"die-chakras-schematische-anordnung","status":"publish","type":"page","link":"http:\/\/blog.saranagata.de\/?page_id=226","title":{"rendered":"Die Chakras &#8211; Schematische Anordnung"},"content":{"rendered":"<p align=\"JUSTIFY\"><span style=\"font-family: Calibri,sans-serif;\"><span style=\"font-size: x-large;\">Die schematische Anordnung, \u00fcbersichtlich und einpr\u00e4gsam, ber\u00fccksichtigt die Bhutas, die Lokalisation im K\u00f6rper, die Anzahl und die Farben der Lotusbl\u00e4tter, <b>die spezifischen Mula-Mantras<\/b> sowie die Granthi-Gruppierung.<\/span><\/span><\/p>\n<table border=\"1\" width=\"619\" cellspacing=\"0\" cellpadding=\"7\">\n<colgroup>\n<col width=\"140\" \/>\n<col width=\"110\" \/>\n<col width=\"64\" \/>\n<col width=\"66\" \/>\n<col width=\"79\" \/>\n<col width=\"74\" \/> <\/colgroup>\n<tbody>\n<tr valign=\"TOP\">\n<td width=\"140\">\n<p style=\"text-align: center;\" align=\"JUSTIFY\"><span style=\"font-family: Calibri,sans-serif;\"><span style=\"font-size: large;\"><b>Chakra und Bhuta<\/b><\/span><\/span><\/p>\n<\/td>\n<td width=\"110\">\n<p align=\"JUSTIFY\"><span style=\"font-family: Calibri,sans-serif;\"><span style=\"font-size: large;\"><b>Lokalisation<\/b><\/span><\/span><\/p>\n<\/td>\n<td width=\"64\">\n<p align=\"CENTER\"><span style=\"font-family: Calibri,sans-serif;\"><span style=\"font-size: large;\"><b>Anzahl der Bl\u00e4tter<\/b><\/span><\/span><\/p>\n<\/td>\n<td width=\"66\">\n<p align=\"CENTER\"><span style=\"font-family: Calibri,sans-serif;\"><span style=\"font-size: large;\"><b>Mula-Mantra<\/b><\/span><\/span><\/p>\n<\/td>\n<td width=\"79\">\n<p style=\"text-align: center;\" align=\"JUSTIFY\"><span style=\"font-family: Calibri,sans-serif;\"><span style=\"font-size: large;\"><b>Farbe<\/b><\/span><\/span><\/p>\n<\/td>\n<td width=\"74\">\n<p style=\"text-align: center;\" align=\"JUSTIFY\"><span style=\"font-family: Calibri,sans-serif;\"><span style=\"font-size: large;\"><b>Granthi<\/b><\/span><\/span><\/p>\n<\/td>\n<\/tr>\n<tr valign=\"TOP\">\n<td width=\"140\">\n<p style=\"text-align: left;\" align=\"JUSTIFY\"><span style=\"font-family: Calibri,sans-serif;\"><span style=\"font-size: large;\">Muladh\u00e4r\u00e4 Ksiti (Erde)<\/span><\/span><\/p>\n<\/td>\n<td width=\"110\">\n<p align=\"JUSTIFY\"><span style=\"font-family: Calibri,sans-serif;\"><span style=\"font-size: large;\">Filum Terminale<\/span><\/span><\/p>\n<\/td>\n<td width=\"64\">\n<p align=\"CENTER\"><span style=\"font-family: Calibri,sans-serif;\"><span style=\"font-size: large;\">4<\/span><\/span><\/p>\n<\/td>\n<td width=\"66\">\n<p align=\"CENTER\"><span style=\"font-family: Calibri,sans-serif;\"><span style=\"font-size: large;\">lam<\/span><\/span><\/p>\n<\/td>\n<td width=\"79\">\n<p align=\"JUSTIFY\"><span style=\"font-family: Calibri,sans-serif;\"><span style=\"font-size: large;\">tiefrot<\/span><\/span><\/p>\n<\/td>\n<td rowspan=\"2\" width=\"74\">\n<p align=\"CENTER\"><span style=\"font-family: Calibri,sans-serif;\"><span style=\"font-size: large;\">Rudra<\/span><\/span><\/p>\n<\/td>\n<\/tr>\n<tr valign=\"TOP\">\n<td width=\"140\">\n<p style=\"text-align: left;\" align=\"JUSTIFY\"><span style=\"font-family: Calibri,sans-serif;\"><span style=\"font-size: large;\">Svadhisth\u00e4na Apa (Wasser)<\/span><\/span><\/p>\n<\/td>\n<td width=\"110\">\n<p align=\"JUSTIFY\"><span style=\"font-family: Calibri,sans-serif;\"><span style=\"font-size: large;\">Spinalzentrum<\/span><\/span><\/p>\n<\/td>\n<td width=\"64\">\n<p align=\"CENTER\"><span style=\"font-family: Calibri,sans-serif;\"><span style=\"font-size: large;\">6<\/span><\/span><\/p>\n<\/td>\n<td width=\"66\">\n<p align=\"CENTER\"><span style=\"font-family: Calibri,sans-serif;\"><span style=\"font-size: large;\">bam <\/span><\/span><\/p>\n<\/td>\n<td width=\"79\">\n<p align=\"JUSTIFY\"><span style=\"font-family: Calibri,sans-serif;\"><span style=\"font-size: large;\">rot br\u00e4unlich<\/span><\/span><\/p>\n<\/td>\n<\/tr>\n<tr valign=\"TOP\">\n<td width=\"140\">\n<p style=\"text-align: left;\" align=\"JUSTIFY\"><span style=\"font-family: Calibri,sans-serif;\"><span style=\"font-size: large;\">Manipura Teja (Feuer)<\/span><\/span><\/p>\n<\/td>\n<td width=\"110\">\n<p align=\"JUSTIFY\"><span style=\"font-family: Calibri,sans-serif;\"><span style=\"font-size: large;\">Nabelbereich<\/span><\/span><\/p>\n<\/td>\n<td width=\"64\">\n<p align=\"CENTER\"><span style=\"font-family: Calibri,sans-serif;\"><span style=\"font-size: large;\">10<\/span><\/span><\/p>\n<\/td>\n<td width=\"66\">\n<p align=\"CENTER\"><span style=\"font-family: Calibri,sans-serif;\"><span style=\"font-size: large;\">dam<\/span><\/span><\/p>\n<\/td>\n<td width=\"79\">\n<p align=\"JUSTIFY\"><span style=\"font-family: Calibri,sans-serif;\"><span style=\"font-size: large;\">feuerrot<\/span><\/span><\/p>\n<\/td>\n<td rowspan=\"2\" width=\"74\">\n<p align=\"CENTER\"><span style=\"font-family: Calibri,sans-serif;\"><span style=\"font-size: large;\">Vishnu<\/span><\/span><\/p>\n<\/td>\n<\/tr>\n<tr valign=\"TOP\">\n<td width=\"140\">\n<p style=\"text-align: left;\" align=\"JUSTIFY\"><span style=\"font-family: Calibri,sans-serif;\"><span style=\"font-size: large;\">An\u00e4hata Marut (Wind)<\/span><\/span><\/p>\n<\/td>\n<td width=\"110\">\n<p align=\"JUSTIFY\"><span style=\"font-family: Calibri,sans-serif;\"><span style=\"font-size: large;\">Herzgegend<\/span><\/span><\/p>\n<\/td>\n<td width=\"64\">\n<p align=\"CENTER\"><span style=\"font-family: Calibri,sans-serif;\"><span style=\"font-size: large;\">12<\/span><\/span><\/p>\n<\/td>\n<td width=\"66\">\n<p align=\"CENTER\"><span style=\"font-family: Calibri,sans-serif;\"><span style=\"font-size: large;\">kam<\/span><\/span><\/p>\n<\/td>\n<td width=\"79\">\n<p align=\"JUSTIFY\"><span style=\"font-family: Calibri,sans-serif;\"><span style=\"font-size: large;\">tiefrot<\/span><\/span><\/p>\n<\/td>\n<\/tr>\n<tr valign=\"TOP\">\n<td width=\"140\">\n<p style=\"text-align: left;\" align=\"JUSTIFY\"><span style=\"font-family: Calibri,sans-serif;\"><span style=\"font-size: large;\">Vishuddha Boum (Raum)<\/span><\/span><\/p>\n<\/td>\n<td width=\"110\">\n<p align=\"JUSTIFY\"><span style=\"font-family: Calibri,sans-serif;\"><span style=\"font-size: large;\">Halsgegend<\/span><\/span><\/p>\n<\/td>\n<td width=\"64\">\n<p align=\"CENTER\"><span style=\"font-family: Calibri,sans-serif;\"><span style=\"font-size: large;\">16<\/span><\/span><\/p>\n<\/td>\n<td width=\"66\">\n<p align=\"CENTER\"><span style=\"font-family: Calibri,sans-serif;\"><span style=\"font-size: large;\">am<\/span><\/span><\/p>\n<\/td>\n<td width=\"79\">\n<p align=\"JUSTIFY\"><span style=\"font-family: Calibri,sans-serif;\"><span style=\"font-size: large;\">blassrot<\/span><\/span><\/p>\n<\/td>\n<td rowspan=\"2\" width=\"74\">\n<p align=\"CENTER\"><span style=\"font-family: Calibri,sans-serif;\"><span style=\"font-size: large;\">Brahm\u00e4<\/span><\/span><\/p>\n<\/td>\n<\/tr>\n<tr valign=\"TOP\">\n<td width=\"140\">\n<p style=\"text-align: left;\" align=\"JUSTIFY\"><span style=\"font-family: Calibri,sans-serif;\"><span style=\"font-size: large;\">Ajn\u00e4<\/span><\/span><\/p>\n<p style=\"text-align: left;\" align=\"JUSTIFY\"><span style=\"font-family: Calibri,sans-serif;\"><span style=\"font-size: large;\">M\u00e4nas Tattva (mentales Prinzip)<\/span><\/span><\/p>\n<\/td>\n<td width=\"110\">\n<p style=\"text-align: left;\" align=\"JUSTIFY\"><span style=\"font-family: Calibri,sans-serif;\"><span style=\"font-size: large;\">in\u00a0der\u00a0Mitte der\u00a0Augenbrauen<\/span><\/span><\/p>\n<\/td>\n<td width=\"64\">\n<p align=\"CENTER\"><span style=\"font-family: Calibri,sans-serif;\"><span style=\"font-size: large;\">2<\/span><\/span><\/p>\n<\/td>\n<td width=\"66\">\n<p align=\"CENTER\"><span style=\"font-family: Calibri,sans-serif;\"><span style=\"font-size: large;\">ham<\/span><\/span><\/p>\n<\/td>\n<td width=\"79\">\n<p align=\"JUSTIFY\"><span style=\"font-family: Calibri,sans-serif;\"><span style=\"font-size: large;\">wei\u00df<\/span><\/span><\/p>\n<\/td>\n<\/tr>\n<tr valign=\"TOP\">\n<td width=\"140\">\n<p style=\"text-align: left;\" align=\"JUSTIFY\"><span style=\"font-family: Calibri,sans-serif;\"><span style=\"font-size: large;\">Sahasr\u00e4r\u00e4 Parabindu Tattva (Ham-Sah)<\/span><\/span><\/p>\n<\/td>\n<td width=\"110\">\n<p align=\"JUSTIFY\"><span style=\"font-family: Calibri,sans-serif;\"><span style=\"font-size: large;\">Sch\u00e4delmitte<\/span><\/span><\/p>\n<\/td>\n<td width=\"64\">\n<p align=\"CENTER\"><span style=\"font-family: Calibri,sans-serif;\"><span style=\"font-size: large;\">1K<\/span><\/span><\/p>\n<\/td>\n<td colspan=\"3\" width=\"247\">\n<p align=\"JUSTIFY\"><span style=\"font-family: Calibri,sans-serif;\"><span style=\"font-size: large;\">reine Leere (shunyat\u00e4)<\/span><\/span><\/p>\n<\/td>\n<\/tr>\n<\/tbody>\n<\/table>\n<p align=\"JUSTIFY\">\n","protected":false},"excerpt":{"rendered":"<p>Die schematische Anordnung, \u00fcbersichtlich und einpr\u00e4gsam, ber\u00fccksichtigt die Bhutas, die Lokalisation im K\u00f6rper, die Anzahl und die Farben der Lotusbl\u00e4tter, die spezifischen Mula-Mantras sowie die Granthi-Gruppierung. Chakra und Bhuta Lokalisation Anzahl der Bl\u00e4tter Mula-Mantra Farbe Granthi Muladh\u00e4r\u00e4 Ksiti (Erde) Filum Terminale 4 lam tiefrot Rudra Svadhisth\u00e4na Apa (Wasser) Spinalzentrum 6 bam rot br\u00e4unlich Manipura Teja &hellip; <a href=\"http:\/\/blog.saranagata.de\/?page_id=226\" class=\"more-link\"><span class=\"screen-reader-text\">Die Chakras &#8211; Schematische Anordnung<\/span> weiterlesen<\/a><\/p>\n","protected":false},"author":1,"featured_media":0,"parent":0,"menu_order":0,"comment_status":"closed","ping_status":"closed","template":"","meta":[],"yoast_head":"<!-- This site is optimized with the Yoast SEO plugin v20.10 - https:\/\/yoast.com\/wordpress\/plugins\/seo\/ -->\n<title>Die Chakras - Schematische Anordnung - Saranagata<\/title>\n<meta name=\"robots\" content=\"index, follow, max-snippet:-1, max-image-preview:large, max-video-preview:-1\" \/>\n<link rel=\"canonical\" href=\"http:\/\/blog.saranagata.de\/?page_id=226\" \/>\n<meta property=\"og:locale\" content=\"de_DE\" \/>\n<meta property=\"og:type\" content=\"article\" \/>\n<meta property=\"og:title\" content=\"Die Chakras - Schematische Anordnung - Saranagata\" \/>\n<meta property=\"og:description\" content=\"Die schematische Anordnung, \u00fcbersichtlich und einpr\u00e4gsam, ber\u00fccksichtigt die Bhutas, die Lokalisation im K\u00f6rper, die Anzahl und die Farben der Lotusbl\u00e4tter, die spezifischen Mula-Mantras sowie die Granthi-Gruppierung. Chakra und Bhuta Lokalisation Anzahl der Bl\u00e4tter Mula-Mantra Farbe Granthi Muladh\u00e4r\u00e4 Ksiti (Erde) Filum Terminale 4 lam tiefrot Rudra Svadhisth\u00e4na Apa (Wasser) Spinalzentrum 6 bam rot br\u00e4unlich Manipura Teja &hellip; Die Chakras &#8211; Schematische Anordnung weiterlesen\" \/>\n<meta property=\"og:url\" content=\"http:\/\/blog.saranagata.de\/?page_id=226\" \/>\n<meta property=\"og:site_name\" content=\"Saranagata\" \/>\n<meta property=\"article:modified_time\" content=\"2016-06-16T17:12:28+00:00\" \/>\n<meta name=\"twitter:card\" content=\"summary_large_image\" \/>\n<meta name=\"twitter:label1\" content=\"Gesch\u00e4tzte Lesezeit\" \/>\n\t<meta name=\"twitter:data1\" content=\"1 Minute\" \/>\n<script type=\"application\/ld+json\" class=\"yoast-schema-graph\">{\"@context\":\"https:\/\/schema.org\",\"@graph\":[{\"@type\":\"WebPage\",\"@id\":\"http:\/\/blog.saranagata.de\/?page_id=226\",\"url\":\"http:\/\/blog.saranagata.de\/?page_id=226\",\"name\":\"Die Chakras - Schematische Anordnung - Saranagata\",\"isPartOf\":{\"@id\":\"http:\/\/blog.saranagata.de\/#website\"},\"datePublished\":\"2015-08-17T19:24:34+00:00\",\"dateModified\":\"2016-06-16T17:12:28+00:00\",\"breadcrumb\":{\"@id\":\"http:\/\/blog.saranagata.de\/?page_id=226#breadcrumb\"},\"inLanguage\":\"de-DE\",\"potentialAction\":[{\"@type\":\"ReadAction\",\"target\":[\"http:\/\/blog.saranagata.de\/?page_id=226\"]}]},{\"@type\":\"BreadcrumbList\",\"@id\":\"http:\/\/blog.saranagata.de\/?page_id=226#breadcrumb\",\"itemListElement\":[{\"@type\":\"ListItem\",\"position\":1,\"name\":\"Startseite\",\"item\":\"http:\/\/blog.saranagata.de\/\"},{\"@type\":\"ListItem\",\"position\":2,\"name\":\"Die Chakras &#8211; Schematische Anordnung\"}]},{\"@type\":\"WebSite\",\"@id\":\"http:\/\/blog.saranagata.de\/#website\",\"url\":\"http:\/\/blog.saranagata.de\/\",\"name\":\"Saranagata\",\"description\":\"Parthasarathis spirituelle Oase\",\"potentialAction\":[{\"@type\":\"SearchAction\",\"target\":{\"@type\":\"EntryPoint\",\"urlTemplate\":\"http:\/\/blog.saranagata.de\/?s={search_term_string}\"},\"query-input\":\"required name=search_term_string\"}],\"inLanguage\":\"de-DE\"}]}<\/script>\n<!-- \/ Yoast SEO plugin. -->","yoast_head_json":{"title":"Die Chakras - Schematische Anordnung - Saranagata","robots":{"index":"index","follow":"follow","max-snippet":"max-snippet:-1","max-image-preview":"max-image-preview:large","max-video-preview":"max-video-preview:-1"},"canonical":"http:\/\/blog.saranagata.de\/?page_id=226","og_locale":"de_DE","og_type":"article","og_title":"Die Chakras - Schematische Anordnung - Saranagata","og_description":"Die schematische Anordnung, \u00fcbersichtlich und einpr\u00e4gsam, ber\u00fccksichtigt die Bhutas, die Lokalisation im K\u00f6rper, die Anzahl und die Farben der Lotusbl\u00e4tter, die spezifischen Mula-Mantras sowie die Granthi-Gruppierung. Chakra und Bhuta Lokalisation Anzahl der Bl\u00e4tter Mula-Mantra Farbe Granthi Muladh\u00e4r\u00e4 Ksiti (Erde) Filum Terminale 4 lam tiefrot Rudra Svadhisth\u00e4na Apa (Wasser) Spinalzentrum 6 bam rot br\u00e4unlich Manipura Teja &hellip; Die Chakras &#8211; Schematische Anordnung weiterlesen","og_url":"http:\/\/blog.saranagata.de\/?page_id=226","og_site_name":"Saranagata","article_modified_time":"2016-06-16T17:12:28+00:00","twitter_card":"summary_large_image","twitter_misc":{"Gesch\u00e4tzte Lesezeit":"1 Minute"},"schema":{"@context":"https:\/\/schema.org","@graph":[{"@type":"WebPage","@id":"http:\/\/blog.saranagata.de\/?page_id=226","url":"http:\/\/blog.saranagata.de\/?page_id=226","name":"Die Chakras - Schematische Anordnung - Saranagata","isPartOf":{"@id":"http:\/\/blog.saranagata.de\/#website"},"datePublished":"2015-08-17T19:24:34+00:00","dateModified":"2016-06-16T17:12:28+00:00","breadcrumb":{"@id":"http:\/\/blog.saranagata.de\/?page_id=226#breadcrumb"},"inLanguage":"de-DE","potentialAction":[{"@type":"ReadAction","target":["http:\/\/blog.saranagata.de\/?page_id=226"]}]},{"@type":"BreadcrumbList","@id":"http:\/\/blog.saranagata.de\/?page_id=226#breadcrumb","itemListElement":[{"@type":"ListItem","position":1,"name":"Startseite","item":"http:\/\/blog.saranagata.de\/"},{"@type":"ListItem","position":2,"name":"Die Chakras &#8211; Schematische Anordnung"}]},{"@type":"WebSite","@id":"http:\/\/blog.saranagata.de\/#website","url":"http:\/\/blog.saranagata.de\/","name":"Saranagata","description":"Parthasarathis spirituelle Oase","potentialAction":[{"@type":"SearchAction","target":{"@type":"EntryPoint","urlTemplate":"http:\/\/blog.saranagata.de\/?s={search_term_string}"},"query-input":"required name=search_term_string"}],"inLanguage":"de-DE"}]}},"_links":{"self":[{"href":"http:\/\/blog.saranagata.de\/index.php?rest_route=\/wp\/v2\/pages\/226"}],"collection":[{"href":"http:\/\/blog.saranagata.de\/index.php?rest_route=\/wp\/v2\/pages"}],"about":[{"href":"http:\/\/blog.saranagata.de\/index.php?rest_route=\/wp\/v2\/types\/page"}],"author":[{"embeddable":true,"href":"http:\/\/blog.saranagata.de\/index.php?rest_route=\/wp\/v2\/users\/1"}],"replies":[{"embeddable":true,"href":"http:\/\/blog.saranagata.de\/index.php?rest_route=%2Fwp%2Fv2%2Fcomments&post=226"}],"version-history":[{"count":12,"href":"http:\/\/blog.saranagata.de\/index.php?rest_route=\/wp\/v2\/pages\/226\/revisions"}],"predecessor-version":[{"id":356,"href":"http:\/\/blog.saranagata.de\/index.php?rest_route=\/wp\/v2\/pages\/226\/revisions\/356"}],"wp:attachment":[{"href":"http:\/\/blog.saranagata.de\/index.php?rest_route=%2Fwp%2Fv2%2Fmedia&parent=226"}],"curies":[{"name":"wp","href":"https:\/\/api.w.org\/{rel}","templated":true}]}}