{"id":220,"date":"2015-08-17T19:19:22","date_gmt":"2015-08-17T19:19:22","guid":{"rendered":"http:\/\/blog.saranagata.de\/?page_id=220"},"modified":"2023-05-08T19:44:37","modified_gmt":"2023-05-08T19:44:37","slug":"die-nadis-virtuelle-kapillaren","status":"publish","type":"page","link":"http:\/\/blog.saranagata.de\/?page_id=220","title":{"rendered":"Die Nadis &#8211; virtuelle Kapillaren"},"content":{"rendered":"<p><span style=\"font-family: Calibri,sans-serif;\"><span style=\"font-size: x-large;\">Die N\u00e4dis sind weder Nervenbahnen (sn\u00e4yu) noch Nervengeflechte (sn\u00e4yu-j\u00e4la)\u2013 sie sind virtuelle Kapillaren, eine nur spirituell wahrnehmbare idiomorphe Darstellung.<\/span><\/span><\/p>\n<p><span style=\"font-family: Calibri,sans-serif;\"><span style=\"font-size: x-large;\">Sie sind die Leitkapillaren oder die Pfade f\u00fcr die \u201ePr\u00e4na-Energie\u201c, und durch sie flie\u00dft die \u201ePr\u00e4na-Shakti\u201c hinauf bis zur Mitte der Sch\u00e4deldecke (Brahma-T\u00e4lu). Die spirituelle Reinigung (suddhi) der N\u00e4dis ist mit Sicherheit einer der wichtigsten Schritte <b>zu Beginn des Praktizierens<\/b> von Kundalini-Yoga und geh\u00f6rt in die Aufgaben-Disziplin des integrierten Pr\u00e4n\u00e4y\u00e4m\u00e4-Yoga. <\/span><\/span><\/p>\n<p align=\"JUSTIFY\"><span style=\"font-family: Calibri,sans-serif;\"><span style=\"font-size: x-large;\">\u00dcber die Anzahl der N\u00e4dis gibt es sehr spekulative Angaben. Realistisch ist es, von 14 N\u00e4dis auzugehen, und davon sind 3 als die wichtigsten anerkannt. Diese sind: Ida \u2013 die Sashi (der Mond), Pingal\u00e4 \u2013 die Mihira (die Sonne) und Sushumn\u00e4 \u2013 die Agnisvarupa (die Feurige). Die Sushumn\u00e4 ist die l\u00e4ngste N\u00e4di und allen anderen \u00fcbergeordnet. Sie besteht aus drei Guna-Schichten: der tamaischen roten, <b>sie umschlie\u00dft<\/b> die strahlende rajaische Vajrini und diese die sattvaische Chitrini. Am unteren Ende der Chitrini-N\u00e4di befindet sich das \u201eTor Brahmas\u201c (Brahma-Dv\u00e4ra) und durch dieses Tor steigt die Kundalini hinauf Richtung Sahasr\u00e4r\u00e4. Die Id\u00e4 symbolisiert die Zeit (K\u00e4la) und Pingal\u00e4 den Raum (Buom). Das bedeutet, dass durch die erfolgreiche \u00dcberquerung aller Pfade der Shadhaka in eine Ebene der Raum-Zeitlosigkeit eingetreten wird.<\/span><\/span><\/p>\n","protected":false},"excerpt":{"rendered":"<p>Die N\u00e4dis sind weder Nervenbahnen (sn\u00e4yu) noch Nervengeflechte (sn\u00e4yu-j\u00e4la)\u2013 sie sind virtuelle Kapillaren, eine nur spirituell wahrnehmbare idiomorphe Darstellung. Sie sind die Leitkapillaren oder die Pfade f\u00fcr die \u201ePr\u00e4na-Energie\u201c, und durch sie flie\u00dft die \u201ePr\u00e4na-Shakti\u201c hinauf bis zur Mitte der Sch\u00e4deldecke (Brahma-T\u00e4lu). Die spirituelle Reinigung (suddhi) der N\u00e4dis ist mit Sicherheit einer der wichtigsten Schritte &hellip; <a href=\"http:\/\/blog.saranagata.de\/?page_id=220\" class=\"more-link\"><span class=\"screen-reader-text\">Die Nadis &#8211; virtuelle Kapillaren<\/span> weiterlesen<\/a><\/p>\n","protected":false},"author":1,"featured_media":0,"parent":0,"menu_order":0,"comment_status":"closed","ping_status":"closed","template":"","meta":[],"yoast_head":"<!-- This site is optimized with the Yoast SEO plugin v20.10 - https:\/\/yoast.com\/wordpress\/plugins\/seo\/ -->\n<title>Die Nadis - virtuelle Kapillaren - Saranagata<\/title>\n<meta name=\"robots\" content=\"index, follow, max-snippet:-1, max-image-preview:large, max-video-preview:-1\" \/>\n<link rel=\"canonical\" href=\"http:\/\/blog.saranagata.de\/?page_id=220\" \/>\n<meta property=\"og:locale\" content=\"de_DE\" \/>\n<meta property=\"og:type\" content=\"article\" \/>\n<meta property=\"og:title\" content=\"Die Nadis - virtuelle Kapillaren - Saranagata\" \/>\n<meta property=\"og:description\" content=\"Die N\u00e4dis sind weder Nervenbahnen (sn\u00e4yu) noch Nervengeflechte (sn\u00e4yu-j\u00e4la)\u2013 sie sind virtuelle Kapillaren, eine nur spirituell wahrnehmbare idiomorphe Darstellung. Sie sind die Leitkapillaren oder die Pfade f\u00fcr die \u201ePr\u00e4na-Energie\u201c, und durch sie flie\u00dft die \u201ePr\u00e4na-Shakti\u201c hinauf bis zur Mitte der Sch\u00e4deldecke (Brahma-T\u00e4lu). Die spirituelle Reinigung (suddhi) der N\u00e4dis ist mit Sicherheit einer der wichtigsten Schritte &hellip; Die Nadis &#8211; virtuelle Kapillaren weiterlesen\" \/>\n<meta property=\"og:url\" content=\"http:\/\/blog.saranagata.de\/?page_id=220\" \/>\n<meta property=\"og:site_name\" content=\"Saranagata\" \/>\n<meta property=\"article:modified_time\" content=\"2023-05-08T19:44:37+00:00\" \/>\n<meta name=\"twitter:card\" content=\"summary_large_image\" \/>\n<meta name=\"twitter:label1\" content=\"Gesch\u00e4tzte Lesezeit\" \/>\n\t<meta name=\"twitter:data1\" content=\"2 Minuten\" \/>\n<script type=\"application\/ld+json\" class=\"yoast-schema-graph\">{\"@context\":\"https:\/\/schema.org\",\"@graph\":[{\"@type\":\"WebPage\",\"@id\":\"http:\/\/blog.saranagata.de\/?page_id=220\",\"url\":\"http:\/\/blog.saranagata.de\/?page_id=220\",\"name\":\"Die Nadis - virtuelle Kapillaren - Saranagata\",\"isPartOf\":{\"@id\":\"http:\/\/blog.saranagata.de\/#website\"},\"datePublished\":\"2015-08-17T19:19:22+00:00\",\"dateModified\":\"2023-05-08T19:44:37+00:00\",\"breadcrumb\":{\"@id\":\"http:\/\/blog.saranagata.de\/?page_id=220#breadcrumb\"},\"inLanguage\":\"de-DE\",\"potentialAction\":[{\"@type\":\"ReadAction\",\"target\":[\"http:\/\/blog.saranagata.de\/?page_id=220\"]}]},{\"@type\":\"BreadcrumbList\",\"@id\":\"http:\/\/blog.saranagata.de\/?page_id=220#breadcrumb\",\"itemListElement\":[{\"@type\":\"ListItem\",\"position\":1,\"name\":\"Startseite\",\"item\":\"http:\/\/blog.saranagata.de\/\"},{\"@type\":\"ListItem\",\"position\":2,\"name\":\"Die Nadis &#8211; virtuelle Kapillaren\"}]},{\"@type\":\"WebSite\",\"@id\":\"http:\/\/blog.saranagata.de\/#website\",\"url\":\"http:\/\/blog.saranagata.de\/\",\"name\":\"Saranagata\",\"description\":\"Parthasarathis spirituelle Oase\",\"potentialAction\":[{\"@type\":\"SearchAction\",\"target\":{\"@type\":\"EntryPoint\",\"urlTemplate\":\"http:\/\/blog.saranagata.de\/?s={search_term_string}\"},\"query-input\":\"required name=search_term_string\"}],\"inLanguage\":\"de-DE\"}]}<\/script>\n<!-- \/ Yoast SEO plugin. -->","yoast_head_json":{"title":"Die Nadis - virtuelle Kapillaren - Saranagata","robots":{"index":"index","follow":"follow","max-snippet":"max-snippet:-1","max-image-preview":"max-image-preview:large","max-video-preview":"max-video-preview:-1"},"canonical":"http:\/\/blog.saranagata.de\/?page_id=220","og_locale":"de_DE","og_type":"article","og_title":"Die Nadis - virtuelle Kapillaren - Saranagata","og_description":"Die N\u00e4dis sind weder Nervenbahnen (sn\u00e4yu) noch Nervengeflechte (sn\u00e4yu-j\u00e4la)\u2013 sie sind virtuelle Kapillaren, eine nur spirituell wahrnehmbare idiomorphe Darstellung. Sie sind die Leitkapillaren oder die Pfade f\u00fcr die \u201ePr\u00e4na-Energie\u201c, und durch sie flie\u00dft die \u201ePr\u00e4na-Shakti\u201c hinauf bis zur Mitte der Sch\u00e4deldecke (Brahma-T\u00e4lu). Die spirituelle Reinigung (suddhi) der N\u00e4dis ist mit Sicherheit einer der wichtigsten Schritte &hellip; Die Nadis &#8211; virtuelle Kapillaren weiterlesen","og_url":"http:\/\/blog.saranagata.de\/?page_id=220","og_site_name":"Saranagata","article_modified_time":"2023-05-08T19:44:37+00:00","twitter_card":"summary_large_image","twitter_misc":{"Gesch\u00e4tzte Lesezeit":"2 Minuten"},"schema":{"@context":"https:\/\/schema.org","@graph":[{"@type":"WebPage","@id":"http:\/\/blog.saranagata.de\/?page_id=220","url":"http:\/\/blog.saranagata.de\/?page_id=220","name":"Die Nadis - virtuelle Kapillaren - Saranagata","isPartOf":{"@id":"http:\/\/blog.saranagata.de\/#website"},"datePublished":"2015-08-17T19:19:22+00:00","dateModified":"2023-05-08T19:44:37+00:00","breadcrumb":{"@id":"http:\/\/blog.saranagata.de\/?page_id=220#breadcrumb"},"inLanguage":"de-DE","potentialAction":[{"@type":"ReadAction","target":["http:\/\/blog.saranagata.de\/?page_id=220"]}]},{"@type":"BreadcrumbList","@id":"http:\/\/blog.saranagata.de\/?page_id=220#breadcrumb","itemListElement":[{"@type":"ListItem","position":1,"name":"Startseite","item":"http:\/\/blog.saranagata.de\/"},{"@type":"ListItem","position":2,"name":"Die Nadis &#8211; virtuelle Kapillaren"}]},{"@type":"WebSite","@id":"http:\/\/blog.saranagata.de\/#website","url":"http:\/\/blog.saranagata.de\/","name":"Saranagata","description":"Parthasarathis spirituelle Oase","potentialAction":[{"@type":"SearchAction","target":{"@type":"EntryPoint","urlTemplate":"http:\/\/blog.saranagata.de\/?s={search_term_string}"},"query-input":"required name=search_term_string"}],"inLanguage":"de-DE"}]}},"_links":{"self":[{"href":"http:\/\/blog.saranagata.de\/index.php?rest_route=\/wp\/v2\/pages\/220"}],"collection":[{"href":"http:\/\/blog.saranagata.de\/index.php?rest_route=\/wp\/v2\/pages"}],"about":[{"href":"http:\/\/blog.saranagata.de\/index.php?rest_route=\/wp\/v2\/types\/page"}],"author":[{"embeddable":true,"href":"http:\/\/blog.saranagata.de\/index.php?rest_route=\/wp\/v2\/users\/1"}],"replies":[{"embeddable":true,"href":"http:\/\/blog.saranagata.de\/index.php?rest_route=%2Fwp%2Fv2%2Fcomments&post=220"}],"version-history":[{"count":2,"href":"http:\/\/blog.saranagata.de\/index.php?rest_route=\/wp\/v2\/pages\/220\/revisions"}],"predecessor-version":[{"id":586,"href":"http:\/\/blog.saranagata.de\/index.php?rest_route=\/wp\/v2\/pages\/220\/revisions\/586"}],"wp:attachment":[{"href":"http:\/\/blog.saranagata.de\/index.php?rest_route=%2Fwp%2Fv2%2Fmedia&parent=220"}],"curies":[{"name":"wp","href":"https:\/\/api.w.org\/{rel}","templated":true}]}}