{"id":217,"date":"2015-08-17T19:17:51","date_gmt":"2015-08-17T19:17:51","guid":{"rendered":"http:\/\/blog.saranagata.de\/?page_id=217"},"modified":"2015-08-24T20:03:05","modified_gmt":"2015-08-24T20:03:05","slug":"kundalini-bhujangi","status":"publish","type":"page","link":"http:\/\/blog.saranagata.de\/?page_id=217","title":{"rendered":"Kundalini &#8211; Bhujangi"},"content":{"rendered":"<p><span style=\"font-family: Calibri,sans-serif;\"><span style=\"font-size: x-large;\">Kundal\u00e4 bedeutet zusammengerollt. Kundalini-Bhuj\u00e4ngi ist eine zusammengerollte Schlange, die sich im Schlafzustand im Mul\u00e4dh\u00e4ra-Chakra (skt. Mula= Haupt,Adh\u00e4ra=Geh\u00e4use) befindet. <\/span><\/span><\/p>\n<p><span style=\"font-family: Calibri,sans-serif;\"><span style=\"font-size: x-large;\">Sie ist die h\u00f6chste kinetische Energie, die durch entsprechende Lenkung von Pr\u00e4na-V\u00e4yu erweckt und in Bewegung gesetzt wird. <\/span><\/span><\/p>\n<p><span style=\"font-family: Calibri,sans-serif;\"><span style=\"font-size: x-large;\">Dieser Schlafzustand der Kundalini weist nur daraufhin, dass der Mensch in derWelt der Ph\u00e4nomene vollkommen <b>absorbiert<\/b> und sein spirituelles Anliegen ganz unt\u00e4tig ist. <\/span><\/span><\/p>\n<p><span style=\"font-family: Calibri,sans-serif;\"><span style=\"font-size: x-large;\">Kundalini gilt als der Urgrund allen Klanges (parashabda) und hallt als Sabdabrahmawider.<\/span><\/span><\/p>\n<p><span style=\"font-family: Calibri,sans-serif;\"><span style=\"font-size: x-large;\">Im Kundalini-Yoga durhdringt die erweckte Kundalini-Kraft die 6\u00a0Chakra-Regionen des K\u00f6rpers der S\u00e4dhaka,<b>erreicht das erhabendste Zentrum im Sahasr\u00e4r\u00e4-Chakra, mit dem es verschmilzt.<\/b> Dazu beschreibt Shatchakra-Nirupana, Vers 3:<\/span><\/span><\/p>\n<p>\u201e<span style=\"font-family: Calibri,sans-serif;\"><span style=\"font-size: x-large;\">Sie ist sch\u00f6n wie eine Kette aus Blitzlichtern, zart wie eine Lotusfaser (padma-tantu-rup\u00e4) und strahlt im Geiste der Weisen. Sie ist \u00e4u\u00dferst subtil, die Erweckerin der reinen Erkenntnis, die Personifikation aller immanenten Freude, deren Eigenschaft reines Bewusstsein ist (Suddha-bodha-svabh\u00e4va). <\/span><\/span><\/p>\n<p><span style=\"font-family: Calibri,sans-serif;\"><span style=\"font-size: x-large;\">Die Brahma-Offenbarung (Brahma-Dv\u00e4ra) erleuchtet ihr Gesicht. <b>Der Bereich nahe des Eingangs (tadetat) ist die Pforte zu der mit Nektar benetzten Sph\u00e4re (sudh\u00e4dh\u00e4r\u00e4gamyapradesha) <\/b>und man nennt sie den <b>Verschmelzungspunkt<\/b>(granthi-sth\u00e4nam) oder auch den Mund der Sushumn\u00e4..:\u201c.<\/span><\/span><\/p>\n<p><span style=\"font-family: Calibri,sans-serif;\"><span style=\"font-size: x-large;\">(siehe: Shakti and Sh\u00e4kta von Sir John Woodroffe)<\/span><\/span><\/p>\n","protected":false},"excerpt":{"rendered":"<p>Kundal\u00e4 bedeutet zusammengerollt. Kundalini-Bhuj\u00e4ngi ist eine zusammengerollte Schlange, die sich im Schlafzustand im Mul\u00e4dh\u00e4ra-Chakra (skt. Mula= Haupt,Adh\u00e4ra=Geh\u00e4use) befindet. Sie ist die h\u00f6chste kinetische Energie, die durch entsprechende Lenkung von Pr\u00e4na-V\u00e4yu erweckt und in Bewegung gesetzt wird. Dieser Schlafzustand der Kundalini weist nur daraufhin, dass der Mensch in derWelt der Ph\u00e4nomene vollkommen absorbiert und sein spirituelles &hellip; <a href=\"http:\/\/blog.saranagata.de\/?page_id=217\" class=\"more-link\"><span class=\"screen-reader-text\">Kundalini &#8211; Bhujangi<\/span> weiterlesen<\/a><\/p>\n","protected":false},"author":1,"featured_media":0,"parent":0,"menu_order":0,"comment_status":"closed","ping_status":"closed","template":"","meta":[],"yoast_head":"<!-- This site is optimized with the Yoast SEO plugin v20.10 - https:\/\/yoast.com\/wordpress\/plugins\/seo\/ -->\n<title>Kundalini - Bhujangi - Saranagata<\/title>\n<meta name=\"robots\" content=\"index, follow, max-snippet:-1, max-image-preview:large, max-video-preview:-1\" \/>\n<link rel=\"canonical\" href=\"http:\/\/blog.saranagata.de\/?page_id=217\" \/>\n<meta property=\"og:locale\" content=\"de_DE\" \/>\n<meta property=\"og:type\" content=\"article\" \/>\n<meta property=\"og:title\" content=\"Kundalini - Bhujangi - Saranagata\" \/>\n<meta property=\"og:description\" content=\"Kundal\u00e4 bedeutet zusammengerollt. Kundalini-Bhuj\u00e4ngi ist eine zusammengerollte Schlange, die sich im Schlafzustand im Mul\u00e4dh\u00e4ra-Chakra (skt. Mula= Haupt,Adh\u00e4ra=Geh\u00e4use) befindet. Sie ist die h\u00f6chste kinetische Energie, die durch entsprechende Lenkung von Pr\u00e4na-V\u00e4yu erweckt und in Bewegung gesetzt wird. Dieser Schlafzustand der Kundalini weist nur daraufhin, dass der Mensch in derWelt der Ph\u00e4nomene vollkommen absorbiert und sein spirituelles &hellip; Kundalini &#8211; Bhujangi weiterlesen\" \/>\n<meta property=\"og:url\" content=\"http:\/\/blog.saranagata.de\/?page_id=217\" \/>\n<meta property=\"og:site_name\" content=\"Saranagata\" \/>\n<meta property=\"article:modified_time\" content=\"2015-08-24T20:03:05+00:00\" \/>\n<meta name=\"twitter:card\" content=\"summary_large_image\" \/>\n<meta name=\"twitter:label1\" content=\"Gesch\u00e4tzte Lesezeit\" \/>\n\t<meta name=\"twitter:data1\" content=\"1 Minute\" \/>\n<script type=\"application\/ld+json\" class=\"yoast-schema-graph\">{\"@context\":\"https:\/\/schema.org\",\"@graph\":[{\"@type\":\"WebPage\",\"@id\":\"http:\/\/blog.saranagata.de\/?page_id=217\",\"url\":\"http:\/\/blog.saranagata.de\/?page_id=217\",\"name\":\"Kundalini - Bhujangi - Saranagata\",\"isPartOf\":{\"@id\":\"http:\/\/blog.saranagata.de\/#website\"},\"datePublished\":\"2015-08-17T19:17:51+00:00\",\"dateModified\":\"2015-08-24T20:03:05+00:00\",\"breadcrumb\":{\"@id\":\"http:\/\/blog.saranagata.de\/?page_id=217#breadcrumb\"},\"inLanguage\":\"de-DE\",\"potentialAction\":[{\"@type\":\"ReadAction\",\"target\":[\"http:\/\/blog.saranagata.de\/?page_id=217\"]}]},{\"@type\":\"BreadcrumbList\",\"@id\":\"http:\/\/blog.saranagata.de\/?page_id=217#breadcrumb\",\"itemListElement\":[{\"@type\":\"ListItem\",\"position\":1,\"name\":\"Startseite\",\"item\":\"http:\/\/blog.saranagata.de\/\"},{\"@type\":\"ListItem\",\"position\":2,\"name\":\"Kundalini &#8211; Bhujangi\"}]},{\"@type\":\"WebSite\",\"@id\":\"http:\/\/blog.saranagata.de\/#website\",\"url\":\"http:\/\/blog.saranagata.de\/\",\"name\":\"Saranagata\",\"description\":\"Parthasarathis spirituelle Oase\",\"potentialAction\":[{\"@type\":\"SearchAction\",\"target\":{\"@type\":\"EntryPoint\",\"urlTemplate\":\"http:\/\/blog.saranagata.de\/?s={search_term_string}\"},\"query-input\":\"required name=search_term_string\"}],\"inLanguage\":\"de-DE\"}]}<\/script>\n<!-- \/ Yoast SEO plugin. -->","yoast_head_json":{"title":"Kundalini - Bhujangi - Saranagata","robots":{"index":"index","follow":"follow","max-snippet":"max-snippet:-1","max-image-preview":"max-image-preview:large","max-video-preview":"max-video-preview:-1"},"canonical":"http:\/\/blog.saranagata.de\/?page_id=217","og_locale":"de_DE","og_type":"article","og_title":"Kundalini - Bhujangi - Saranagata","og_description":"Kundal\u00e4 bedeutet zusammengerollt. Kundalini-Bhuj\u00e4ngi ist eine zusammengerollte Schlange, die sich im Schlafzustand im Mul\u00e4dh\u00e4ra-Chakra (skt. Mula= Haupt,Adh\u00e4ra=Geh\u00e4use) befindet. Sie ist die h\u00f6chste kinetische Energie, die durch entsprechende Lenkung von Pr\u00e4na-V\u00e4yu erweckt und in Bewegung gesetzt wird. Dieser Schlafzustand der Kundalini weist nur daraufhin, dass der Mensch in derWelt der Ph\u00e4nomene vollkommen absorbiert und sein spirituelles &hellip; Kundalini &#8211; Bhujangi weiterlesen","og_url":"http:\/\/blog.saranagata.de\/?page_id=217","og_site_name":"Saranagata","article_modified_time":"2015-08-24T20:03:05+00:00","twitter_card":"summary_large_image","twitter_misc":{"Gesch\u00e4tzte Lesezeit":"1 Minute"},"schema":{"@context":"https:\/\/schema.org","@graph":[{"@type":"WebPage","@id":"http:\/\/blog.saranagata.de\/?page_id=217","url":"http:\/\/blog.saranagata.de\/?page_id=217","name":"Kundalini - Bhujangi - Saranagata","isPartOf":{"@id":"http:\/\/blog.saranagata.de\/#website"},"datePublished":"2015-08-17T19:17:51+00:00","dateModified":"2015-08-24T20:03:05+00:00","breadcrumb":{"@id":"http:\/\/blog.saranagata.de\/?page_id=217#breadcrumb"},"inLanguage":"de-DE","potentialAction":[{"@type":"ReadAction","target":["http:\/\/blog.saranagata.de\/?page_id=217"]}]},{"@type":"BreadcrumbList","@id":"http:\/\/blog.saranagata.de\/?page_id=217#breadcrumb","itemListElement":[{"@type":"ListItem","position":1,"name":"Startseite","item":"http:\/\/blog.saranagata.de\/"},{"@type":"ListItem","position":2,"name":"Kundalini &#8211; Bhujangi"}]},{"@type":"WebSite","@id":"http:\/\/blog.saranagata.de\/#website","url":"http:\/\/blog.saranagata.de\/","name":"Saranagata","description":"Parthasarathis spirituelle Oase","potentialAction":[{"@type":"SearchAction","target":{"@type":"EntryPoint","urlTemplate":"http:\/\/blog.saranagata.de\/?s={search_term_string}"},"query-input":"required name=search_term_string"}],"inLanguage":"de-DE"}]}},"_links":{"self":[{"href":"http:\/\/blog.saranagata.de\/index.php?rest_route=\/wp\/v2\/pages\/217"}],"collection":[{"href":"http:\/\/blog.saranagata.de\/index.php?rest_route=\/wp\/v2\/pages"}],"about":[{"href":"http:\/\/blog.saranagata.de\/index.php?rest_route=\/wp\/v2\/types\/page"}],"author":[{"embeddable":true,"href":"http:\/\/blog.saranagata.de\/index.php?rest_route=\/wp\/v2\/users\/1"}],"replies":[{"embeddable":true,"href":"http:\/\/blog.saranagata.de\/index.php?rest_route=%2Fwp%2Fv2%2Fcomments&post=217"}],"version-history":[{"count":2,"href":"http:\/\/blog.saranagata.de\/index.php?rest_route=\/wp\/v2\/pages\/217\/revisions"}],"predecessor-version":[{"id":279,"href":"http:\/\/blog.saranagata.de\/index.php?rest_route=\/wp\/v2\/pages\/217\/revisions\/279"}],"wp:attachment":[{"href":"http:\/\/blog.saranagata.de\/index.php?rest_route=%2Fwp%2Fv2%2Fmedia&parent=217"}],"curies":[{"name":"wp","href":"https:\/\/api.w.org\/{rel}","templated":true}]}}