{"id":214,"date":"2015-08-17T19:15:20","date_gmt":"2015-08-17T19:15:20","guid":{"rendered":"http:\/\/blog.saranagata.de\/?page_id=214"},"modified":"2015-08-24T20:02:38","modified_gmt":"2015-08-24T20:02:38","slug":"die-metaphorik","status":"publish","type":"page","link":"http:\/\/blog.saranagata.de\/?page_id=214","title":{"rendered":"Die Metaphorik"},"content":{"rendered":"<p align=\"JUSTIFY\"><span style=\"font-family: Calibri,sans-serif;\"><span style=\"font-size: x-large;\">In der Tantra-Philosophie, ist Shakti die Mutter der Sch\u00f6pfung (Adya Shakti) und als omnipotente spirituelle Kraft in jedem menschlichen K\u00f6rper gegenw\u00e4rtig. <b>Sie ist etwas unterhalb des unteren Endes der Wirbels\u00e4ule angesiedelt (merudanda), <\/b>w\u00e4hrend Shiva als das reine Bewusstsein im Hirnzentrum (Brahmat\u00e4lu) gedacht wird. Das Ziel von Kundalini-Yoga ist es, die Verschmelzung von Shiva-Shakti im Sahasr\u00e4r\u00e4 mit Hilfe von Pr\u00e4na-V\u00e4yu (dem kosmischen Atem) zu erreichen. Deshalb wird das vollendete Kundalini-Yoga auch Laya-Yoga (Yoga der Aufl\u00f6sung) genannt.<\/span><\/span><\/p>\n","protected":false},"excerpt":{"rendered":"<p>In der Tantra-Philosophie, ist Shakti die Mutter der Sch\u00f6pfung (Adya Shakti) und als omnipotente spirituelle Kraft in jedem menschlichen K\u00f6rper gegenw\u00e4rtig. Sie ist etwas unterhalb des unteren Endes der Wirbels\u00e4ule angesiedelt (merudanda), w\u00e4hrend Shiva als das reine Bewusstsein im Hirnzentrum (Brahmat\u00e4lu) gedacht wird. Das Ziel von Kundalini-Yoga ist es, die Verschmelzung von Shiva-Shakti im Sahasr\u00e4r\u00e4 &hellip; <a href=\"http:\/\/blog.saranagata.de\/?page_id=214\" class=\"more-link\"><span class=\"screen-reader-text\">Die Metaphorik<\/span> weiterlesen<\/a><\/p>\n","protected":false},"author":1,"featured_media":0,"parent":0,"menu_order":0,"comment_status":"closed","ping_status":"closed","template":"","meta":[],"yoast_head":"<!-- This site is optimized with the Yoast SEO plugin v20.10 - https:\/\/yoast.com\/wordpress\/plugins\/seo\/ -->\n<title>Die Metaphorik - Saranagata<\/title>\n<meta name=\"robots\" content=\"index, follow, max-snippet:-1, max-image-preview:large, max-video-preview:-1\" \/>\n<link rel=\"canonical\" href=\"http:\/\/blog.saranagata.de\/?page_id=214\" \/>\n<meta property=\"og:locale\" content=\"de_DE\" \/>\n<meta property=\"og:type\" content=\"article\" \/>\n<meta property=\"og:title\" content=\"Die Metaphorik - Saranagata\" \/>\n<meta property=\"og:description\" content=\"In der Tantra-Philosophie, ist Shakti die Mutter der Sch\u00f6pfung (Adya Shakti) und als omnipotente spirituelle Kraft in jedem menschlichen K\u00f6rper gegenw\u00e4rtig. Sie ist etwas unterhalb des unteren Endes der Wirbels\u00e4ule angesiedelt (merudanda), w\u00e4hrend Shiva als das reine Bewusstsein im Hirnzentrum (Brahmat\u00e4lu) gedacht wird. Das Ziel von Kundalini-Yoga ist es, die Verschmelzung von Shiva-Shakti im Sahasr\u00e4r\u00e4 &hellip; Die Metaphorik weiterlesen\" \/>\n<meta property=\"og:url\" content=\"http:\/\/blog.saranagata.de\/?page_id=214\" \/>\n<meta property=\"og:site_name\" content=\"Saranagata\" \/>\n<meta property=\"article:modified_time\" content=\"2015-08-24T20:02:38+00:00\" \/>\n<meta name=\"twitter:card\" content=\"summary_large_image\" \/>\n<script type=\"application\/ld+json\" class=\"yoast-schema-graph\">{\"@context\":\"https:\/\/schema.org\",\"@graph\":[{\"@type\":\"WebPage\",\"@id\":\"http:\/\/blog.saranagata.de\/?page_id=214\",\"url\":\"http:\/\/blog.saranagata.de\/?page_id=214\",\"name\":\"Die Metaphorik - Saranagata\",\"isPartOf\":{\"@id\":\"http:\/\/blog.saranagata.de\/#website\"},\"datePublished\":\"2015-08-17T19:15:20+00:00\",\"dateModified\":\"2015-08-24T20:02:38+00:00\",\"breadcrumb\":{\"@id\":\"http:\/\/blog.saranagata.de\/?page_id=214#breadcrumb\"},\"inLanguage\":\"de-DE\",\"potentialAction\":[{\"@type\":\"ReadAction\",\"target\":[\"http:\/\/blog.saranagata.de\/?page_id=214\"]}]},{\"@type\":\"BreadcrumbList\",\"@id\":\"http:\/\/blog.saranagata.de\/?page_id=214#breadcrumb\",\"itemListElement\":[{\"@type\":\"ListItem\",\"position\":1,\"name\":\"Startseite\",\"item\":\"http:\/\/blog.saranagata.de\/\"},{\"@type\":\"ListItem\",\"position\":2,\"name\":\"Die Metaphorik\"}]},{\"@type\":\"WebSite\",\"@id\":\"http:\/\/blog.saranagata.de\/#website\",\"url\":\"http:\/\/blog.saranagata.de\/\",\"name\":\"Saranagata\",\"description\":\"Parthasarathis spirituelle Oase\",\"potentialAction\":[{\"@type\":\"SearchAction\",\"target\":{\"@type\":\"EntryPoint\",\"urlTemplate\":\"http:\/\/blog.saranagata.de\/?s={search_term_string}\"},\"query-input\":\"required name=search_term_string\"}],\"inLanguage\":\"de-DE\"}]}<\/script>\n<!-- \/ Yoast SEO plugin. -->","yoast_head_json":{"title":"Die Metaphorik - Saranagata","robots":{"index":"index","follow":"follow","max-snippet":"max-snippet:-1","max-image-preview":"max-image-preview:large","max-video-preview":"max-video-preview:-1"},"canonical":"http:\/\/blog.saranagata.de\/?page_id=214","og_locale":"de_DE","og_type":"article","og_title":"Die Metaphorik - Saranagata","og_description":"In der Tantra-Philosophie, ist Shakti die Mutter der Sch\u00f6pfung (Adya Shakti) und als omnipotente spirituelle Kraft in jedem menschlichen K\u00f6rper gegenw\u00e4rtig. Sie ist etwas unterhalb des unteren Endes der Wirbels\u00e4ule angesiedelt (merudanda), w\u00e4hrend Shiva als das reine Bewusstsein im Hirnzentrum (Brahmat\u00e4lu) gedacht wird. Das Ziel von Kundalini-Yoga ist es, die Verschmelzung von Shiva-Shakti im Sahasr\u00e4r\u00e4 &hellip; Die Metaphorik weiterlesen","og_url":"http:\/\/blog.saranagata.de\/?page_id=214","og_site_name":"Saranagata","article_modified_time":"2015-08-24T20:02:38+00:00","twitter_card":"summary_large_image","schema":{"@context":"https:\/\/schema.org","@graph":[{"@type":"WebPage","@id":"http:\/\/blog.saranagata.de\/?page_id=214","url":"http:\/\/blog.saranagata.de\/?page_id=214","name":"Die Metaphorik - Saranagata","isPartOf":{"@id":"http:\/\/blog.saranagata.de\/#website"},"datePublished":"2015-08-17T19:15:20+00:00","dateModified":"2015-08-24T20:02:38+00:00","breadcrumb":{"@id":"http:\/\/blog.saranagata.de\/?page_id=214#breadcrumb"},"inLanguage":"de-DE","potentialAction":[{"@type":"ReadAction","target":["http:\/\/blog.saranagata.de\/?page_id=214"]}]},{"@type":"BreadcrumbList","@id":"http:\/\/blog.saranagata.de\/?page_id=214#breadcrumb","itemListElement":[{"@type":"ListItem","position":1,"name":"Startseite","item":"http:\/\/blog.saranagata.de\/"},{"@type":"ListItem","position":2,"name":"Die Metaphorik"}]},{"@type":"WebSite","@id":"http:\/\/blog.saranagata.de\/#website","url":"http:\/\/blog.saranagata.de\/","name":"Saranagata","description":"Parthasarathis spirituelle Oase","potentialAction":[{"@type":"SearchAction","target":{"@type":"EntryPoint","urlTemplate":"http:\/\/blog.saranagata.de\/?s={search_term_string}"},"query-input":"required name=search_term_string"}],"inLanguage":"de-DE"}]}},"_links":{"self":[{"href":"http:\/\/blog.saranagata.de\/index.php?rest_route=\/wp\/v2\/pages\/214"}],"collection":[{"href":"http:\/\/blog.saranagata.de\/index.php?rest_route=\/wp\/v2\/pages"}],"about":[{"href":"http:\/\/blog.saranagata.de\/index.php?rest_route=\/wp\/v2\/types\/page"}],"author":[{"embeddable":true,"href":"http:\/\/blog.saranagata.de\/index.php?rest_route=\/wp\/v2\/users\/1"}],"replies":[{"embeddable":true,"href":"http:\/\/blog.saranagata.de\/index.php?rest_route=%2Fwp%2Fv2%2Fcomments&post=214"}],"version-history":[{"count":1,"href":"http:\/\/blog.saranagata.de\/index.php?rest_route=\/wp\/v2\/pages\/214\/revisions"}],"predecessor-version":[{"id":216,"href":"http:\/\/blog.saranagata.de\/index.php?rest_route=\/wp\/v2\/pages\/214\/revisions\/216"}],"wp:attachment":[{"href":"http:\/\/blog.saranagata.de\/index.php?rest_route=%2Fwp%2Fv2%2Fmedia&parent=214"}],"curies":[{"name":"wp","href":"https:\/\/api.w.org\/{rel}","templated":true}]}}