{"id":211,"date":"2015-08-17T19:12:49","date_gmt":"2015-08-17T19:12:49","guid":{"rendered":"http:\/\/blog.saranagata.de\/?page_id=211"},"modified":"2015-08-23T07:44:10","modified_gmt":"2015-08-23T07:44:10","slug":"kundalini-yoga","status":"publish","type":"page","link":"http:\/\/blog.saranagata.de\/?page_id=211","title":{"rendered":"Kundalini-Yoga"},"content":{"rendered":"<p align=\"JUSTIFY\"><span style=\"font-family: Calibri,sans-serif;\"><span style=\"font-size: x-large;\">In der hindustischen Dharma-Philosophie erf\u00e4hrt die gesamte Sch\u00f6pfung eine <b>herausragende<\/b> Wertsch\u00e4tzung. Aber der Mensch, nicht nur als Mikrokosmos (khudrabrahm\u00e4nda), sondern als unsterbliche g\u00f6ttliche Seele (amritasva putr\u00e4) nimmt eine au\u00dferordentliche hervorgehobene Stellung ein. Er verk\u00f6rpert alle wesentlichen Prinzipien (tattvas) und in ihm findet auch die h\u00f6chste Manifestation von shiva und shakti als die inh\u00e4rente Emanation der Divinit\u00e4t statt.<\/span><\/span><\/p>\n<p align=\"JUSTIFY\"><span style=\"font-family: Calibri,sans-serif;\"><span style=\"font-size: x-large;\">Die Erweckung und die sukzessive Entwicklung dieser subtil-spirituellen Kraft (Shakti-Aspekt) ist im Tantra-Sh\u00e4stras eingehend dargelegt. <\/span><\/span><\/p>\n<p align=\"JUSTIFY\"><span style=\"font-family: Calibri,sans-serif;\"><span style=\"font-size: x-large;\">Eine dieser klassischen Erl\u00e4uterungen findet man in Satchakra-Nirupana <b>(Erl\u00e4uterung der Existenz der Chakras).<\/b><\/span><\/span><\/p>\n<p align=\"JUSTIFY\"><span style=\"font-family: Calibri,sans-serif;\"><span style=\"font-size: x-large;\">Der Verfasser war der ber\u00fchmte Tantriker Purn\u00e4nanda Swami. Urspr\u00fcnglich hie\u00df er Jagadananda Sharma. Als er seine Initiation (diksha) von Pr\u00e4lat Swami Brahm\u00e4nanda empfangen hatte, nahm er den Namen Purn\u00e4nanda Swami und ging in <b>seinen \u00c4shram<\/b> nach Assam und kehrte nicht mehr zur\u00fcck. <\/span><\/span><\/p>\n","protected":false},"excerpt":{"rendered":"<p>In der hindustischen Dharma-Philosophie erf\u00e4hrt die gesamte Sch\u00f6pfung eine herausragende Wertsch\u00e4tzung. Aber der Mensch, nicht nur als Mikrokosmos (khudrabrahm\u00e4nda), sondern als unsterbliche g\u00f6ttliche Seele (amritasva putr\u00e4) nimmt eine au\u00dferordentliche hervorgehobene Stellung ein. Er verk\u00f6rpert alle wesentlichen Prinzipien (tattvas) und in ihm findet auch die h\u00f6chste Manifestation von shiva und shakti als die inh\u00e4rente Emanation der &hellip; <a href=\"http:\/\/blog.saranagata.de\/?page_id=211\" class=\"more-link\"><span class=\"screen-reader-text\">Kundalini-Yoga<\/span> weiterlesen<\/a><\/p>\n","protected":false},"author":1,"featured_media":0,"parent":0,"menu_order":0,"comment_status":"open","ping_status":"open","template":"","meta":[],"yoast_head":"<!-- This site is optimized with the Yoast SEO plugin v20.10 - https:\/\/yoast.com\/wordpress\/plugins\/seo\/ -->\n<title>Kundalini-Yoga - Saranagata<\/title>\n<meta name=\"robots\" content=\"index, follow, max-snippet:-1, max-image-preview:large, max-video-preview:-1\" \/>\n<link rel=\"canonical\" href=\"http:\/\/blog.saranagata.de\/?page_id=211\" \/>\n<meta property=\"og:locale\" content=\"de_DE\" \/>\n<meta property=\"og:type\" content=\"article\" \/>\n<meta property=\"og:title\" content=\"Kundalini-Yoga - Saranagata\" \/>\n<meta property=\"og:description\" content=\"In der hindustischen Dharma-Philosophie erf\u00e4hrt die gesamte Sch\u00f6pfung eine herausragende Wertsch\u00e4tzung. Aber der Mensch, nicht nur als Mikrokosmos (khudrabrahm\u00e4nda), sondern als unsterbliche g\u00f6ttliche Seele (amritasva putr\u00e4) nimmt eine au\u00dferordentliche hervorgehobene Stellung ein. Er verk\u00f6rpert alle wesentlichen Prinzipien (tattvas) und in ihm findet auch die h\u00f6chste Manifestation von shiva und shakti als die inh\u00e4rente Emanation der &hellip; Kundalini-Yoga weiterlesen\" \/>\n<meta property=\"og:url\" content=\"http:\/\/blog.saranagata.de\/?page_id=211\" \/>\n<meta property=\"og:site_name\" content=\"Saranagata\" \/>\n<meta property=\"article:modified_time\" content=\"2015-08-23T07:44:10+00:00\" \/>\n<meta name=\"twitter:card\" content=\"summary_large_image\" \/>\n<meta name=\"twitter:label1\" content=\"Gesch\u00e4tzte Lesezeit\" \/>\n\t<meta name=\"twitter:data1\" content=\"1 Minute\" \/>\n<script type=\"application\/ld+json\" class=\"yoast-schema-graph\">{\"@context\":\"https:\/\/schema.org\",\"@graph\":[{\"@type\":\"WebPage\",\"@id\":\"http:\/\/blog.saranagata.de\/?page_id=211\",\"url\":\"http:\/\/blog.saranagata.de\/?page_id=211\",\"name\":\"Kundalini-Yoga - Saranagata\",\"isPartOf\":{\"@id\":\"http:\/\/blog.saranagata.de\/#website\"},\"datePublished\":\"2015-08-17T19:12:49+00:00\",\"dateModified\":\"2015-08-23T07:44:10+00:00\",\"breadcrumb\":{\"@id\":\"http:\/\/blog.saranagata.de\/?page_id=211#breadcrumb\"},\"inLanguage\":\"de-DE\",\"potentialAction\":[{\"@type\":\"ReadAction\",\"target\":[\"http:\/\/blog.saranagata.de\/?page_id=211\"]}]},{\"@type\":\"BreadcrumbList\",\"@id\":\"http:\/\/blog.saranagata.de\/?page_id=211#breadcrumb\",\"itemListElement\":[{\"@type\":\"ListItem\",\"position\":1,\"name\":\"Startseite\",\"item\":\"http:\/\/blog.saranagata.de\/\"},{\"@type\":\"ListItem\",\"position\":2,\"name\":\"Kundalini-Yoga\"}]},{\"@type\":\"WebSite\",\"@id\":\"http:\/\/blog.saranagata.de\/#website\",\"url\":\"http:\/\/blog.saranagata.de\/\",\"name\":\"Saranagata\",\"description\":\"Parthasarathis spirituelle Oase\",\"potentialAction\":[{\"@type\":\"SearchAction\",\"target\":{\"@type\":\"EntryPoint\",\"urlTemplate\":\"http:\/\/blog.saranagata.de\/?s={search_term_string}\"},\"query-input\":\"required name=search_term_string\"}],\"inLanguage\":\"de-DE\"}]}<\/script>\n<!-- \/ Yoast SEO plugin. -->","yoast_head_json":{"title":"Kundalini-Yoga - Saranagata","robots":{"index":"index","follow":"follow","max-snippet":"max-snippet:-1","max-image-preview":"max-image-preview:large","max-video-preview":"max-video-preview:-1"},"canonical":"http:\/\/blog.saranagata.de\/?page_id=211","og_locale":"de_DE","og_type":"article","og_title":"Kundalini-Yoga - Saranagata","og_description":"In der hindustischen Dharma-Philosophie erf\u00e4hrt die gesamte Sch\u00f6pfung eine herausragende Wertsch\u00e4tzung. Aber der Mensch, nicht nur als Mikrokosmos (khudrabrahm\u00e4nda), sondern als unsterbliche g\u00f6ttliche Seele (amritasva putr\u00e4) nimmt eine au\u00dferordentliche hervorgehobene Stellung ein. Er verk\u00f6rpert alle wesentlichen Prinzipien (tattvas) und in ihm findet auch die h\u00f6chste Manifestation von shiva und shakti als die inh\u00e4rente Emanation der &hellip; Kundalini-Yoga weiterlesen","og_url":"http:\/\/blog.saranagata.de\/?page_id=211","og_site_name":"Saranagata","article_modified_time":"2015-08-23T07:44:10+00:00","twitter_card":"summary_large_image","twitter_misc":{"Gesch\u00e4tzte Lesezeit":"1 Minute"},"schema":{"@context":"https:\/\/schema.org","@graph":[{"@type":"WebPage","@id":"http:\/\/blog.saranagata.de\/?page_id=211","url":"http:\/\/blog.saranagata.de\/?page_id=211","name":"Kundalini-Yoga - Saranagata","isPartOf":{"@id":"http:\/\/blog.saranagata.de\/#website"},"datePublished":"2015-08-17T19:12:49+00:00","dateModified":"2015-08-23T07:44:10+00:00","breadcrumb":{"@id":"http:\/\/blog.saranagata.de\/?page_id=211#breadcrumb"},"inLanguage":"de-DE","potentialAction":[{"@type":"ReadAction","target":["http:\/\/blog.saranagata.de\/?page_id=211"]}]},{"@type":"BreadcrumbList","@id":"http:\/\/blog.saranagata.de\/?page_id=211#breadcrumb","itemListElement":[{"@type":"ListItem","position":1,"name":"Startseite","item":"http:\/\/blog.saranagata.de\/"},{"@type":"ListItem","position":2,"name":"Kundalini-Yoga"}]},{"@type":"WebSite","@id":"http:\/\/blog.saranagata.de\/#website","url":"http:\/\/blog.saranagata.de\/","name":"Saranagata","description":"Parthasarathis spirituelle Oase","potentialAction":[{"@type":"SearchAction","target":{"@type":"EntryPoint","urlTemplate":"http:\/\/blog.saranagata.de\/?s={search_term_string}"},"query-input":"required name=search_term_string"}],"inLanguage":"de-DE"}]}},"_links":{"self":[{"href":"http:\/\/blog.saranagata.de\/index.php?rest_route=\/wp\/v2\/pages\/211"}],"collection":[{"href":"http:\/\/blog.saranagata.de\/index.php?rest_route=\/wp\/v2\/pages"}],"about":[{"href":"http:\/\/blog.saranagata.de\/index.php?rest_route=\/wp\/v2\/types\/page"}],"author":[{"embeddable":true,"href":"http:\/\/blog.saranagata.de\/index.php?rest_route=\/wp\/v2\/users\/1"}],"replies":[{"embeddable":true,"href":"http:\/\/blog.saranagata.de\/index.php?rest_route=%2Fwp%2Fv2%2Fcomments&post=211"}],"version-history":[{"count":2,"href":"http:\/\/blog.saranagata.de\/index.php?rest_route=\/wp\/v2\/pages\/211\/revisions"}],"predecessor-version":[{"id":264,"href":"http:\/\/blog.saranagata.de\/index.php?rest_route=\/wp\/v2\/pages\/211\/revisions\/264"}],"wp:attachment":[{"href":"http:\/\/blog.saranagata.de\/index.php?rest_route=%2Fwp%2Fv2%2Fmedia&parent=211"}],"curies":[{"name":"wp","href":"https:\/\/api.w.org\/{rel}","templated":true}]}}