{"id":2,"date":"2015-04-28T04:26:46","date_gmt":"2015-04-28T04:26:46","guid":{"rendered":"http:\/\/localhost\/wordpress\/?page_id=2"},"modified":"2017-05-04T16:30:52","modified_gmt":"2017-05-04T16:30:52","slug":"sample-page","status":"publish","type":"page","link":"http:\/\/blog.saranagata.de\/","title":{"rendered":"Saranagata &#8211; Parthasarathis spirituelle Oase"},"content":{"rendered":"<p><span style=\"color: #eeee22;\">Hallo!<\/span><\/p>\n<p><span style=\"color: #eeee22;\">Bist du auch Student\/in der\/die in Richtung Abschlussexamen hechelt?<\/span><br \/>\n<span style=\"color: #eeee22;\"> Oder bist du l\u00e4ngst berufst\u00e4tig und schon eifrig damit besch\u00e4ftigt, die Karriereleiter m\u00f6glichst schnell hinaufzuklettern?<\/span><br \/>\n<span style=\"color: #eeee22;\"> Vielleicht bist du auch schon im Ruhestand und denkst \u00fcber die Ambivalenz des Lebens nach, \u00fcber seine Phasen des aktiven Tuns und des passiven Geschehenlassens?<\/span><br \/>\n<span style=\"color: #eeee22;\"> Gibt es f\u00fcr dich Momente, in denen du dir Fragen stellst\u00a0 wie:<\/span><br \/>\n<span style=\"color: #eeee22;\"> Wer bin ich eigentlich?<\/span><br \/>\n<span style=\"color: #eeee22;\"> Warum bin ich gerade hier in der Welt?<\/span><br \/>\n<span style=\"color: #eeee22;\"> Hat die Welt, ja gar das ganze Universum \u00fcberhaupt einen Sinn?<\/span><br \/>\n<span style=\"color: #eeee22;\"> Wenn\u00a0 deine Antwort auf diese Fragen &#8222;NEIN&#8220; ist, dann brauchst du nicht weiterzulesen!<\/span><br \/>\n<span style=\"color: #eeee22;\"> Wenn deine Antwort lautet: &#8220; ja schon&#8220;, m\u00f6chte ich dich als kritisches aber auch als neugierig &#8211; heiteres, aber auch reflektiertes Mitglied unserer Gesellschaft herzlich begr\u00fc\u00dfen und willkommen hei\u00dfen!<\/span><br \/>\n<span style=\"color: #eeee22;\"> In meinem Blog werde ich in einzelnen Abschnitten Themen erl\u00e4utern, die helfen einleuchtende, substanzielle und inh\u00e4rente Antworten auf solcherlei Fragen zu finden &#8211; und zwar\u00a0 im Kontext von Spiritualit\u00e4t und Metaphysik des modernen Hinduismus und Buddhismus, erg\u00e4nzt durch gelegentliche Einblendungen aus der semitischen Religion .<\/span><br \/>\n<span style=\"color: #eeee22;\"> Im Anschluss an jeden Artikel gibt es selbstverst\u00e4ndlich die M\u00f6glichkeit f\u00fcr dich relevante Fragen zu stellen oder die eigene Meinung zu \u00e4u\u00dfern, gem\u00e4\u00df deiner pers\u00f6nlichen Erfahrungen.<\/span><\/p>\n<!--[if lt IE 9]><script>document.createElement('audio');<\/script><![endif]-->\n<audio class=\"wp-audio-shortcode\" id=\"audio-2-1\" loop=\"1\" autoplay=\"1\" preload=\"none\" style=\"width: 100%;\" controls=\"controls\"><source type=\"audio\/mpeg\" src=\"http:\/\/blog.saranagata.de\/wp-content\/uploads\/2015\/04\/01-Light.mp3?_=1\" \/><a href=\"http:\/\/blog.saranagata.de\/wp-content\/uploads\/2015\/04\/01-Light.mp3\">http:\/\/blog.saranagata.de\/wp-content\/uploads\/2015\/04\/01-Light.mp3<\/a><\/audio>\n","protected":false},"excerpt":{"rendered":"<p>Hallo! Bist du auch Student\/in der\/die in Richtung Abschlussexamen hechelt? Oder bist du l\u00e4ngst berufst\u00e4tig und schon eifrig damit besch\u00e4ftigt, die Karriereleiter m\u00f6glichst schnell hinaufzuklettern? Vielleicht bist du auch schon im Ruhestand und denkst \u00fcber die Ambivalenz des Lebens nach, \u00fcber seine Phasen des aktiven Tuns und des passiven Geschehenlassens? Gibt es f\u00fcr dich Momente, &hellip; <a href=\"http:\/\/blog.saranagata.de\/\" class=\"more-link\"><span class=\"screen-reader-text\">Saranagata &#8211; Parthasarathis spirituelle Oase<\/span> weiterlesen<\/a><\/p>\n","protected":false},"author":1,"featured_media":7,"parent":0,"menu_order":0,"comment_status":"closed","ping_status":"closed","template":"","meta":[],"yoast_head":"<!-- This site is optimized with the Yoast SEO plugin v20.10 - https:\/\/yoast.com\/wordpress\/plugins\/seo\/ -->\n<title>Saranagata - Parthasarathis spirituelle Oase - Saranagata<\/title>\n<meta name=\"robots\" content=\"index, follow, max-snippet:-1, max-image-preview:large, max-video-preview:-1\" \/>\n<link rel=\"canonical\" href=\"http:\/\/blog.saranagata.de\/\" \/>\n<meta property=\"og:locale\" content=\"de_DE\" \/>\n<meta property=\"og:type\" content=\"article\" \/>\n<meta property=\"og:title\" content=\"Saranagata - Parthasarathis spirituelle Oase - Saranagata\" \/>\n<meta property=\"og:description\" content=\"Hallo! Bist du auch Student\/in der\/die in Richtung Abschlussexamen hechelt? Oder bist du l\u00e4ngst berufst\u00e4tig und schon eifrig damit besch\u00e4ftigt, die Karriereleiter m\u00f6glichst schnell hinaufzuklettern? Vielleicht bist du auch schon im Ruhestand und denkst \u00fcber die Ambivalenz des Lebens nach, \u00fcber seine Phasen des aktiven Tuns und des passiven Geschehenlassens? Gibt es f\u00fcr dich Momente, &hellip; Saranagata &#8211; Parthasarathis spirituelle Oase weiterlesen\" \/>\n<meta property=\"og:url\" content=\"http:\/\/blog.saranagata.de\/\" \/>\n<meta property=\"og:site_name\" content=\"Saranagata\" \/>\n<meta property=\"article:modified_time\" content=\"2017-05-04T16:30:52+00:00\" \/>\n<meta property=\"og:image\" content=\"http:\/\/blog.saranagata.de\/wp-content\/uploads\/2015\/04\/meer-mond-breit.jpg\" \/>\n\t<meta property=\"og:image:width\" content=\"2441\" \/>\n\t<meta property=\"og:image:height\" content=\"1165\" \/>\n\t<meta property=\"og:image:type\" content=\"image\/jpeg\" \/>\n<meta name=\"twitter:card\" content=\"summary_large_image\" \/>\n<meta name=\"twitter:label1\" content=\"Gesch\u00e4tzte Lesezeit\" \/>\n\t<meta name=\"twitter:data1\" content=\"1 Minute\" \/>\n<script type=\"application\/ld+json\" class=\"yoast-schema-graph\">{\"@context\":\"https:\/\/schema.org\",\"@graph\":[{\"@type\":\"WebPage\",\"@id\":\"http:\/\/blog.saranagata.de\/\",\"url\":\"http:\/\/blog.saranagata.de\/\",\"name\":\"Saranagata - Parthasarathis spirituelle Oase - Saranagata\",\"isPartOf\":{\"@id\":\"http:\/\/blog.saranagata.de\/#website\"},\"datePublished\":\"2015-04-28T04:26:46+00:00\",\"dateModified\":\"2017-05-04T16:30:52+00:00\",\"breadcrumb\":{\"@id\":\"http:\/\/blog.saranagata.de\/#breadcrumb\"},\"inLanguage\":\"de-DE\",\"potentialAction\":[{\"@type\":\"ReadAction\",\"target\":[\"http:\/\/blog.saranagata.de\/\"]}]},{\"@type\":\"BreadcrumbList\",\"@id\":\"http:\/\/blog.saranagata.de\/#breadcrumb\",\"itemListElement\":[{\"@type\":\"ListItem\",\"position\":1,\"name\":\"Startseite\",\"item\":\"http:\/\/blog.saranagata.de\/\"},{\"@type\":\"ListItem\",\"position\":2,\"name\":\"Saranagata &#8211; Parthasarathis spirituelle Oase\"}]},{\"@type\":\"WebSite\",\"@id\":\"http:\/\/blog.saranagata.de\/#website\",\"url\":\"http:\/\/blog.saranagata.de\/\",\"name\":\"Saranagata\",\"description\":\"Parthasarathis spirituelle Oase\",\"potentialAction\":[{\"@type\":\"SearchAction\",\"target\":{\"@type\":\"EntryPoint\",\"urlTemplate\":\"http:\/\/blog.saranagata.de\/?s={search_term_string}\"},\"query-input\":\"required name=search_term_string\"}],\"inLanguage\":\"de-DE\"}]}<\/script>\n<!-- \/ Yoast SEO plugin. -->","yoast_head_json":{"title":"Saranagata - Parthasarathis spirituelle Oase - Saranagata","robots":{"index":"index","follow":"follow","max-snippet":"max-snippet:-1","max-image-preview":"max-image-preview:large","max-video-preview":"max-video-preview:-1"},"canonical":"http:\/\/blog.saranagata.de\/","og_locale":"de_DE","og_type":"article","og_title":"Saranagata - Parthasarathis spirituelle Oase - Saranagata","og_description":"Hallo! Bist du auch Student\/in der\/die in Richtung Abschlussexamen hechelt? Oder bist du l\u00e4ngst berufst\u00e4tig und schon eifrig damit besch\u00e4ftigt, die Karriereleiter m\u00f6glichst schnell hinaufzuklettern? Vielleicht bist du auch schon im Ruhestand und denkst \u00fcber die Ambivalenz des Lebens nach, \u00fcber seine Phasen des aktiven Tuns und des passiven Geschehenlassens? Gibt es f\u00fcr dich Momente, &hellip; Saranagata &#8211; Parthasarathis spirituelle Oase weiterlesen","og_url":"http:\/\/blog.saranagata.de\/","og_site_name":"Saranagata","article_modified_time":"2017-05-04T16:30:52+00:00","og_image":[{"width":2441,"height":1165,"url":"http:\/\/blog.saranagata.de\/wp-content\/uploads\/2015\/04\/meer-mond-breit.jpg","type":"image\/jpeg"}],"twitter_card":"summary_large_image","twitter_misc":{"Gesch\u00e4tzte Lesezeit":"1 Minute"},"schema":{"@context":"https:\/\/schema.org","@graph":[{"@type":"WebPage","@id":"http:\/\/blog.saranagata.de\/","url":"http:\/\/blog.saranagata.de\/","name":"Saranagata - Parthasarathis spirituelle Oase - Saranagata","isPartOf":{"@id":"http:\/\/blog.saranagata.de\/#website"},"datePublished":"2015-04-28T04:26:46+00:00","dateModified":"2017-05-04T16:30:52+00:00","breadcrumb":{"@id":"http:\/\/blog.saranagata.de\/#breadcrumb"},"inLanguage":"de-DE","potentialAction":[{"@type":"ReadAction","target":["http:\/\/blog.saranagata.de\/"]}]},{"@type":"BreadcrumbList","@id":"http:\/\/blog.saranagata.de\/#breadcrumb","itemListElement":[{"@type":"ListItem","position":1,"name":"Startseite","item":"http:\/\/blog.saranagata.de\/"},{"@type":"ListItem","position":2,"name":"Saranagata &#8211; Parthasarathis spirituelle Oase"}]},{"@type":"WebSite","@id":"http:\/\/blog.saranagata.de\/#website","url":"http:\/\/blog.saranagata.de\/","name":"Saranagata","description":"Parthasarathis spirituelle Oase","potentialAction":[{"@type":"SearchAction","target":{"@type":"EntryPoint","urlTemplate":"http:\/\/blog.saranagata.de\/?s={search_term_string}"},"query-input":"required name=search_term_string"}],"inLanguage":"de-DE"}]}},"_links":{"self":[{"href":"http:\/\/blog.saranagata.de\/index.php?rest_route=\/wp\/v2\/pages\/2"}],"collection":[{"href":"http:\/\/blog.saranagata.de\/index.php?rest_route=\/wp\/v2\/pages"}],"about":[{"href":"http:\/\/blog.saranagata.de\/index.php?rest_route=\/wp\/v2\/types\/page"}],"author":[{"embeddable":true,"href":"http:\/\/blog.saranagata.de\/index.php?rest_route=\/wp\/v2\/users\/1"}],"replies":[{"embeddable":true,"href":"http:\/\/blog.saranagata.de\/index.php?rest_route=%2Fwp%2Fv2%2Fcomments&post=2"}],"version-history":[{"count":12,"href":"http:\/\/blog.saranagata.de\/index.php?rest_route=\/wp\/v2\/pages\/2\/revisions"}],"predecessor-version":[{"id":388,"href":"http:\/\/blog.saranagata.de\/index.php?rest_route=\/wp\/v2\/pages\/2\/revisions\/388"}],"wp:featuredmedia":[{"embeddable":true,"href":"http:\/\/blog.saranagata.de\/index.php?rest_route=\/wp\/v2\/media\/7"}],"wp:attachment":[{"href":"http:\/\/blog.saranagata.de\/index.php?rest_route=%2Fwp%2Fv2%2Fmedia&parent=2"}],"curies":[{"name":"wp","href":"https:\/\/api.w.org\/{rel}","templated":true}]}}