{"id":199,"date":"2015-08-17T19:05:52","date_gmt":"2015-08-17T19:05:52","guid":{"rendered":"http:\/\/blog.saranagata.de\/?page_id=199"},"modified":"2015-08-24T20:00:49","modified_gmt":"2015-08-24T20:00:49","slug":"was-ist-ein-bija-mantra","status":"publish","type":"page","link":"http:\/\/blog.saranagata.de\/?page_id=199","title":{"rendered":"Was ist ein Bija-Mantra?"},"content":{"rendered":"<p><span style=\"font-family: Calibri,sans-serif;\"><span style=\"font-size: x-large;\">Die Bedeutung des Wortes \u201eBija\u201c ist signifikant. Denn Bija ist ein Samenkorn. In der hinduistischen Metaphorik, jeder Devata\/Devi (Ishara\/Ishavri) hat eine Identifikationssymbolik als Buchstabe (Varna\/Akkhara) mit dem er\/sie sich durch Mantra \u2013Shakti sich manifestiert (Artha). Dieser Buchstabe ist meistens ein Konsonant (Byanjan-Varna d.h. eine Vermischung von N\u00e4da und Bindu) immer mit einem Vokal am Ende als Nasallaut genannt \u201eChandra bindu\u201c (eine Mondsichel mit einem Punkt dar\u00fcber). Auszusprechen wie im franz\u00f6sischen \u201eJean\u201c, geschrieben jedoch mit einem latainischen Buchstaben \u201em\u201c. es gibt aber Bija-Mantras mit mehreren Varnas. <\/span><\/span><\/p>\n<p><span style=\"font-family: Calibri,sans-serif;\"><span style=\"font-size: x-large;\">Hier ein Beispiel: Das Bija-Mantra von Mutter (M\u00e4) K\u00e4li ist Krim (K\u00e4):<\/span><\/span><\/p>\n<p><span style=\"font-family: Calibri,sans-serif;\"><span style=\"font-size: x-large;\">K\u00e4 K\u00e4li Brahma ra proktam Mah\u00e4m\u00e4y\u00e4rthakasca I <\/span><\/span><\/p>\n<p><span style=\"font-family: Calibri,sans-serif;\"><span style=\"font-size: x-large;\">Visvam\u00e4t\u00e4rthako n\u00e4do bindurdukhahar\u00e4rthakah.<\/span><\/span><\/p>\n<p><span style=\"font-family: Calibri,sans-serif;\"><span style=\"font-size: x-large;\">(Vide: Varada Tantra, Kap. VI)<\/span><\/span><\/p>\n<p><span style=\"font-family: Calibri,sans-serif;\"><span style=\"font-size: x-large;\">Also K\u00e4 bedeutet M\u00e4 Kali, R\u00e4 ist Brahma, I ist Mah\u00e4m\u00e4y\u00e4. N\u00e4da ist die Manifestation von der gesamten Sch\u00f6pfung. Bindu erm\u00f6glicht die Befreiung von Leiden (Reinkarnation). <\/span><\/span><\/p>\n<p><span style=\"font-family: Calibri,sans-serif;\"><span style=\"font-size: x-large;\">Damit stellt ein Bija-Mantra die spezifische Attribute von Devata (sagunasvarupa Ishvara) dar. So sind \u201eHaum\u201c f\u00fcr Shiva und \u201eGam\u201c f\u00fcr G\u00e4nesha, D\u00fcm f\u00fcr M\u00e4 Durga usw spezifische Bija-Mantras. Sie k\u00f6nnen isoliert oder gemeinsam mit den anderen Varnas (Alphabet) bestimmte Mantras hervorbringen.<\/span><\/span><\/p>\n<p><span style=\"font-family: Calibri,sans-serif;\"><span style=\"font-size: x-large;\">Bija als Samenkorn kann nur unter geeigneten Bedingungen wie Licht, Luft und Wasser und Pflege gedeihen. Das gilt genauso auch f\u00fcr s\u00e4mtliche Mantras, die den selben Essenz des Bija-Mantras in sich tragen. <\/span><\/span><\/p>\n","protected":false},"excerpt":{"rendered":"<p>Die Bedeutung des Wortes \u201eBija\u201c ist signifikant. Denn Bija ist ein Samenkorn. In der hinduistischen Metaphorik, jeder Devata\/Devi (Ishara\/Ishavri) hat eine Identifikationssymbolik als Buchstabe (Varna\/Akkhara) mit dem er\/sie sich durch Mantra \u2013Shakti sich manifestiert (Artha). Dieser Buchstabe ist meistens ein Konsonant (Byanjan-Varna d.h. eine Vermischung von N\u00e4da und Bindu) immer mit einem Vokal am Ende &hellip; <a href=\"http:\/\/blog.saranagata.de\/?page_id=199\" class=\"more-link\"><span class=\"screen-reader-text\">Was ist ein Bija-Mantra?<\/span> weiterlesen<\/a><\/p>\n","protected":false},"author":1,"featured_media":0,"parent":0,"menu_order":0,"comment_status":"closed","ping_status":"closed","template":"","meta":[],"yoast_head":"<!-- This site is optimized with the Yoast SEO plugin v20.10 - https:\/\/yoast.com\/wordpress\/plugins\/seo\/ -->\n<title>Was ist ein Bija-Mantra? - Saranagata<\/title>\n<meta name=\"robots\" content=\"index, follow, max-snippet:-1, max-image-preview:large, max-video-preview:-1\" \/>\n<link rel=\"canonical\" href=\"http:\/\/blog.saranagata.de\/?page_id=199\" \/>\n<meta property=\"og:locale\" content=\"de_DE\" \/>\n<meta property=\"og:type\" content=\"article\" \/>\n<meta property=\"og:title\" content=\"Was ist ein Bija-Mantra? - Saranagata\" \/>\n<meta property=\"og:description\" content=\"Die Bedeutung des Wortes \u201eBija\u201c ist signifikant. Denn Bija ist ein Samenkorn. In der hinduistischen Metaphorik, jeder Devata\/Devi (Ishara\/Ishavri) hat eine Identifikationssymbolik als Buchstabe (Varna\/Akkhara) mit dem er\/sie sich durch Mantra \u2013Shakti sich manifestiert (Artha). Dieser Buchstabe ist meistens ein Konsonant (Byanjan-Varna d.h. eine Vermischung von N\u00e4da und Bindu) immer mit einem Vokal am Ende &hellip; Was ist ein Bija-Mantra? weiterlesen\" \/>\n<meta property=\"og:url\" content=\"http:\/\/blog.saranagata.de\/?page_id=199\" \/>\n<meta property=\"og:site_name\" content=\"Saranagata\" \/>\n<meta property=\"article:modified_time\" content=\"2015-08-24T20:00:49+00:00\" \/>\n<meta name=\"twitter:card\" content=\"summary_large_image\" \/>\n<meta name=\"twitter:label1\" content=\"Gesch\u00e4tzte Lesezeit\" \/>\n\t<meta name=\"twitter:data1\" content=\"1 Minute\" \/>\n<script type=\"application\/ld+json\" class=\"yoast-schema-graph\">{\"@context\":\"https:\/\/schema.org\",\"@graph\":[{\"@type\":\"WebPage\",\"@id\":\"http:\/\/blog.saranagata.de\/?page_id=199\",\"url\":\"http:\/\/blog.saranagata.de\/?page_id=199\",\"name\":\"Was ist ein Bija-Mantra? - Saranagata\",\"isPartOf\":{\"@id\":\"http:\/\/blog.saranagata.de\/#website\"},\"datePublished\":\"2015-08-17T19:05:52+00:00\",\"dateModified\":\"2015-08-24T20:00:49+00:00\",\"breadcrumb\":{\"@id\":\"http:\/\/blog.saranagata.de\/?page_id=199#breadcrumb\"},\"inLanguage\":\"de-DE\",\"potentialAction\":[{\"@type\":\"ReadAction\",\"target\":[\"http:\/\/blog.saranagata.de\/?page_id=199\"]}]},{\"@type\":\"BreadcrumbList\",\"@id\":\"http:\/\/blog.saranagata.de\/?page_id=199#breadcrumb\",\"itemListElement\":[{\"@type\":\"ListItem\",\"position\":1,\"name\":\"Startseite\",\"item\":\"http:\/\/blog.saranagata.de\/\"},{\"@type\":\"ListItem\",\"position\":2,\"name\":\"Was ist ein Bija-Mantra?\"}]},{\"@type\":\"WebSite\",\"@id\":\"http:\/\/blog.saranagata.de\/#website\",\"url\":\"http:\/\/blog.saranagata.de\/\",\"name\":\"Saranagata\",\"description\":\"Parthasarathis spirituelle Oase\",\"potentialAction\":[{\"@type\":\"SearchAction\",\"target\":{\"@type\":\"EntryPoint\",\"urlTemplate\":\"http:\/\/blog.saranagata.de\/?s={search_term_string}\"},\"query-input\":\"required name=search_term_string\"}],\"inLanguage\":\"de-DE\"}]}<\/script>\n<!-- \/ Yoast SEO plugin. -->","yoast_head_json":{"title":"Was ist ein Bija-Mantra? - Saranagata","robots":{"index":"index","follow":"follow","max-snippet":"max-snippet:-1","max-image-preview":"max-image-preview:large","max-video-preview":"max-video-preview:-1"},"canonical":"http:\/\/blog.saranagata.de\/?page_id=199","og_locale":"de_DE","og_type":"article","og_title":"Was ist ein Bija-Mantra? - Saranagata","og_description":"Die Bedeutung des Wortes \u201eBija\u201c ist signifikant. Denn Bija ist ein Samenkorn. In der hinduistischen Metaphorik, jeder Devata\/Devi (Ishara\/Ishavri) hat eine Identifikationssymbolik als Buchstabe (Varna\/Akkhara) mit dem er\/sie sich durch Mantra \u2013Shakti sich manifestiert (Artha). Dieser Buchstabe ist meistens ein Konsonant (Byanjan-Varna d.h. eine Vermischung von N\u00e4da und Bindu) immer mit einem Vokal am Ende &hellip; Was ist ein Bija-Mantra? weiterlesen","og_url":"http:\/\/blog.saranagata.de\/?page_id=199","og_site_name":"Saranagata","article_modified_time":"2015-08-24T20:00:49+00:00","twitter_card":"summary_large_image","twitter_misc":{"Gesch\u00e4tzte Lesezeit":"1 Minute"},"schema":{"@context":"https:\/\/schema.org","@graph":[{"@type":"WebPage","@id":"http:\/\/blog.saranagata.de\/?page_id=199","url":"http:\/\/blog.saranagata.de\/?page_id=199","name":"Was ist ein Bija-Mantra? - Saranagata","isPartOf":{"@id":"http:\/\/blog.saranagata.de\/#website"},"datePublished":"2015-08-17T19:05:52+00:00","dateModified":"2015-08-24T20:00:49+00:00","breadcrumb":{"@id":"http:\/\/blog.saranagata.de\/?page_id=199#breadcrumb"},"inLanguage":"de-DE","potentialAction":[{"@type":"ReadAction","target":["http:\/\/blog.saranagata.de\/?page_id=199"]}]},{"@type":"BreadcrumbList","@id":"http:\/\/blog.saranagata.de\/?page_id=199#breadcrumb","itemListElement":[{"@type":"ListItem","position":1,"name":"Startseite","item":"http:\/\/blog.saranagata.de\/"},{"@type":"ListItem","position":2,"name":"Was ist ein Bija-Mantra?"}]},{"@type":"WebSite","@id":"http:\/\/blog.saranagata.de\/#website","url":"http:\/\/blog.saranagata.de\/","name":"Saranagata","description":"Parthasarathis spirituelle Oase","potentialAction":[{"@type":"SearchAction","target":{"@type":"EntryPoint","urlTemplate":"http:\/\/blog.saranagata.de\/?s={search_term_string}"},"query-input":"required name=search_term_string"}],"inLanguage":"de-DE"}]}},"_links":{"self":[{"href":"http:\/\/blog.saranagata.de\/index.php?rest_route=\/wp\/v2\/pages\/199"}],"collection":[{"href":"http:\/\/blog.saranagata.de\/index.php?rest_route=\/wp\/v2\/pages"}],"about":[{"href":"http:\/\/blog.saranagata.de\/index.php?rest_route=\/wp\/v2\/types\/page"}],"author":[{"embeddable":true,"href":"http:\/\/blog.saranagata.de\/index.php?rest_route=\/wp\/v2\/users\/1"}],"replies":[{"embeddable":true,"href":"http:\/\/blog.saranagata.de\/index.php?rest_route=%2Fwp%2Fv2%2Fcomments&post=199"}],"version-history":[{"count":1,"href":"http:\/\/blog.saranagata.de\/index.php?rest_route=\/wp\/v2\/pages\/199\/revisions"}],"predecessor-version":[{"id":201,"href":"http:\/\/blog.saranagata.de\/index.php?rest_route=\/wp\/v2\/pages\/199\/revisions\/201"}],"wp:attachment":[{"href":"http:\/\/blog.saranagata.de\/index.php?rest_route=%2Fwp%2Fv2%2Fmedia&parent=199"}],"curies":[{"name":"wp","href":"https:\/\/api.w.org\/{rel}","templated":true}]}}