{"id":196,"date":"2015-08-17T19:04:39","date_gmt":"2015-08-17T19:04:39","guid":{"rendered":"http:\/\/blog.saranagata.de\/?page_id=196"},"modified":"2015-12-12T14:42:50","modified_gmt":"2015-12-12T14:42:50","slug":"sabdadhvani-tattva","status":"publish","type":"page","link":"http:\/\/blog.saranagata.de\/?page_id=196","title":{"rendered":"Sabda\/Dhvani-Tattva"},"content":{"rendered":"<p><span style=\"font-family: Calibri,sans-serif;\"><span style=\"font-size: x-large;\">Das Skt.wort Varna bedeutet Farbe, in Mantra-Sh\u00e4stra (Vorschrift) ist die Klangfarbe, aber Varna hei\u00dft auch Buchstabe (Akkhara=Unzerst\u00f6rbar). Die Aussprache beinhaltet Sabda\/Dhvani (Ton), Varna (Klang), Spanda (Schwingung). <\/span><\/span><\/p>\n<p><span style=\"font-family: Calibri,sans-serif;\"><span style=\"font-size: x-large;\">Asicshaktis tato N\u00e4do n\u00e4d\u00e4d bindu-samudbhavah (vide: S\u00e4rad\u00e4 Tilaka Shastra, Kap. I\/7).<\/span><\/span><\/p>\n<p><span style=\"font-family: Calibri,sans-serif;\"><span style=\"font-size: x-large;\">Also von Shakti ging N\u00e4da und von N\u00e4da die Bindu hervor. Sie sind Eigenschaften von Shakti-Mantramayi.<\/span><\/span><\/p>\n<p><span style=\"font-family: Calibri,sans-serif;\"><span style=\"font-size: x-large;\">Zuerst war eine g\u00f6ttliche \u00dcberlegung (sristi-kalpan\u00e4), dass sich von feinen zum grobstofflichen Ebenen als spanda (Vibration oder Schwingung) sich artikuliert. Alle f\u00fcnf Bhutas (wesentliche Elemente) d.h. Khiti (die Erde), Apa (das Wasser), Teja (das Feuer), Marut (der Wind) und Boum (der Raum) schwingen in diesem ununterbrochenen Strom, es existiert nichts ohne diesen inh\u00e4renten Schwingungsrhythmus- die Amplitude der Vibrationen sind jedoch variabel und sie reflektieren im Mikro- (skt.Khudra-) und Makrokosmos (Skt.Maha-Br\u00e4hm\u00e4nda) als werden-sein-vergehen in multiple Klangfarben.<\/span><\/span><\/p>\n<p><span style=\"font-family: Calibri,sans-serif;\"><span style=\"font-size: x-large;\">Das Wort Dhvani ist ein Synonym f\u00fcr Sabda. Dhvani ist zweierlei: der Donnergreul ist Dhvani in nicht artikulierter Form, als Vak also Wort jedoch in artikulierter Form. Mantra besteht aus dem Alphabet (Varna\/Dhvani\/Akkhara) eingebunden im Wort oder W\u00f6rtern. Jedes Mantra repr\u00e4sentiert eine spezifische Gottheit, jede Gottheit (adhisthatri\/Ishvara\/Ishvari) hat ein eigenes Mantra. Gem\u00e4\u00df Mantra-Shastra, ein bestimmtes Mantra enth\u00e4lt eine einmalige Schwingung, Ton-Struktur, Resonanz, Charakter und spirituelle Kraft (Deva-shakti) im Aggregatzustand. Der geeignete S\u00e4dhak\u00e4 spricht das Mantra laut und deutlich, sein Geh\u00f6r nimmt die Dhvani und Spanda akustisch wahr, verankert sie im Geist und meditiert im Bewusstsein . Nur wenn seine innere Aufnahme-Frequenz kompatibel eingestellt ist, kann er die spezifische sublime Resonanz des Mantras als Lichtstrahl des pers\u00f6nlichen Gottes wahrnehmen und beseelt mitschwingen. <\/span><\/span><\/p>\n<p><span style=\"font-family: Calibri,sans-serif;\"><span style=\"font-size: x-large;\">Jedes Mantra ist stimuliert mit Mantra-Shakti oder V\u00e4chya-V\u00e4chaka-Shakti und der Aspirant kultiviert S\u00e4dhan\u00e4-Shakti. Mantra als exklusive Identit\u00e4t ist ewig. Durch Beharrlichkeit, Hingabe und innere Assimilation von den beiden Kr\u00e4ften (Mantra-Shakti und <\/span><\/span><\/p>\n<p><span style=\"font-family: Calibri,sans-serif;\"><span style=\"font-size: x-large;\">S\u00e4dhan\u00e4-Shakti) entwickelt der Aspirant seine Bewusstseinsebene und nimmt sein Adhist\u00e4tri-Devi\/Devata wahr und erlangt die fundamentale Erkenntnis bzw. Bewusstsein (Mantra-Chaitanya).<\/span><\/span><\/p>\n<p><span style=\"font-family: Calibri,sans-serif;\"><span style=\"font-size: x-large;\">Die prim\u00e4re Vibration (mula Spanda) ist auch Sabda Brahma und sie offenbart sich als Brahma-Chaitanya in Mantra Yoga. Die erleuchtete Yogi nimmt nachts, in der absoluten Stille, versunken in die tiefe Meditation, von dem Nabhhi-Chakra (Solar-Plexus) aufsteigende an\u00e4hata Sabda-Brahma Klang (unverletzte und konstante schwingende Rhythmen) wahr. <\/span><\/span><\/p>\n","protected":false},"excerpt":{"rendered":"<p>Das Skt.wort Varna bedeutet Farbe, in Mantra-Sh\u00e4stra (Vorschrift) ist die Klangfarbe, aber Varna hei\u00dft auch Buchstabe (Akkhara=Unzerst\u00f6rbar). Die Aussprache beinhaltet Sabda\/Dhvani (Ton), Varna (Klang), Spanda (Schwingung). Asicshaktis tato N\u00e4do n\u00e4d\u00e4d bindu-samudbhavah (vide: S\u00e4rad\u00e4 Tilaka Shastra, Kap. I\/7). Also von Shakti ging N\u00e4da und von N\u00e4da die Bindu hervor. Sie sind Eigenschaften von Shakti-Mantramayi. Zuerst war &hellip; <a href=\"http:\/\/blog.saranagata.de\/?page_id=196\" class=\"more-link\"><span class=\"screen-reader-text\">Sabda\/Dhvani-Tattva<\/span> weiterlesen<\/a><\/p>\n","protected":false},"author":1,"featured_media":0,"parent":0,"menu_order":0,"comment_status":"closed","ping_status":"closed","template":"","meta":[],"yoast_head":"<!-- This site is optimized with the Yoast SEO plugin v20.10 - https:\/\/yoast.com\/wordpress\/plugins\/seo\/ -->\n<title>Sabda\/Dhvani-Tattva - Saranagata<\/title>\n<meta name=\"robots\" content=\"index, follow, max-snippet:-1, max-image-preview:large, max-video-preview:-1\" \/>\n<link rel=\"canonical\" href=\"http:\/\/blog.saranagata.de\/?page_id=196\" \/>\n<meta property=\"og:locale\" content=\"de_DE\" \/>\n<meta property=\"og:type\" content=\"article\" \/>\n<meta property=\"og:title\" content=\"Sabda\/Dhvani-Tattva - Saranagata\" \/>\n<meta property=\"og:description\" content=\"Das Skt.wort Varna bedeutet Farbe, in Mantra-Sh\u00e4stra (Vorschrift) ist die Klangfarbe, aber Varna hei\u00dft auch Buchstabe (Akkhara=Unzerst\u00f6rbar). Die Aussprache beinhaltet Sabda\/Dhvani (Ton), Varna (Klang), Spanda (Schwingung). Asicshaktis tato N\u00e4do n\u00e4d\u00e4d bindu-samudbhavah (vide: S\u00e4rad\u00e4 Tilaka Shastra, Kap. I\/7). Also von Shakti ging N\u00e4da und von N\u00e4da die Bindu hervor. Sie sind Eigenschaften von Shakti-Mantramayi. Zuerst war &hellip; Sabda\/Dhvani-Tattva weiterlesen\" \/>\n<meta property=\"og:url\" content=\"http:\/\/blog.saranagata.de\/?page_id=196\" \/>\n<meta property=\"og:site_name\" content=\"Saranagata\" \/>\n<meta property=\"article:modified_time\" content=\"2015-12-12T14:42:50+00:00\" \/>\n<meta name=\"twitter:card\" content=\"summary_large_image\" \/>\n<meta name=\"twitter:label1\" content=\"Gesch\u00e4tzte Lesezeit\" \/>\n\t<meta name=\"twitter:data1\" content=\"2 Minuten\" \/>\n<script type=\"application\/ld+json\" class=\"yoast-schema-graph\">{\"@context\":\"https:\/\/schema.org\",\"@graph\":[{\"@type\":\"WebPage\",\"@id\":\"http:\/\/blog.saranagata.de\/?page_id=196\",\"url\":\"http:\/\/blog.saranagata.de\/?page_id=196\",\"name\":\"Sabda\/Dhvani-Tattva - Saranagata\",\"isPartOf\":{\"@id\":\"http:\/\/blog.saranagata.de\/#website\"},\"datePublished\":\"2015-08-17T19:04:39+00:00\",\"dateModified\":\"2015-12-12T14:42:50+00:00\",\"breadcrumb\":{\"@id\":\"http:\/\/blog.saranagata.de\/?page_id=196#breadcrumb\"},\"inLanguage\":\"de-DE\",\"potentialAction\":[{\"@type\":\"ReadAction\",\"target\":[\"http:\/\/blog.saranagata.de\/?page_id=196\"]}]},{\"@type\":\"BreadcrumbList\",\"@id\":\"http:\/\/blog.saranagata.de\/?page_id=196#breadcrumb\",\"itemListElement\":[{\"@type\":\"ListItem\",\"position\":1,\"name\":\"Startseite\",\"item\":\"http:\/\/blog.saranagata.de\/\"},{\"@type\":\"ListItem\",\"position\":2,\"name\":\"Sabda\/Dhvani-Tattva\"}]},{\"@type\":\"WebSite\",\"@id\":\"http:\/\/blog.saranagata.de\/#website\",\"url\":\"http:\/\/blog.saranagata.de\/\",\"name\":\"Saranagata\",\"description\":\"Parthasarathis spirituelle Oase\",\"potentialAction\":[{\"@type\":\"SearchAction\",\"target\":{\"@type\":\"EntryPoint\",\"urlTemplate\":\"http:\/\/blog.saranagata.de\/?s={search_term_string}\"},\"query-input\":\"required name=search_term_string\"}],\"inLanguage\":\"de-DE\"}]}<\/script>\n<!-- \/ Yoast SEO plugin. -->","yoast_head_json":{"title":"Sabda\/Dhvani-Tattva - Saranagata","robots":{"index":"index","follow":"follow","max-snippet":"max-snippet:-1","max-image-preview":"max-image-preview:large","max-video-preview":"max-video-preview:-1"},"canonical":"http:\/\/blog.saranagata.de\/?page_id=196","og_locale":"de_DE","og_type":"article","og_title":"Sabda\/Dhvani-Tattva - Saranagata","og_description":"Das Skt.wort Varna bedeutet Farbe, in Mantra-Sh\u00e4stra (Vorschrift) ist die Klangfarbe, aber Varna hei\u00dft auch Buchstabe (Akkhara=Unzerst\u00f6rbar). Die Aussprache beinhaltet Sabda\/Dhvani (Ton), Varna (Klang), Spanda (Schwingung). Asicshaktis tato N\u00e4do n\u00e4d\u00e4d bindu-samudbhavah (vide: S\u00e4rad\u00e4 Tilaka Shastra, Kap. I\/7). Also von Shakti ging N\u00e4da und von N\u00e4da die Bindu hervor. Sie sind Eigenschaften von Shakti-Mantramayi. Zuerst war &hellip; Sabda\/Dhvani-Tattva weiterlesen","og_url":"http:\/\/blog.saranagata.de\/?page_id=196","og_site_name":"Saranagata","article_modified_time":"2015-12-12T14:42:50+00:00","twitter_card":"summary_large_image","twitter_misc":{"Gesch\u00e4tzte Lesezeit":"2 Minuten"},"schema":{"@context":"https:\/\/schema.org","@graph":[{"@type":"WebPage","@id":"http:\/\/blog.saranagata.de\/?page_id=196","url":"http:\/\/blog.saranagata.de\/?page_id=196","name":"Sabda\/Dhvani-Tattva - Saranagata","isPartOf":{"@id":"http:\/\/blog.saranagata.de\/#website"},"datePublished":"2015-08-17T19:04:39+00:00","dateModified":"2015-12-12T14:42:50+00:00","breadcrumb":{"@id":"http:\/\/blog.saranagata.de\/?page_id=196#breadcrumb"},"inLanguage":"de-DE","potentialAction":[{"@type":"ReadAction","target":["http:\/\/blog.saranagata.de\/?page_id=196"]}]},{"@type":"BreadcrumbList","@id":"http:\/\/blog.saranagata.de\/?page_id=196#breadcrumb","itemListElement":[{"@type":"ListItem","position":1,"name":"Startseite","item":"http:\/\/blog.saranagata.de\/"},{"@type":"ListItem","position":2,"name":"Sabda\/Dhvani-Tattva"}]},{"@type":"WebSite","@id":"http:\/\/blog.saranagata.de\/#website","url":"http:\/\/blog.saranagata.de\/","name":"Saranagata","description":"Parthasarathis spirituelle Oase","potentialAction":[{"@type":"SearchAction","target":{"@type":"EntryPoint","urlTemplate":"http:\/\/blog.saranagata.de\/?s={search_term_string}"},"query-input":"required name=search_term_string"}],"inLanguage":"de-DE"}]}},"_links":{"self":[{"href":"http:\/\/blog.saranagata.de\/index.php?rest_route=\/wp\/v2\/pages\/196"}],"collection":[{"href":"http:\/\/blog.saranagata.de\/index.php?rest_route=\/wp\/v2\/pages"}],"about":[{"href":"http:\/\/blog.saranagata.de\/index.php?rest_route=\/wp\/v2\/types\/page"}],"author":[{"embeddable":true,"href":"http:\/\/blog.saranagata.de\/index.php?rest_route=\/wp\/v2\/users\/1"}],"replies":[{"embeddable":true,"href":"http:\/\/blog.saranagata.de\/index.php?rest_route=%2Fwp%2Fv2%2Fcomments&post=196"}],"version-history":[{"count":2,"href":"http:\/\/blog.saranagata.de\/index.php?rest_route=\/wp\/v2\/pages\/196\/revisions"}],"predecessor-version":[{"id":292,"href":"http:\/\/blog.saranagata.de\/index.php?rest_route=\/wp\/v2\/pages\/196\/revisions\/292"}],"wp:attachment":[{"href":"http:\/\/blog.saranagata.de\/index.php?rest_route=%2Fwp%2Fv2%2Fmedia&parent=196"}],"curies":[{"name":"wp","href":"https:\/\/api.w.org\/{rel}","templated":true}]}}