{"id":182,"date":"2015-08-17T18:42:50","date_gmt":"2015-08-17T18:42:50","guid":{"rendered":"http:\/\/blog.saranagata.de\/?page_id=182"},"modified":"2015-12-12T14:34:15","modified_gmt":"2015-12-12T14:34:15","slug":"karma-yoga-marga","status":"publish","type":"page","link":"http:\/\/blog.saranagata.de\/?page_id=182","title":{"rendered":"Karma-Yoga-Marga"},"content":{"rendered":"<p><strong><em><span style=\"font-size: x-large;\">Der Weg der Tat<\/span><\/em><\/strong><\/p>\n<p>&nbsp;<\/p>\n<p><span style=\"font-size: x-large;\">Die Etymologie des Sanskrit-Wortes \u201eKarma\u201c ist das Pr\u00e4fix \u201eKri\u201c = Tat, Handlung, Aktion, \u201ema\u201c oder \u201eman\u201c = der Mensch, also T\u00e4tigkeit des Menschen. <\/span><\/p>\n<p><span style=\"font-size: x-large;\">Im Brahmana- und Samhita-Teil der Rig-Veda finden wir den Hinweis, dass die Indo-Arier \u00fcberdimensionale, pomp\u00f6se religi\u00f6se Feste, genannt Jagna, feierten, die unter freiem Himmel stattfanden und nicht selten mehrere Tage andauerten. Die vedischen Jagna-Zeremonien waren ausgerichtet auf die Verehrung und Anbetung der g\u00f6ttlichen Repr\u00e4sentanten der \u201epancha bhutas\u201c, oder die f\u00fcnf Elemente \u2013 Khiti (die Erde), Apa (das Wasser), Teja (das Feuer), Maruta (der Wind) und Boum (der Raum). Zweck und Ziel waren, wie auch in den Naturreligionen, das entsprechende G\u00f6tter-Pantheon f\u00fcr eine gute Ernte, Wohlstand, Gesundheit, Sieg etc. wohlwollend zu stimmen. Hier gibt es auch die wichtigen Ritualtexte und Hymnen mit Bitte- und Lobgebeten an die G\u00f6tter, die der Agni-Hotri (der das Feuerrufende leitende Priester) sang und rezitierte und die G\u00f6tter f\u00f6rmlich zum Opfer einlud. Diese eindringliche und devotionale Verehrungsritualistik, die vedische Karma-Kanda, war der eigentliche Ursprung des Karma-Yogas.<\/span><\/p>\n<p><span style=\"font-size: x-large;\">Karma ist ein stetiger Prozess. Alles ist in Bewegung, vom Kosmos bis zum Atom, eingebunden in einen ewigen Strom von Werden\u2013Sein\u2013Vergehen, jedoch mit einer rettenden, befreienden Alternative. Wir sind unentwegt in der karmischen Phase \u2013 aktiv oder passiv, physisch oder mental auch mit Empathie!<\/span><\/p>\n<p><span style=\"font-size: x-large;\">Aber ist das auch Karma-Yoga?<\/span><\/p>\n<p><span style=\"font-size: x-large;\">Nat\u00fcrlich nicht!<\/span><\/p>\n<p><span style=\"font-size: x-large;\">Das Karma muss aus dem tiefsten Bewusstsein gespeist, durch Haltung, Gesinnung, Demut und Liebe beseelt zum Ausdruck gebracht werden.<\/span><\/p>\n<p><span style=\"font-size: x-large;\">Ein weiterer Aspekt ist die Tatsache, dass Karma und Palingenese, also Reinkarnation, integraler Bestandteil des Hindu-Dharma sowie des Buddhismus ist. In Rig-Veda-Samhita oder Brahmanas findet man keinerlei Angaben \u00fcber Reinkarnation, sondern in den Upanishaden im Kontext der Jivatma-Paramatma-Synthese. Um dem durch karmische Operation verursachten Zyklus, also dem sogenannten \u201eRad der Wiedergeburt\u201c zu entkommen, musste immer eine entsprechende \u201enicht ergebnisorientierte\u201c Handlung ausge\u00fcbt werden. Das ist der \u201eNishkama Karma-Yoga\u201c.<\/span><\/p>\n<p><span style=\"font-size: x-large;\">Gem\u00e4\u00df Vagavad-Gita muss der \u201eSadhaka\u201c daf\u00fcr drei Bedingungen erf\u00fcllen:<\/span><\/p>\n<ol type=\"i\">\n<li><span style=\"font-size: x-large;\"><u>skt. Nirashi<\/u><\/span><span style=\"font-size: x-large;\">: also Indifferenz dem Handlungs-Ergebnis gegen\u00fcber. <\/span><\/li>\n<\/ol>\n<p><span style=\"font-size: x-large;\">(siehe: V.G. 2\/48)<\/span><\/p>\n<ol start=\"2\" type=\"i\">\n<li><span style=\"font-size: x-large;\"><u>skt. Adhyatma Chetasha<\/u><\/span><span style=\"font-size: x-large;\">: also Vermeidung von Ich-Bezogenheit. <\/span><\/li>\n<\/ol>\n<p><span style=\"font-size: x-large;\">(siehe: V.G. 3\/27; 5\/8,9; 18\/16,17).<\/span><\/p>\n<ol start=\"3\" type=\"i\">\n<li><span style=\"font-size: x-large;\"><u>skt. Mooi<\/u><\/span><span style=\"font-size: x-large;\">: also das Ergebnis der Handlung an Gott \u00fcbergeben. <\/span><\/li>\n<\/ol>\n<p><span style=\"font-size: x-large;\">(siehe: V.G. 3\/9,30; 5,10; 18\/57).<\/span><\/p>\n<p><span style=\"font-size: x-large;\"><u>und<\/u><\/span><\/p>\n<p><span style=\"font-size: x-large;\">der \u201eSadhaka\u201c muss entweder Pantanjalis erste vier Stufen erfolgreich erklimmen <\/span><\/p>\n<p><span style=\"font-size: x-large;\"> oder<\/span><\/p>\n<p><span style=\"font-size: x-large;\">nach Sri Krishna in Vagavad-Gita die skt. \u201eSthitapragna\u201c, also ewige innere friedliche ausgeglichene Stille durch \u00fcberzeugende spirituelle Kontemplation erreichen! (siehe: V.G. 2\/71).<\/span><\/p>\n","protected":false},"excerpt":{"rendered":"<p>Der Weg der Tat &nbsp; Die Etymologie des Sanskrit-Wortes \u201eKarma\u201c ist das Pr\u00e4fix \u201eKri\u201c = Tat, Handlung, Aktion, \u201ema\u201c oder \u201eman\u201c = der Mensch, also T\u00e4tigkeit des Menschen. Im Brahmana- und Samhita-Teil der Rig-Veda finden wir den Hinweis, dass die Indo-Arier \u00fcberdimensionale, pomp\u00f6se religi\u00f6se Feste, genannt Jagna, feierten, die unter freiem Himmel stattfanden und nicht &hellip; <a href=\"http:\/\/blog.saranagata.de\/?page_id=182\" class=\"more-link\"><span class=\"screen-reader-text\">Karma-Yoga-Marga<\/span> weiterlesen<\/a><\/p>\n","protected":false},"author":1,"featured_media":0,"parent":0,"menu_order":0,"comment_status":"closed","ping_status":"closed","template":"","meta":[],"yoast_head":"<!-- This site is optimized with the Yoast SEO plugin v20.10 - https:\/\/yoast.com\/wordpress\/plugins\/seo\/ -->\n<title>Karma-Yoga-Marga - Saranagata<\/title>\n<meta name=\"robots\" content=\"index, follow, max-snippet:-1, max-image-preview:large, max-video-preview:-1\" \/>\n<link rel=\"canonical\" href=\"http:\/\/blog.saranagata.de\/?page_id=182\" \/>\n<meta property=\"og:locale\" content=\"de_DE\" \/>\n<meta property=\"og:type\" content=\"article\" \/>\n<meta property=\"og:title\" content=\"Karma-Yoga-Marga - Saranagata\" \/>\n<meta property=\"og:description\" content=\"Der Weg der Tat &nbsp; Die Etymologie des Sanskrit-Wortes \u201eKarma\u201c ist das Pr\u00e4fix \u201eKri\u201c = Tat, Handlung, Aktion, \u201ema\u201c oder \u201eman\u201c = der Mensch, also T\u00e4tigkeit des Menschen. Im Brahmana- und Samhita-Teil der Rig-Veda finden wir den Hinweis, dass die Indo-Arier \u00fcberdimensionale, pomp\u00f6se religi\u00f6se Feste, genannt Jagna, feierten, die unter freiem Himmel stattfanden und nicht &hellip; Karma-Yoga-Marga weiterlesen\" \/>\n<meta property=\"og:url\" content=\"http:\/\/blog.saranagata.de\/?page_id=182\" \/>\n<meta property=\"og:site_name\" content=\"Saranagata\" \/>\n<meta property=\"article:modified_time\" content=\"2015-12-12T14:34:15+00:00\" \/>\n<meta name=\"twitter:card\" content=\"summary_large_image\" \/>\n<meta name=\"twitter:label1\" content=\"Gesch\u00e4tzte Lesezeit\" \/>\n\t<meta name=\"twitter:data1\" content=\"2 Minuten\" \/>\n<script type=\"application\/ld+json\" class=\"yoast-schema-graph\">{\"@context\":\"https:\/\/schema.org\",\"@graph\":[{\"@type\":\"WebPage\",\"@id\":\"http:\/\/blog.saranagata.de\/?page_id=182\",\"url\":\"http:\/\/blog.saranagata.de\/?page_id=182\",\"name\":\"Karma-Yoga-Marga - Saranagata\",\"isPartOf\":{\"@id\":\"http:\/\/blog.saranagata.de\/#website\"},\"datePublished\":\"2015-08-17T18:42:50+00:00\",\"dateModified\":\"2015-12-12T14:34:15+00:00\",\"breadcrumb\":{\"@id\":\"http:\/\/blog.saranagata.de\/?page_id=182#breadcrumb\"},\"inLanguage\":\"de-DE\",\"potentialAction\":[{\"@type\":\"ReadAction\",\"target\":[\"http:\/\/blog.saranagata.de\/?page_id=182\"]}]},{\"@type\":\"BreadcrumbList\",\"@id\":\"http:\/\/blog.saranagata.de\/?page_id=182#breadcrumb\",\"itemListElement\":[{\"@type\":\"ListItem\",\"position\":1,\"name\":\"Startseite\",\"item\":\"http:\/\/blog.saranagata.de\/\"},{\"@type\":\"ListItem\",\"position\":2,\"name\":\"Karma-Yoga-Marga\"}]},{\"@type\":\"WebSite\",\"@id\":\"http:\/\/blog.saranagata.de\/#website\",\"url\":\"http:\/\/blog.saranagata.de\/\",\"name\":\"Saranagata\",\"description\":\"Parthasarathis spirituelle Oase\",\"potentialAction\":[{\"@type\":\"SearchAction\",\"target\":{\"@type\":\"EntryPoint\",\"urlTemplate\":\"http:\/\/blog.saranagata.de\/?s={search_term_string}\"},\"query-input\":\"required name=search_term_string\"}],\"inLanguage\":\"de-DE\"}]}<\/script>\n<!-- \/ Yoast SEO plugin. -->","yoast_head_json":{"title":"Karma-Yoga-Marga - Saranagata","robots":{"index":"index","follow":"follow","max-snippet":"max-snippet:-1","max-image-preview":"max-image-preview:large","max-video-preview":"max-video-preview:-1"},"canonical":"http:\/\/blog.saranagata.de\/?page_id=182","og_locale":"de_DE","og_type":"article","og_title":"Karma-Yoga-Marga - Saranagata","og_description":"Der Weg der Tat &nbsp; Die Etymologie des Sanskrit-Wortes \u201eKarma\u201c ist das Pr\u00e4fix \u201eKri\u201c = Tat, Handlung, Aktion, \u201ema\u201c oder \u201eman\u201c = der Mensch, also T\u00e4tigkeit des Menschen. Im Brahmana- und Samhita-Teil der Rig-Veda finden wir den Hinweis, dass die Indo-Arier \u00fcberdimensionale, pomp\u00f6se religi\u00f6se Feste, genannt Jagna, feierten, die unter freiem Himmel stattfanden und nicht &hellip; Karma-Yoga-Marga weiterlesen","og_url":"http:\/\/blog.saranagata.de\/?page_id=182","og_site_name":"Saranagata","article_modified_time":"2015-12-12T14:34:15+00:00","twitter_card":"summary_large_image","twitter_misc":{"Gesch\u00e4tzte Lesezeit":"2 Minuten"},"schema":{"@context":"https:\/\/schema.org","@graph":[{"@type":"WebPage","@id":"http:\/\/blog.saranagata.de\/?page_id=182","url":"http:\/\/blog.saranagata.de\/?page_id=182","name":"Karma-Yoga-Marga - Saranagata","isPartOf":{"@id":"http:\/\/blog.saranagata.de\/#website"},"datePublished":"2015-08-17T18:42:50+00:00","dateModified":"2015-12-12T14:34:15+00:00","breadcrumb":{"@id":"http:\/\/blog.saranagata.de\/?page_id=182#breadcrumb"},"inLanguage":"de-DE","potentialAction":[{"@type":"ReadAction","target":["http:\/\/blog.saranagata.de\/?page_id=182"]}]},{"@type":"BreadcrumbList","@id":"http:\/\/blog.saranagata.de\/?page_id=182#breadcrumb","itemListElement":[{"@type":"ListItem","position":1,"name":"Startseite","item":"http:\/\/blog.saranagata.de\/"},{"@type":"ListItem","position":2,"name":"Karma-Yoga-Marga"}]},{"@type":"WebSite","@id":"http:\/\/blog.saranagata.de\/#website","url":"http:\/\/blog.saranagata.de\/","name":"Saranagata","description":"Parthasarathis spirituelle Oase","potentialAction":[{"@type":"SearchAction","target":{"@type":"EntryPoint","urlTemplate":"http:\/\/blog.saranagata.de\/?s={search_term_string}"},"query-input":"required name=search_term_string"}],"inLanguage":"de-DE"}]}},"_links":{"self":[{"href":"http:\/\/blog.saranagata.de\/index.php?rest_route=\/wp\/v2\/pages\/182"}],"collection":[{"href":"http:\/\/blog.saranagata.de\/index.php?rest_route=\/wp\/v2\/pages"}],"about":[{"href":"http:\/\/blog.saranagata.de\/index.php?rest_route=\/wp\/v2\/types\/page"}],"author":[{"embeddable":true,"href":"http:\/\/blog.saranagata.de\/index.php?rest_route=\/wp\/v2\/users\/1"}],"replies":[{"embeddable":true,"href":"http:\/\/blog.saranagata.de\/index.php?rest_route=%2Fwp%2Fv2%2Fcomments&post=182"}],"version-history":[{"count":2,"href":"http:\/\/blog.saranagata.de\/index.php?rest_route=\/wp\/v2\/pages\/182\/revisions"}],"predecessor-version":[{"id":288,"href":"http:\/\/blog.saranagata.de\/index.php?rest_route=\/wp\/v2\/pages\/182\/revisions\/288"}],"wp:attachment":[{"href":"http:\/\/blog.saranagata.de\/index.php?rest_route=%2Fwp%2Fv2%2Fmedia&parent=182"}],"curies":[{"name":"wp","href":"https:\/\/api.w.org\/{rel}","templated":true}]}}