{"id":179,"date":"2015-08-17T18:41:15","date_gmt":"2015-08-17T18:41:15","guid":{"rendered":"http:\/\/blog.saranagata.de\/?page_id=179"},"modified":"2015-08-24T19:57:54","modified_gmt":"2015-08-24T19:57:54","slug":"raja-yoga-marga","status":"publish","type":"page","link":"http:\/\/blog.saranagata.de\/?page_id=179","title":{"rendered":"Raja-Yoga-Marga"},"content":{"rendered":"<p><strong><em><span style=\"font-size: x-large;\">Der k\u00f6nigliche Weg<\/span><\/em><\/strong><\/p>\n<p><span style=\"font-size: x-large;\">Wie der Name bereits sehr treffend zum Ausdruck bringt, handelt es sich hier um einen Weg f\u00fcr die \u201espirituellen Prinzen\u201c, eine \u00e4u\u00dferst seltene Spezies unter den Menschen, die sogenannten \u201enitya-siddhas\u201c, also um die angeboren erhabenen und stets geistig aufgekl\u00e4rten Adepten!<\/span><\/p>\n<p><span style=\"font-size: x-large;\">Der Aspirant <\/span><span style=\"font-size: x-large;\"><u>muss<\/u><\/span><span style=\"font-size: x-large;\"> in allen von Patanjali im Yoga-Leitfaden beschriebenen Qualifikationen sukzessiv und ohne Unterlass erfolgreich heranreifen, um die Kaivalya, also die Befreiung von Klesha, zu erreichen. <\/span><\/p>\n<p><span style=\"font-size: x-large;\">Das ist eine lebenslange Aufgabe und verlangt eine vollkommene physische sowie mentale <\/span><span style=\"color: #000000;\"><span style=\"font-size: x-large;\">Ausrichtung auf dieses Ziel<\/span><\/span><span style=\"font-size: x-large;\">, eine stringente Identifikation mit den einzelnen \u00dcbungsphasen und Assimilation mit den Ergebnissen! Deshalb scheinen jegliche sozial und gesellschaftlich strukturierten T\u00e4tigkeiten f\u00fcr den ernsthaft strebenden Aspiranten des Raja-Yoga schier unm\u00f6glich! Der geeignete Kandidat hat einen eisernen Willen, und er ist eine entschlossene, weltabgewandte, asketische sowie beseelte Singularit\u00e4t!<\/span><\/p>\n<p><span style=\"font-size: x-large;\">Die Doktrin der spirituellen Kompetenz (skt. Adhikara) wird unter Beweis gestellt, bereits schon am Anfang, mit der Aufforderung \u201ecitta-vritti-nirodha\u201c, also der vollkommenen Beherrschung des Verstandes, des Willens und Gem\u00fcts und der Vermeidung aller inneren und \u00e4u\u00dferen Unruhezust\u00e4nde.<\/span><\/p>\n<p><span style=\"font-size: x-large;\"><u>F\u00fcr weitere Details siehe:<\/u><\/span><\/p>\n<p><span style=\"font-size: x-large;\">Die klassischen Yoga-Margas\u00a0 &#8211; Prolog!<\/span><\/p>\n<p><span style=\"font-size: x-large;\"><u>Der besondere Kommentar:<\/u><\/span><\/p>\n<p><span style=\"font-size: x-large;\">In Vagavad-Gita Abschnitt 6 zu Dhyana-Yoga oder Abhyas-Yoga: es gibt auch die Anweisung und Empfehlung \u00fcber Patanjalis Raja-Yoga. Die Absicht hier ist jedoch nicht dieselbe. Sowohl Samkha-Darshan wie auch Patanjalis Yoga-Sutra haben die Zielsetzung:<\/span><\/p>\n<p><span style=\"font-size: x-large;\">Tadabhabath koybalyam (siehe: Samkhya Sutra 2\/25)<\/span><\/p>\n<p><span style=\"font-size: x-large;\">Also:Die Befreiung von \u201eKleshas\u201c, dem umfassenden Ur-Leiden (gem\u00e4\u00df \u201eDukkha\u201c im Buddhismus) durch \u201eAsamprajnana\u201c oder \u201eNirbija\u201c-Samadhi. Der \u201e<\/span><span style=\"color: #262626;\"><span style=\"font-size: x-large;\">Kaivalya<\/span><\/span><span style=\"font-size: x-large;\">\u201c-Zustand bedeutet auch die Isolation und Unabh\u00e4ngigkeit von \u201ePrakriti\u201c.<\/span><\/p>\n<p><span style=\"font-size: x-large;\">Pum prakrityorbiogoh pi Yoga Yttudityo Joya; (siehe: Bhojabritti).<\/span><\/p>\n<p><span style=\"font-size: x-large;\">Deshalb ist Patanjalis Yoga eher Bi-Yoga, also lediglich eine Differenzierung von Purusha-Prakriti. Hier erweckt der K\u00f6rper des Yogin den Anschein eines verbrannten Seils, eine Erfahrung der Freude ist dort nicht vorhanden. Vagavad-Gita best\u00e4tigt, dass nur der Brahma-Jnani sich in \u201enirguna Brahma\u201c begegnet und ruht; er hat nicht nur das \u201eLeiden\u201c besiegt, sondern er befindet sich auch in der profunden Tiefe der stetigen Gl\u00fcckseligkeit.<\/span><\/p>\n<p>\u201e<span style=\"font-size: x-large;\">Atyantam shukhamashnute\u201c (siehe: Vagavad-Gita 6\/21,22)<\/span><\/p>\n","protected":false},"excerpt":{"rendered":"<p>Der k\u00f6nigliche Weg Wie der Name bereits sehr treffend zum Ausdruck bringt, handelt es sich hier um einen Weg f\u00fcr die \u201espirituellen Prinzen\u201c, eine \u00e4u\u00dferst seltene Spezies unter den Menschen, die sogenannten \u201enitya-siddhas\u201c, also um die angeboren erhabenen und stets geistig aufgekl\u00e4rten Adepten! Der Aspirant muss in allen von Patanjali im Yoga-Leitfaden beschriebenen Qualifikationen sukzessiv &hellip; <a href=\"http:\/\/blog.saranagata.de\/?page_id=179\" class=\"more-link\"><span class=\"screen-reader-text\">Raja-Yoga-Marga<\/span> weiterlesen<\/a><\/p>\n","protected":false},"author":1,"featured_media":0,"parent":0,"menu_order":0,"comment_status":"closed","ping_status":"closed","template":"","meta":[],"yoast_head":"<!-- This site is optimized with the Yoast SEO plugin v20.10 - https:\/\/yoast.com\/wordpress\/plugins\/seo\/ -->\n<title>Raja-Yoga-Marga - Saranagata<\/title>\n<meta name=\"robots\" content=\"index, follow, max-snippet:-1, max-image-preview:large, max-video-preview:-1\" \/>\n<link rel=\"canonical\" href=\"http:\/\/blog.saranagata.de\/?page_id=179\" \/>\n<meta property=\"og:locale\" content=\"de_DE\" \/>\n<meta property=\"og:type\" content=\"article\" \/>\n<meta property=\"og:title\" content=\"Raja-Yoga-Marga - Saranagata\" \/>\n<meta property=\"og:description\" content=\"Der k\u00f6nigliche Weg Wie der Name bereits sehr treffend zum Ausdruck bringt, handelt es sich hier um einen Weg f\u00fcr die \u201espirituellen Prinzen\u201c, eine \u00e4u\u00dferst seltene Spezies unter den Menschen, die sogenannten \u201enitya-siddhas\u201c, also um die angeboren erhabenen und stets geistig aufgekl\u00e4rten Adepten! Der Aspirant muss in allen von Patanjali im Yoga-Leitfaden beschriebenen Qualifikationen sukzessiv &hellip; Raja-Yoga-Marga weiterlesen\" \/>\n<meta property=\"og:url\" content=\"http:\/\/blog.saranagata.de\/?page_id=179\" \/>\n<meta property=\"og:site_name\" content=\"Saranagata\" \/>\n<meta property=\"article:modified_time\" content=\"2015-08-24T19:57:54+00:00\" \/>\n<meta name=\"twitter:card\" content=\"summary_large_image\" \/>\n<meta name=\"twitter:label1\" content=\"Gesch\u00e4tzte Lesezeit\" \/>\n\t<meta name=\"twitter:data1\" content=\"2 Minuten\" \/>\n<script type=\"application\/ld+json\" class=\"yoast-schema-graph\">{\"@context\":\"https:\/\/schema.org\",\"@graph\":[{\"@type\":\"WebPage\",\"@id\":\"http:\/\/blog.saranagata.de\/?page_id=179\",\"url\":\"http:\/\/blog.saranagata.de\/?page_id=179\",\"name\":\"Raja-Yoga-Marga - Saranagata\",\"isPartOf\":{\"@id\":\"http:\/\/blog.saranagata.de\/#website\"},\"datePublished\":\"2015-08-17T18:41:15+00:00\",\"dateModified\":\"2015-08-24T19:57:54+00:00\",\"breadcrumb\":{\"@id\":\"http:\/\/blog.saranagata.de\/?page_id=179#breadcrumb\"},\"inLanguage\":\"de-DE\",\"potentialAction\":[{\"@type\":\"ReadAction\",\"target\":[\"http:\/\/blog.saranagata.de\/?page_id=179\"]}]},{\"@type\":\"BreadcrumbList\",\"@id\":\"http:\/\/blog.saranagata.de\/?page_id=179#breadcrumb\",\"itemListElement\":[{\"@type\":\"ListItem\",\"position\":1,\"name\":\"Startseite\",\"item\":\"http:\/\/blog.saranagata.de\/\"},{\"@type\":\"ListItem\",\"position\":2,\"name\":\"Raja-Yoga-Marga\"}]},{\"@type\":\"WebSite\",\"@id\":\"http:\/\/blog.saranagata.de\/#website\",\"url\":\"http:\/\/blog.saranagata.de\/\",\"name\":\"Saranagata\",\"description\":\"Parthasarathis spirituelle Oase\",\"potentialAction\":[{\"@type\":\"SearchAction\",\"target\":{\"@type\":\"EntryPoint\",\"urlTemplate\":\"http:\/\/blog.saranagata.de\/?s={search_term_string}\"},\"query-input\":\"required name=search_term_string\"}],\"inLanguage\":\"de-DE\"}]}<\/script>\n<!-- \/ Yoast SEO plugin. -->","yoast_head_json":{"title":"Raja-Yoga-Marga - Saranagata","robots":{"index":"index","follow":"follow","max-snippet":"max-snippet:-1","max-image-preview":"max-image-preview:large","max-video-preview":"max-video-preview:-1"},"canonical":"http:\/\/blog.saranagata.de\/?page_id=179","og_locale":"de_DE","og_type":"article","og_title":"Raja-Yoga-Marga - Saranagata","og_description":"Der k\u00f6nigliche Weg Wie der Name bereits sehr treffend zum Ausdruck bringt, handelt es sich hier um einen Weg f\u00fcr die \u201espirituellen Prinzen\u201c, eine \u00e4u\u00dferst seltene Spezies unter den Menschen, die sogenannten \u201enitya-siddhas\u201c, also um die angeboren erhabenen und stets geistig aufgekl\u00e4rten Adepten! Der Aspirant muss in allen von Patanjali im Yoga-Leitfaden beschriebenen Qualifikationen sukzessiv &hellip; Raja-Yoga-Marga weiterlesen","og_url":"http:\/\/blog.saranagata.de\/?page_id=179","og_site_name":"Saranagata","article_modified_time":"2015-08-24T19:57:54+00:00","twitter_card":"summary_large_image","twitter_misc":{"Gesch\u00e4tzte Lesezeit":"2 Minuten"},"schema":{"@context":"https:\/\/schema.org","@graph":[{"@type":"WebPage","@id":"http:\/\/blog.saranagata.de\/?page_id=179","url":"http:\/\/blog.saranagata.de\/?page_id=179","name":"Raja-Yoga-Marga - Saranagata","isPartOf":{"@id":"http:\/\/blog.saranagata.de\/#website"},"datePublished":"2015-08-17T18:41:15+00:00","dateModified":"2015-08-24T19:57:54+00:00","breadcrumb":{"@id":"http:\/\/blog.saranagata.de\/?page_id=179#breadcrumb"},"inLanguage":"de-DE","potentialAction":[{"@type":"ReadAction","target":["http:\/\/blog.saranagata.de\/?page_id=179"]}]},{"@type":"BreadcrumbList","@id":"http:\/\/blog.saranagata.de\/?page_id=179#breadcrumb","itemListElement":[{"@type":"ListItem","position":1,"name":"Startseite","item":"http:\/\/blog.saranagata.de\/"},{"@type":"ListItem","position":2,"name":"Raja-Yoga-Marga"}]},{"@type":"WebSite","@id":"http:\/\/blog.saranagata.de\/#website","url":"http:\/\/blog.saranagata.de\/","name":"Saranagata","description":"Parthasarathis spirituelle Oase","potentialAction":[{"@type":"SearchAction","target":{"@type":"EntryPoint","urlTemplate":"http:\/\/blog.saranagata.de\/?s={search_term_string}"},"query-input":"required name=search_term_string"}],"inLanguage":"de-DE"}]}},"_links":{"self":[{"href":"http:\/\/blog.saranagata.de\/index.php?rest_route=\/wp\/v2\/pages\/179"}],"collection":[{"href":"http:\/\/blog.saranagata.de\/index.php?rest_route=\/wp\/v2\/pages"}],"about":[{"href":"http:\/\/blog.saranagata.de\/index.php?rest_route=\/wp\/v2\/types\/page"}],"author":[{"embeddable":true,"href":"http:\/\/blog.saranagata.de\/index.php?rest_route=\/wp\/v2\/users\/1"}],"replies":[{"embeddable":true,"href":"http:\/\/blog.saranagata.de\/index.php?rest_route=%2Fwp%2Fv2%2Fcomments&post=179"}],"version-history":[{"count":2,"href":"http:\/\/blog.saranagata.de\/index.php?rest_route=\/wp\/v2\/pages\/179\/revisions"}],"predecessor-version":[{"id":185,"href":"http:\/\/blog.saranagata.de\/index.php?rest_route=\/wp\/v2\/pages\/179\/revisions\/185"}],"wp:attachment":[{"href":"http:\/\/blog.saranagata.de\/index.php?rest_route=%2Fwp%2Fv2%2Fmedia&parent=179"}],"curies":[{"name":"wp","href":"https:\/\/api.w.org\/{rel}","templated":true}]}}