{"id":108,"date":"2015-07-30T11:38:29","date_gmt":"2015-07-30T11:38:29","guid":{"rendered":"http:\/\/blog.saranagata.de\/?page_id=108"},"modified":"2015-08-17T18:51:51","modified_gmt":"2015-08-17T18:51:51","slug":"die-klassischen-yoga-margas","status":"publish","type":"page","link":"http:\/\/blog.saranagata.de\/?page_id=108","title":{"rendered":"Die klassischen Yoga-Margas"},"content":{"rendered":"<p><span style=\"font-size: x-large;\">Jeder Mensch ist einzigartig. Eine Manifestation davon finden wir in unseren individuellen Fingerabdr\u00fccken sowie in der Kodierung unserer Gene. Au\u00dferdem ist die spirituelle Bewusstseinsstufe der Einzelnen sehr unterschiedlich. \u201eWir leben alle unter dem gleichen Himmel, aber wir haben nicht den gleichen Horizont.\u201c<\/span><\/p>\n<p><span style=\"font-size: x-large;\">Deshalb kann es selbst in der metaphysischen Ebene niemals ein allein g\u00fcltiges Evangelium oder einen spirituellen Weg (Marga) als \u201eEinheitskost\u201c f\u00fcr alle geben. Wie sagt doch Gautama Buddha: \u201eDer Mensch ist keine konstante Einheit der Evolution, sondern ein durch Samsara (Werden\u2013Sein\u2013Vergehen) gepr\u00e4gter Vorgang.\u201c<\/span><\/p>\n<p><span style=\"font-size: x-large;\">Der Hinduismus ber\u00fccksichtigt diese immens wichtige Tatsache und empfiehlt vier sprirtuelle Erfahrungswege, in denen man geb\u00fcndelt alle physisch, mental, emotional sowie sozial gepr\u00e4gten Besonderheiten vorfindet.<\/span><\/p>\n<p><span style=\"font-size: x-large;\">Es sind:<\/span><\/p>\n<p><span style=\"font-size: x-large;\"> 1) der Raja-Yoga-Marga (der k\u00f6nigliche Yoga-Weg)<\/span><\/p>\n<p><span style=\"font-size: x-large;\"> 2) der Karma-Yoga-Marga (der Yoga-Weg der T\u00e4tigkeit)<\/span><\/p>\n<p><span style=\"font-size: x-large;\"> 3) der Jnana-Yoga-Marga (der Yoga-Weg der Erkenntnis)<\/span><\/p>\n<p><span style=\"font-size: x-large;\">4) der Bhakti-Yoga-Marga (der Yoga-Weg der liebevollen Hingabe an einen pers\u00f6nlichen Gott)<\/span><\/p>\n","protected":false},"excerpt":{"rendered":"<p>Jeder Mensch ist einzigartig. Eine Manifestation davon finden wir in unseren individuellen Fingerabdr\u00fccken sowie in der Kodierung unserer Gene. Au\u00dferdem ist die spirituelle Bewusstseinsstufe der Einzelnen sehr unterschiedlich. \u201eWir leben alle unter dem gleichen Himmel, aber wir haben nicht den gleichen Horizont.\u201c Deshalb kann es selbst in der metaphysischen Ebene niemals ein allein g\u00fcltiges Evangelium &hellip; <a href=\"http:\/\/blog.saranagata.de\/?page_id=108\" class=\"more-link\"><span class=\"screen-reader-text\">Die klassischen Yoga-Margas<\/span> weiterlesen<\/a><\/p>\n","protected":false},"author":1,"featured_media":0,"parent":0,"menu_order":0,"comment_status":"open","ping_status":"open","template":"","meta":[],"yoast_head":"<!-- This site is optimized with the Yoast SEO plugin v20.10 - https:\/\/yoast.com\/wordpress\/plugins\/seo\/ -->\n<title>Die klassischen Yoga-Margas - Saranagata<\/title>\n<meta name=\"robots\" content=\"index, follow, max-snippet:-1, max-image-preview:large, max-video-preview:-1\" \/>\n<link rel=\"canonical\" href=\"http:\/\/blog.saranagata.de\/?page_id=108\" \/>\n<meta property=\"og:locale\" content=\"de_DE\" \/>\n<meta property=\"og:type\" content=\"article\" \/>\n<meta property=\"og:title\" content=\"Die klassischen Yoga-Margas - Saranagata\" \/>\n<meta property=\"og:description\" content=\"Jeder Mensch ist einzigartig. Eine Manifestation davon finden wir in unseren individuellen Fingerabdr\u00fccken sowie in der Kodierung unserer Gene. Au\u00dferdem ist die spirituelle Bewusstseinsstufe der Einzelnen sehr unterschiedlich. \u201eWir leben alle unter dem gleichen Himmel, aber wir haben nicht den gleichen Horizont.\u201c Deshalb kann es selbst in der metaphysischen Ebene niemals ein allein g\u00fcltiges Evangelium &hellip; Die klassischen Yoga-Margas weiterlesen\" \/>\n<meta property=\"og:url\" content=\"http:\/\/blog.saranagata.de\/?page_id=108\" \/>\n<meta property=\"og:site_name\" content=\"Saranagata\" \/>\n<meta property=\"article:modified_time\" content=\"2015-08-17T18:51:51+00:00\" \/>\n<meta name=\"twitter:card\" content=\"summary_large_image\" \/>\n<meta name=\"twitter:label1\" content=\"Gesch\u00e4tzte Lesezeit\" \/>\n\t<meta name=\"twitter:data1\" content=\"1 Minute\" \/>\n<script type=\"application\/ld+json\" class=\"yoast-schema-graph\">{\"@context\":\"https:\/\/schema.org\",\"@graph\":[{\"@type\":\"WebPage\",\"@id\":\"http:\/\/blog.saranagata.de\/?page_id=108\",\"url\":\"http:\/\/blog.saranagata.de\/?page_id=108\",\"name\":\"Die klassischen Yoga-Margas - Saranagata\",\"isPartOf\":{\"@id\":\"http:\/\/blog.saranagata.de\/#website\"},\"datePublished\":\"2015-07-30T11:38:29+00:00\",\"dateModified\":\"2015-08-17T18:51:51+00:00\",\"breadcrumb\":{\"@id\":\"http:\/\/blog.saranagata.de\/?page_id=108#breadcrumb\"},\"inLanguage\":\"de-DE\",\"potentialAction\":[{\"@type\":\"ReadAction\",\"target\":[\"http:\/\/blog.saranagata.de\/?page_id=108\"]}]},{\"@type\":\"BreadcrumbList\",\"@id\":\"http:\/\/blog.saranagata.de\/?page_id=108#breadcrumb\",\"itemListElement\":[{\"@type\":\"ListItem\",\"position\":1,\"name\":\"Startseite\",\"item\":\"http:\/\/blog.saranagata.de\/\"},{\"@type\":\"ListItem\",\"position\":2,\"name\":\"Die klassischen Yoga-Margas\"}]},{\"@type\":\"WebSite\",\"@id\":\"http:\/\/blog.saranagata.de\/#website\",\"url\":\"http:\/\/blog.saranagata.de\/\",\"name\":\"Saranagata\",\"description\":\"Parthasarathis spirituelle Oase\",\"potentialAction\":[{\"@type\":\"SearchAction\",\"target\":{\"@type\":\"EntryPoint\",\"urlTemplate\":\"http:\/\/blog.saranagata.de\/?s={search_term_string}\"},\"query-input\":\"required name=search_term_string\"}],\"inLanguage\":\"de-DE\"}]}<\/script>\n<!-- \/ Yoast SEO plugin. -->","yoast_head_json":{"title":"Die klassischen Yoga-Margas - Saranagata","robots":{"index":"index","follow":"follow","max-snippet":"max-snippet:-1","max-image-preview":"max-image-preview:large","max-video-preview":"max-video-preview:-1"},"canonical":"http:\/\/blog.saranagata.de\/?page_id=108","og_locale":"de_DE","og_type":"article","og_title":"Die klassischen Yoga-Margas - Saranagata","og_description":"Jeder Mensch ist einzigartig. Eine Manifestation davon finden wir in unseren individuellen Fingerabdr\u00fccken sowie in der Kodierung unserer Gene. Au\u00dferdem ist die spirituelle Bewusstseinsstufe der Einzelnen sehr unterschiedlich. \u201eWir leben alle unter dem gleichen Himmel, aber wir haben nicht den gleichen Horizont.\u201c Deshalb kann es selbst in der metaphysischen Ebene niemals ein allein g\u00fcltiges Evangelium &hellip; Die klassischen Yoga-Margas weiterlesen","og_url":"http:\/\/blog.saranagata.de\/?page_id=108","og_site_name":"Saranagata","article_modified_time":"2015-08-17T18:51:51+00:00","twitter_card":"summary_large_image","twitter_misc":{"Gesch\u00e4tzte Lesezeit":"1 Minute"},"schema":{"@context":"https:\/\/schema.org","@graph":[{"@type":"WebPage","@id":"http:\/\/blog.saranagata.de\/?page_id=108","url":"http:\/\/blog.saranagata.de\/?page_id=108","name":"Die klassischen Yoga-Margas - Saranagata","isPartOf":{"@id":"http:\/\/blog.saranagata.de\/#website"},"datePublished":"2015-07-30T11:38:29+00:00","dateModified":"2015-08-17T18:51:51+00:00","breadcrumb":{"@id":"http:\/\/blog.saranagata.de\/?page_id=108#breadcrumb"},"inLanguage":"de-DE","potentialAction":[{"@type":"ReadAction","target":["http:\/\/blog.saranagata.de\/?page_id=108"]}]},{"@type":"BreadcrumbList","@id":"http:\/\/blog.saranagata.de\/?page_id=108#breadcrumb","itemListElement":[{"@type":"ListItem","position":1,"name":"Startseite","item":"http:\/\/blog.saranagata.de\/"},{"@type":"ListItem","position":2,"name":"Die klassischen Yoga-Margas"}]},{"@type":"WebSite","@id":"http:\/\/blog.saranagata.de\/#website","url":"http:\/\/blog.saranagata.de\/","name":"Saranagata","description":"Parthasarathis spirituelle Oase","potentialAction":[{"@type":"SearchAction","target":{"@type":"EntryPoint","urlTemplate":"http:\/\/blog.saranagata.de\/?s={search_term_string}"},"query-input":"required name=search_term_string"}],"inLanguage":"de-DE"}]}},"_links":{"self":[{"href":"http:\/\/blog.saranagata.de\/index.php?rest_route=\/wp\/v2\/pages\/108"}],"collection":[{"href":"http:\/\/blog.saranagata.de\/index.php?rest_route=\/wp\/v2\/pages"}],"about":[{"href":"http:\/\/blog.saranagata.de\/index.php?rest_route=\/wp\/v2\/types\/page"}],"author":[{"embeddable":true,"href":"http:\/\/blog.saranagata.de\/index.php?rest_route=\/wp\/v2\/users\/1"}],"replies":[{"embeddable":true,"href":"http:\/\/blog.saranagata.de\/index.php?rest_route=%2Fwp%2Fv2%2Fcomments&post=108"}],"version-history":[{"count":2,"href":"http:\/\/blog.saranagata.de\/index.php?rest_route=\/wp\/v2\/pages\/108\/revisions"}],"predecessor-version":[{"id":192,"href":"http:\/\/blog.saranagata.de\/index.php?rest_route=\/wp\/v2\/pages\/108\/revisions\/192"}],"wp:attachment":[{"href":"http:\/\/blog.saranagata.de\/index.php?rest_route=%2Fwp%2Fv2%2Fmedia&parent=108"}],"curies":[{"name":"wp","href":"https:\/\/api.w.org\/{rel}","templated":true}]}}